{"id":9791,"date":"2026-02-04T02:19:51","date_gmt":"2026-02-04T07:19:51","guid":{"rendered":"https:\/\/parenttraining.chip.uconn.edu\/?page_id=9791"},"modified":"2026-02-04T02:19:56","modified_gmt":"2026-02-04T07:19:56","slug":"la-imitacion-una-habilidad-importante-para-aprender-a-aprender-2","status":"publish","type":"page","link":"https:\/\/parenttraining.chip.uconn.edu\/index.php\/language\/es\/la-imitacion-una-habilidad-importante-para-aprender-a-aprender-2\/","title":{"rendered":"La imitaci\u00f3n: una habilidad importante para aprender a aprender"},"content":{"rendered":"<h2><b>La imitaci\u00f3n es una habilidad importante para aprender a aprender.<\/b><\/h2>\n<p><span style=\"font-weight: 400;\">Una vez que su hijo sea capaz de sentarse y completar tareas sencillas durante 3-5 minutos, puede comenzar a ense\u00f1arle la imitaci\u00f3n motora. Esto significa que le ense\u00f1ar\u00e1 a imitar sus movimientos. Debe hacer que su hijo comprenda que, cuando usted le dice \u00abhaz esto\u00bb mientras realiza un movimiento, \u00e9l debe copiar lo que usted est\u00e1 haciendo. Se trata de una habilidad bastante sencilla de ense\u00f1ar. Una vez que su hijo aprenda a imitar, podr\u00e1 utilizar sus habilidades de imitaci\u00f3n para aprender y practicar cosas nuevas que usted le ense\u00f1e. Por esta raz\u00f3n, es una buena habilidad para elegir desde el principio. A esto lo llamamos una habilidad de aprendizaje o una habilidad b\u00e1sica para el aprendizaje. Al igual que el contacto visual, una vez que el ni\u00f1o aprende esta habilidad, le ayudar\u00e1 a aprender muchas otras.<\/span><\/p>\n<p><span style=\"font-weight: 400;\">De hecho, todos los ni\u00f1os aprenden mucho observando a quienes les rodean e imitando lo que hacen. Para los ni\u00f1os con dificultades del lenguaje, aprender imitando a los dem\u00e1s es una habilidad especialmente importante. La imitaci\u00f3n tambi\u00e9n se puede utilizar como est\u00edmulo cuando se ense\u00f1an nuevas habilidades. <\/span><span style=\"font-weight: 400;\">Por ejemplo, en el siguiente v\u00eddeo, la profesora est\u00e1 ense\u00f1ando a un ni\u00f1o peque\u00f1o que a\u00fan no sabe hablar a negar con la cabeza para decir \u00abno\u00bb y a asentir con la cabeza para decir \u00abs\u00ed\u00bb. El ni\u00f1o tiene buenas habilidades de imitaci\u00f3n. Por lo tanto, su maestra utiliza una se\u00f1al de imitaci\u00f3n o un modelo de imitaci\u00f3n. Esto significa que la maestra le da la se\u00f1al imitando la acci\u00f3n. La maestra sabe que el ni\u00f1o prefiere la plastilina a los bloques. Por lo tanto, imita un movimiento con la cabeza indicando \u00abs\u00ed\u00bb a la pregunta \u00ab\u00bfQuieres plastilina?\u00bb. Tan pronto como el ni\u00f1o imita el movimiento con la cabeza, la maestra lo refuerza inmediatamente d\u00e1ndole la plastilina.<\/span><\/p>\n<p><iframe loading=\"lazy\" title=\"Saquib-4 864x486\" src=\"https:\/\/player.vimeo.com\/video\/201765578?dnt=1&amp;app_id=122963\" width=\"864\" height=\"486\" frameborder=\"0\" allow=\"autoplay; fullscreen; picture-in-picture; clipboard-write; encrypted-media; web-share\" referrerpolicy=\"strict-origin-when-cross-origin\"><\/iframe><\/p>\n<p style=\"text-align: justify;\"><span style=\"font-weight: 400;\">Aqu\u00ed, otro ni\u00f1o peque\u00f1o est\u00e1 jugando en el arenero con su profesor. El profesor est\u00e1 utilizando la imitaci\u00f3n verbal para incitar al ni\u00f1o a hacer un comentario. El profesor sabe que el ni\u00f1o se est\u00e1 divirtiendo porque est\u00e1 haciendo ruidos de alegr\u00eda. Por lo tanto, lo incita a decir \u00ab\u00a1Esto es divertido!\u00bb. Tambi\u00e9n est\u00e1 utilizando la imitaci\u00f3n motora para mostrarle diferentes formas de jugar con algunos de los juguetes de arena.<\/span><\/p>\n<p><iframe loading=\"lazy\" title=\"Viggo-9B 864x486\" src=\"https:\/\/player.vimeo.com\/video\/201766626?dnt=1&amp;app_id=122963\" width=\"864\" height=\"486\" frameborder=\"0\" allow=\"autoplay; fullscreen; picture-in-picture; clipboard-write; encrypted-media; web-share\" referrerpolicy=\"strict-origin-when-cross-origin\"><\/iframe><\/p>\n<p style=\"text-align: center;\"><a href=\"https:\/\/parenttraining.chip.uconn.edu\/index.php\/language\/es\/imitacion-con-objetos\/\"><b>Siguiente: Imitaci\u00f3n con objetos <\/b><\/a><\/p>\n","protected":false},"excerpt":{"rendered":"<div class=\"entry-summary\">\nLa imitaci\u00f3n es una habilidad importante para aprender a aprender. Una vez que su hijo sea capaz de sentarse y&hellip;\n<\/div>\n<div class=\"link-more\"><a href=\"https:\/\/parenttraining.chip.uconn.edu\/index.php\/language\/es\/la-imitacion-una-habilidad-importante-para-aprender-a-aprender-2\/\" class=\"more-link\">Continue reading<span class=\"screen-reader-text\"> &ldquo;La imitaci\u00f3n: una habilidad importante para aprender a aprender&rdquo;<\/span>&hellip;<\/a><\/div>\n","protected":false},"author":498,"featured_media":0,"parent":0,"menu_order":0,"comment_status":"closed","ping_status":"closed","template":"","meta":{"footnotes":""},"class_list":["post-9791","page","type-page","status-publish","hentry","entry"],"_links":{"self":[{"href":"https:\/\/parenttraining.chip.uconn.edu\/index.php\/wp-json\/wp\/v2\/pages\/9791","targetHints":{"allow":["GET"]}}],"collection":[{"href":"https:\/\/parenttraining.chip.uconn.edu\/index.php\/wp-json\/wp\/v2\/pages"}],"about":[{"href":"https:\/\/parenttraining.chip.uconn.edu\/index.php\/wp-json\/wp\/v2\/types\/page"}],"author":[{"embeddable":true,"href":"https:\/\/parenttraining.chip.uconn.edu\/index.php\/wp-json\/wp\/v2\/users\/498"}],"replies":[{"embeddable":true,"href":"https:\/\/parenttraining.chip.uconn.edu\/index.php\/wp-json\/wp\/v2\/comments?post=9791"}],"version-history":[{"count":3,"href":"https:\/\/parenttraining.chip.uconn.edu\/index.php\/wp-json\/wp\/v2\/pages\/9791\/revisions"}],"predecessor-version":[{"id":9794,"href":"https:\/\/parenttraining.chip.uconn.edu\/index.php\/wp-json\/wp\/v2\/pages\/9791\/revisions\/9794"}],"wp:attachment":[{"href":"https:\/\/parenttraining.chip.uconn.edu\/index.php\/wp-json\/wp\/v2\/media?parent=9791"}],"curies":[{"name":"wp","href":"https:\/\/api.w.org\/{rel}","templated":true}]}}