{"id":9335,"date":"2026-01-12T18:47:10","date_gmt":"2026-01-12T23:47:10","guid":{"rendered":"https:\/\/parenttraining.chip.uconn.edu\/?page_id=9335"},"modified":"2026-02-16T16:27:41","modified_gmt":"2026-02-16T21:27:41","slug":"intenta-no-decir-no-2","status":"publish","type":"page","link":"https:\/\/parenttraining.chip.uconn.edu\/index.php\/language\/es\/intenta-no-decir-no-2\/","title":{"rendered":"Intenta no decir &#8220;no&#8221;"},"content":{"rendered":"\n<p><span style=\"font-weight: 400;\">Habr\u00e1 momentos en los que no podr\u00e1s darle a tu hijo lo que quiere. Cuando un ni\u00f1o est\u00e1 aprendiendo a hacer solicitudes se\u00f1alando y mir\u00e1ndote, trata de darle lo que te pide siempre que sea posible. Esto le permitir\u00e1 aprender r\u00e1pidamente a pedir las cosas de esta manera. Tambi\u00e9n evitar\u00e1 la frustraci\u00f3n y la confusi\u00f3n. Trata de guardar las cosas que no quieres que tenga, para que no pueda verlas. \u00a1Por supuesto, no <\/span><b>siempre<\/b><span style=\"font-weight: 400;\"> podr\u00e1s hacer esto!<\/span><\/p>\n\n\n\n<p><\/p>\n\n\n<div class=\"wp-block-image\">\n<figure class=\"alignleft\"><a href=\"https:\/\/parenttraining.chip.uconn.edu\/wp-content\/uploads\/2021\/08\/bubbles.jpg\"><img loading=\"lazy\" decoding=\"async\" width=\"268\" height=\"188\" src=\"https:\/\/parenttraining.chip.uconn.edu\/wp-content\/uploads\/2021\/08\/bubbles.jpg\" alt=\"\" class=\"wp-image-4674\"\/><\/a><figcaption class=\"wp-element-caption\">Pixabay.com<\/figcaption><\/figure>\n<\/div>\n\n\n<p>As\u00ed que, dale a tu hijo lo que pida siempre que puedas. Cuando pida algo que <strong>realmente no<\/strong> pueda tener, hazle saber que has visto su solicitud y ofr\u00e9cele algo m\u00e1s. Por ejemplo, si tu hijo ha estado disfrutando de burbujas y ya se han acabado, no podr\u00e1s darle m\u00e1s burbujas. Sin embargo, puedes decir algo como: &#8220;\u00a1Buen pedido! Lamento que se hayan acabado las burbujas, pero fue un gran pedido. \u00bfTe gustar\u00eda un globo?&#8221; Muestra a tu hijo que te sientes mal porque no puedes darle lo que ha pedido tan amablemente. Usa expresiones faciales para promover la comprensi\u00f3n, por si acaso no entiende todas las palabras. Aseg\u00farate de que tu hijo tenga tu atenci\u00f3n y, cuando te mire, muestra una cara triste mientras le muestras el frasco vac\u00edo de burbujas. Luego, usa una voz triste para decir: &#8220;Se acabaron las burbujas. Lo siento.&#8221; Despu\u00e9s, usa una voz alegre para ofrecerle algo m\u00e1s. Por ejemplo, levanta un globo y di: &#8220;\u00bfGlobo?&#8221; Si pide un dulce que no tienes, puedes hacer lo mismo. Ofr\u00e9cele otro dulce en su lugar. En<strong>\u00a0<\/strong><a href=\"https:\/\/parenttraining.chip.uconn.edu\/index.php\/language\/es\/tableros-primero-despues\/\"><strong>un m\u00f3dulo posterior de este programa<\/strong>,<\/a> discutiremos c\u00f3mo ense\u00f1arle a tu hijo a <strong>esperar<\/strong> cuando dices \u201c<strong>primero<\/strong> esto, <strong>luego<\/strong> aquello.\u201d<\/p>\n\n\n\n<h2 class=\"wp-block-heading\"><strong>Hacer Elecciones<\/strong><\/h2>\n\n\n\n<p>Construye sobre el acto de pedir haciendo que tu hijo\/a tome decisiones. Puedes hacer esto ofreciendo dos opciones (por ejemplo, dos alimentos durante la comida o merienda, dos camisetas al vestirse, dos piezas de rompecabezas, dos bloques, dos juguetes, etc.). P\u00eddele a tu hijo\/a que apunte a lo que quiere y que te mire antes de darle lo que elija. Ayudar\u00e1 si, al principio, sabes que tu hijo\/a probablemente prefiera una de las opciones sobre la otra. Si ella\/\u00e9l apunta hacia ambas opciones, simplemente ret\u00edralas y pres\u00e9ntalas nuevamente. Puedes ayudarle a elegir el art\u00edculo que piensas que quiere m\u00e1s, acerc\u00e1ndolo un poco m\u00e1s a ella\/\u00e9l. Si necesita ayuda (se\u00f1ales) para tomar decisiones, est\u00e1 bien. Solo recuerda reducir tu ayuda con el tiempo.<\/p>\n\n\n\n<p><span lang=\"EN-CA\">No te sorprendas si tu hijo\/a no hace una se\u00f1al tan clara como de costumbre o se olvida de se\u00f1alar. Simplemente vuelve a dar las se\u00f1ales como lo hiciste cuando comenzaste a ense\u00f1arle a tu hijo\/a a pedir. En el siguiente clip, la maestra le da a una ni\u00f1a la opci\u00f3n entre dos juguetes: burbujas y el Sr. Cabeza de papa. La ni\u00f1a elige las burbujas y la maestra luego usa las burbujas para trabajar en el contacto visual y tambi\u00e9n para introducir el sonido &#8220;b&#8221;.<\/span><\/p>\n\n\n<p><iframe loading=\"lazy\"\n  src=\"https:\/\/player.vimeo.com\/video\/201766037?texttrack=es\"\n  width=\"640\"\n  height=\"360\"\n  frameborder=\"0\"\n  allow=\"autoplay; fullscreen; picture-in-picture\"\n  allowfullscreen><br \/>\n<\/iframe><\/p>\n\n\n\n<p>En el siguiente clip, la misma maestra le da al ni\u00f1o una elecci\u00f3n entre golosinas. Ella ofrece una galleta peque\u00f1a y un panecito de tama\u00f1o similar. Ella sabe que probablemente el ni\u00f1o elegir\u00e1 la galleta. Tan pronto como el ni\u00f1o extiende la mano para tomar la galleta, la maestra r\u00e1pidamente pone el panecito en la mesa. Esto libera la mano de la maestra para que pueda ayudar al ni\u00f1o si lo necesita.<br><\/p>\n\n\n<p><iframe loading=\"lazy\"\n  src=\"https:\/\/player.vimeo.com\/video\/201766343?texttrack=es\"\n  width=\"640\"\n  height=\"360\"\n  frameborder=\"0\"\n  allow=\"autoplay; fullscreen; picture-in-picture\"\n  allowfullscreen><br \/>\n<\/iframe><\/p>\n\n\n\n<p>Aqu\u00ed, un ni\u00f1o peque\u00f1o recibe la opci\u00f3n de camisetas mientras se viste. \u00c9l agarra la camiseta que quiere, pero su maestra sostiene la camiseta y pone la otra en la mesa. Mientras ella se prepara para dar una indicaci\u00f3n, \u00e9l se\u00f1ala la camiseta y dice &#8220;camisa&#8221;, \u00a1y hace contacto visual con ella por s\u00ed mismo!<\/p>\n\n\n<p><iframe loading=\"lazy\"\n  src=\"https:\/\/player.vimeo.com\/video\/201768216?texttrack=es\"\n  width=\"640\"\n  height=\"360\"\n  frameborder=\"0\"\n  allow=\"autoplay; fullscreen; picture-in-picture\"\n  allowfullscreen><br \/>\n<\/iframe><\/p>\n\n\n\n<p>En la cena, podr\u00edas mostrarle a tu hijo dos alimentos. P\u00eddele que te diga cu\u00e1l quiere comer primero. Esto suele ser m\u00e1s f\u00e1cil cuando sabes que a tu hijo le gusta m\u00e1s uno de los alimentos que el otro. O, si tu hijo est\u00e1 interesado en comer solo un tipo de alimento durante la comida, podr\u00edas cortar las piezas en tama\u00f1os diferentes. Por ejemplo, corta una muy peque\u00f1a y una de tama\u00f1o regular, y p\u00eddele que se\u00f1ale la pieza de comida que desea comer a continuaci\u00f3n.<\/p>\n\n\n<p><iframe loading=\"lazy\"\n  src=\"https:\/\/player.vimeo.com\/video\/201768280?texttrack=es\"\n  width=\"640\"\n  height=\"360\"\n  frameborder=\"0\"\n  allow=\"autoplay; fullscreen; picture-in-picture\"\n  allowfullscreen><br \/>\n<\/iframe><\/p>\n\n\n\n<p data-start=\"310\" data-end=\"517\">En el siguiente video, una madre le ofrece a su hijo una opci\u00f3n durante la merienda. Ella le da a elegir entre tomar agua o una bolsita con bocadillos. \u00a1\u00c9l se\u00f1ala la bolsita de bocadillos de inmediato!&nbsp;Y recuerde, coloque solo unos pocos pedacitos del bocadillo en la bolsita o en el recipiente a la vez. De esta manera, su hijo tendr\u00e1 muchas oportunidades para practicar c\u00f3mo hacer elecciones.<\/p>\n\n\n\n<figure class=\"wp-block-video\"><video height=\"1080\" style=\"aspect-ratio: 1920 \/ 1080;\" width=\"1920\" controls src=\"https:\/\/parenttraining.chip.uconn.edu\/wp-content\/uploads\/2025\/10\/C1839_EDITS.mp4\"><\/video><\/figure>\n\n\n\n<p><\/p>\n\n\n\n<p>Si tu hijo est\u00e1 jugando con un juguete que tiene varias piezas, sost\u00e9n dos piezas a la vez para que pueda elegir la que quiere usar a continuaci\u00f3n. Observa c\u00f3mo tan amablemente la amiga de este ni\u00f1o en la escuela le ofrece opciones entre las piezas del rompecabezas para que \u00e9l pueda practicar tomar decisiones con ella.<br><\/p>\n\n\n<p><iframe loading=\"lazy\"\n  src=\"https:\/\/player.vimeo.com\/video\/201766536?texttrack=es\"\n  width=\"640\"\n  height=\"360\"\n  frameborder=\"0\"\n  allow=\"autoplay; fullscreen; picture-in-picture\"\n  allowfullscreen><br \/>\n<\/iframe><\/p>\n\n\n\n<p>Y aqu\u00ed est\u00e1 el mismo ni\u00f1o peque\u00f1o, practicando tomar decisiones entre golosinas y autos para correr por una pista y m\u00e1s tarde entre dos autos de diferentes colores. Su refuerzo por elegir un auto es que puede enviar el auto a toda velocidad por la pista de carreras, \u00a1lo cual le encanta!<\/p>\n\n\n<p><iframe loading=\"lazy\"\n  src=\"https:\/\/player.vimeo.com\/video\/201766503?texttrack=es\"\n  width=\"640\"\n  height=\"360\"\n  frameborder=\"0\"\n  allow=\"autoplay; fullscreen; picture-in-picture\"\n  allowfullscreen><br \/>\n<\/iframe><\/p>\n\n\n\n<p>Intenta darle a tu hijo lo que se\u00f1ala de inmediato. Hazlo incluso si no est\u00e1s seguro de que haya se\u00f1alado lo que realmente quer\u00eda. Darle lo que ha pedido deber\u00eda ayudarla a aprender que debe se\u00f1alar cuidadosamente lo que m\u00e1s desea y tambi\u00e9n hacer contacto visual al tomar una decisi\u00f3n. Si est\u00e1s SEGURO de que ha se\u00f1alado el objeto que <strong>no <\/strong>quiere, haz una pausa por unos segundos. Luego, ofrece la opci\u00f3n nuevamente, pero esta vez ay\u00fadala a pedir lo que sabes que quiere. Una forma de dar ayuda ser\u00eda sostener el objeto que ella quiere m\u00e1s cerca de ella y el que no quiere m\u00e1s lejos. Sin embargo, recuerda que esto es una ayuda, y las ayudas deben reducirse con el tiempo. Sigue practicando con tu hijo hasta que pueda elegir un objeto que quiera de dos o m\u00e1s opciones. Practica hasta que pueda hacerlo completamente solo, sin ninguna sugerencia o ayuda de tu parte.<br><\/p>\n\n\n\n<p class=\"has-text-align-center wp-block-heading\"><a href=\"https:\/\/parenttraining.chip.uconn.edu\/index.php\/language\/es\/unas-palabras-mas-sobre-el-contacto-visual-2\/\"><strong>Siguiente<\/strong>: <strong>Unas palabras m\u00e1s sobre el contacto visual\u2026<\/strong><\/a><\/p>\n\n\n\n\n","protected":false},"excerpt":{"rendered":"<div class=\"entry-summary\">\nHabr\u00e1 momentos en los que no podr\u00e1s darle a tu hijo lo que quiere. Cuando un ni\u00f1o est\u00e1 aprendiendo a&hellip;\n<\/div>\n<div class=\"link-more\"><a href=\"https:\/\/parenttraining.chip.uconn.edu\/index.php\/language\/es\/intenta-no-decir-no-2\/\" class=\"more-link\">Continue reading<span class=\"screen-reader-text\"> &ldquo;Intenta no decir &#8220;no&#8221;&rdquo;<\/span>&hellip;<\/a><\/div>\n","protected":false},"author":497,"featured_media":0,"parent":0,"menu_order":0,"comment_status":"closed","ping_status":"closed","template":"","meta":{"footnotes":""},"class_list":["post-9335","page","type-page","status-publish","hentry","entry"],"_links":{"self":[{"href":"https:\/\/parenttraining.chip.uconn.edu\/index.php\/wp-json\/wp\/v2\/pages\/9335","targetHints":{"allow":["GET"]}}],"collection":[{"href":"https:\/\/parenttraining.chip.uconn.edu\/index.php\/wp-json\/wp\/v2\/pages"}],"about":[{"href":"https:\/\/parenttraining.chip.uconn.edu\/index.php\/wp-json\/wp\/v2\/types\/page"}],"author":[{"embeddable":true,"href":"https:\/\/parenttraining.chip.uconn.edu\/index.php\/wp-json\/wp\/v2\/users\/497"}],"replies":[{"embeddable":true,"href":"https:\/\/parenttraining.chip.uconn.edu\/index.php\/wp-json\/wp\/v2\/comments?post=9335"}],"version-history":[{"count":8,"href":"https:\/\/parenttraining.chip.uconn.edu\/index.php\/wp-json\/wp\/v2\/pages\/9335\/revisions"}],"predecessor-version":[{"id":10653,"href":"https:\/\/parenttraining.chip.uconn.edu\/index.php\/wp-json\/wp\/v2\/pages\/9335\/revisions\/10653"}],"wp:attachment":[{"href":"https:\/\/parenttraining.chip.uconn.edu\/index.php\/wp-json\/wp\/v2\/media?parent=9335"}],"curies":[{"name":"wp","href":"https:\/\/api.w.org\/{rel}","templated":true}]}}