{"id":9215,"date":"2026-01-11T17:21:24","date_gmt":"2026-01-11T22:21:24","guid":{"rendered":"https:\/\/parenttraining.chip.uconn.edu\/?page_id=9215"},"modified":"2026-02-15T16:47:53","modified_gmt":"2026-02-15T21:47:53","slug":"como-definir-un-buen-refuerzo-2","status":"publish","type":"page","link":"https:\/\/parenttraining.chip.uconn.edu\/index.php\/language\/es\/como-definir-un-buen-refuerzo-2\/","title":{"rendered":"\u00bfC\u00f3mo definir un buen refuerzo?"},"content":{"rendered":"<div class=\"wp-block-image\">\n<figure class=\"alignleft is-resized\"><a href=\"https:\/\/parenttraining.chip.uconn.edu\/wp-content\/uploads\/2015\/07\/picture38.jpg\"><img loading=\"lazy\" decoding=\"async\" width=\"300\" height=\"224\" src=\"https:\/\/parenttraining.chip.uconn.edu\/wp-content\/uploads\/2015\/07\/picture38-300x224.jpg\" alt=\"\" class=\"wp-image-1167\" style=\"width:261px;height:auto\" srcset=\"https:\/\/parenttraining.chip.uconn.edu\/wp-content\/uploads\/2015\/07\/picture38-300x224.jpg 300w, https:\/\/parenttraining.chip.uconn.edu\/wp-content\/uploads\/2015\/07\/picture38-768x575.jpg 768w, https:\/\/parenttraining.chip.uconn.edu\/wp-content\/uploads\/2015\/07\/picture38-1024x766.jpg 1024w, https:\/\/parenttraining.chip.uconn.edu\/wp-content\/uploads\/2015\/07\/picture38-1170x875.jpg 1170w\" sizes=\"auto, (max-width: 300px) 100vw, 300px\" \/><\/a><figcaption class=\"wp-element-caption\">Wikimedia<\/figcaption><\/figure>\n<\/div>\n\n\n<p>Una recompensa no tiene que ser comida, aunque a menudo funciona bien para los ni\u00f1os peque\u00f1os, especialmente cuando se ense\u00f1a una nueva habilidad. Una recompensa puede ser cualquier cosa que haga que el ni\u00f1o sea m\u00e1s propenso a hacer lo que usted quiere que vuelva a hacer en el futuro. \u00bfQu\u00e9 recompensas puedes usar con los ni\u00f1os peque\u00f1os? Debes comenzar con cosas que sepa que le gustan, as\u00ed que piense en el ni\u00f1o como individuo.<\/p>\n\n\n\n<p><span style=\"font-weight: 400;\">\u00bfQu\u00e9 cosas le gusta realmente a su hijo? Piense en eso por un momento. Puede ser una golosina. Piense cu\u00e1les son las comidas favoritas de su hijo, especialmente los alimentos que no necesita para su nutrici\u00f3n b\u00e1sica y que considera especiales. Para muchos ni\u00f1os, un sorbo de jugo u otra bebida favorita, como fresa o leche con chocolate, funciona bien como recompensa. Un peque\u00f1o trozo de una golosina o comida salada, un peque\u00f1o trozo de una galleta o un trozo de patata frita tambi\u00e9n funciona bien para muchos ni\u00f1os.&nbsp; En el siguiente conjunto de videos, se utilizan un conjunto completo de recompensas diferentes: algunas golosinas de comida, pero tambi\u00e9n actividades y juguetes. F\u00edjate si puedes averiguar qu\u00e9 es lo que los profesores est\u00e1n usando como recompensa en cada video.<\/span><\/p>\n\n\n\n<figure class=\"wp-block-gallery has-nested-images columns-default is-cropped wp-block-gallery-2 is-layout-flex wp-block-gallery-is-layout-flex\">\n<figure class=\"wp-block-image size-large\"><a href=\"https:\/\/parenttraining.chip.uconn.edu\/wp-content\/uploads\/2024\/08\/shutterstock_1047606202-scaled.jpg\"><img loading=\"lazy\" decoding=\"async\" width=\"1024\" height=\"683\" data-id=\"6451\" src=\"https:\/\/parenttraining.chip.uconn.edu\/wp-content\/uploads\/2024\/08\/shutterstock_1047606202-1024x683.jpg\" alt=\"\" class=\"wp-image-6451\" srcset=\"https:\/\/parenttraining.chip.uconn.edu\/wp-content\/uploads\/2024\/08\/shutterstock_1047606202-1024x683.jpg 1024w, https:\/\/parenttraining.chip.uconn.edu\/wp-content\/uploads\/2024\/08\/shutterstock_1047606202-300x200.jpg 300w, https:\/\/parenttraining.chip.uconn.edu\/wp-content\/uploads\/2024\/08\/shutterstock_1047606202-768x512.jpg 768w, https:\/\/parenttraining.chip.uconn.edu\/wp-content\/uploads\/2024\/08\/shutterstock_1047606202-1536x1024.jpg 1536w, https:\/\/parenttraining.chip.uconn.edu\/wp-content\/uploads\/2024\/08\/shutterstock_1047606202-2048x1365.jpg 2048w, https:\/\/parenttraining.chip.uconn.edu\/wp-content\/uploads\/2024\/08\/shutterstock_1047606202-1170x780.jpg 1170w\" sizes=\"auto, (max-width: 1024px) 100vw, 1024px\" \/><\/a><\/figure>\n\n\n\n<figure class=\"wp-block-image size-large\"><a href=\"https:\/\/parenttraining.chip.uconn.edu\/wp-content\/uploads\/2015\/07\/picture72.png\"><img loading=\"lazy\" decoding=\"async\" width=\"270\" height=\"187\" data-id=\"1313\" src=\"https:\/\/parenttraining.chip.uconn.edu\/wp-content\/uploads\/2015\/07\/picture72.png\" alt=\"\" class=\"wp-image-1313\"\/><\/a><\/figure>\n\n\n\n<figure class=\"wp-block-image size-large\"><a href=\"https:\/\/parenttraining.chip.uconn.edu\/wp-content\/uploads\/2015\/07\/picture39.jpe\"><img loading=\"lazy\" decoding=\"async\" width=\"275\" height=\"183\" data-id=\"1168\" src=\"https:\/\/parenttraining.chip.uconn.edu\/wp-content\/uploads\/2015\/07\/picture39.jpe\" alt=\"\" class=\"wp-image-1168\"\/><\/a><\/figure>\n<\/figure>\n\n\n\n<p>Pexels &amp; Flickr<\/p>\n\n\n<p><iframe loading=\"lazy\"\n  src=\"https:\/\/player.vimeo.com\/video\/201763364?texttrack=es\"\n  width=\"640\"\n  height=\"360\"\n  frameborder=\"0\"\n  allow=\"autoplay; fullscreen; picture-in-picture\"\n  allowfullscreen><br \/>\n<\/iframe><\/p>\n\n\n<p><iframe loading=\"lazy\"\n  src=\"https:\/\/player.vimeo.com\/video\/201767977?texttrack=es\"\n  width=\"640\"\n  height=\"360\"\n  frameborder=\"0\"\n  allow=\"autoplay; fullscreen; picture-in-picture\"\n  allowfullscreen><br \/>\n<\/iframe><\/p>\n\n\n<div class=\"wp-block-image\">\n<figure class=\"alignright is-resized\"><a href=\"https:\/\/parenttraining.chip.uconn.edu\/wp-content\/uploads\/2015\/07\/picture13.png\"><img loading=\"lazy\" decoding=\"async\" width=\"300\" height=\"296\" src=\"https:\/\/parenttraining.chip.uconn.edu\/wp-content\/uploads\/2015\/07\/picture13-300x296.png\" alt=\"picture13\" class=\"wp-image-691\" style=\"width:180px;height:auto\" srcset=\"https:\/\/parenttraining.chip.uconn.edu\/wp-content\/uploads\/2015\/07\/picture13-300x296.png 300w, https:\/\/parenttraining.chip.uconn.edu\/wp-content\/uploads\/2015\/07\/picture13-768x758.png 768w, https:\/\/parenttraining.chip.uconn.edu\/wp-content\/uploads\/2015\/07\/picture13.png 776w\" sizes=\"auto, (max-width: 300px) 100vw, 300px\" \/><\/a><figcaption class=\"wp-element-caption\">Wikimedia<\/figcaption><\/figure>\n<\/div>\n\n\n<p>Una recompensa tambi\u00e9n puede ser un juguete u objeto con el que a su hijo le guste jugar o un libro que le guste mirar. Tener diferentes juguetes para usar como recompensa evita que el ni\u00f1o se aburra con alguno de ellos. Al usted utilizar cada uno de estos divertidos juguetes para promover una interacci\u00f3n alegre, tambi\u00e9n estar\u00e1 construyendo su conexi\u00f3n con su hijo.<\/p>\n\n\n<p><iframe loading=\"lazy\"\n  src=\"https:\/\/player.vimeo.com\/video\/201768152?texttrack=es\"\n  width=\"640\"\n  height=\"360\"\n  frameborder=\"0\"\n  allow=\"autoplay; fullscreen; picture-in-picture\"\n  allowfullscreen><br \/>\n<\/iframe><\/p>\n\n\n<p><iframe loading=\"lazy\"\n  src=\"https:\/\/player.vimeo.com\/video\/201767869?texttrack=es\"\n  width=\"640\"\n  height=\"360\"\n  frameborder=\"0\"\n  allow=\"autoplay; fullscreen; picture-in-picture\"\n  allowfullscreen><br \/>\n<\/iframe><\/p>\n\n\n<p><iframe loading=\"lazy\"\n  src=\"https:\/\/player.vimeo.com\/video\/201767187?texttrack=es\"\n  width=\"640\"\n  height=\"360\"\n  frameborder=\"0\"\n  allow=\"autoplay; fullscreen; picture-in-picture\"\n  allowfullscreen><br \/>\n<\/iframe><\/p>\n\n\n<p><iframe loading=\"lazy\"\n  src=\"https:\/\/player.vimeo.com\/video\/201767678?texttrack=es\"\n  width=\"640\"\n  height=\"360\"\n  frameborder=\"0\"\n  allow=\"autoplay; fullscreen; picture-in-picture\"\n  allowfullscreen><br \/>\n<\/iframe><\/p>\n\n\n<p><iframe loading=\"lazy\"\n  src=\"https:\/\/player.vimeo.com\/video\/201768181?texttrack=es\"\n  width=\"640\"\n  height=\"360\"\n  frameborder=\"0\"\n  allow=\"autoplay; fullscreen; picture-in-picture\"\n  allowfullscreen><br \/>\n<\/iframe><\/p>\n\n\n\n<figure class=\"wp-block-gallery has-nested-images columns-default is-cropped wp-block-gallery-3 is-layout-flex wp-block-gallery-is-layout-flex\">\n<figure class=\"wp-block-image size-large\"><a href=\"https:\/\/parenttraining.chip.uconn.edu\/wp-content\/uploads\/2021\/08\/swing.jpg\"><img loading=\"lazy\" decoding=\"async\" width=\"189\" height=\"266\" data-id=\"4689\" src=\"https:\/\/parenttraining.chip.uconn.edu\/wp-content\/uploads\/2021\/08\/swing.jpg\" alt=\"\" class=\"wp-image-4689\"\/><\/a><\/figure>\n\n\n\n<figure class=\"wp-block-image size-large\"><a href=\"https:\/\/parenttraining.chip.uconn.edu\/wp-content\/uploads\/2015\/07\/picture43.jpg\"><img loading=\"lazy\" decoding=\"async\" width=\"960\" height=\"637\" data-id=\"1175\" src=\"https:\/\/parenttraining.chip.uconn.edu\/wp-content\/uploads\/2015\/07\/picture43.jpg\" alt=\"\" class=\"wp-image-1175\" srcset=\"https:\/\/parenttraining.chip.uconn.edu\/wp-content\/uploads\/2015\/07\/picture43.jpg 960w, https:\/\/parenttraining.chip.uconn.edu\/wp-content\/uploads\/2015\/07\/picture43-300x199.jpg 300w, https:\/\/parenttraining.chip.uconn.edu\/wp-content\/uploads\/2015\/07\/picture43-768x510.jpg 768w\" sizes=\"auto, (max-width: 960px) 100vw, 960px\" \/><\/a><\/figure>\n<\/figure>\n\n\n\n<p>Publicdomainspicture.net  &amp; Pixabay<\/p>\n\n\n\n<p>Las actividades, como jugar en el columpio o deslizarse por un tobog\u00e1n en el patio de recreo, tomar un turno con un juguete de arena o agua favorito en la mesa en el arenero, ver las burbujas que sopla usted para \u00e9l, son excelentes refuerzos.<\/p>\n\n\n\n<p><b>Piense en las cosas que m\u00e1s le gustan a su hijo y haga una lista de reforzadores como la que se muestra a continuaci\u00f3n para su hijo.<\/b><\/p>\n<table style=\"border-collapse: collapse; width: 100%; height: 536px;\">\n<thead>\n<tr style=\"height: 68px;\">\n<td style=\"width: 25%; height: 68px;\">\n<p><b>Jugetes<\/b><\/p>\n<\/td>\n<td style=\"width: 25%; height: 68px;\"><b>Comida<\/b><\/td>\n<td style=\"width: 25%; height: 68px;\">\n<p><b>Actividades<\/b><\/p>\n<\/td>\n<td style=\"width: 25%; height: 68px;\">\n<p><b>Otras cosas<\/b><\/p>\n<\/td>\n<\/tr>\n<\/thead>\n<tbody>\n<tr style=\"height: 100px;\">\n<td style=\"width: 25%; height: 100px;\">\n<p><span style=\"font-weight: 400;\">Soplar burbujas<\/span><\/p>\n<\/td>\n<td style=\"width: 25%; height: 100px;\">\n<p><span style=\"font-weight: 400;\">M&amp;Ms<\/span><\/p>\n<\/td>\n<td style=\"width: 25%; height: 100px;\"><span style=\"font-weight: 400;\">Utilizar el columpio <\/span><\/td>\n<td style=\"width: 25%; height: 100px;\">\n<p><span style=\"font-weight: 400;\">Escuchar su parte favorita de una canci\u00f3n&nbsp;<\/span><\/p>\n<\/td>\n<\/tr>\n<tr style=\"height: 100px;\">\n<td style=\"width: 25%; height: 100px;\">\n<p><span style=\"font-weight: 400;\">Un carro con llantas<\/span><\/p>\n<\/td>\n<td style=\"width: 25%; height: 100px;\">\n<p><span style=\"font-weight: 400;\">Un pedazo de galleta<\/span><\/p>\n<\/td>\n<td style=\"width: 25%; height: 100px;\"><span style=\"font-weight: 400;\">Tirarse del tobog\u00e1n <\/span><\/td>\n<td style=\"width: 25%; height: 100px;\">\n<p><span style=\"font-weight: 400;\">Cosquillas de mama o papa&nbsp;<\/span><\/p>\n<\/td>\n<\/tr>\n<tr style=\"height: 68px;\">\n<td style=\"width: 25%; height: 68px;\">\n<p><span style=\"font-weight: 400;\">Juego de sacar<\/span><\/p>\n<\/td>\n<td style=\"width: 25%; height: 68px;\">\n<p><span style=\"font-weight: 400;\">Fruta deshidratada<\/span><\/p>\n<\/td>\n<td style=\"width: 25%; height: 68px;\"><span style=\"font-weight: 400;\">Jugar en el arenero<\/span><\/td>\n<td style=\"width: 25%; height: 68px;\"><span style=\"font-weight: 400;\">Ver un video de su show favorito en YouTube<\/span><\/td>\n<\/tr>\n<tr style=\"height: 100px;\">\n<td style=\"width: 25%; height: 100px;\"><span style=\"font-weight: 400;\">pelotas<\/span><\/td>\n<td style=\"width: 25%; height: 100px;\">\n<p><span style=\"font-weight: 400;\">Un papa de paquete&nbsp;<\/span><\/p>\n<\/td>\n<td style=\"width: 25%; height: 100px;\">\n<p><span style=\"font-weight: 400;\">Construir una torre de bloques<\/span><\/p>\n<\/td>\n<td style=\"width: 25%; height: 100px;\">&nbsp;<\/td>\n<\/tr>\n<tr style=\"height: 100px;\">\n<td style=\"width: 25%; height: 100px;\">\n<p><span style=\"font-weight: 400;\">Mover las fichas en el \u00e1baco<\/span><\/p>\n<\/td>\n<td style=\"width: 25%; height: 100px;\">&nbsp;<\/td>\n<td style=\"width: 25%; height: 100px;\">&nbsp;<\/td>\n<td style=\"width: 25%; height: 100px;\">&nbsp;<\/td>\n<\/tr>\n<\/tbody>\n<\/table>\n\n\n<p><iframe loading=\"lazy\"\n  src=\"https:\/\/player.vimeo.com\/video\/201766037?texttrack=es\"\n  width=\"640\"\n  height=\"360\"\n  frameborder=\"0\"\n  allow=\"autoplay; fullscreen; picture-in-picture\"\n  allowfullscreen><br \/>\n<\/iframe><\/p>\n\n\n\n<p>En el siguiente clip, ver\u00e1 a otra profesora utilizando burbujas como recompensa. Est\u00e1 trabajando para ense\u00f1ar a un ni\u00f1o a pedir cosas se\u00f1alando con el dedo. Ella sopla una l\u00ednea de burbujas para el ni\u00f1o, para obtener su inter\u00e9s, y luego le pide que se\u00f1ale para obtener m\u00e1s burbujas. F\u00edjese en c\u00f3mo combina sus elogios con las burbujas que a \u00e9l le encantan.<\/p>\n\n\n\n<p>Claramente, ella ha estado trabajando en la habilidad de se\u00f1alar para solicitar con \u00e9l antes de este clip, porque parece estar tratando de se\u00f1alar. Ella lo ayuda un poco. Luego sopla m\u00e1s burbujas y luego espera a que \u00e9l lo solicite nuevamente. Esa vez lo hace con mucha m\u00e1s claridad y ella lo refuerza de inmediato.<\/p>\n\n\n<p><iframe loading=\"lazy\"\n  src=\"https:\/\/player.vimeo.com\/video\/201761732?texttrack=es\"\n  width=\"640\"\n  height=\"360\"\n  frameborder=\"0\"\n  allow=\"autoplay; fullscreen; picture-in-picture\"\n  allowfullscreen><br \/>\n<\/iframe><\/p>\n\n\n<div class=\"wp-block-image\">\n<figure class=\"alignleft size-full is-resized\"><a href=\"https:\/\/parenttraining.chip.uconn.edu\/wp-content\/uploads\/2025\/04\/playground.jpg\"><img loading=\"lazy\" decoding=\"async\" width=\"240\" height=\"180\" src=\"https:\/\/parenttraining.chip.uconn.edu\/wp-content\/uploads\/2025\/04\/playground.jpg\" alt=\"\" class=\"wp-image-7107\" style=\"width:324px;height:auto\"\/><\/a><figcaption class=\"wp-element-caption\">Flickr<\/figcaption><\/figure>\n<\/div>\n\n\n<p><span style=\"font-weight: 400;\">Puede usar cualquier cosa para obtener una recompensa que parezca gustarle a su hijo. Recuerde que lo que funciona bien para reforzar a un ni\u00f1o puede no funcionar en absoluto para otro. Por ejemplo, a un ni\u00f1o le puede ENCANTAR el br\u00f3coli, mientras que a otro no le gusta en absoluto. A algunos ni\u00f1os les gusta mucho que les hagan cosquillas, mientras que a otros les resulta MUY inc\u00f3modo. Adem\u00e1s, lo que podr\u00eda funcionar como un reforzador en un momento puede no funcionar en otro momento, dependiendo de c\u00f3mo se sienta su hijo. Si su hijo acaba de tener un gran almuerzo, es posible que un trozo de su bocadillo favorito no sea emocionante. Si esto sucede, pruebe con un refuerzo no alimentario o int\u00e9ntelo m\u00e1s tarde. Dentro de unas horas, es probable que el bocadillo favorito vuelva a ser gratificante.<\/span><\/p>\n\n\n\n<p><span style=\"font-weight: 400;\">La buena noticia es que hay muchas, muchas cosas que se pueden usar como recompensas para ayudar a un ni\u00f1o a aprender. Seguro usted encontrara algunas cosas que le van a funcionar bien a su hijo. En el siguiente conjunto de videos, observe todos los diferentes reforzadores que los adultos est\u00e1n usando para recompensar lo que hace un ni\u00f1o.<\/span><\/p>\n\n\n<p><iframe loading=\"lazy\"\n  src=\"https:\/\/player.vimeo.com\/video\/199161386?texttrack=es\"\n  width=\"640\"\n  height=\"360\"\n  frameborder=\"0\"\n  allow=\"autoplay; fullscreen; picture-in-picture\"\n  allowfullscreen><br \/>\n<\/iframe><\/p>\n\n\n<p><iframe loading=\"lazy\"\n  src=\"https:\/\/player.vimeo.com\/video\/201767073?texttrack=es\"\n  width=\"640\"\n  height=\"360\"\n  frameborder=\"0\"\n  allow=\"autoplay; fullscreen; picture-in-picture\"\n  allowfullscreen><br \/>\n<\/iframe><\/p>\n\n\n<p><iframe loading=\"lazy\"\n  src=\"https:\/\/player.vimeo.com\/video\/201767634?texttrack=es\"\n  width=\"640\"\n  height=\"360\"\n  frameborder=\"0\"\n  allow=\"autoplay; fullscreen; picture-in-picture\"\n  allowfullscreen><br \/>\n<\/iframe><\/p>\n\n\n<p><iframe loading=\"lazy\"\n  src=\"https:\/\/player.vimeo.com\/video\/201767010?texttrack=es\"\n  width=\"640\"\n  height=\"360\"\n  frameborder=\"0\"\n  allow=\"autoplay; fullscreen; picture-in-picture\"\n  allowfullscreen><br \/>\n<\/iframe><\/p>\n\n\n<p><iframe loading=\"lazy\"\n  src=\"https:\/\/player.vimeo.com\/video\/201767359?texttrack=es\"\n  width=\"640\"\n  height=\"360\"\n  frameborder=\"0\"\n  allow=\"autoplay; fullscreen; picture-in-picture\"\n  allowfullscreen><br \/>\n<\/iframe><\/p>\n\n\n\n<p class=\"has-text-align-center wp-block-heading\"><a href=\"https:\/\/parenttraining.chip.uconn.edu\/index.php\/language\/es\/mas-puntos-importantes-sobre-los-refuerzos\/\" data-type=\"page\" data-id=\"9241\"><strong>Mas puntos importantes sobre los refuerzos <\/strong><\/a><\/p>\n\n\n\n\n","protected":false},"excerpt":{"rendered":"<div class=\"entry-summary\">\nUna recompensa no tiene que ser comida, aunque a menudo funciona bien para los ni\u00f1os peque\u00f1os, especialmente cuando se ense\u00f1a&hellip;\n<\/div>\n<div class=\"link-more\"><a href=\"https:\/\/parenttraining.chip.uconn.edu\/index.php\/language\/es\/como-definir-un-buen-refuerzo-2\/\" class=\"more-link\">Continue reading<span class=\"screen-reader-text\"> &ldquo;\u00bfC\u00f3mo definir un buen refuerzo?&rdquo;<\/span>&hellip;<\/a><\/div>\n","protected":false},"author":498,"featured_media":0,"parent":0,"menu_order":0,"comment_status":"closed","ping_status":"closed","template":"","meta":{"footnotes":""},"class_list":["post-9215","page","type-page","status-publish","hentry","entry"],"_links":{"self":[{"href":"https:\/\/parenttraining.chip.uconn.edu\/index.php\/wp-json\/wp\/v2\/pages\/9215","targetHints":{"allow":["GET"]}}],"collection":[{"href":"https:\/\/parenttraining.chip.uconn.edu\/index.php\/wp-json\/wp\/v2\/pages"}],"about":[{"href":"https:\/\/parenttraining.chip.uconn.edu\/index.php\/wp-json\/wp\/v2\/types\/page"}],"author":[{"embeddable":true,"href":"https:\/\/parenttraining.chip.uconn.edu\/index.php\/wp-json\/wp\/v2\/users\/498"}],"replies":[{"embeddable":true,"href":"https:\/\/parenttraining.chip.uconn.edu\/index.php\/wp-json\/wp\/v2\/comments?post=9215"}],"version-history":[{"count":10,"href":"https:\/\/parenttraining.chip.uconn.edu\/index.php\/wp-json\/wp\/v2\/pages\/9215\/revisions"}],"predecessor-version":[{"id":10433,"href":"https:\/\/parenttraining.chip.uconn.edu\/index.php\/wp-json\/wp\/v2\/pages\/9215\/revisions\/10433"}],"wp:attachment":[{"href":"https:\/\/parenttraining.chip.uconn.edu\/index.php\/wp-json\/wp\/v2\/media?parent=9215"}],"curies":[{"name":"wp","href":"https:\/\/api.w.org\/{rel}","templated":true}]}}