{"id":9188,"date":"2026-01-11T17:00:55","date_gmt":"2026-01-11T22:00:55","guid":{"rendered":"https:\/\/parenttraining.chip.uconn.edu\/?page_id=9188"},"modified":"2026-04-10T13:32:25","modified_gmt":"2026-04-10T17:32:25","slug":"modulo-2-principios-basicos","status":"publish","type":"page","link":"https:\/\/parenttraining.chip.uconn.edu\/index.php\/language\/es\/modulo-2-principios-basicos\/","title":{"rendered":"M\u00f3dulo 2: Principios B\u00e1sicos"},"content":{"rendered":"\n<p>\u00a1Empecemos! En este m\u00f3dulo, discutiremos algunos principios b\u00e1sicos de la ense\u00f1anza. \u00a1Hay mucho que cubrir! Intente acomodarse y cubrir el material de una manera que se ajuste a su horario. Esta secci\u00f3n contiene material realmente importante. La mayor\u00eda de las otras secciones son m\u00e1s cortas que \u00e9sta.<\/p>\n\n\n\n<p>Vamos a hablar de las siguientes ideas b\u00e1sicas, cada tendr\u00e1 su propia secci\u00f3n. Comience c<strong>on Refuerzo: la piedra angular de la ense\u00f1anza del comportamiento<\/strong>, que se encuentra despu\u00e9s del caso de este m\u00f3dulo. Avance por cada secci\u00f3n en el orden indicado y cuando llegue al final del tema encontrar\u00e1 un enlace al siguiente.<\/p>\n\n\n\n<p class=\"has-text-align-center\"><strong><a href=\"https:\/\/parenttraining.chip.uconn.edu\/index.php\/language\/es\/como-definir-un-buen-refuerzo-2\/\" data-type=\"page\" data-id=\"9215\">\u00bfC\u00f3mo definir un buen refuerzo? <\/a>&nbsp;<\/strong><\/p>\n\n\n\n<p class=\"entry-title\" style=\"text-align: center;\"><strong><a href=\"https:\/\/parenttraining.chip.uconn.edu\/index.php\/language\/es\/mas-puntos-importantes-sobre-los-refuerzos\/\">Mas Puntos Importantes sobre los Refuerzos\u00a0<\/a><\/strong><\/p>\n\n\n\n<p class=\"has-text-align-center\"><a href=\"https:\/\/parenttraining.chip.uconn.edu\/index.php\/language\/es\/mas-puntos-importantes-sobre-los-refuerzos\/\" data-type=\"page\" data-id=\"9241\"><strong>Combinar elogios con refuerzos<\/strong><\/a><\/p>\n\n\n\n<p class=\"has-text-align-center\"><a href=\"https:\/\/parenttraining.chip.uconn.edu\/index.php\/language\/es\/atenuando-refuerzos-2\/\" data-type=\"page\" data-id=\"9284\"><strong>Atenuando refuerzos<\/strong><\/a><\/p>\n\n\n\n<p class=\"has-text-align-center\"><a href=\"https:\/\/parenttraining.chip.uconn.edu\/index.php\/language\/es\/atenuando-indicaciones-y-provocaciones-2\/\" data-type=\"page\" data-id=\"9287\"><strong>Atenuando indicaciones y provocaciones<\/strong><\/a><\/p>\n\n\n\n<p class=\"has-text-align-center\"><strong><a href=\"https:\/\/parenttraining.chip.uconn.edu\/index.php\/language\/es\/reforzar-el-contacto-visual-2\/\" data-type=\"page\" data-id=\"9384\">Reforzar el contacto visual <\/a>&nbsp;<\/strong><\/p>\n\n\n\n<p class=\"has-text-align-center\"><a href=\"https:\/\/parenttraining.chip.uconn.edu\/index.php\/language\/es\/revision-del-modulo-2\/\" data-type=\"page\" data-id=\"9389\"><strong>Revisi\u00f3n del m\u00f3dulo<\/strong><\/a><\/p>\n\n\n\n<p class=\"has-text-align-center\"><a href=\"https:\/\/parenttraining.chip.uconn.edu\/index.php\/language\/es\/modulo-2-cuestionario\/\" data-type=\"page\" data-id=\"9393\"><strong>Modulo 2 Cuestionario<\/strong><\/a><\/p>\n\n\n\n<h2 class=\"wp-block-heading\"><strong>M\u00f3dulo 2: Uso de indicaciones<\/strong><br><\/h2>\n\n\n\n<p>Bella ten\u00eda dos a\u00f1os y seis meses cuando su madre empez\u00f3 a ense\u00f1arle utilizando t\u00e9cnicas de comportamiento. Bella hab\u00eda aprendido a imitar las ense\u00f1anzas un poco por su cuenta lo cual alegraba a su familia cuando ella devolv\u00eda el saludo cuando su t\u00eda la saludaba. Sin embargo, saludaba con la palma en direcci\u00f3n a ella misma. Su madre le llamaba &#8220;el saludo al rev\u00e9s de Bella&#8221;.<\/p>\n\n\n\n<p>La madre de Bella quer\u00eda ense\u00f1arle a saludar de manera convencional. A medida que aprendi\u00f3 m\u00e1s sobre los est\u00edmulos, intent\u00f3 guiarla suavemente de manera f\u00edsica. Organiz\u00f3 algunas sesiones de pr\u00e1ctica con el padre de Bella. Su mam\u00e1 sosten\u00eda a Bella mientras su padre estaba de pie junto a la puerta mir\u00e1ndolas con una mano en la cerradura de la puerta, diciendo: \u201c\u00a1Adi\u00f3s!\u201d, mientras sonre\u00eda y agitaba la mano. Antes de que Bella tuviera la oportunidad de devolver el saludo usando su \u201csaludo al rev\u00e9s\u201d, su madre gir\u00f3 suavemente su mano para que su palma quedara hacia su padre, ayud\u00e1ndola a devolver el saludo. Su mam\u00e1 utiliz\u00f3 <strong>un est\u00edmulo f\u00edsico<\/strong>. Luego, su padre le hizo un cosquilleo r\u00e1pido antes de salir por la puerta y cerrarla detr\u00e1s de \u00e9l. Volvi\u00f3 a entrar r\u00e1pidamente y lo hicieron una vez m\u00e1s para as\u00ed hacer de esto un juego. Esto le dio a Bella la oportunidad de practicar unas seis veces durante cada sesi\u00f3n de pr\u00e1ctica. Bella parec\u00eda disfrutar el juego de saludos y re\u00eda cada vez que su padre regresaba a casa.<\/p>\n\n\n\n<p>Esto parec\u00eda funcionar, pero cada vez que su madre no usaba el est\u00edmulo f\u00edsico Bella volv\u00eda a su saludo al rev\u00e9s. Entonces su mam\u00e1 tuvo una idea. Involucr\u00f3 al hermano mayor de Bella, Gabriel, en el juego. Gabriel se par\u00f3 un poco frente a su mam\u00e1 y Bella y puso su mano donde Bella pudiera verla f\u00e1cilmente. Mirando a su padre lo salud\u00f3 con la mano y mientras jugaban, mam\u00e1 busc\u00f3 centrar la atenci\u00f3n de Bella en la mano de Gabriel. Despu\u00e9s de unos d\u00edas, haciendo esto m\u00e1s de una vez al d\u00eda, Bella empez\u00f3 a saludar con su mano de la manera correcta por s\u00ed sola. As\u00ed que, adem\u00e1s del est\u00edmulo f\u00edsico de mam\u00e1, con Gabriel estaban usando <strong>un est\u00edmulo \u201cmodelo\u201d<\/strong>, es decir, le estaba mostrando a Bella a copiar (imitar).<\/p>\n\n\n\n<h2 class=\"wp-block-heading\"><strong>Refuerzo: la piedra angular de la ense\u00f1anza del comportamiento<\/strong><\/h2>\n\n\n\n<p>Primero, queremos explicar algunas de las ideas m\u00e1s b\u00e1sicas e importantes sobre c\u00f3mo aprenden los ni\u00f1os.<\/p>\n\n\n\n<p>La idea m\u00e1s importante es la de recompensar el comportamiento que desea ense\u00f1ar o que desea que su hijo realice con m\u00e1s frecuencia. La mayor\u00eda de los otros m\u00e9todos de ense\u00f1anza que explicaremos dependen de esta idea b\u00e1sica: <strong>premiar el comportamiento que quiere que su hijo realice con m\u00e1s frecuencia.<\/strong><\/p>\n\n\n\n<p>Tomemos un ejemplo. Digamos que estamos tratando de ense\u00f1arle a Susie a agitar su mano diciendo adi\u00f3s cuando otra persona agita su mano diciendo adi\u00f3s.<\/p>\n\n\n\n<p>Susie sabe saludar, pero no lo hace muy a menudo por lo que usted decide ense\u00f1arle a despedirse con m\u00e1s frecuencia. Empieza por asegurarse de que cada vez que Susie salude a alguien, la otra persona responda con entusiasmo. Esa persona podr\u00eda darle a Susie una gran sonrisa o con elogios (\u00a1Qu\u00e9 lindo saludas!). Incluso podr\u00edan hacerle un poco de cosquillas a Susie. Si es usted quien sostiene a Susie cuando ella saluda, puedes darle un peque\u00f1o apret\u00f3n o hacerle cosquillas, adem\u00e1s de un elogio. Podr\u00eda decir algo como &#8220;\u00a1S\u00ed, te despediste con la mano!&#8221;. o &#8220;\u00a1Qu\u00e9 ni\u00f1a tan grande diciendo adi\u00f3s!&#8221; y luego hacerle cosquillas a Bella o tal vez alzarlo si es algo que le gusta. El punto es que cada vez que alguien le diga adi\u00f3s a Susie y ella devuelve el saludo, el resultado es una recompensa para ella! Con el tiempo, cuando alguien se despida con la mano, ser\u00e1 cada vez m\u00e1s probable que devuelva el saludo con la mano tambi\u00e9n.&nbsp;<strong>&nbsp;<\/strong><\/p>\n\n\n\n<p>En el siguiente v\u00eddeo, mira c\u00f3mo unos profesores recompensan a un ni\u00f1o por saludar.<\/p>\n\n\n<p><iframe loading=\"lazy\"\n  src=\"https:\/\/player.vimeo.com\/video\/1028955004?texttrack=es\"\n  width=\"640\"\n  height=\"360\"\n  frameborder=\"0\"\n  allow=\"autoplay; fullscreen; picture-in-picture\"\n  allowfullscreen><br \/>\n<\/iframe><\/p>\n\n\n\n<p>Algunos padres pueden sentirse inc\u00f3modos con la idea de premiar el comportamiento. Puede que no les parezca natural o que piensen que los ni\u00f1os deber\u00edan hacer lo que se les pide sin recompensa. Ser\u00eda bueno que los ni\u00f1os siguieran lo que les pedimos todo el tiempo s\u00f3lo porque es correcto, \u00a1pero muchas veces no lo hacen! <strong>Vamos a explicar por qu\u00e9 es bueno recompensar a su hijo.<\/strong><\/p>\n\n\n\n<p>La idea de que el aprendizaje depende de las recompensas se aplica a todos nosotros, aunque no seamos conscientes de ello. Todos aprendemos de esta manera. Por ejemplo, si preparas una comida para tu familia que realmente les gusta, ser\u00e1 m\u00e1s probable que vuelvas a preparar esa misma comida. O, si cada vez que usas un su\u00e9ter en particular recibes elogios por \u00e9l, es m\u00e1s probable que elijas ese su\u00e9ter nuevamente. Piense en un comportamiento propio que haya sido recompensado con amigos o familiares que le presten atenci\u00f3n o le hagan cumplidos. La aprobaci\u00f3n de las personas que le importan es una recompensa poderosa. Incluso cuando se siente satisfecho porque hizo algo dif\u00edcil, esa es una recompensa que se da a s\u00ed mismo. Y, por supuesto, recibir un pago por un trabajo es una recompensa poderosa. <strong>La cuesti\u00f3n es que cada adulto y cada ni\u00f1o contin\u00faa haciendo las cosas por las que son recompensados. As\u00ed es como funciona nuestro cerebro.<\/strong><\/p>\n\n\n\n<p>A veces la recompensa es dinero. A veces es la aprobaci\u00f3n de los dem\u00e1s. A veces es sentir satisfacci\u00f3n porque hizo lo correcto. Para los ni\u00f1os peque\u00f1os, especialmente aquellos que a\u00fan no entienden mucho el lenguaje o la aprobaci\u00f3n de los adultos, algo que se sienta bien o sepa bien, como una golosina dulce o salada, cosquillas o ver burbujas, puede ser la recompensa que mejor funcione.<\/p>\n\n\n\n<p>En los dos v\u00eddeos siguientes, los ni\u00f1os son recompensados \u200b\u200bpor hacer lo que se les pide o se les estimula para que lo cumplan a trav\u00e9s de elogios con entusiasmo o haci\u00e9ndoles soplar burbujas.<\/p>\n\n\n<p><iframe loading=\"lazy\"\n  src=\"https:\/\/player.vimeo.com\/video\/201763403?texttrack=es\"\n  width=\"640\"\n  height=\"360\"\n  frameborder=\"0\"\n  allow=\"autoplay; fullscreen; picture-in-picture\"\n  allowfullscreen><br \/>\n<\/iframe><\/p>\n\n\n<p><iframe loading=\"lazy\"\n  src=\"https:\/\/player.vimeo.com\/video\/201768099?texttrack=es\"\n  width=\"640\"\n  height=\"360\"\n  frameborder=\"0\"\n  allow=\"autoplay; fullscreen; picture-in-picture\"\n  allowfullscreen><br \/>\n<\/iframe><\/p>\n\n\n\n<p>Cuando se da una recompensa inmediatamente despu\u00e9s de que un ni\u00f1o hace algo, la recompensa se llama <strong>refuerzo<\/strong> porque refuerza o fortalece la conducta previa. Cuando \u201creforzamos\u201d una conducta, es m\u00e1s probable que el ni\u00f1o la vuelva a realizar. En este programa usaremos la palabra &#8220;refuerzo&#8221; para referirnos a una recompensa que se le da al ni\u00f1o inmediatamente despu\u00e9s de que hace algo bueno. Muchas investigaciones han demostrado que <strong>reforzar la conducta es el mejor m\u00e9todo de ense\u00f1ar.<\/strong> \u00a1Y todos queremos ver resultados de nuestra ense\u00f1anza!<\/p>\n\n\n\n<p>Usaremos ambas palabras, <strong>recompensa <\/strong>y <strong>reforzador<\/strong>, \u00a1y las usaremos bastante! Esto se debe a que el refuerzo es realmente importante para una buena ense\u00f1anza.<\/p>\n\n\n\n<p>En el siguiente v\u00eddeo, hay un ejemplo de una profesora que refuerza una conducta que ha estado ense\u00f1ando. En este caso, la maestra refuerza al ni\u00f1o con cosquillas y un peque\u00f1o juego divertido.<\/p>\n\n\n<p><iframe loading=\"lazy\"\n  src=\"https:\/\/player.vimeo.com\/video\/201766109?texttrack=es\"\n  width=\"640\"\n  height=\"360\"\n  frameborder=\"0\"\n  allow=\"autoplay; fullscreen; picture-in-picture\"\n  allowfullscreen><br \/>\n<\/iframe><\/p>\n\n\n\n<p>Ahora observe c\u00f3mo el mismo maestro refuerza al ni\u00f1o por hacer el sonido de la &#8220;b&#8221;. El ni\u00f1o no puede decir &#8220;blue&#8221;, pero el maestro acepta &#8220;buh&#8221; como un intento de decir la palabra &#8220;blue&#8221;. El maestro sostiene un cuadrado azul de un juego estructurado para clasificar formas y hace un ruido extra\u00f1o cuando se coloca la pieza correcta. Luego la maestra demuestra el sonido \u201cb\u201d y le pide que lo haga. Tan pronto como la ni\u00f1a hace el sonido, la maestra inmediatamente le entrega la figura que ha estado buscando mientras le dice con entusiasmo: &#8220;\u00a1Guau!&#8221;.<\/p>\n\n\n\n<p>En esta situaci\u00f3n, el profesor en realidad est\u00e1 reforzando dos cosas al mismo tiempo. Ella est\u00e1 reforzando el sonido \u201cb\u201d para que la ni\u00f1a aprenda a pronunciar ese sonido como el primer sonido de la palabra \u201cblue\u201d. Pero tambi\u00e9n est\u00e1 reforzando a la ni\u00f1a s\u00f3lo por intentar seguir las instrucciones de la maestra. A esta acci\u00f3n de seguir instrucciones la llamamos \u201ccooperaci\u00f3n\u201d o \u201ccumplimiento\u201d.<\/p>\n\n\n\n<div>&nbsp;<\/div>\n\n\n<p><iframe loading=\"lazy\"\n  src=\"https:\/\/player.vimeo.com\/video\/201766294?texttrack=es\"\n  width=\"640\"\n  height=\"360\"\n  frameborder=\"0\"\n  allow=\"autoplay; fullscreen; picture-in-picture\"\n  allowfullscreen><br \/>\n<\/iframe><\/p>\n\n\n\n<h2 class=\"wp-block-heading has-black-color has-text-color has-link-color wp-elements-cc66cb556e6ecb7e75742b31398602ea\" style=\"font-size:25px\"><strong><strong>\u00bfPor qu\u00e9 es importante la cooperaci\u00f3n?<\/strong><\/strong><\/h2>\n\n\n\n<p><span style=\"font-weight: 400;\">Hay muchas razones por las que la cooperaci\u00f3n es importante. Una es que si los ni\u00f1os normalmente intentan hacer las cosas que les pedimos, es m\u00e1s f\u00e1cil mantenerlos seguros. Por ejemplo, si una madre le dice a su hijo que camine junto a ella en la calle y el ni\u00f1o lo hace, ella puede mantenerlo a salvo. La cooperaci\u00f3n con instrucciones de mantenerse cerca, mantener puesto el abrigo cuando hace mucho fr\u00edo o no tocar una estufa caliente, son ejemplos de la importancia de la cooperaci\u00f3n.<\/span><\/p>\n<p><span style=\"font-weight: 400;\">La cooperaci\u00f3n con los adultos tambi\u00e9n ayuda a los ni\u00f1os a llevarse bien con los dem\u00e1s. Por ejemplo, si le decimos a algunos ni\u00f1os que compartan juguetes o se turnen un columpio y lo hacen, ser\u00e1 m\u00e1s probable que otros ni\u00f1os logren jugar con ellos.<\/span><\/p>\n\n\n\n<p><span style=\"font-weight: 400;\">Hay otra forma importante en la que la cooperaci\u00f3n es importante. Cuando los ni\u00f1os intentan hacer las cosas que se les pide, es mucho m\u00e1s f\u00e1cil ense\u00f1arles cosas nuevas. Por ejemplo, si queremos ense\u00f1ar a un ni\u00f1o a saludar con m\u00e1s frecuencia, tenemos que ayudarle a hacerlo para poder premiarle por ello. Si el ni\u00f1o nos entiende cuando decimos \u201cadi\u00f3s con la mano\u201d y luego lo hace, tenemos la oportunidad de recompensarlo por saludar.<\/span><\/p>\n<p><span style=\"font-weight: 400;\">\u00bfPero qu\u00e9 pasa si a\u00fan no entiende las palabras? Podemos modelar (hacer) el comportamiento o ayudarlo a saludar moviendo el brazo hacia arriba y hacia abajo. Despu\u00e9s de esto es que le damos una recompensa. Estas formas de ayudar a los ni\u00f1os a hacer lo que se les pide se denominan <\/span><b>provocaciones<\/b><span style=\"font-weight: 400;\">. Hablaremos m\u00e1s sobre las provocaciones m\u00e1s adelante. El punto importante aqu\u00ed es que si un ni\u00f1o intenta seguir nuestras indicaciones o acepta nuestra ayuda, la ense\u00f1anza se vuelve m\u00e1s f\u00e1cil y exitosa. Recuerde que una buena ense\u00f1anza requiere muchas oportunidades para reforzar las conductas que queremos ense\u00f1ar. Por esta raz\u00f3n, cuanto m\u00e1s dispuesto est\u00e9 su hijo a seguir sus instrucciones o aceptar su ayuda para hacerlo, \u00a1mejor!<\/span><\/p>\n<p><span style=\"font-weight: 400;\">Algunos ni\u00f1os tienen muchos comportamientos que interfieren y les impiden cooperar con usted o incluso prestarle mucha atenci\u00f3n.&nbsp; Si su hijo hace esto con frecuencia, le recomendamos terminar el M\u00f3dulo 2 y pasar directamente al M\u00f3dulo 6, donde analizamos la prevenci\u00f3n y el manejo de conductas que interfieren. Pero aseg\u00farese de regresar y continuar con el M\u00f3dulo 3.&nbsp;<\/span><\/p>\n\n\n\n<p class=\"has-text-align-center wp-block-heading\"><a href=\"https:\/\/parenttraining.chip.uconn.edu\/index.php\/language\/es\/como-definir-un-buen-refuerzo-2\/\" data-type=\"page\" data-id=\"9215\"><strong>\u00bfC\u00f3mo definir un buen refuerzo?<\/strong><\/a><\/p>\n\n\n\n\n\n\n","protected":false},"excerpt":{"rendered":"<div class=\"entry-summary\">\n\u00a1Empecemos! En este m\u00f3dulo, discutiremos algunos principios b\u00e1sicos de la ense\u00f1anza. \u00a1Hay mucho que cubrir! Intente acomodarse y cubrir el&hellip;\n<\/div>\n<div class=\"link-more\"><a href=\"https:\/\/parenttraining.chip.uconn.edu\/index.php\/language\/es\/modulo-2-principios-basicos\/\" class=\"more-link\">Continue reading<span class=\"screen-reader-text\"> &ldquo;M\u00f3dulo 2: Principios B\u00e1sicos&rdquo;<\/span>&hellip;<\/a><\/div>\n","protected":false},"author":498,"featured_media":1780,"parent":0,"menu_order":0,"comment_status":"closed","ping_status":"closed","template":"","meta":{"footnotes":""},"class_list":["post-9188","page","type-page","status-publish","has-post-thumbnail","hentry","entry"],"_links":{"self":[{"href":"https:\/\/parenttraining.chip.uconn.edu\/index.php\/wp-json\/wp\/v2\/pages\/9188","targetHints":{"allow":["GET"]}}],"collection":[{"href":"https:\/\/parenttraining.chip.uconn.edu\/index.php\/wp-json\/wp\/v2\/pages"}],"about":[{"href":"https:\/\/parenttraining.chip.uconn.edu\/index.php\/wp-json\/wp\/v2\/types\/page"}],"author":[{"embeddable":true,"href":"https:\/\/parenttraining.chip.uconn.edu\/index.php\/wp-json\/wp\/v2\/users\/498"}],"replies":[{"embeddable":true,"href":"https:\/\/parenttraining.chip.uconn.edu\/index.php\/wp-json\/wp\/v2\/comments?post=9188"}],"version-history":[{"count":14,"href":"https:\/\/parenttraining.chip.uconn.edu\/index.php\/wp-json\/wp\/v2\/pages\/9188\/revisions"}],"predecessor-version":[{"id":11065,"href":"https:\/\/parenttraining.chip.uconn.edu\/index.php\/wp-json\/wp\/v2\/pages\/9188\/revisions\/11065"}],"wp:featuredmedia":[{"embeddable":true,"href":"https:\/\/parenttraining.chip.uconn.edu\/index.php\/wp-json\/wp\/v2\/media\/1780"}],"wp:attachment":[{"href":"https:\/\/parenttraining.chip.uconn.edu\/index.php\/wp-json\/wp\/v2\/media?parent=9188"}],"curies":[{"name":"wp","href":"https:\/\/api.w.org\/{rel}","templated":true}]}}