{"id":9041,"date":"2026-01-11T12:59:08","date_gmt":"2026-01-11T17:59:08","guid":{"rendered":"https:\/\/parenttraining.chip.uconn.edu\/?page_id=9041"},"modified":"2026-02-16T18:37:38","modified_gmt":"2026-02-16T23:37:38","slug":"juegos-para-la-hora-de-la-comida","status":"publish","type":"page","link":"https:\/\/parenttraining.chip.uconn.edu\/index.php\/language\/es\/juegos-para-la-hora-de-la-comida\/","title":{"rendered":"Juegos para la hora de la comida"},"content":{"rendered":"\n<figure id=\"attachment_7217\" aria-describedby=\"caption-attachment-7217\" style=\"width: 434px\" class=\"wp-caption alignnone\"><a href=\"https:\/\/parenttraining.chip.uconn.edu\/wp-content\/uploads\/2025\/04\/family-eating-dinner-pixabay.jpg\"><img loading=\"lazy\" decoding=\"async\" class=\" wp-image-7217\" src=\"https:\/\/parenttraining.chip.uconn.edu\/wp-content\/uploads\/2025\/04\/family-eating-dinner-pixabay-300x199.jpg\" alt=\"\" width=\"434\" height=\"288\" srcset=\"https:\/\/parenttraining.chip.uconn.edu\/wp-content\/uploads\/2025\/04\/family-eating-dinner-pixabay-300x199.jpg 300w, https:\/\/parenttraining.chip.uconn.edu\/wp-content\/uploads\/2025\/04\/family-eating-dinner-pixabay-768x510.jpg 768w, https:\/\/parenttraining.chip.uconn.edu\/wp-content\/uploads\/2025\/04\/family-eating-dinner-pixabay.jpg 960w\" sizes=\"auto, (max-width: 434px) 100vw, 434px\" \/><\/a><figcaption id=\"caption-attachment-7217\" class=\"wp-caption-text\">Pixabay<\/figcaption><\/figure>\n<p>La hora de la comida es un momento excelente para trabajar en c\u00f3mo pedir cosas y tomar decisiones. Cuando un ni\u00f1o est\u00e1 listo para cenar, la comida se convierte en una gran recompensa. Esto hace que la hora de la comida sea un buen momento para ense\u00f1ar. Pero recuerda, si tu ni\u00f1a tiene mucha hambre cuando empieza la comida, puede frustrarse si tiene que pedir o elegir cosas. Si crees que tiene mucha hambre, dale suficiente comida primero para que est\u00e9 menos hambrienta antes de empezar a practicar pedir o elegir.<\/p>\n\n\n\n<h3 class=\"wp-block-heading\"><strong>1. PON SOLO POCAS PORCIONES EN EL PLATO DE TU NI\u00d1A PARA QUE PRACTIQUE PEDIR<\/strong><\/h3>\n\n\n\n<p><br \/>Pon solo una peque\u00f1a cantidad de comida en el plato de tu ni\u00f1a y m\u00e1s comida en un segundo plato, un poco fuera de su alcance. As\u00ed podr\u00e1s animarla a pedir m\u00e1s comida varias veces. Coloca un taz\u00f3n con m\u00e1s de la misma comida donde ella lo pueda ver. Cuando termine la comida en su plato o taz\u00f3n, espera a ver si se\u00f1ala el taz\u00f3n con m\u00e1s comida. Si no lo hace, ac\u00e9rcalo un poco m\u00e1s. Si es necesario, ay\u00fadala a se\u00f1alarlo y que te mire. Cuando ella pida comida se\u00f1alando, aunque hayas tenido que ayudarla, pon un poco m\u00e1s en su plato o taz\u00f3n. Puedes hacer lo mismo con las bebidas. Por ejemplo, solo ponle un poco de jugo en su vaso, no lo llenes por completo. Cuando termine, seguro querr\u00e1 m\u00e1s. Quieres darle muchas oportunidades para practicar pedir las comidas y bebidas que le gustan.<\/p>\n\n\n\n<p>Y recuerda: si tu ni\u00f1a est\u00e1 aprendiendo a <a href=\"https:\/\/parenttraining.chip.uconn.edu\/index.php\/language\/es\/modulo-13-pecs-sistema-de-comunicacion-por-intercambio-de-imagenes\/\" data-type=\"link\" data-id=\"https:\/\/parenttraining.chip.uconn.edu\/index.php\/language\/es\/modulo-13-pecs-sistema-de-comunicacion-por-intercambio-de-imagenes\/\">usar PECS (Sistema de Comunicaci\u00f3n por Intercambio de Im\u00e1genes)<\/a> para comunicar sus deseos, la hora de la comida es perfecta para que practique pedir sus alimentos y bebidas saludables favoritas con im\u00e1genes.<\/p>\n\n\n\n<p>Si tu ni\u00f1a est\u00e1 aprendiendo a decir algunas palabras, intenta que a\u00f1ada una palabra o un sonido cuando pida algo. Por ejemplo, si est\u00e1 pidiendo waffles y quiere m\u00e1s, an\u00edmala a decir \u201cwaffles\u201d o al menos el sonido \u201cw.\u201d Cada vez que pida comida, ya sea mirando y se\u00f1alando lo que quiere o diciendo un sonido o palabra, dale lo que pidi\u00f3 de inmediato y dile lo feliz que est\u00e1s por lo bien que lo hizo.<\/p>\n\n\n\n<p>Pero ojo: si ves que esto le cuesta mucho y se frustra, haz solo dos o tres intentos por comida y luego ponle toda la comida. Habr\u00e1 muchas m\u00e1s ocasiones para practicar esta habilidad. No quieres frustrarla, y lo m\u00e1s importante es que coma bien para estar saludable.<\/p>\n\n\n\n<p>Si tu ni\u00f1a es muy selectiva con la comida y no le gustan muchos alimentos, puede ser mejor darle suficiente comida nutritiva que insistir en que pida. En ese caso, puedes poner solo una peque\u00f1a porci\u00f3n de un postre dulce y animarla a pedir m\u00e1s postre en vez de pedir la comida b\u00e1sica que necesita.<\/p>\n\n\n\n<p>Si tu ni\u00f1a come tan poco que te preocupa que no reciba buena nutrici\u00f3n, revisa las sugerencias del M\u00f3dulo 7 sobre alimentaci\u00f3n selectiva y lleva un diario de lo que come durante unos d\u00edas o una semana. Luego mu\u00e9straselo al pediatra o pide que te recomienden a un nutricionista para asegurarte que recibe todo lo que necesita.<\/p>\n\n\n\n<h3><strong>2. ELEGIR ENTRE DOS ALIMENTOS FAVORITOS<\/strong><\/h3>\n<p>La hora de la comida tambi\u00e9n es perfecta para ofrecerle opciones a tu ni\u00f1a. Elegir entre un bocado y un sorbo, o entre dos comidas distintas, es una forma excelente de practicar tomar decisiones. Simplemente muestra las dos opciones frente a ella y m\u00edrala a los ojos. A veces puedes preguntarle, \u201c\u00bfCu\u00e1l quieres?\u201d o \u201c\u00bfCu\u00e1l te gustar\u00eda ahora?\u201d pero no es necesario hacerlo siempre. Cuando entienda, solo mu\u00e9strale las dos opciones y d\u00e9jala decidir. Si no elige, ay\u00fadala a se\u00f1alar lo que creas que le gusta m\u00e1s. Por ejemplo, si ha estado comiendo pollo, tal vez quiera un sorbo de leche. Entonces ay\u00fadala a se\u00f1alar el vaso y di \u201c\u00a1Leche!\u201d o \u201c\u00a1Leche, por favor!\u201d y dale un sorbo enseguida.<\/p>\n\n\n\n<h3 class=\"wp-block-heading\"><strong>3. PRACTICAR PECS EN LA HORA DE LA COMIDA<\/strong><\/h3>\n\n\n\n<p class=\"wp-block-heading\">Si tu ni\u00f1a est\u00e1 aprendiendo PECS, donde te entrega una imagen para pedir algo, la comida es un buen momento para practicar. Puede pedir usando una sola imagen para un alimento o hacer elecciones usando dos o m\u00e1s im\u00e1genes. Si a\u00fan no le has ense\u00f1ado a pedir con PECS y tu ni\u00f1a no habla todav\u00eda, revisa la secci\u00f3n sobre PECS y prueba usarlo en las comidas.<\/p>\n<h3 class=\"wp-block-heading\"><br \/><strong>4. USAR LA CUCHARA PARA MEJORAR EL CONTACTO VISUAL<\/strong><\/h3>\n\n\n<div class=\"wp-block-image alignnone\">\n<figure class=\"alignleft\"><a href=\"https:\/\/parenttraining.chip.uconn.edu\/wp-content\/uploads\/2025\/04\/mother-feeding-baby-freepik.jpg\"><img loading=\"lazy\" decoding=\"async\" width=\"300\" height=\"200\" src=\"https:\/\/parenttraining.chip.uconn.edu\/wp-content\/uploads\/2025\/04\/mother-feeding-baby-freepik-300x200.jpg\" alt=\"\" class=\"wp-image-7152\" srcset=\"https:\/\/parenttraining.chip.uconn.edu\/wp-content\/uploads\/2025\/04\/mother-feeding-baby-freepik-300x200.jpg 300w, https:\/\/parenttraining.chip.uconn.edu\/wp-content\/uploads\/2025\/04\/mother-feeding-baby-freepik.jpg 740w\" sizes=\"auto, (max-width: 300px) 100vw, 300px\" \/><\/a><figcaption class=\"wp-element-caption\">Freepik<\/figcaption><\/figure>\n<\/div>\n\n\n<div class=\"wp-block-group is-nowrap is-layout-flex wp-container-core-group-is-layout-ad2f72ca wp-block-group-is-layout-flex\">\n<p>Si a veces le das de comer a tu ni\u00f1a con cuchara o tenedor, aunque ya pueda comer sola, esto har\u00e1 m\u00e1s f\u00e1cil trabajar el contacto visual durante la comida. Solo espera a que haga contacto visual antes de darle cada bocado. Simplemente levanta la cuchara o un pedazo de comida y, cuando tu ni\u00f1a te mire a los ojos, sonr\u00ede mucho y ponle la comida en la boca.<br>El bocado sirve para reforzar el contacto visual y convertir la comida en un momento social compartido. <strong>Cambiar solo este detalle \u2014el momento en que le das el bocado\u2014 har\u00e1 que cada bocado sea un refuerzo para el contacto visual.\u00a0<\/strong> \u00a1Imagina cu\u00e1ntas oportunidades tendr\u00e1s cada semana para mejorar el contacto visual de tu ni\u00f1a! Y todo esto mientras le das sus comidas saludables de siempre.<\/p>\n<\/div>\n\n\n\n<p>&nbsp;<\/p>\n<p><iframe loading=\"lazy\" title=\"40-James.Eating 864x486\" src=\"https:\/\/player.vimeo.com\/video\/199048597?dnt=1&amp;app_id=122963\" width=\"864\" height=\"486\" frameborder=\"0\" allow=\"autoplay; fullscreen; picture-in-picture; clipboard-write; encrypted-media; web-share\" referrerpolicy=\"strict-origin-when-cross-origin\"><\/iframe><\/p>\n\n\n\n<h3 class=\"wp-block-heading\"><strong>5. LA RUTINA DE \u201cOH NO, MAM\u00c1\u201d PARA ANIMAR A TU NI\u00d1A A PEDIR AYUDA<\/strong><\/h3>\n\n\n\n<p>Una forma de hacer que tu ni\u00f1a se comunique contigo es \u201chacerse la tonta.\u201d Por ejemplo, puedes darle una galleta que hayas puesto dentro de una bolsa Ziploc sellada o en un envase de pl\u00e1stico bien cerrado. O darle una caja de jugo cerrada, sin la pajilla puesta. Lo importante es que ella vea claramente que hay algo que quiere dentro de un envase que necesitar\u00e1 que t\u00fa le abras. Luego espera a que te comunique de alguna manera que necesita ayuda. Puede que te mire con cara de duda o confusi\u00f3n. O tal vez te levante el envase para pedir ayuda. Si no hace nada o se frustra, ay\u00fadala a hacer algo muy simple, como levantar el envase hacia ti.<\/p>\n\n\n<div class=\"wp-block-image\">\n<figure class=\"alignleft\"><a href=\"https:\/\/parenttraining.chip.uconn.edu\/wp-content\/uploads\/2016\/08\/juice.flickr.jpg\"><img loading=\"lazy\" decoding=\"async\" width=\"200\" height=\"300\" src=\"https:\/\/parenttraining.chip.uconn.edu\/wp-content\/uploads\/2016\/08\/juice.flickr-200x300.jpg\" alt=\"Used with permission from Flickr\" class=\"wp-image-3266\" srcset=\"https:\/\/parenttraining.chip.uconn.edu\/wp-content\/uploads\/2016\/08\/juice.flickr-200x300.jpg 200w, https:\/\/parenttraining.chip.uconn.edu\/wp-content\/uploads\/2016\/08\/juice.flickr.jpg 683w\" sizes=\"auto, (max-width: 200px) 100vw, 200px\" \/><\/a><figcaption class=\"wp-element-caption\">Flickr<\/figcaption><\/figure>\n<\/div>\n\n\n<p>Lo que haga, refuerza inmediatamente su intento de comunicaci\u00f3n ayud\u00e1ndola a abrir el envase y devolvi\u00e9ndoselo. Mientras lo haces, puedes decir algo como:<br>\u201c\u00a1Oh no, Mam\u00e1! \u00a1Este envase es muy dif\u00edcil de abrir! \u00a1Yo te ayudo!\u201d<br>O: \u201c\u00a1Oh no, Mam\u00e1! \u00a1No hay pajilla! \u00a1Yo te ayudo!\u201d<\/p>\n\n\n\n<p>La idea es que estas situaciones animen a tu ni\u00f1a a mirar tu cara y buscar c\u00f3mo decirte lo que quiere.<\/p>\n\n\n\n<p>Si haces esto una o dos veces al d\u00eda con cosas distintas, poco a poco podr\u00e1s ayudarla a hacer un poco m\u00e1s para pedir tu ayuda. Por ejemplo, si solo te mira, puedes animarla a levantar el envase hacia ti. Pero si ya hace eso, podr\u00edas animarla a decir la palabra \u201cayuda\u201d o \u201cabrir.\u201d Si a\u00fan no habla o no puede imitar sonidos o palabras, puedes ense\u00f1arle la se\u00f1a de \u201cayuda,\u201d que es as\u00ed.<\/p>\n\n\n<div class=\"wp-block-image\">\n<figure class=\"aligncenter\"><a href=\"https:\/\/parenttraining.chip.uconn.edu\/wp-content\/uploads\/2015\/07\/help.jpg\"><img loading=\"lazy\" decoding=\"async\" width=\"300\" height=\"208\" src=\"https:\/\/parenttraining.chip.uconn.edu\/wp-content\/uploads\/2015\/07\/help-300x208.jpg\" alt=\"help\" class=\"wp-image-639\" srcset=\"https:\/\/parenttraining.chip.uconn.edu\/wp-content\/uploads\/2015\/07\/help-300x208.jpg 300w, https:\/\/parenttraining.chip.uconn.edu\/wp-content\/uploads\/2015\/07\/help.jpg 381w\" sizes=\"auto, (max-width: 300px) 100vw, 300px\" \/><\/a><figcaption class=\"wp-element-caption\">babygooroo.com<\/figcaption><\/figure>\n<\/div>\n\n\n<p>Una buena manera de fomentar el desarrollo del lenguaje es usar oraciones que sean un poco m\u00e1s largas o complejas que las que tu ni\u00f1a usa. Haz esto en aproximadamente la mitad de las veces que le hables. Por ejemplo, si tu ni\u00f1a no habla, aseg\u00farate de que durante el d\u00eda uses muchas veces solo una palabra para comunicarte, como \u201cayuda\u201d o \u201cabre.\u201d<br>Si tu ni\u00f1a usa una palabra a la vez, trata de usar oraciones con solo una o dos palabras m\u00e1s. Por ejemplo, si ella dice \u201cjugo,\u201d t\u00fa puedes responder combinando esa palabra con otra, como \u201cjugo de manzana,\u201d \u201cabre jugo,\u201d \u201cjugo de beb\u00e9,\u201d o \u201ctoma jugo.\u201d<br>Una buena forma de animar a tu ni\u00f1a a hablar m\u00e1s cuando usa palabras sueltas es pedirle que a\u00f1ada una palabra. No lo hagas siempre, para que no se frustre. Pero quiz\u00e1s la mitad o un tercio de las veces puedes pedirle que diga un poco m\u00e1s antes de darle la ayuda que necesita. \u00bfPor ejemplo, si te da una caja de jugo sellada sin pajilla y dice \u201cjugo?\u201d puedes pedirle que diga: \u201c\u00bfabre jugo?\u201d o \u201c\u00bfayuda jugo?\u201d o \u201c\u00bfjugo pajilla?\u201d<\/p>\n\n\n\n<h3 class=\"wp-block-heading\"><b><strong>6. ENSE\u00d1AR LAS PALABRAS \u201cCALIENTE\u201d Y \u201cFR\u00cdO\u201d<\/strong><\/b><\/h3>\n\n\n\n<p>Si vas a darle la comida y piensas que est\u00e1 muy caliente para que la meta en la boca, pero est\u00e1 bien para que la toque, d\u00e9jala tocarla y di \u201c<strong>caliente<\/strong>,\u201d luego qu\u00edtala y sopla para enfriar. Para ense\u00f1ar \u201ccaliente\u201d y \u201cfr\u00edo,\u201d puedes dejar que toque la comida caliente (sin que queme) mientras dices \u201ccaliente,\u201d y despu\u00e9s darle un cubo de hielo o un vaso con agua fr\u00eda y decir \u201cfr\u00edo.\u201d Luego puedes usar el m\u00e9todo CLOZE (dejar espacios para que complete) diciendo, por ejemplo, \u201cEste est\u00e1 caliente y este est\u00e1 ____.\u201d Si no intenta decir \u201cfr\u00edo,\u201d an\u00edmala haciendo el sonido \u201cf.\u201d Si sigue sin intentarlo, term\u00ednalo t\u00fa. Si lo intenta, aunque no salga perfecto, felic\u00edtala con mucho entusiasmo. Escuchar estas palabras muchas veces, con un significado claro, ayudar\u00e1 a que las entienda, aunque a\u00fan no las diga.<\/p>\n\n\n\n<h3 class=\"wp-block-heading\"><strong>7<\/strong>. <b>ENSE\u00d1AR LAS PALABRAS \u201cCORTAR,\u201d \u201cGRANDE,\u201d \u201cCOMER\u201d Y \u201cPEQUE\u00d1O\u201d<\/b><\/h3>\n\n\n\n<p>Puedes usar un cuchillo y decir \u201ccortar\u201d cada vez que cortes un pedazo de comida frente a tu ni\u00f1a. Por ejemplo, si le gustan los pl\u00e1tanos, pela uno y ponlo en un plato fuera de su alcance. Pon un plato vac\u00edo frente a ella. Corta una rebanada de pl\u00e1tano a la vez y ponla en su plato. Mientras cortas cada rebanada, di la palabra \u201ccortar.\u201d Puede ayudar hacer un movimiento exagerado como si serrucharas. Cuando se meta la rebanada en la boca, puedes decir \u201ccomer pl\u00e1tano.\u201d Espera a que termine de masticar antes de cortar la siguiente. C\u00f3rtale varias rebanadas, diciendo las palabras cada vez. Si tu ni\u00f1a puede imitar la palabra \u201ccortar\u201d o el sonido \u201cc,\u201d sostiene el cuchillo justo arriba del pl\u00e1tano y m\u00edrala con cara expectante. Si dice \u201ccortar,\u201d \u201cc,\u201d \u201cpl\u00e1tano\u201d o \u201cp,\u201d c\u00f3rtale otra rebanada mientras sonr\u00edes y dices, \u201c\u00a1Corta pl\u00e1tano!\u201d con alegr\u00eda. Si no dice nada cuando haces la pausa, an\u00edmala a decir lo que creas que puede decir y luego felic\u00edtala como si lo hubiera dicho sin ayuda. Si tu ni\u00f1a no est\u00e1 lista para imitar sonidos o palabras, puedes animarla a se\u00f1alar el pl\u00e1tano en su lugar.<\/p>\n\n\n<div class=\"wp-block-image\">\n<figure class=\"alignright\"><a href=\"https:\/\/parenttraining.chip.uconn.edu\/wp-content\/uploads\/2016\/08\/banana.pixabay.jpg\"><img loading=\"lazy\" decoding=\"async\" width=\"276\" height=\"182\" src=\"https:\/\/parenttraining.chip.uconn.edu\/wp-content\/uploads\/2016\/08\/banana.pixabay.jpg\" alt=\"Used with permission from Pixabay \" class=\"wp-image-3261\"\/><\/a><figcaption class=\"wp-element-caption\">Pixabay<\/figcaption><\/figure>\n<\/div>\n\n\n<p>Tambi\u00e9n puedes ense\u00f1ar los conceptos de grande y peque\u00f1o. Corta las piezas de comida en tama\u00f1os diferentes (pero no tan grandes que puedan causar atragantamiento). Sost\u00e9n dos piezas y di: \u201c\u00bfPieza grande o pieza peque\u00f1a?\u201d Espera para ver si ella se\u00f1ala una de las piezas o dice alguna de las palabras. Si lo hace, dale lo que pidi\u00f3 y di: \u201c\u00a1Oh, quieres la pieza grande, aqu\u00ed tienes!\u201d o \u201c\u00a1Oh, quieres la pieza peque\u00f1a!\u201d Si no se\u00f1ala ninguna, pero alcanza una, suavemente gu\u00eda su mano para que se\u00f1ale la pieza que eligi\u00f3. Luego d\u00e1sela como si ella misma la hubiera se\u00f1alado. Mientras haces esto, di \u201cgrande\u201d o \u201cpeque\u00f1a\u201d para describir la pieza que est\u00e1 alcanzando.<\/p>\n\n\n\n<p>Si tu ni\u00f1a puede imitar sonidos o palabras, puedes animarla a decir \u201cgrande\u201d o \u201cpeque\u00f1a\u201d seg\u00fan la pieza que alcance o se\u00f1ale. Lo que diga, intenta que diga un poco m\u00e1s, pero no lo hagas cada vez, solo algunas veces. Quieres ayudarla a mejorar su comunicaci\u00f3n sin frustrarla. Es muy importante reforzar sus intentos de comunicaci\u00f3n de inmediato, sin pedirle m\u00e1s, aunque sepas que puede hacerlo.<\/p>\n\n\n\n<h3 class=\"wp-block-heading\"><strong>8. N\u00daMEROS Y CONTAR CON LA COMIDA<\/strong><\/h3>\n\n\n\n<p>Ofrece unas pocas piezas de comida y cu\u00e9ntalas mientras las pones en su plato. Por ejemplo, si le gustan los waffles, corta uno en dos pedacitos. Puedes poner dos pedazos en una mano o en un plato peque\u00f1o y mostr\u00e1rselos. Di \u201cDos\u201d o \u201cDos pedazos de waffle\u201d y luego ponlos en su plato uno por uno con la otra mano o con un tenedor, contando mientras lo haces: \u201cUno, dos.\u201d Tu ni\u00f1a podr\u00eda familiarizarse con estas palabras num\u00e9ricas y comenzar a decirlas ella misma. Si puede imitar sonidos o palabras, usa el m\u00e9todo CLOZE (dejar espacios para que complete) para que diga el \u00faltimo n\u00famero. Despu\u00e9s de practicar \u201cuno, dos,\u201d puedes cortar tres pedazos y decir \u201cuno, dos, ____.\u201d Espera a que diga \u201ctres\u201d y luego dale los pedazos de waffle.<\/p>\n\n\n\n<h3 class=\"wp-block-heading\"><strong>9. IMITACI\u00d3N VERBAL EN LA COCINA<\/strong><\/h3>\n\n\n\n<p>Si tu ni\u00f1a a\u00fan no habla o no imita sonidos y palabras, puedes usar objetos de la cocina para trabajar la imitaci\u00f3n. Cuando comience a balbucear, an\u00edmala a imitar tus sonidos haciendo el juego con una lata vac\u00eda de caf\u00e9, un tubo de toalla de papel o un envase pl\u00e1stico. Usa cualquier cosa que haga un eco divertido.<\/p>\n\n\n\n<p>Si tienes un micr\u00f3fono de juguete, \u00fasalo. T\u00farnense para hacer sonidos de balbuceo con lo que tengas. Si le gusta, puede mantenerla entretenida unos minutos mientras pones o limpias la mesa. Cuando est\u00e9n comiendo juntos, trata de hacer el primer sonido de la comida que tiene. Por ejemplo, si tiene pedacitos de pollo, di \u201cpo\u2026\u201d y espera que intente hacer ese sonido. Cuando lo haga, di el nombre completo: \u201c\u00a1Pollo!\u201d enfatizando el primer sonido y luego ofr\u00e9cele un pedazo como recompensa natural por intentar decirlo.<\/p>\n\n\n\n<p>\u00a0<\/p>\n<h3><strong>10. LA RUTINA DEL ARROZ ESCONDIDO PARA TRABAJAR EL CONCEPTO DE PERMANENCIA DEL OBJETO Y LA PALABRA \u201c\u00bfD\u00d3NDE?\u201d<\/strong><\/h3>\n\n\n<div class=\"wp-block-image\">\n<figure class=\"alignright\"><a href=\"https:\/\/parenttraining.chip.uconn.edu\/wp-content\/uploads\/2016\/08\/can.pixabay.jpg\"><img loading=\"lazy\" decoding=\"async\" width=\"275\" height=\"183\" src=\"https:\/\/parenttraining.chip.uconn.edu\/wp-content\/uploads\/2016\/08\/can.pixabay.jpg\" alt=\"Used with permission from Pixabay\" class=\"wp-image-3267\"\/><\/a><figcaption class=\"wp-element-caption\">Pixabay<\/figcaption><\/figure>\n<\/div>\n\n\n<p>Un bol o caja con arroz crudo es una forma divertida de trabajar lo que llamamos permanencia del objeto. Esto significa entender que si algo desaparece de la vista, sigue existiendo. Al mismo tiempo, puedes trabajar el concepto de \u201c\u00bfD\u00f3nde?\u201d escondiendo un objeto o juguete en el arroz y luego preguntando, \u201c\u00bfD\u00f3nde se fue?\u201d Cuando tu ni\u00f1a saque el objeto escondido del arroz, celebra con mucho entusiasmo: \u201c<strong>\u201c\u00a1YAY! \u00a1Lo encontraste! Vamos a esconderlo otra vez. \u00bfD\u00f3nde se fue?\u201d Claro que, si tu ni\u00f1a todav\u00eda se mete todo a la boca, ten cuidado de que no coma arroz crudo.<\/strong><\/p>\n\n\n\n<p><a href=\"https:\/\/parenttraining.chip.uconn.edu\/wp-content\/uploads\/2025\/04\/IMG_3673-768x576-1.jpg\"><img loading=\"lazy\" decoding=\"async\" class=\"alignnone size-medium wp-image-7243\" src=\"https:\/\/parenttraining.chip.uconn.edu\/wp-content\/uploads\/2025\/04\/IMG_3673-768x576-1-300x225.jpg\" alt=\"\" width=\"300\" height=\"225\" srcset=\"https:\/\/parenttraining.chip.uconn.edu\/wp-content\/uploads\/2025\/04\/IMG_3673-768x576-1-300x225.jpg 300w, https:\/\/parenttraining.chip.uconn.edu\/wp-content\/uploads\/2025\/04\/IMG_3673-768x576-1.jpg 768w\" sizes=\"auto, (max-width: 300px) 100vw, 300px\" \/><\/a><\/p>\n\n\n\n<h3 class=\"wp-block-heading\"><b><b>11. RUTINAS DE JUEGO SIMB\u00d3LICO EN LA COCINA<\/b><\/b><\/h3>\n\n\n\n<p>Cuando empieces a trabajar el juego simb\u00f3lico, alimentar a un mu\u00f1eco o peluche es una excelente idea, porque es algo que a tu ni\u00f1a le ser\u00e1 muy familiar. Puedes llevar un mu\u00f1eco a la mesa cuando tu ni\u00f1a est\u00e9 terminando de cenar y hacer ruidos de beb\u00e9 llorando, pretendiendo que el beb\u00e9 tiene hambre. Luego, usa una cuchara y un plato de juguete o un biber\u00f3n de juguete y di algo como: \u201c\u00a1Ay no! \u00a1El beb\u00e9 tiene hambre! \u00a1Vamos a darle de comer!\u201d Despu\u00e9s, ayuda a tu ni\u00f1a a alimentar al beb\u00e9.<\/p>\n\n\n\n<p>Quiz\u00e1s a tu ni\u00f1a le guste tambi\u00e9n darle de comer a mam\u00e1. Puedes inclinarte, abrir la boca y decir: \u201c\u00bfMe das de comer?\u201d Si lo hace, dile: \u201c\u00a1Gracias por compartir! \u00a1Mam\u00e1 est\u00e1 muy feliz!\u201d o simplemente \u201c\u00a1Gracias!\u201d<\/p>\n\n\n\n<p>Cuando est\u00e9s trabajando en la cocina, deja que tu ni\u00f1a juegue cerca de ti con su propia olla y cuchara. As\u00ed puede imitar lo que t\u00fa haces y entender que el juego simb\u00f3lico empieza imitando las acciones de los adultos. Tambi\u00e9n puedes trabajar el lenguaje nombrando lo que hace, por ejemplo, \u201cmezcla, mezcla\u201d mientras revuelve su olla, o nombrar y mostrar \u201cr\u00e1pido\u201d y \u201clento\u201d mientras mezclan juntos o golpea la cuchara en la olla r\u00e1pido o despacio. Cada vez que digas \u2018r\u00e1pido\u2019, \u2018lento\u2019 o \u2018mezcla\u2019 y ella haga lo que dices, an\u00edmala y felic\u00edtala con una gran sonrisa. Por ejemplo, \u201c\u00a1<strong>ESO <\/strong>es r\u00e1pido, qu\u00e9 buena bater\u00eda tienes!<\/p>\n\n\n<div class=\"wp-block-image\">\n<figure class=\"alignright\"><a href=\"https:\/\/parenttraining.chip.uconn.edu\/wp-content\/uploads\/2016\/08\/cooking.wikimedia.jpg\"><img loading=\"lazy\" decoding=\"async\" width=\"187\" height=\"300\" src=\"https:\/\/parenttraining.chip.uconn.edu\/wp-content\/uploads\/2016\/08\/cooking.wikimedia-187x300.jpg\" alt=\"\" class=\"wp-image-3263\" srcset=\"https:\/\/parenttraining.chip.uconn.edu\/wp-content\/uploads\/2016\/08\/cooking.wikimedia-187x300.jpg 187w, https:\/\/parenttraining.chip.uconn.edu\/wp-content\/uploads\/2016\/08\/cooking.wikimedia-768x1230.jpg 768w, https:\/\/parenttraining.chip.uconn.edu\/wp-content\/uploads\/2016\/08\/cooking.wikimedia-640x1024.jpg 640w, https:\/\/parenttraining.chip.uconn.edu\/wp-content\/uploads\/2016\/08\/cooking.wikimedia-1170x1873.jpg 1170w\" sizes=\"auto, (max-width: 187px) 100vw, 187px\" \/><\/a><figcaption class=\"wp-element-caption\">Wikimedia<\/figcaption><\/figure>\n<\/div>\n\n\n<p>Si tu ni\u00f1a puede imitar varias acciones seguidas, prepara algunas ollas y sartenes de juguete en la cocina para que ella pueda \u201ccocinar\u201d mientras mam\u00e1 cocina. Si no tienes ollas, sartenes o utensilios de juguete, usa una o dos ollas peque\u00f1as y una cuchara de madera. Ayuda a tu ni\u00f1a a revolver la comida imaginaria en su olla mientras t\u00fa haces lo mismo en la tuya. Finge probar su deliciosa comida y ofr\u00e9cele probar la tuya. Preg\u00fantale qu\u00e9 va a agregar despu\u00e9s a su olla.<\/p>\n\n\n\n<p>Por ejemplo, si est\u00e1s haciendo un guiso, que ella finja agregar zanahorias y papas a su olla mientras t\u00fa haces lo mismo en la tuya. Si le cuesta imaginar estas acciones, prueba usar comida de juguete o peque\u00f1os pedazos de comida real para poner en su olla. Si tienes una cocina de juguete, la cocina real es un buen lugar para guardarla si tienes espacio.<\/p>\n\n\n\n<p>Al principio, puede que necesites darle muchas indicaciones y reforzar mucho su juego de cocina imaginaria. Si finges comer su comida y dices que est\u00e1 deliciosa, eso puede ser el mayor refuerzo de todos. Y si a tu ni\u00f1a le gusta fingir que cocina mientras t\u00fa cocinas, su juego la mantendr\u00e1 ocupada cerca de ti por un rato para que puedas preparar la comida.<\/p>\n\n\n\n<p class=\"has-text-align-center wp-block-heading\"><a href=\"https:\/\/parenttraining.chip.uconn.edu\/index.php\/language\/es\/juegos-para-aprender-mientras-haces-mandados\/\"><strong>Juegos para aprender mientras haces mandados<\/strong><br><\/a><\/p>\n","protected":false},"excerpt":{"rendered":"<div class=\"entry-summary\">\nLa hora de la comida es un momento excelente para trabajar en c\u00f3mo pedir cosas y tomar decisiones. Cuando un&hellip;\n<\/div>\n<div class=\"link-more\"><a href=\"https:\/\/parenttraining.chip.uconn.edu\/index.php\/language\/es\/juegos-para-la-hora-de-la-comida\/\" class=\"more-link\">Continue reading<span class=\"screen-reader-text\"> &ldquo;Juegos para la hora de la comida&rdquo;<\/span>&hellip;<\/a><\/div>\n","protected":false},"author":497,"featured_media":0,"parent":0,"menu_order":0,"comment_status":"closed","ping_status":"closed","template":"","meta":{"footnotes":""},"class_list":["post-9041","page","type-page","status-publish","hentry","entry"],"_links":{"self":[{"href":"https:\/\/parenttraining.chip.uconn.edu\/index.php\/wp-json\/wp\/v2\/pages\/9041","targetHints":{"allow":["GET"]}}],"collection":[{"href":"https:\/\/parenttraining.chip.uconn.edu\/index.php\/wp-json\/wp\/v2\/pages"}],"about":[{"href":"https:\/\/parenttraining.chip.uconn.edu\/index.php\/wp-json\/wp\/v2\/types\/page"}],"author":[{"embeddable":true,"href":"https:\/\/parenttraining.chip.uconn.edu\/index.php\/wp-json\/wp\/v2\/users\/497"}],"replies":[{"embeddable":true,"href":"https:\/\/parenttraining.chip.uconn.edu\/index.php\/wp-json\/wp\/v2\/comments?post=9041"}],"version-history":[{"count":11,"href":"https:\/\/parenttraining.chip.uconn.edu\/index.php\/wp-json\/wp\/v2\/pages\/9041\/revisions"}],"predecessor-version":[{"id":10701,"href":"https:\/\/parenttraining.chip.uconn.edu\/index.php\/wp-json\/wp\/v2\/pages\/9041\/revisions\/10701"}],"wp:attachment":[{"href":"https:\/\/parenttraining.chip.uconn.edu\/index.php\/wp-json\/wp\/v2\/media?parent=9041"}],"curies":[{"name":"wp","href":"https:\/\/api.w.org\/{rel}","templated":true}]}}