{"id":8995,"date":"2026-01-10T17:44:52","date_gmt":"2026-01-10T22:44:52","guid":{"rendered":"https:\/\/parenttraining.chip.uconn.edu\/?page_id=8995"},"modified":"2026-01-10T18:05:45","modified_gmt":"2026-01-10T23:05:45","slug":"elegir-tus-batallas-sabiamente","status":"publish","type":"page","link":"https:\/\/parenttraining.chip.uconn.edu\/index.php\/language\/es\/elegir-tus-batallas-sabiamente\/","title":{"rendered":"Elegir tus batallas sabiamente"},"content":{"rendered":"<p><span style=\"font-weight: 400;\">Un \u00faltimo punto: Es importante recordar que los ni\u00f1os que est\u00e1n sanos, bien descansados y bien alimentados est\u00e1n en su mejor momento. Los ni\u00f1os que no se sienten bien, o que est\u00e1n cansados o con hambre, estar\u00e1n en su peor momento. Aseg\u00farate de que tu hijo duerma bien por la noche y coma una dieta saludable. Ambas cosas son muy importantes.<\/span><\/p>\n<p><span style=\"font-weight: 400;\">Pero hay momentos en los que las cosas no saldr\u00e1n como te gustar\u00eda. Si sabes, por ejemplo, que tu hijo no durmi\u00f3 bien la noche anterior, intenta ponerle menos exigencias ese d\u00eda. Y trata de no ense\u00f1arle cosas nuevas justo antes de una comida, cuando probablemente ya tenga hambre. Y algo muy importante: cuando tu hijo no se sienta bien, aseg\u00farate de hacerle la vida lo m\u00e1s f\u00e1cil y c\u00f3moda posible ese d\u00eda.<\/span><\/p>\n<p><span style=\"font-weight: 400;\">Es sabio que todos los padres elijan sus batallas con cuidado. Para los ni\u00f1os que se frustran f\u00e1cilmente y que tienen dificultades para comunicarse, esto es especialmente importante. Si tu hijo no est\u00e1 progresando en un \u00e1rea del desarrollo o del comportamiento, da un paso atr\u00e1s y vuelve a intentarlo m\u00e1s adelante. Aseg\u00farate de darle muchas oportunidades de tener \u00e9xito y de ser reforzado por ti u otras personas.<\/span><\/p>\n<p><span style=\"font-weight: 400;\">Hemos cubierto mucha informaci\u00f3n sobre c\u00f3mo prevenir y manejar conductas problem\u00e1ticas en este m\u00f3dulo. Ahora te pediremos que respondas algunas preguntas sobre lo que has aprendido. Algunas preguntas tendr\u00e1n opciones, y otras ser\u00e1n de verdadero o falso. Una buena forma de trabajar con estas preguntas es leer primero la pregunta y las opciones, luego pensar en la mejor respuesta. Despu\u00e9s, baja para ver las explicaciones de las respuestas correctas e incorrectas. Habr\u00e1 10 preguntas. Si respondes todas correctamente, probablemente est\u00e9s listo para poner en pr\u00e1ctica algunas de las ideas de este m\u00f3dulo. Pero si algunas preguntas te parecieron dif\u00edciles, o sientes que podr\u00edas aprender m\u00e1s leyendo esta secci\u00f3n una vez m\u00e1s, tal vez quieras repasarla parte por parte. Este es un m\u00f3dulo largo y puede ser mejor leer cada parte por separado. Esto podr\u00eda ser especialmente \u00fatil para las secciones sobre Entrenamiento en Comunicaci\u00f3n Funcional, Entrenamiento en Cooperaci\u00f3n, Horarios Visuales y Juego.<\/span><\/p>\n<p><span style=\"font-weight: 400;\">Para m\u00e1s informaci\u00f3n sobre la prevenci\u00f3n y el manejo de conductas desafiantes, consulta el \u201cKit de Herramientas de Conductas Desafiantes\u201d en el sitio web de <\/span><a href=\"https:\/\/www.autismspeaks.org\/family-services\/tool-kits\/challenging-behaviors-tool-kit\"><span style=\"font-weight: 400;\">Autism Speaks<\/span><\/a><span style=\"font-weight: 400;\">.<\/span><\/p>\n<h3 style=\"text-align: center;\"><a href=\"https:\/\/parenttraining.chip.uconn.edu\/index.php\/language\/es\/cuestionario-sobre-conductas-problematicas\/\"><b>Cuestionario sobre Conductas Problem\u00e1ticas<\/b><\/a><\/h3>\n","protected":false},"excerpt":{"rendered":"<div class=\"entry-summary\">\nUn \u00faltimo punto: Es importante recordar que los ni\u00f1os que est\u00e1n sanos, bien descansados y bien alimentados est\u00e1n en su&hellip;\n<\/div>\n<div class=\"link-more\"><a href=\"https:\/\/parenttraining.chip.uconn.edu\/index.php\/language\/es\/elegir-tus-batallas-sabiamente\/\" class=\"more-link\">Continue reading<span class=\"screen-reader-text\"> &ldquo;Elegir tus batallas sabiamente&rdquo;<\/span>&hellip;<\/a><\/div>\n","protected":false},"author":497,"featured_media":0,"parent":0,"menu_order":0,"comment_status":"closed","ping_status":"closed","template":"","meta":{"footnotes":""},"class_list":["post-8995","page","type-page","status-publish","hentry","entry"],"_links":{"self":[{"href":"https:\/\/parenttraining.chip.uconn.edu\/index.php\/wp-json\/wp\/v2\/pages\/8995","targetHints":{"allow":["GET"]}}],"collection":[{"href":"https:\/\/parenttraining.chip.uconn.edu\/index.php\/wp-json\/wp\/v2\/pages"}],"about":[{"href":"https:\/\/parenttraining.chip.uconn.edu\/index.php\/wp-json\/wp\/v2\/types\/page"}],"author":[{"embeddable":true,"href":"https:\/\/parenttraining.chip.uconn.edu\/index.php\/wp-json\/wp\/v2\/users\/497"}],"replies":[{"embeddable":true,"href":"https:\/\/parenttraining.chip.uconn.edu\/index.php\/wp-json\/wp\/v2\/comments?post=8995"}],"version-history":[{"count":3,"href":"https:\/\/parenttraining.chip.uconn.edu\/index.php\/wp-json\/wp\/v2\/pages\/8995\/revisions"}],"predecessor-version":[{"id":9010,"href":"https:\/\/parenttraining.chip.uconn.edu\/index.php\/wp-json\/wp\/v2\/pages\/8995\/revisions\/9010"}],"wp:attachment":[{"href":"https:\/\/parenttraining.chip.uconn.edu\/index.php\/wp-json\/wp\/v2\/media?parent=8995"}],"curies":[{"name":"wp","href":"https:\/\/api.w.org\/{rel}","templated":true}]}}