{"id":8978,"date":"2026-01-10T17:33:58","date_gmt":"2026-01-10T22:33:58","guid":{"rendered":"https:\/\/parenttraining.chip.uconn.edu\/?page_id=8978"},"modified":"2026-02-16T19:47:39","modified_gmt":"2026-02-17T00:47:39","slug":"fomentar-el-juego","status":"publish","type":"page","link":"https:\/\/parenttraining.chip.uconn.edu\/index.php\/language\/es\/fomentar-el-juego\/","title":{"rendered":"Fomentar el juego"},"content":{"rendered":"\n<p>Cuanto m\u00e1s tiempo pase un ni\u00f1o haciendo cosas con la familia, menos tiempo habr\u00e1 para conductas problem\u00e1ticas. Las actividades familiares incluyen jugar con juguetes, hacer sesiones de aprendizaje, comer juntos y realizar las rutinas diarias.<\/p>\n\n\n\n<p>Por supuesto, habr\u00e1 momentos en que tengas otras cosas que atender. \u00a1Nadie puede prestar atenci\u00f3n a sus hijos todo el tiempo! En esos momentos, es bueno que el ni\u00f1o sepa c\u00f3mo jugar con juguetes como rompecabezas, clasificadores de formas, ensartar cuentas o libros, y pueda entretenerse con este tipo de juguetes que requieren una participaci\u00f3n activa.<\/p>\n\n\n\n<p>Si el ni\u00f1o recibe refuerzo por hacer estas cosas que son buenas para \u00e9l, tendr\u00e1 menos tiempo para conductas problem\u00e1ticas. Estas actividades tambi\u00e9n ayudan a prevenir el aburrimiento. Cuanto m\u00e1s refuercen a los ni\u00f1os por hacer lo que se les pide, menos probable ser\u00e1 que tengan berrinches o que se concentren demasiado en sus propios pensamientos.<\/p>\n\n\n\n<h3 class=\"wp-block-heading\"><strong>Algunos ni\u00f1os necesitar\u00e1n ayuda para aprender a jugar<\/strong><\/h3>\n\n\n\n<p>Algunos ni\u00f1os disfrutan jugar con sus juguetes y descubren c\u00f3mo funcionan sin mucha ayuda. Otros ni\u00f1os necesitar\u00e1n tu ayuda para aprender a jugar, incluso con juguetes simples, como rompecabezas, anillos apilables, clasificadores de formas o juguetes con partes que saltan. Algunos ni\u00f1os necesitar\u00e1n un poco de apoyo para jugar bien con sus juguetes por m\u00e1s de uno o dos minutos.<\/p>\n\n\n\n<p>Antes hablamos de c\u00f3mo ense\u00f1ar a tu hijo a hacer rompecabezas indic\u00e1ndole que coloque una pieza a la vez y reforz\u00e1ndolo cuando lo haga. Tambi\u00e9n mencionamos que puedes empezar con el rompecabezas casi completo, dejando s\u00f3lo una o dos piezas por poner. As\u00ed el ni\u00f1o solo tiene que poner la \u00faltima pieza o dos. Por ejemplo, puedes comenzar ense\u00f1\u00e1ndole a terminar un rompecabezas con todas las piezas menos una ya colocadas, y luego ir aumentando poco a poco la cantidad de piezas que debe poner para completar el rompecabezas. El mismo m\u00e9todo puede usarse para ense\u00f1arle a jugar con cualquier juguete que se arme o desarme.<\/p>\n\n\n\n<p><a href=\"https:\/\/parenttraining.chip.uconn.edu\/index.php\/language\/es\/juguetes-que-pueden-fomentar-el-juego-simbolico\" data-type=\"link\" data-id=\"https:\/\/parenttraining.chip.uconn.edu\/index.php\/language\/es\/juguetes-que-pueden-fomentar-el-juego-simbolico\">El M\u00f3dulo 14<\/a> habla sobre c\u00f3mo ense\u00f1ar a los ni\u00f1os a hacer juego simb\u00f3lico (juego de \u201cfingir\u201d). Pero si tu hijo todav\u00eda no hace ese tipo de juego, no pasa nada. Puedes empezar ayud\u00e1ndolo y reforz\u00e1ndolo a jugar con juguetes m\u00e1s simples, como los que se pueden armar y desarmar, los que tienen piezas que se pueden poner o sacar de un recipiente, o los que se apilan.<\/p>\n\n\n\n<p><\/p>\n\n\n<div class=\"wp-block-image\">\n<figure class=\"aligncenter\"><a href=\"https:\/\/parenttraining.chip.uconn.edu\/wp-content\/uploads\/2016\/05\/picture90.jpg\"><img loading=\"lazy\" decoding=\"async\" width=\"235\" height=\"215\" src=\"https:\/\/parenttraining.chip.uconn.edu\/wp-content\/uploads\/2016\/05\/picture90.jpg\" alt=\"picture90\" class=\"wp-image-1368\"\/><\/a><\/figure>\n<\/div>\n\n\n<p><\/p>\n\n\n<div class=\"wp-block-image\">\n<figure class=\"aligncenter is-resized\"><a href=\"https:\/\/parenttraining.chip.uconn.edu\/wp-content\/uploads\/2015\/07\/picture80.jpg\"><img loading=\"lazy\" decoding=\"async\" width=\"164\" height=\"200\" src=\"https:\/\/parenttraining.chip.uconn.edu\/wp-content\/uploads\/2015\/07\/picture80.jpg\" alt=\"picture80\" class=\"wp-image-1325\" style=\"width:235px;height:auto\"\/><\/a><\/figure>\n<\/div>\n\n\n<p>&nbsp;<\/p>\n\n\n\n<h4 class=\"wp-block-heading\"><strong>Aprender a seguir un horario de juego con juguetes<\/strong><\/h4>\n\n\n\n<p>Es mejor esperar hasta que tu hijo haya aprendido a completar por s\u00ed solo algunos juguetes que hay que armar, como rompecabezas, clasificadores de formas, el Sr. Cara de Papa o los anillos apilables. Luego usa un horario visual corto para mostrarle que quieres que juegue con dos o tres juguetes antes de hacer otra cosa.<\/p>\n\n\n\n<p>Despu\u00e9s de que aprenden a jugar con este tipo de juguetes, muchos ni\u00f1os los encuentran relajantes. Por eso, es una gran idea ayudar a los ni\u00f1os a jugar con estos juguetes calmantes varias veces al d\u00eda. Si hay un rompecabezas u otro juguete de armado que a tu hijo le guste mucho, empieza con ese. Eso ayudar\u00e1 a que el ni\u00f1o siga hasta terminar la tarea. <strong><em>Siempre es bueno usar actividades o juguetes que le gusten al ni\u00f1o.<\/em><\/strong> Despu\u00e9s de todo, queremos que el juego sea una actividad que el ni\u00f1o disfrute.<\/p>\n\n\n\n<p>Aqu\u00ed tienes un horario de juego muy sencillo con juguetes. Cambiando los juguetes y mezclando el orden, tu hijo tendr\u00e1 m\u00e1s oportunidades para aprender a ser flexible en c\u00f3mo juega con sus juguetes. Por ejemplo, este horario muestra que primero debe jugar con su rompecabezas de veh\u00edculos, luego con el clasificador de formas, y finalmente recibir\u00e1 unas galletas de premio.<\/p>\n\n\n\n<p>La pr\u00f3xima vez que ayudes a tu hijo a jugar con estos dos juguetes, cambia el orden. Incluso puedes cambiar la recompensa que recibe al terminar. Entonces puedes decir: \u201cPrimero clasificador de formas, luego rompecabezas, \u00a1y despu\u00e9s cereal!\u201d Al cambiar el orden de los juguetes, tu hijo aprender\u00e1 a seguir el horario y no solo a jugar con ciertos juguetes en un orden fijo.<\/p>\n\n\n<div class=\"wp-block-image\">\n<figure class=\"aligncenter is-resized\"><a href=\"https:\/\/parenttraining.chip.uconn.edu\/wp-content\/uploads\/2015\/12\/175.png\"><img loading=\"lazy\" decoding=\"async\" width=\"300\" height=\"177\" src=\"https:\/\/parenttraining.chip.uconn.edu\/wp-content\/uploads\/2015\/12\/175-300x177.png\" alt=\"175\" class=\"wp-image-1464\" style=\"width:484px;height:auto\" srcset=\"https:\/\/parenttraining.chip.uconn.edu\/wp-content\/uploads\/2015\/12\/175-300x177.png 300w, https:\/\/parenttraining.chip.uconn.edu\/wp-content\/uploads\/2015\/12\/175.png 646w\" sizes=\"auto, (max-width: 300px) 100vw, 300px\" \/><\/a><\/figure>\n<\/div>\n\n\n<p><\/p>\n\n\n<div class=\"wp-block-image\">\n<figure class=\"aligncenter is-resized\"><a href=\"https:\/\/parenttraining.chip.uconn.edu\/wp-content\/uploads\/2015\/12\/176.png\"><img loading=\"lazy\" decoding=\"async\" width=\"300\" height=\"194\" src=\"https:\/\/parenttraining.chip.uconn.edu\/wp-content\/uploads\/2015\/12\/176-300x194.png\" alt=\"176\" class=\"wp-image-1465\" style=\"width:488px;height:auto\" srcset=\"https:\/\/parenttraining.chip.uconn.edu\/wp-content\/uploads\/2015\/12\/176-300x194.png 300w, https:\/\/parenttraining.chip.uconn.edu\/wp-content\/uploads\/2015\/12\/176.png 644w\" sizes=\"auto, (max-width: 300px) 100vw, 300px\" \/><\/a><\/figure>\n<\/div>\n\n\n<p><\/p>\n\n\n\n<p><span style=\"font-weight: 400;\">En este ejemplo usamos la palabra \u201c\u00faltimo.\u201d Por ejemplo, podr\u00edas tener im\u00e1genes para primero, luego y \u00faltimo. Pero si crees que es mejor para tu hijo usar solo primero y luego, est\u00e1 bien tambi\u00e9n. Puedes decir: primero rompecabezas, luego clasificador de formas y despu\u00e9s galletas. O podr\u00edas decir: primero clasificador de formas, luego rompecabezas y despu\u00e9s cereal.<\/span><\/p>\n<p><span style=\"font-weight: 400;\">Una manera de hacer que los horarios visuales de juego con juguetes sean f\u00e1ciles de seguir y de cambiar, es crear un solo tablero para el horario de juego con juguetes. Luego puedes pegar las im\u00e1genes con velcro en el tablero en el orden que prefieras. Incluso puedes colocar un peque\u00f1o sobre o bolsa en la parte inferior del tablero. As\u00ed, cada vez que tu hijo termine de jugar con un juguete, puedes ense\u00f1arle a quitar la imagen correspondiente del tablero y ponerla en la bolsa de \u201cterminado.\u201d<\/span><\/p>\n\n\n\n<p><\/p>\n\n\n<div class=\"wp-block-image\">\n<figure class=\"aligncenter\"><a href=\"https:\/\/parenttraining.chip.uconn.edu\/wp-content\/uploads\/2015\/07\/picture102.jpg\"><img loading=\"lazy\" decoding=\"async\" width=\"225\" height=\"300\" src=\"https:\/\/parenttraining.chip.uconn.edu\/wp-content\/uploads\/2015\/07\/picture102-225x300.jpg\" alt=\"picture102\" class=\"wp-image-1382\" srcset=\"https:\/\/parenttraining.chip.uconn.edu\/wp-content\/uploads\/2015\/07\/picture102-225x300.jpg 225w, https:\/\/parenttraining.chip.uconn.edu\/wp-content\/uploads\/2015\/07\/picture102.jpg 335w\" sizes=\"auto, (max-width: 225px) 100vw, 225px\" \/><\/a><\/figure>\n<\/div>\n\n\n<h3 class=\"wp-block-heading\"><strong>Para fomentar el juego independiente, da las indicaciones en voz baja y desde atr\u00e1s<\/strong><\/h3>\n\n\n\n<p>Cuando ense\u00f1es a tu hijo a seguir un horario visual de juego con juguetes, es mejor darle las indicaciones desde atr\u00e1s. Tambi\u00e9n es mejor hablar lo menos posible. En lugar de hablar, gu\u00eda a tu hijo usando una ayuda f\u00edsica suave cuando sea necesario. Esto es porque es un poco m\u00e1s f\u00e1cil disminuir gradualmente las ayudas f\u00edsicas que las ayudas verbales.<\/p>\n\n\n\n<p>Por ejemplo, si est\u00e1n trabajando en una mesa peque\u00f1a, coloca el tablero del horario visual sobre la mesa. Luego, con una ayuda mano sobre mano, gu\u00eda a tu hijo para que se\u00f1ale la imagen del rompecabezas. En cuanto est\u00e9s seguro de que ha mirado la imagen, gu\u00edalo desde atr\u00e1s para que tome el rompecabezas y lo traiga a la mesa peque\u00f1a. Idealmente, los materiales para aprender de tu hijo deber\u00edan guardarse en un lugar familiar, para que con la pr\u00e1ctica aprenda d\u00f3nde encontrarlos por s\u00ed mismo.<\/p>\n\n\n\n<p>Cuando tenga el rompecabezas, ofr\u00e9cele toda la ayuda f\u00edsica que necesite para armarlo, sin hablar mucho. No deber\u00eda necesitar mucha ayuda, ya que <strong><em>solo pondr\u00e1s juguetes que tu hijo ya ha aprendido a completar solo<\/em><\/strong>. Como probablemente las piezas estar\u00e1n todas en su lugar cuando tome el rompecabezas del estante, si es necesario, ay\u00fadalo a sacar las piezas del tablero y luego a ponerlas nuevamente. De nuevo, solo con una gu\u00eda f\u00edsica suave. Trata de no hablar mucho. Cuando termine, gu\u00edalo para que vuelva a colocar el rompecabezas en su lugar en el estante, listo para la pr\u00f3xima vez que juegue con \u00e9l. Luego vuelve al tablero del horario visual y gu\u00edalo para que quite la imagen del rompecabezas. Despu\u00e9s, se\u00f1ala la siguiente imagen, en este caso el clasificador de formas, y repite el proceso con ese juguete. Cuando termine con el clasificador de formas, ser\u00e1 tiempo para su recompensa especial, en este caso, las galletas.<\/p>\n\n\n<div class=\"wp-block-image\">\n<figure class=\"aligncenter\"><a href=\"https:\/\/parenttraining.chip.uconn.edu\/wp-content\/uploads\/2021\/08\/Picture1.jpg\"><img loading=\"lazy\" decoding=\"async\" width=\"225\" height=\"300\" src=\"https:\/\/parenttraining.chip.uconn.edu\/wp-content\/uploads\/2021\/08\/Picture1-225x300.jpg\" alt=\"\" class=\"wp-image-4898\" srcset=\"https:\/\/parenttraining.chip.uconn.edu\/wp-content\/uploads\/2021\/08\/Picture1-225x300.jpg 225w, https:\/\/parenttraining.chip.uconn.edu\/wp-content\/uploads\/2021\/08\/Picture1.jpg 280w\" sizes=\"auto, (max-width: 225px) 100vw, 225px\" \/><\/a><\/figure>\n<\/div>\n\n\n<p class=\"has-text-align-center\"><span style=\"font-weight: 400;\">&nbsp;&nbsp;<\/span><\/p>\n\n\n\n<p><span style=\"font-weight: 400;\">Aqu\u00ed tienes otro ejemplo de un horario de juego.<\/span><\/p>\n\n\n<div class=\"wp-block-image\">\n<figure class=\"aligncenter is-resized\"><a href=\"https:\/\/parenttraining.chip.uconn.edu\/wp-content\/uploads\/2015\/12\/177.png\"><img loading=\"lazy\" decoding=\"async\" width=\"300\" height=\"95\" src=\"https:\/\/parenttraining.chip.uconn.edu\/wp-content\/uploads\/2015\/12\/177-300x95.png\" alt=\"177\" class=\"wp-image-1466\" style=\"width:516px;height:auto\" srcset=\"https:\/\/parenttraining.chip.uconn.edu\/wp-content\/uploads\/2015\/12\/177-300x95.png 300w, https:\/\/parenttraining.chip.uconn.edu\/wp-content\/uploads\/2015\/12\/177.png 647w\" sizes=\"auto, (max-width: 300px) 100vw, 300px\" \/><\/a><\/figure>\n<\/div>\n\n\n<p><\/p>\n\n\n\n<h3 class=\"wp-block-heading\"><strong>Cada actividad se puede dividir en tres pasos<\/strong><\/h3>\n\n\n\n<p>Una manera de entender un horario visual de actividades es saber que cada tarea tiene tres pasos simples. Son los siguientes:<\/p>\n\n\n\n<p>Paso #1: El ni\u00f1o debe se\u00f1alar la primera imagen en el horario. Luego debe tomar los materiales necesarios para realizar la tarea que muestra la imagen.<\/p>\n\n\n\n<p>Paso #2: El ni\u00f1o debe completar la tarea.<\/p>\n\n\n\n<p>Paso #3: El ni\u00f1o debe guardar los materiales en su lugar correspondiente. Despu\u00e9s debe quitar la imagen de la tarea que acaba de completar y comenzar con la siguiente imagen.<\/p>\n\n\n\n<p>Cuando el ni\u00f1o llegue a la \u00faltima imagen, la de la recompensa, podr\u00e1 quitar esa imagen del tablero y usarla para pedir el refuerzo entreg\u00e1ndotela a ti.<\/p>\n\n\n\n<h3 class=\"wp-block-heading\"><strong>Ens\u00e9\u00f1alo donde tu hijo lo va a usar<\/strong><\/h3>\n\n\n\n<p>Para facilitarle las cosas a tu hijo, ens\u00e9\u00f1ale a usar el horario de juego con juguetes en el mismo lugar donde lo usar\u00e1 una vez que lo haya aprendido bien. Por ejemplo, si la meta es que el ni\u00f1o complete el horario en la cocina mientras mam\u00e1 o pap\u00e1 est\u00e1n preparando la cena, entonces los juguetes que usar\u00e1n en el horario deben estar en la cocina. Puedes guardarlos en una peque\u00f1a librer\u00eda, en un estante o en una caja. Y si el ni\u00f1o usar\u00e1 el horario visual en la cocina, ens\u00e9\u00f1ale desde el principio a usarlo ah\u00ed.<\/p>\n\n\n\n<p>Por supuesto, tambi\u00e9n puedes preparar algunos juguetes para tu hijo en su lugar especial de aprendizaje y ense\u00f1arle a seguir un horario de juego ah\u00ed. Cuando ya lo haga bien y pueda hacerlo solo, puedes ense\u00f1arle a seguir el mismo tipo de horario en otros lugares.<\/p>\n\n\n\n<p>En el siguiente video, la maestra le muestra a un ni\u00f1o peque\u00f1o c\u00f3mo seguir un horario visual simple. \u00c9l ya ha juntado los juguetes que aparecen en el horario y los ha puesto sobre la mesa en su espacio de aprendizaje. Ella habla muy poco, usando principalmente ayudas f\u00edsicas y para se\u00f1alar. Cuando habla, es para animarlo y reforzarlo. \u00c9l aprende muy r\u00e1pido.<\/p>\n\n\n<p><iframe loading=\"lazy\" title=\"Max-17 1920x1080\" src=\"https:\/\/player.vimeo.com\/video\/199161237?dnt=1&amp;app_id=122963\" width=\"1200\" height=\"675\" frameborder=\"0\" allow=\"autoplay; fullscreen; picture-in-picture; clipboard-write; encrypted-media; web-share\" referrerpolicy=\"strict-origin-when-cross-origin\"><\/iframe><\/p>\n\n\n\n<h3 class=\"wp-block-heading\"><strong>Un enfoque alternativo<\/strong><\/h3>\n\n\n\n<p>Para ni\u00f1os que tienen dificultad para seguir un horario visual con im\u00e1genes, existe otra opci\u00f3n. Coloca los juguetes que tu hijo ya sabe c\u00f3mo usar en los cajones de una peque\u00f1a unidad de almacenamiento port\u00e1til.<\/p>\n\n\n<div class=\"wp-block-image\">\n<figure class=\"aligncenter\"><a href=\"https:\/\/parenttraining.chip.uconn.edu\/wp-content\/uploads\/2015\/12\/179.jpg\"><img loading=\"lazy\" decoding=\"async\" width=\"260\" height=\"260\" src=\"https:\/\/parenttraining.chip.uconn.edu\/wp-content\/uploads\/2015\/12\/179.jpg\" alt=\"179\" class=\"wp-image-1467\" srcset=\"https:\/\/parenttraining.chip.uconn.edu\/wp-content\/uploads\/2015\/12\/179.jpg 260w, https:\/\/parenttraining.chip.uconn.edu\/wp-content\/uploads\/2015\/12\/179-150x150.jpg 150w\" sizes=\"auto, (max-width: 260px) 100vw, 260px\" \/><\/a><\/figure>\n<\/div>\n\n\n<p><\/p>\n\n\n\n<p>Luego puedes ense\u00f1arle a trabajar de arriba hacia abajo, completando los juguetes un caj\u00f3n a la vez. En el siguiente video, observa c\u00f3mo la maestra hace la indicaci\u00f3n desde atr\u00e1s. Ella observa muy de cerca a la ni\u00f1a para poder interrumpir cualquier comportamiento repetitivo. Esto ayuda a que la ni\u00f1a se mantenga concentrada y avance de arriba hacia abajo, completando la tarea. Cuando la ni\u00f1a llega al \u00faltimo caj\u00f3n, hay una imagen que dice \u201cTodo listo\u201d que puede usar para pedir el refuerzo.<\/p>\n\n\n<p><iframe loading=\"lazy\" title=\"Aditi-7 864x486\" src=\"https:\/\/player.vimeo.com\/video\/199048991?dnt=1&amp;app_id=122963\" width=\"864\" height=\"486\" frameborder=\"0\" allow=\"autoplay; fullscreen; picture-in-picture; clipboard-write; encrypted-media; web-share\" referrerpolicy=\"strict-origin-when-cross-origin\"><\/iframe><\/p>\n\n\n\n<p><span style=\"font-weight: 400;\">Ense\u00f1arles a los ni\u00f1os a pasar su tiempo haciendo actividades que son buenas para su desarrollo, y darles mucho refuerzo por hacerlas, ayuda mucho a prevenir conductas problem\u00e1ticas. Tambi\u00e9n es una excelente manera de prevenir comportamientos como quitarles juguetes a otros o tener berrinches cuando otro ni\u00f1o juega con un juguete favorito, ense\u00f1arles a los ni\u00f1os a turnarse y a compartir juguetes y golosinas.<\/span><\/p>\n\n\n\n<p class=\"has-text-align-center wp-block-heading\"><a href=\"https:\/\/parenttraining.chip.uconn.edu\/index.php\/language\/es\/mas-entrenamiento-para-la-cooperacion\/\"><strong>M\u00e1s entrenamiento para la cooperaci\u00f3n<\/strong><\/a><\/p>\n","protected":false},"excerpt":{"rendered":"<div class=\"entry-summary\">\nCuanto m\u00e1s tiempo pase un ni\u00f1o haciendo cosas con la familia, menos tiempo habr\u00e1 para conductas problem\u00e1ticas. Las actividades familiares&hellip;\n<\/div>\n<div class=\"link-more\"><a href=\"https:\/\/parenttraining.chip.uconn.edu\/index.php\/language\/es\/fomentar-el-juego\/\" class=\"more-link\">Continue reading<span class=\"screen-reader-text\"> &ldquo;Fomentar el juego&rdquo;<\/span>&hellip;<\/a><\/div>\n","protected":false},"author":497,"featured_media":0,"parent":0,"menu_order":0,"comment_status":"closed","ping_status":"closed","template":"","meta":{"footnotes":""},"class_list":["post-8978","page","type-page","status-publish","hentry","entry"],"_links":{"self":[{"href":"https:\/\/parenttraining.chip.uconn.edu\/index.php\/wp-json\/wp\/v2\/pages\/8978","targetHints":{"allow":["GET"]}}],"collection":[{"href":"https:\/\/parenttraining.chip.uconn.edu\/index.php\/wp-json\/wp\/v2\/pages"}],"about":[{"href":"https:\/\/parenttraining.chip.uconn.edu\/index.php\/wp-json\/wp\/v2\/types\/page"}],"author":[{"embeddable":true,"href":"https:\/\/parenttraining.chip.uconn.edu\/index.php\/wp-json\/wp\/v2\/users\/497"}],"replies":[{"embeddable":true,"href":"https:\/\/parenttraining.chip.uconn.edu\/index.php\/wp-json\/wp\/v2\/comments?post=8978"}],"version-history":[{"count":11,"href":"https:\/\/parenttraining.chip.uconn.edu\/index.php\/wp-json\/wp\/v2\/pages\/8978\/revisions"}],"predecessor-version":[{"id":10739,"href":"https:\/\/parenttraining.chip.uconn.edu\/index.php\/wp-json\/wp\/v2\/pages\/8978\/revisions\/10739"}],"wp:attachment":[{"href":"https:\/\/parenttraining.chip.uconn.edu\/index.php\/wp-json\/wp\/v2\/media?parent=8978"}],"curies":[{"name":"wp","href":"https:\/\/api.w.org\/{rel}","templated":true}]}}