{"id":8940,"date":"2026-01-10T16:39:39","date_gmt":"2026-01-10T21:39:39","guid":{"rendered":"https:\/\/parenttraining.chip.uconn.edu\/?page_id=8940"},"modified":"2026-04-30T18:10:38","modified_gmt":"2026-04-30T22:10:38","slug":"reconociendo-la-conducta-problematica","status":"publish","type":"page","link":"https:\/\/parenttraining.chip.uconn.edu\/index.php\/language\/es\/reconociendo-la-conducta-problematica\/","title":{"rendered":"Reconociendo la conducta problem\u00e1tica"},"content":{"rendered":"<p><span style=\"font-weight: 400;\">Primero, hablemos un poco m\u00e1s sobre la conducta problem\u00e1tica. Esta puede presentarse de muchas formas. La mayor\u00eda de las veces, cuando hablamos de conducta problem\u00e1tica, pensamos primero en la no cooperaci\u00f3n, que es negarse a seguir instrucciones o reglas. Esto puede ocurrir cuando se le pide a un ni\u00f1o que haga algo que no quiere hacer. Tambi\u00e9n puede suceder cuando quiere algo que no puede tener.<\/span><\/p>\n<p><b>NOTA IMPORTANTE SOBRE LA NO COOPERACI\u00d3N:<\/b> <b><i>Todos los ni\u00f1os<\/i><\/b><span style=\"font-weight: 400;\"> muestran comportamientos de no cooperaci\u00f3n en alg\u00fan momento. No desear\u00edamos que un ni\u00f1o haga absolutamente todo lo que se le pide sin quejarse o negociar. De hecho, QUEREMOS que todos los ni\u00f1os aprendan a defenderse, a quejarse y a negociar. Sin embargo, algunos ni\u00f1os son mucho <\/span><b><i>menos <\/i><\/b><span style=\"font-weight: 400;\">propensos a hacer lo que un padre les pide. Esto puede volverse especialmente dif\u00edcil cuando los ni\u00f1os tienen habilidades limitadas de comunicaci\u00f3n y no saben c\u00f3mo decir \u201cno\u201d o c\u00f3mo pedir un poco m\u00e1s de tiempo para hacer lo que quieren, etc. Cuando hablamos de \u201cno cooperaci\u00f3n\u201d como una forma de conducta problem\u00e1tica, o algo que puede llevar a conductas m\u00e1s graves, nos referimos a situaciones en las que los ni\u00f1os generalmente entienden lo que se les pide, pero normalmente<\/span><b><i> no<\/i><\/b><span style=\"font-weight: 400;\"> hacen lo que se les solicita. Esta negativa suele ir acompa\u00f1ada de quejas excesivas, llanto y\/o conductas m\u00e1s peligrosas o destructivas. NO nos referimos a la no cooperaci\u00f3n t\u00edpica de cualquier ni\u00f1o muy peque\u00f1o.<\/span><\/p>\n<p><span style=\"font-weight: 400;\">Cuando los padres no le dan al ni\u00f1o lo que quiere, o cuando intentan que el ni\u00f1o haga lo que se le pide, esto puede llevar a las rabietas. Las rabietas pueden incluir llanto fuerte, gritos, rodar o patear en el piso, agarrar cosas o intentar correr lejos. Los ni\u00f1os pueden arrojar objetos que alcancen, y pueden romperlos, ya sea intencionalmente o por accidente.<\/span><\/p>\n<p><span style=\"font-weight: 400;\">A veces, pueden ocurrir conductas problem\u00e1ticas a\u00fan peores, como lastimar a otros. Pueden golpear, patear, rasgu\u00f1ar o morder a otra persona.<\/span><\/p>\n<p><span style=\"font-weight: 400;\">Otra conducta problem\u00e1tica es cuando el ni\u00f1o intenta lastimarse a s\u00ed mismo. Puede morderse, golpearse, rasgu\u00f1arse o pellizcarse. Puede golpearse la cabeza contra una superficie dura. El auto da\u00f1o es cualquier conducta que pueda causar da\u00f1o al propio cuerpo. A esto a veces se le llama conducta autolesiva (o auto injuriar\u00eda).<\/span><\/p>\n<h3><b>Conducta Problem\u00e1tica<\/b><\/h3>\n<ul>\n<li aria-level=\"1\"><b>No cooperaci\u00f3n<\/b><\/li>\n<\/ul>\n<ul>\n<li aria-level=\"1\"><b>Rabietas<\/b><\/li>\n<\/ul>\n<ul>\n<li aria-level=\"1\"><b>Llanto fuerte, gritos y gritos<\/b><\/li>\n<\/ul>\n<ul>\n<li aria-level=\"1\"><b>Rodar y patear en el piso<\/b><\/li>\n<\/ul>\n<ul>\n<li aria-level=\"1\"><b>Agarrar objetos<\/b><\/li>\n<\/ul>\n<ul>\n<li aria-level=\"1\"><b>Intentar huir<\/b><\/li>\n<\/ul>\n<ul>\n<li aria-level=\"1\"><b>Lanzar, agarrar o romper cosas<\/b><\/li>\n<\/ul>\n<ul>\n<li aria-level=\"1\"><b>Lastimar a otros<\/b><\/li>\n<\/ul>\n<ul>\n<li aria-level=\"1\"><b>Lastimarse a s\u00ed mismo<\/b><\/li>\n<\/ul>\n<h3><b>Conducta Estereotipada<\/b><\/h3>\n<p><span style=\"font-weight: 400;\">Las conductas estereotipadas son comportamientos inusuales que el ni\u00f1o realiza una y otra vez. A menudo hacen estas cosas exactamente de la misma manera cada vez. Pueden ser movimientos o sonidos que al ni\u00f1o parece gustarle hacer o que lo calman. Como recordar\u00e1s, hablamos sobre estos movimientos repetitivos en el m\u00f3dulo de Desarrollo Esperado. All\u00ed mencionamos que una cierta cantidad de conducta repetitiva es normal en la primera infancia. Sin embargo, esta conducta es motivo de preocupaci\u00f3n si ocupa mucho tiempo del ni\u00f1o o si se convierte en un problema cuando el ni\u00f1o se enoja o tiene una rabieta al intentar que deje de repetir y pase a hacer otras cosas, como jugar contigo, cenar o vestirse.<\/span><\/p>\n<p><span style=\"font-weight: 400;\">La conducta estereotipada puede presentarse de muchas formas. Aqu\u00ed algunos ejemplos:<\/span><\/p>\n<ul>\n<li style=\"font-weight: 400;\" aria-level=\"1\"><b>Comportamiento de observaci\u00f3n<\/b><span style=\"font-weight: 400;\"> \u2013<\/span>\n<ul>\n<li style=\"font-weight: 400;\" aria-level=\"2\"><span style=\"font-weight: 400;\">Mirar girar las ruedas de un carrito de juguete<\/span><\/li>\n<li style=\"font-weight: 400;\" aria-level=\"2\"><span style=\"font-weight: 400;\">Observar un veh\u00edculo de juguete moverse de un lado a otro<\/span><\/li>\n<li style=\"font-weight: 400;\" aria-level=\"2\"><span style=\"font-weight: 400;\">Mover un juguete o un pedazo de cuerda frente a los ojos o a un lado de ellos<\/span><\/li>\n<li style=\"font-weight: 400;\" aria-level=\"2\"><span style=\"font-weight: 400;\">Acostarse en el piso para mirar objetos alineados<\/span><\/li>\n<li style=\"font-weight: 400;\" aria-level=\"2\"><span style=\"font-weight: 400;\">Acercarse mucho al televisor para ver las palabras que suben en la pantalla al final de un programa<\/span><\/li>\n<\/ul>\n<\/li>\n<\/ul>\n<p><span style=\"font-weight: 400;\">Puedes ver un par de ejemplos de este tipo de conducta en los siguientes dos videos.<\/span><\/p>\n<p><iframe loading=\"lazy\" title=\"James-1A 864x486\" src=\"https:\/\/player.vimeo.com\/video\/199161814?dnt=1&amp;app_id=122963\" width=\"864\" height=\"486\" frameborder=\"0\" allow=\"autoplay; fullscreen; picture-in-picture; clipboard-write; encrypted-media; web-share\" referrerpolicy=\"strict-origin-when-cross-origin\"><\/iframe><\/p>\n<p><iframe loading=\"lazy\" title=\"Phoebe-15 864x486\" src=\"https:\/\/player.vimeo.com\/video\/201763638?dnt=1&amp;app_id=122963\" width=\"864\" height=\"486\" frameborder=\"0\" allow=\"autoplay; fullscreen; picture-in-picture; clipboard-write; encrypted-media; web-share\" referrerpolicy=\"strict-origin-when-cross-origin\"><\/iframe><\/p>\n<ul>\n<li>\n<h3><b>Movimiento<\/b><\/h3>\n<ul>\n<li style=\"font-weight: 400;\" aria-level=\"1\"><span style=\"font-weight: 400;\">Mecerse hacia adelante y hacia atr\u00e1s<\/span><\/li>\n<li style=\"font-weight: 400;\" aria-level=\"1\"><span style=\"font-weight: 400;\">Saltar arriba y abajo<\/span><\/li>\n<li style=\"font-weight: 400;\" aria-level=\"1\"><span style=\"font-weight: 400;\">Aletear con las manos<\/span><\/li>\n<li style=\"font-weight: 400;\" aria-level=\"1\"><span style=\"font-weight: 400;\">Escarbar hilos o peque\u00f1os pedazos de polvo<\/span><\/li>\n<li style=\"font-weight: 400;\" aria-level=\"1\"><span style=\"font-weight: 400;\">Tensionar y relajar los m\u00fasculos de la cara, ojos, manos o todo el cuerpo<\/span><\/li>\n<\/ul>\n<p><span style=\"font-weight: 400;\">Puedes ver un par de ejemplos de este tipo de comportamiento en los pr\u00f3ximos dos videos.<\/span><\/li>\n<\/ul>\n<p><iframe loading=\"lazy\" title=\"Phoebe-16 864x486\" src=\"https:\/\/player.vimeo.com\/video\/201763668?dnt=1&amp;app_id=122963\" width=\"864\" height=\"486\" frameborder=\"0\" allow=\"autoplay; fullscreen; picture-in-picture; clipboard-write; encrypted-media; web-share\" referrerpolicy=\"strict-origin-when-cross-origin\"><\/iframe><\/p>\n<p><iframe loading=\"lazy\" title=\"Aditi-12 864x486\" src=\"https:\/\/player.vimeo.com\/video\/199049060?dnt=1&amp;app_id=122963\" width=\"864\" height=\"486\" frameborder=\"0\" allow=\"autoplay; fullscreen; picture-in-picture; clipboard-write; encrypted-media; web-share\" referrerpolicy=\"strict-origin-when-cross-origin\"><\/iframe><\/p>\n<h3><b>Tacto<\/b><\/h3>\n<ul>\n<li style=\"font-weight: 400;\" aria-level=\"1\"><span style=\"font-weight: 400;\">Frotar un pedazo de tela contra la piel<\/span><\/li>\n<li style=\"font-weight: 400;\" aria-level=\"1\"><span style=\"font-weight: 400;\">Enrollar un mech\u00f3n de cabello alrededor del dedo<\/span><\/li>\n<li style=\"font-weight: 400;\" aria-level=\"1\"><span style=\"font-weight: 400;\">Empujar con fuerza con el brazo o la mano contra la barbilla<\/span><\/li>\n<\/ul>\n<h3><b>Olfato y Gusto<\/b><\/h3>\n<ul>\n<li style=\"font-weight: 400;\" aria-level=\"1\"><span style=\"font-weight: 400;\">Olfatear o lamer alimentos, objetos o partes del cuerpo<\/span><\/li>\n<\/ul>\n<h3><b>Vocal\/Verbal<\/b><\/h3>\n<ul>\n<li style=\"font-weight: 400;\" aria-level=\"1\"><span style=\"font-weight: 400;\">Emitir sonidos agudos como chirridos o trinos<\/span><\/li>\n<li style=\"font-weight: 400;\" aria-level=\"1\"><span style=\"font-weight: 400;\">Hacer gru\u00f1idos o quejidos<\/span><\/li>\n<li style=\"font-weight: 400;\" aria-level=\"1\"><span style=\"font-weight: 400;\">Repetir un sonido en particular (por ejemplo, &#8220;co\u2026co\u2026co\u2026&#8221;)<\/span><\/li>\n<li style=\"font-weight: 400;\" aria-level=\"1\"><span style=\"font-weight: 400;\">Repetir una palabra, frase, canci\u00f3n o l\u00edneas de una pel\u00edcula o programa de televisi\u00f3n una y otra vez<\/span><\/li>\n<\/ul>\n<p><span style=\"font-weight: 400;\">Muchos ni\u00f1os peque\u00f1os realizan algunos de estos comportamientos, como enroscarse el cabello o mecerse cuando est\u00e1n aburridos, cansados o molestos. El comportamiento es preocupante cuando ocurre varias veces al d\u00eda o m\u00e1s, es dif\u00edcil de interrumpir, o sucede con frecuencia incluso cuando el ni\u00f1o no parece estar aburrido, cansado o molesto.<\/span><\/p>\n<h3><b>\u00bfQu\u00e9 Tipo de Refuerzo Mantiene la Conducta Estereotipada?<\/b><\/h3>\n<p><span style=\"font-weight: 400;\">Como cualquier conducta repetitiva, podemos preguntarnos qu\u00e9 recompensa o refuerzo la mantiene. La conducta estereotipada a menudo parece causar una sensaci\u00f3n agradable en el ni\u00f1o. Si es as\u00ed, el reforzador puede ser esa buena sensaci\u00f3n que produce. A esto lo llamamos &#8220;reforzamiento autom\u00e1tico&#8221; porque el comportamiento en s\u00ed mismo genera la sensaci\u00f3n agradable de forma inmediata y autom\u00e1tica, sin que nadie m\u00e1s tenga que dar un refuerzo adicional.<\/span><\/p>\n<h3><b>Intenta Involucrar a Tu Ni\u00f1o en Actividades Apropiadas Que Ofrezcan Sensaciones Similares<\/b><\/h3>\n<p><span style=\"font-weight: 400;\">Si crees que esto est\u00e1 ocurriendo con tu hijo, intenta pensar en alg\u00fan juego m\u00e1s apropiado que pueda producir una sensaci\u00f3n agradable similar. Luego intenta mantener ese juego activo. Por ejemplo, piensa en ni\u00f1os que disfrutan girar o mover objetos frente a sus ojos. Puede que les guste perseguir burbujas para explotarlas o jugar con un molinillo de viento. Tal vez disfruten un juego simple con un spinner. Ni\u00f1os que repiten sonidos o palabras una y otra vez pueden disfrutar de juguetes o libros que emiten sonidos, palabras o m\u00fasica. Trata de interrumpir suavemente la conducta estereotipada ofreciendo al ni\u00f1o otras actividades m\u00e1s apropiadas. De esta forma, los padres pueden ayudar al ni\u00f1o a pasar menos tiempo en conductas estereotipadas y m\u00e1s tiempo jugando con otra persona.<\/span><\/p>\n<h3><b>La Conducta Estereotipada Puede Interferir con el Aprendizaje<\/b><\/h3>\n<p><span style=\"font-weight: 400;\">Una raz\u00f3n por la que la conducta estereotipada puede ser problem\u00e1tica es que limita el tiempo que el ni\u00f1o dedica a aprender cosas nuevas. Algunos ni\u00f1os disfrutan tanto hacer estos comportamientos que dedican mucho tiempo a ellos, y mientras lo hacen no prestan mucha atenci\u00f3n a las personas ni a las cosas que los rodean.<\/span><\/p>\n<p><span style=\"font-weight: 400;\">Algunos ni\u00f1os usan estas conductas para evitar tareas de aprendizaje, especialmente aquellas que requieren m\u00e1s esfuerzo. En estos casos, evitar el trabajo duro puede ser la recompensa que mantiene la conducta estereotipada. En este m\u00f3dulo, hablaremos de c\u00f3mo ense\u00f1ar habilidades que llevan al mismo resultado que la conducta estereotipada, pero que son m\u00e1s apropiadas. Esto incluye ense\u00f1ar al ni\u00f1o a decir \u201cno,\u201d a pedir ayuda, a decir \u201cya termin\u00e9\u201d y a pedir un descanso. Estas formas adecuadas de pedir un descanso pueden reemplazar la conducta estereotipada cuando esta se usa para evitar el esfuerzo de aprender algo nuevo.<\/span><\/p>\n<h3>Las conductas problem\u00e1ticas persisten cuando se refuerzan<\/h3>\n<p>La mayor\u00eda de las conductas problem\u00e1ticas se producen porque han sido recompensadas, ya sea porque simplemente resultan gratificantes o por la forma en que los adultos reaccionan ante ellas. Por supuesto, los adultos no recompensan esta conducta a prop\u00f3sito. Pero hay algo que el ni\u00f1o obtiene al mostrarla que la refuerza, como recibir atenci\u00f3n adicional o librarse de hacer cosas que no quiere hacer.<\/p>\n<p>Los cuidadores desempe\u00f1an un papel importante a la hora de darse cuenta de lo que ocurre <strong>antes<\/strong> y <strong>despu\u00e9s de un<\/strong> comportamiento problem\u00e1tico. Cuando intentamos comprender qu\u00e9 tipo de situaciones pueden dar lugar a un comportamiento problem\u00e1tico, debemos prestar mucha atenci\u00f3n a lo que ocurre <strong><em>justo antes<\/em><\/strong> de que se produzca. A esto lo llamamos <strong><em>antecedente<\/em><\/strong> y podemos considerarlo como un desencadenante del comportamiento o como las condiciones en las que es m\u00e1s probable que se produzca. Tambi\u00e9n queremos saber qu\u00e9 es lo que podr\u00eda estar manteniendo o reforzando el comportamiento. Para esto, debemos prestar mucha atenci\u00f3n a lo que ocurre <strong><em>justo despu\u00e9s<\/em><\/strong> de que se produzca el comportamiento problem\u00e1tico. A esto lo llamamos <strong><em>consecuencia<\/em><\/strong> y lo analizamos en t\u00e9rminos de c\u00f3mo responden los dem\u00e1s al comportamiento problem\u00e1tico o qu\u00e9 ocurre en el ambiente que pueda reforzar ese comportamiento.<\/p>\n<p>El mismo comportamiento puede darse por razones muy diferentes (tambi\u00e9n llamadas \u00abfunciones\u00bb). Una observaci\u00f3n cuidadosa ayuda a los cuidadores a identificar la(s) <em>raz\u00f3n(es)\/funci\u00f3n(es) correcta(s)<\/em> del comportamiento. Lo hacemos analizando lo que a veces llamamos el \u00abABC del comportamiento\u00bb, donde \u00abA\u00bb es el antecedente, \u00abB\u00bb es el \u00abcomportamiento\u00bb del ni\u00f1o y \u00abC\u00bb es la consecuencia.<\/p>\n<p>Veamos un ejemplo: Amy, una ni\u00f1a de 3 a\u00f1os con habilidades de comunicaci\u00f3n limitadas, ha empezado a pegar a su hermano. Sus padres est\u00e1n prestando mucha atenci\u00f3n a lo que ocurre justo antes y justo despu\u00e9s de que Amy le pegue a su hermano. Esto es lo que han descubierto.<\/p>\n<table style=\"border-collapse: collapse; width: 100%;\">\n<thead>\n<tr>\n<td style=\"width: 33.3333%;\" width=\"207\">\n<p style=\"text-align: center;\"><strong>A<\/strong><strong>ntecedente<\/strong><\/p>\n<\/td>\n<td style=\"width: 33.3333%;\" width=\"207\">\n<p style=\"text-align: center;\"><strong>(<\/strong><strong>B<\/strong><strong>) Comportamiento problem\u00e1tico <\/strong><\/p>\n<\/td>\n<td style=\"width: 33.3333%; text-align: center;\"><strong>C<\/strong><strong>onsequence<\/strong><\/td>\n<\/tr>\n<\/thead>\n<tbody>\n<tr>\n<td style=\"width: 33.3333%; text-align: center; vertical-align: top;\" width=\"207\">Su hermano le quita el juguete<\/td>\n<td style=\"width: 33.3333%; text-align: center; vertical-align: top;\" width=\"207\">Amy golpea a su hermano<\/td>\n<td style=\"width: 33.3333%; text-align: center; vertical-align: top;\" width=\"207\">Su hermano suelta el juguete y se marcha<\/td>\n<\/tr>\n<tr>\n<td style=\"width: 33.3333%; text-align: center; vertical-align: top;\" width=\"207\">La madre est\u00e1 prestando atenci\u00f3n al hermano<\/td>\n<td style=\"width: 33.3333%; text-align: center; vertical-align: top;\" width=\"207\">Amy golpea a su hermano<\/td>\n<td style=\"width: 33.3333%; text-align: center; vertical-align: top;\" width=\"207\">La madre le presta atenci\u00f3n a Amy (diciendo \u00abAmy, deja de hacer eso, \u00a1eso no est\u00e1 bien!\u00bb)<\/td>\n<\/tr>\n<tr>\n<td style=\"width: 33.3333%; text-align: center; vertical-align: top;\" width=\"207\">La madre le presta atenci\u00f3n a Amy (diciendo \u00abAmy, deja de hacer eso, \u00a1eso no est\u00e1 bien!\u00bb)<\/td>\n<td style=\"width: 33.3333%; text-align: center; vertical-align: top;\" width=\"207\">Amy golpea a su hermano<\/td>\n<td style=\"width: 33.3333%; text-align: center; vertical-align: top;\" width=\"207\">La madre retrasa la transici\u00f3n para ayudar a Amy a \u00abhacer las paces\u00bb con su hermano<\/td>\n<\/tr>\n<\/tbody>\n<\/table>\n<p>Aunque el comportamiento parezca el mismo (golpear), la <em>raz\u00f3n<\/em> es diferente en cada situaci\u00f3n, por lo que las estrategias para abordar este comportamiento tambi\u00e9n deben ser diferentes en cada caso. En cada situaci\u00f3n, es importante que la madre ajuste el entorno y su propia respuesta para que golpear ya no le sirva a Amy para conseguir lo que quiere, poniendo as\u00ed fin o eliminando el refuerzo que la madre cree que est\u00e1 manteniendo el comportamiento problem\u00e1tico. Sin embargo, esto por s\u00ed solo no es suficiente. Los padres de Amy pueden prevenir mejor el comportamiento de golpear en el futuro ense\u00f1\u00e1ndole a Amy formas alternativas de comunicar sus deseos y necesidades utilizando sus habilidades ling\u00fc\u00edsticas actuales. Para ense\u00f1arle estos comportamientos alternativos o de sustituci\u00f3n, tendr\u00e1n que ayudar a Amy a practicar estos nuevos comportamientos muchas veces al d\u00eda durante sus rutinas diarias.<\/p>\n<p>Por ejemplo:<\/p>\n<table style=\"border-collapse: collapse; width: 100%;\">\n<thead>\n<tr>\n<td style=\"width: 33.3333%; text-align: center; vertical-align: top;\" width=\"207\"><strong>A<\/strong><strong>ntecedente<\/strong><\/td>\n<td style=\"width: 33.3333%; text-align: center; vertical-align: top;\" width=\"207\"><strong>(B) <\/strong><strong>Nuevo comportamiento (comportamiento alternativo adecuado que ense\u00f1ar a Amy)<\/strong><\/td>\n<td style=\"width: 33.3333%; text-align: center; vertical-align: top;\" width=\"207\"><strong>C<\/strong><strong>onsecuencia<\/strong><\/td>\n<\/tr>\n<\/thead>\n<tbody>\n<tr>\n<td style=\"width: 33.3333%; text-align: center; vertical-align: top;\" width=\"207\">El hermano le quita el juguete<\/td>\n<td style=\"width: 33.3333%; text-align: center; vertical-align: top;\" width=\"207\">Amy dice o gesticula \u00abmi turno\u00bb, o acude a mam\u00e1 en busca de ayuda<\/td>\n<td style=\"width: 33.3333%; text-align: center; vertical-align: top;\" width=\"207\">El hermano le devuelve el juguete a Amy.<\/td>\n<\/tr>\n<tr>\n<td style=\"width: 33.3333%; text-align: center; vertical-align: top;\" width=\"207\">Mam\u00e1 est\u00e1 prestando atenci\u00f3n al hermano<\/td>\n<td style=\"width: 33.3333%; text-align: center; vertical-align: top;\" width=\"207\">Amy se acerca a mam\u00e1 y le da un golpecito en el hombro para llamar su atenci\u00f3n<\/td>\n<td style=\"width: 33.3333%; text-align: center; vertical-align: top;\" width=\"207\">Mam\u00e1 le presta atenci\u00f3n a Amy.<\/td>\n<\/tr>\n<tr>\n<td style=\"width: 33.3333%; text-align: center; vertical-align: top;\" width=\"207\">Mam\u00e1 le pide a Amy que deje de jugar y haga los deberes\/se cepille los dientes<\/td>\n<td style=\"width: 33.3333%; text-align: center; vertical-align: top;\" width=\"207\">Amy pide m\u00e1s tiempo para jugar<\/td>\n<td style=\"width: 33.3333%; text-align: center; vertical-align: top;\" width=\"207\">Mam\u00e1 retrasa la transici\u00f3n y le da a Amy un poco m\u00e1s de tiempo para jugar.<\/td>\n<\/tr>\n<\/tbody>\n<\/table>\n<p>Al mostrarle a Amy c\u00f3mo pedir lo que quiere, mam\u00e1 le ense\u00f1a que la comunicaci\u00f3n adecuada, y no pegar, es la forma de satisfacer sus necesidades.<\/p>\n<p>Bas\u00e1ndonos en el ejemplo anterior, el objetivo es ayudar a los ni\u00f1os a conseguir lo que quieren de manera adecuada en lugar de a trav\u00e9s de comportamientos problem\u00e1ticos. Esto se denomina Entrenamiento en Comunicaci\u00f3n Funcional. El mejor momento para detener un comportamiento problem\u00e1tico es <strong>antes de que comience<\/strong>, ense\u00f1ando a los ni\u00f1os a comunicar sus necesidades. Esto podr\u00eda ser algo as\u00ed como:<\/p>\n<ul>\n<li>Pedir atenci\u00f3n a un adulto<\/li>\n<li>Pedir un juguete, una actividad o un descanso<\/li>\n<li>Decir \u00abno\u00bb o mostrar que no quieren algo<\/li>\n<\/ul>\n<p>A medida que los ni\u00f1os aprenden estas habilidades de comunicaci\u00f3n, tambi\u00e9n podemos ayudarles a desarrollar otras habilidades importantes, como esperar cuando una petici\u00f3n no se puede satisfacer de inmediato, turnarse y cooperar con instrucciones razonables.<\/p>\n<p>Dado que el refuerzo consolida el comportamiento, queremos <strong>recompensar los intentos de los ni\u00f1os por comunicarse de forma adecuada y otras habilidades de adaptaci\u00f3n<\/strong>, tal y como se ha mencionado anteriormente.<\/p>\n<h3 style=\"text-align: center;\"><a href=\"https:\/\/parenttraining.chip.uconn.edu\/index.php\/language\/es\/prevencion-de-conductas-problematicas\/\"><b>Prevenci\u00f3n de Conductas Problem\u00e1ticas<\/b><\/a><\/h3>\n","protected":false},"excerpt":{"rendered":"<div class=\"entry-summary\">\nPrimero, hablemos un poco m\u00e1s sobre la conducta problem\u00e1tica. Esta puede presentarse de muchas formas. La mayor\u00eda de las veces,&hellip;\n<\/div>\n<div class=\"link-more\"><a href=\"https:\/\/parenttraining.chip.uconn.edu\/index.php\/language\/es\/reconociendo-la-conducta-problematica\/\" class=\"more-link\">Continue reading<span class=\"screen-reader-text\"> &ldquo;Reconociendo la conducta problem\u00e1tica&rdquo;<\/span>&hellip;<\/a><\/div>\n","protected":false},"author":497,"featured_media":0,"parent":0,"menu_order":0,"comment_status":"closed","ping_status":"closed","template":"","meta":{"footnotes":""},"class_list":["post-8940","page","type-page","status-publish","hentry","entry"],"_links":{"self":[{"href":"https:\/\/parenttraining.chip.uconn.edu\/index.php\/wp-json\/wp\/v2\/pages\/8940","targetHints":{"allow":["GET"]}}],"collection":[{"href":"https:\/\/parenttraining.chip.uconn.edu\/index.php\/wp-json\/wp\/v2\/pages"}],"about":[{"href":"https:\/\/parenttraining.chip.uconn.edu\/index.php\/wp-json\/wp\/v2\/types\/page"}],"author":[{"embeddable":true,"href":"https:\/\/parenttraining.chip.uconn.edu\/index.php\/wp-json\/wp\/v2\/users\/497"}],"replies":[{"embeddable":true,"href":"https:\/\/parenttraining.chip.uconn.edu\/index.php\/wp-json\/wp\/v2\/comments?post=8940"}],"version-history":[{"count":10,"href":"https:\/\/parenttraining.chip.uconn.edu\/index.php\/wp-json\/wp\/v2\/pages\/8940\/revisions"}],"predecessor-version":[{"id":11085,"href":"https:\/\/parenttraining.chip.uconn.edu\/index.php\/wp-json\/wp\/v2\/pages\/8940\/revisions\/11085"}],"wp:attachment":[{"href":"https:\/\/parenttraining.chip.uconn.edu\/index.php\/wp-json\/wp\/v2\/media?parent=8940"}],"curies":[{"name":"wp","href":"https:\/\/api.w.org\/{rel}","templated":true}]}}