{"id":8926,"date":"2026-01-10T11:35:17","date_gmt":"2026-01-10T16:35:17","guid":{"rendered":"https:\/\/parenttraining.chip.uconn.edu\/?page_id=8926"},"modified":"2026-02-15T17:53:44","modified_gmt":"2026-02-15T22:53:44","slug":"que-ensenaremos-2","status":"publish","type":"page","link":"https:\/\/parenttraining.chip.uconn.edu\/index.php\/language\/es\/que-ensenaremos-2\/","title":{"rendered":"\u00bfQu\u00e9 ense\u00f1aremos?"},"content":{"rendered":"\n<p>Vamos a empezar describiendo algunas de las cosas que los ni\u00f1os peque\u00f1os suelen ser capaces de hacer a distintas edades, es decir, el Desarrollo Esperado. Si su hijo\/a ya hace la mayor\u00eda de estas cosas, es posible que no necesite ning\u00fan tipo de ense\u00f1anza especial, pero puede que parte del material le resulte \u00fatil de todos modos. <\/p>\n\n\n\n\n\n<figure class=\"wp-block-gallery has-nested-images columns-default is-cropped wp-block-gallery-2 is-layout-flex wp-block-gallery-is-layout-flex\">\n<figure class=\"wp-block-image size-large\"><a href=\"https:\/\/parenttraining.chip.uconn.edu\/wp-content\/uploads\/2024\/08\/Mexican-mother-and-child1.jpg\"><img loading=\"lazy\" decoding=\"async\" width=\"259\" height=\"194\" data-id=\"6351\" src=\"https:\/\/parenttraining.chip.uconn.edu\/wp-content\/uploads\/2024\/08\/Mexican-mother-and-child1.jpg\" alt=\"\" class=\"wp-image-6351\"\/><\/a><\/figure>\n\n\n\n<figure class=\"wp-block-image size-large\"><a href=\"https:\/\/parenttraining.chip.uconn.edu\/wp-content\/uploads\/2024\/08\/mother-bathing-child.jpg\"><img loading=\"lazy\" decoding=\"async\" width=\"275\" height=\"183\" data-id=\"6389\" src=\"https:\/\/parenttraining.chip.uconn.edu\/wp-content\/uploads\/2024\/08\/mother-bathing-child.jpg\" alt=\"\" class=\"wp-image-6389\"\/><\/a><\/figure>\n<\/figure>\n\n\n\n<p>Freerangestock &amp;  PxHERE.com<\/p>\n\n\n\n<p>Si su hijo\/a no hace algunas de las cosas que hacen la mayor\u00eda de los ni\u00f1os de su edad, las t\u00e9cnicas de este programa pueden ayudarle a aprender m\u00e1s r\u00e1pido. Le ense\u00f1aremos c\u00f3mo utilizar actividades diarias sencillas, como comer, ba\u00f1arse y vestirse, para ense\u00f1arle a su hijo\/a habilidades y<strong> tambi\u00e9n c\u00f3mo organizar lecciones m\u00e1s estructuradas que llamaremos Sesiones de Aprendizaje. Tambi\u00e9n le daremos algunas ideas sobre qu\u00e9 cosas debe ense\u00f1ar primero.<\/strong><\/p>\n\n\n\n<p>Nos concentraremos en ense\u00f1arle a su hijo\/a a prestarle atenci\u00f3n, a comunicarse con usted se\u00f1al\u00e1ndole, mir\u00e1ndole, a veces utilizando dibujos, y a hacer lo que usted le pida. Tambi\u00e9n le mostraremos c\u00f3mo ense\u00f1arle a su hijo\/a a imitar las cosas que usted hace, a comprender y utilizar un lenguaje sencillo y a aprender algunas habilidades b\u00e1sicas de pensamiento y razonamiento, como unir, sortear y agrupar cosas que se parecen. Le daremos algunas ideas sobre c\u00f3mo puede prevenir y manejar los comportamientos que interfieren. Tambi\u00e9n le daremos sugerencias sobre c\u00f3mo ense\u00f1arle a su hijo\/a a ir al ba\u00f1o y a superar una alimentaci\u00f3n extremadamente melindrosa. Para obtener m\u00e1s detalles sobre el contenido de los 14 m\u00f3dulos del programa, consulte la secci\u00f3n \u00abC\u00f3mo usar este programa\u00bb.<\/p>\n\n\n\n<p class=\"has-text-align-center wp-block-heading\"><strong>Para continuar con la introducci\u00f3n de este programa, haga clic en el siguiente enlace:<\/strong><\/p>\n\n\n\n<p class=\"has-text-align-center wp-block-heading\"><strong>&nbsp;<a href=\"https:\/\/parenttraining.chip.uconn.edu\/index.php\/language\/es\/como-usar-este-programa-2\/\">C\u00f3mo usar este programa<\/a><\/strong><\/p>\n","protected":false},"excerpt":{"rendered":"<div class=\"entry-summary\">\nVamos a empezar describiendo algunas de las cosas que los ni\u00f1os peque\u00f1os suelen ser capaces de hacer a distintas edades,&hellip;\n<\/div>\n<div class=\"link-more\"><a href=\"https:\/\/parenttraining.chip.uconn.edu\/index.php\/language\/es\/que-ensenaremos-2\/\" class=\"more-link\">Continue reading<span class=\"screen-reader-text\"> &ldquo;\u00bfQu\u00e9 ense\u00f1aremos?&rdquo;<\/span>&hellip;<\/a><\/div>\n","protected":false},"author":498,"featured_media":0,"parent":0,"menu_order":0,"comment_status":"closed","ping_status":"closed","template":"","meta":{"footnotes":""},"class_list":["post-8926","page","type-page","status-publish","hentry","entry"],"_links":{"self":[{"href":"https:\/\/parenttraining.chip.uconn.edu\/index.php\/wp-json\/wp\/v2\/pages\/8926","targetHints":{"allow":["GET"]}}],"collection":[{"href":"https:\/\/parenttraining.chip.uconn.edu\/index.php\/wp-json\/wp\/v2\/pages"}],"about":[{"href":"https:\/\/parenttraining.chip.uconn.edu\/index.php\/wp-json\/wp\/v2\/types\/page"}],"author":[{"embeddable":true,"href":"https:\/\/parenttraining.chip.uconn.edu\/index.php\/wp-json\/wp\/v2\/users\/498"}],"replies":[{"embeddable":true,"href":"https:\/\/parenttraining.chip.uconn.edu\/index.php\/wp-json\/wp\/v2\/comments?post=8926"}],"version-history":[{"count":12,"href":"https:\/\/parenttraining.chip.uconn.edu\/index.php\/wp-json\/wp\/v2\/pages\/8926\/revisions"}],"predecessor-version":[{"id":10473,"href":"https:\/\/parenttraining.chip.uconn.edu\/index.php\/wp-json\/wp\/v2\/pages\/8926\/revisions\/10473"}],"wp:attachment":[{"href":"https:\/\/parenttraining.chip.uconn.edu\/index.php\/wp-json\/wp\/v2\/media?parent=8926"}],"curies":[{"name":"wp","href":"https:\/\/api.w.org\/{rel}","templated":true}]}}