{"id":8838,"date":"2026-01-09T19:59:45","date_gmt":"2026-01-10T00:59:45","guid":{"rendered":"https:\/\/parenttraining.chip.uconn.edu\/?page_id=8838"},"modified":"2026-03-30T05:43:04","modified_gmt":"2026-03-30T09:43:04","slug":"partes-del-cuerpo","status":"publish","type":"page","link":"https:\/\/parenttraining.chip.uconn.edu\/index.php\/language\/es\/partes-del-cuerpo\/","title":{"rendered":"Partes del cuerpo"},"content":{"rendered":"<p style=\"text-align: justify;\"><span style=\"font-weight: 400;\">Ahora vamos a hablar sobre c\u00f3mo ense\u00f1ar a su hijo a comprender las palabras que designan las partes del cuerpo. Ense\u00f1amos esto de una manera un poco diferente a como ense\u00f1amos las otras habilidades ling\u00fc\u00edsticas receptivas de las que hemos hablado hasta ahora en esta secci\u00f3n. Cuando ense\u00f1amos las partes del cuerpo, en lugar de se\u00f1alar im\u00e1genes, ense\u00f1amos a los ni\u00f1os a se\u00f1alar las distintas partes de su propio cuerpo.<\/span><\/p>\n<p><b>Aqu\u00ed hay una lista de las partes del cuerpo que su hijo de 3 a\u00f1os deber\u00eda conocer:<\/b><\/p>\n<table style=\"border-collapse: collapse; width: 100%;\">\n<tbody>\n<tr>\n<td style=\"width: 20%;\">Ojos<\/td>\n<td style=\"width: 20%;\">Nariz<\/td>\n<td style=\"width: 20%;\">Boca<\/td>\n<td style=\"width: 20%;\">Orejas<\/td>\n<td style=\"width: 20%;\">Brazo<\/td>\n<\/tr>\n<tr>\n<td style=\"width: 20%;\">Pierna<\/td>\n<td style=\"width: 20%;\">Mano<\/td>\n<td style=\"width: 20%;\">Pie<\/td>\n<td style=\"width: 20%;\">Dedos<\/td>\n<td style=\"width: 20%;\">Dedos de los pies<\/td>\n<\/tr>\n<tr>\n<td style=\"width: 20%;\">Pulgar<\/td>\n<td style=\"width: 20%;\">Cuello<\/td>\n<td style=\"width: 20%;\">Barriguita<\/td>\n<td style=\"width: 20%;\">Espalda<\/td>\n<td style=\"width: 20%;\">Pelo<\/td>\n<\/tr>\n<tr>\n<td style=\"width: 20%;\">Cabeza<\/td>\n<td style=\"width: 20%;\">Hombros<\/td>\n<td style=\"width: 20%;\">Rodilla<\/td>\n<td style=\"width: 20%;\">Dientes<\/td>\n<td style=\"width: 20%;\">Lengua<\/td>\n<\/tr>\n<\/tbody>\n<\/table>\n<p style=\"text-align: justify;\"><span style=\"font-weight: 400;\">Puede elegir tres de estas palabras para empezar. Solo tenga cuidado de seleccionar partes del cuerpo que no est\u00e9n muy cerca unas de otras. Por ejemplo, la cabeza, el vientre y los pies pueden ser una buena opci\u00f3n para comenzar, ya que son muy diferentes entre s\u00ed, las palabras suenan distintas y se encuentran en zonas diferentes del cuerpo. Utilice las palabras que su hijo escuche habitualmente en su entorno familiar para referirse a las partes del cuerpo. Por ejemplo, puede usar \u201cest\u00f3mago\u201d, \u201cbarriga\u201d o \u201cvientre\u201d, seg\u00fan el t\u00e9rmino que su familia utilice con mayor frecuencia.<\/span><\/p>\n<h2><b>Programa de ense\u00f1anza de las partes del cuerpo<\/b><\/h2>\n<p style=\"text-align: justify;\"><span style=\"font-weight: 400;\">Comience con cualquiera de las palabras relacionadas con las partes del cuerpo que considere que su hijo ya conoce. El m\u00e9todo para ense\u00f1ar las partes del cuerpo es casi id\u00e9ntico al que se utiliza para ense\u00f1ar instrucciones de un solo paso sin objetos, como <\/span><span style=\"font-weight: 400;\">levantar los brazos<\/span><span style=\"font-weight: 400;\">, <\/span><span style=\"font-weight: 400;\">aplaudir<\/span><span style=\"font-weight: 400;\">, <\/span><span style=\"font-weight: 400;\">ponerse de pie<\/span><span style=\"font-weight: 400;\"> o <\/span><span style=\"font-weight: 400;\">sentarse<\/span><span style=\"font-weight: 400;\">. <\/span><span style=\"font-weight: 400;\">La diferencia es que las palabras relacionadas con las partes del cuerpo se ense\u00f1an juntas en un programa de ense\u00f1anza independiente. <\/span><span style=\"font-weight: 400;\">Recomendamos este enfoque para que su hijo comprenda que esas palabras pertenecen a una misma categor\u00eda: la categor\u00eda de las partes del cuerpo. Esto tambi\u00e9n ser\u00e1 importante m\u00e1s adelante, cuando comience a trabajar con el programa de ense\u00f1anza de categor\u00edas, del que hablaremos a continuaci\u00f3n.<\/span><\/p>\n<p><span style=\"font-weight: 400;\">Esto es lo que debe hacer:<\/span><span style=\"font-weight: 400;\"><br \/><\/span><span style=\"font-weight: 400;\">Suponga que ha decidido comenzar con cabeza, vientre y pies. Si\u00e9ntese directamente frente a su hijo, rodilla con rodilla, lo suficientemente cerca como para poder darle indicaciones f\u00edsicas si es necesario.<\/span><span style=\"font-weight: 400;\"><br \/><\/span><span style=\"font-weight: 400;\">Ind\u00edquele que toque una de las tres partes del cuerpo; por ejemplo: \u201ctoque el vientre\u201d.<\/span><\/p>\n<p><iframe loading=\"lazy\" title=\"Viggo-47 864x486\" src=\"https:\/\/player.vimeo.com\/video\/201767634?dnt=1&amp;app_id=122963\" width=\"864\" height=\"486\" frameborder=\"0\" allow=\"autoplay; fullscreen; picture-in-picture; clipboard-write; encrypted-media; web-share\" referrerpolicy=\"strict-origin-when-cross-origin\"><\/iframe><\/p>\n<p><span style=\"font-weight: 400;\">Si su hijo entiende muy pocas palabras y cree que a\u00fan no comprende la palabra \u201ctocar\u201d, puede utilizar una instrucci\u00f3n de una sola palabra, como \u201cbarriga\u201d o \u201ccabeza\u201d, y luego indicarle f\u00edsicamente que toque su propia barriga o cabeza, reforz\u00e1ndolo inmediatamente despu\u00e9s de que lo haga. Sin embargo, si a\u00fan no ha empezado a utilizar la palabra \u201ctocar\u201d, este podr\u00eda ser un buen momento para introducirla. Puede ser \u00fatil decir la palabra \u201ctocar\u201d muy suavemente y poner el \u00e9nfasis en la palabra que designa la parte del cuerpo. Por ejemplo, diga \u201ctocar la nariz\u201d, luego p\u00eddale que se toque la nariz y refuerce su comportamiento de inmediato despu\u00e9s de hacerlo. Existen dos formas diferentes de pedirle que lo haga: una utilizando la gu\u00eda f\u00edsica y otra utilizando la imitaci\u00f3n.<\/span><\/p>\n<p><iframe loading=\"lazy\" title=\"Carley-1 1920x1080\" src=\"https:\/\/player.vimeo.com\/video\/199049438?dnt=1&amp;app_id=122963\" width=\"1200\" height=\"675\" frameborder=\"0\" allow=\"autoplay; fullscreen; picture-in-picture; clipboard-write; encrypted-media; web-share\" referrerpolicy=\"strict-origin-when-cross-origin\"><\/iframe><\/p>\n<p><iframe loading=\"lazy\" title=\"Carley-2 1920x1080\" src=\"https:\/\/player.vimeo.com\/video\/199049459?dnt=1&amp;app_id=122963\" width=\"1200\" height=\"675\" frameborder=\"0\" allow=\"autoplay; fullscreen; picture-in-picture; clipboard-write; encrypted-media; web-share\" referrerpolicy=\"strict-origin-when-cross-origin\"><\/iframe><\/p>\n<table>\n<tbody>\n<tr>\n<td>\n<ul>\n<li style=\"font-weight: 400;\" aria-level=\"1\"><span style=\"font-weight: 400;\">Si\u00e9ntese directamente frente a su hijo, rodilla con rodilla, lo suficientemente cerca como para poder darle indicaciones f\u00edsicas si es necesario.<\/span><\/li>\n<li style=\"font-weight: 400;\" aria-level=\"1\"><span style=\"font-weight: 400;\">Dele una instrucci\u00f3n clara y sencilla. Por ejemplo, \u00abtoca la barriga\u00bb.<\/span><\/li>\n<li style=\"font-weight: 400;\" aria-level=\"1\"><span style=\"font-weight: 400;\">Indique a su hijo que toque la parte del cuerpo que le ha indicado.<\/span><\/li>\n<li style=\"font-weight: 400;\" aria-level=\"1\"><span style=\"font-weight: 400;\">Refuerce a su hijo por tocar la parte del cuerpo correcta.<\/span><\/li>\n<\/ul>\n<p><span style=\"font-weight: 400;\">O<\/span><\/p>\n<ul>\n<li style=\"font-weight: 400;\" aria-level=\"1\"><span style=\"font-weight: 400;\">Si\u00e9ntese directamente frente a su hijo, rodilla con rodilla; lo suficientemente cerca como para poder darle indicaciones f\u00edsicas si es necesario.<\/span><\/li>\n<li style=\"font-weight: 400;\" aria-level=\"1\"><span style=\"font-weight: 400;\">Dele una instrucci\u00f3n clara y sencilla. Por ejemplo: \u00abToca la barriga\u00bb.<\/span><\/li>\n<li style=\"font-weight: 400;\" aria-level=\"1\"><span style=\"font-weight: 400;\">Anime a su hijo tocando su propio vientre y espere a que \u00e9l lo imite.<\/span><\/li>\n<li style=\"font-weight: 400;\" aria-level=\"1\"><span style=\"font-weight: 400;\">Refuerce a su hijo por tocar la parte correcta del cuerpo.<\/span><\/li>\n<\/ul>\n<\/td>\n<\/tr>\n<\/tbody>\n<\/table>\n<h2><b>A\u00f1adir una cuarta parte del cuerpo<\/b><\/h2>\n<p><span style=\"font-weight: 400;\">Presente las tres partes del cuerpo en orden aleatorio, indicando y reforzando cada respuesta, como de costumbre. Reduzca gradualmente sus indicaciones con el tiempo hasta que su hijo pueda tocar de forma independiente cualquiera de las tres partes del cuerpo que usted nombre, sin ayuda. <\/span><span style=\"font-weight: 400;\">En ese momento, a\u00f1ada las partes del cuerpo que su hijo ha aprendido a la lista de palabras que comprende e introduzca una cuarta parte del cuerpo. <\/span><span style=\"font-weight: 400;\">Cuando lo haga, menci\u00f3nela junto con las otras tres que ya domina, en un orden no predecible ni regular. <\/span><span style=\"font-weight: 400;\">Recuerde que deber\u00e1 dar indicaciones sobre la nueva parte del cuerpo, pero su hijo deber\u00eda ser capaz de responder sin ayuda a las instrucciones de las partes que ya ha aprendido la mayor parte del tiempo.<\/span><\/p>\n<p>Si observa que su hijo empieza a cometer errores con una parte del cuerpo que ya dominaba, tr\u00e1tela como si fuera nueva: pres\u00e9ntela al menos 4 veces de cada 10, dele indicaciones cuando sea necesario y reduzca las ayudas gradualmente. Con el tiempo, volver\u00e1 a aprenderla.<\/p>\n<p><a href=\"https:\/\/parenttraining.chip.uconn.edu\/index.php\/language\/es\/2026\/03\/30\/mas-detalles-identificacion-de-partes-del-cuerpo\/\">M\u00e1s informaci\u00f3n sobre c\u00f3mo a\u00f1adir nuevas partes del cuerpo a un programa de identificaci\u00f3n receptiva<\/a>.<\/p>\n<h3><b>Soluci\u00f3n de problemas<\/b><\/h3>\n<p>Si observa que su hijo tiene dificultades con este programa de ense\u00f1anza, puede intentar ense\u00f1\u00e1rselo frente a un espejo. Otra opci\u00f3n es pedirle que toque las partes del cuerpo de un mu\u00f1eco mientras usted las nombra, en lugar de tocar sus propias partes del cuerpo. Si prueba estas estrategias y su hijo sigue teniendo dificultades, puede practicar las partes del cuerpo como un programa de imitaci\u00f3n. Para ello, utilice los nombres de las partes del cuerpo en cada prueba. Por ejemplo, diga \u201ccabeza\u201d o \u201ctoque la cabeza\u201d mientras usted se toca la suya. Luego, p\u00eddale a su hijo que se toque la suya y, finalmente, recomp\u00e9nselo como lo har\u00eda si lo hubiera hecho sin ayuda.<\/p>\n<p style=\"text-align: center;\"><a href=\"https:\/\/parenttraining.chip.uconn.edu\/index.php\/language\/es\/clasificar-por-categorias\/\"><b>Siguiente: Clasificar por categor\u00eda<\/b><\/a><\/p>\n\n","protected":false},"excerpt":{"rendered":"<div class=\"entry-summary\">\nAhora vamos a hablar sobre c\u00f3mo ense\u00f1ar a su hijo a comprender las palabras que designan las partes del cuerpo.&hellip;\n<\/div>\n<div class=\"link-more\"><a href=\"https:\/\/parenttraining.chip.uconn.edu\/index.php\/language\/es\/partes-del-cuerpo\/\" class=\"more-link\">Continue reading<span class=\"screen-reader-text\"> &ldquo;Partes del cuerpo&rdquo;<\/span>&hellip;<\/a><\/div>\n","protected":false},"author":497,"featured_media":0,"parent":0,"menu_order":0,"comment_status":"closed","ping_status":"closed","template":"","meta":{"footnotes":""},"class_list":["post-8838","page","type-page","status-publish","hentry","entry"],"_links":{"self":[{"href":"https:\/\/parenttraining.chip.uconn.edu\/index.php\/wp-json\/wp\/v2\/pages\/8838","targetHints":{"allow":["GET"]}}],"collection":[{"href":"https:\/\/parenttraining.chip.uconn.edu\/index.php\/wp-json\/wp\/v2\/pages"}],"about":[{"href":"https:\/\/parenttraining.chip.uconn.edu\/index.php\/wp-json\/wp\/v2\/types\/page"}],"author":[{"embeddable":true,"href":"https:\/\/parenttraining.chip.uconn.edu\/index.php\/wp-json\/wp\/v2\/users\/497"}],"replies":[{"embeddable":true,"href":"https:\/\/parenttraining.chip.uconn.edu\/index.php\/wp-json\/wp\/v2\/comments?post=8838"}],"version-history":[{"count":22,"href":"https:\/\/parenttraining.chip.uconn.edu\/index.php\/wp-json\/wp\/v2\/pages\/8838\/revisions"}],"predecessor-version":[{"id":11040,"href":"https:\/\/parenttraining.chip.uconn.edu\/index.php\/wp-json\/wp\/v2\/pages\/8838\/revisions\/11040"}],"wp:attachment":[{"href":"https:\/\/parenttraining.chip.uconn.edu\/index.php\/wp-json\/wp\/v2\/media?parent=8838"}],"curies":[{"name":"wp","href":"https:\/\/api.w.org\/{rel}","templated":true}]}}