{"id":8833,"date":"2026-01-09T19:45:08","date_gmt":"2026-01-10T00:45:08","guid":{"rendered":"https:\/\/parenttraining.chip.uconn.edu\/?page_id=8833"},"modified":"2026-02-16T20:04:55","modified_gmt":"2026-02-17T01:04:55","slug":"palabras-de-accion","status":"publish","type":"page","link":"https:\/\/parenttraining.chip.uconn.edu\/index.php\/language\/es\/palabras-de-accion\/","title":{"rendered":"Palabras de acci\u00f3n"},"content":{"rendered":"\n<p>Ense\u00f1ar a los ni\u00f1os palabras de acci\u00f3n (verbos) es muy similar a ense\u00f1arles los nombres de personas conocidas. Necesitar\u00e1 un conjunto de im\u00e1genes para cada acci\u00f3n. Puede encontrar f\u00e1cilmente im\u00e1genes de dominio p\u00fablico para representar palabras de acci\u00f3n mediante una b\u00fasqueda r\u00e1pida en Internet. Busque im\u00e1genes de personas comiendo, durmiendo, leyendo, cocinando y bebiendo. Como mencionamos antes, todas las im\u00e1genes de este programa son de dominio p\u00fablico, por lo que puede descargarlas o copiarlas y pegarlas en un documento. Luego, puede imprimirlas para utilizarlas en la ense\u00f1anza con su hijo.<\/p>\n\n\n\n<p><strong>Comer<\/strong><\/p>\n\n\n\n<figure class=\"wp-block-image size-full is-resized\"><a href=\"https:\/\/parenttraining.chip.uconn.edu\/wp-content\/uploads\/2025\/10\/mod11-action-words1.jpg\"><img loading=\"lazy\" decoding=\"async\" width=\"546\" height=\"109\" src=\"https:\/\/parenttraining.chip.uconn.edu\/wp-content\/uploads\/2025\/10\/mod11-action-words1.jpg\" alt=\"\" class=\"wp-image-8159\" style=\"aspect-ratio:5.009647087556478;width:676px;height:auto\" srcset=\"https:\/\/parenttraining.chip.uconn.edu\/wp-content\/uploads\/2025\/10\/mod11-action-words1.jpg 546w, https:\/\/parenttraining.chip.uconn.edu\/wp-content\/uploads\/2025\/10\/mod11-action-words1-300x60.jpg 300w\" sizes=\"auto, (max-width: 546px) 100vw, 546px\" \/><\/a><\/figure>\n\n\n\n<p class=\"has-black-color has-text-color has-link-color wp-elements-8ea0a3f04e553eb01234174ab723a836\" style=\"font-size:8px\"><strong><strong>&nbsp;sand\u00eda: im\u00e1genes de itoldya, fresa: wikimedia, ni\u00f1o musulm\u00e1n: Pixabay, ni\u00f1o negro en la cafeter\u00eda: Public Interest Research Groups<\/strong><\/strong><\/p>\n\n\n\n<p><strong>Dormir<\/strong><\/p>\n\n\n\n<figure class=\"wp-block-image size-full is-resized\"><a href=\"https:\/\/parenttraining.chip.uconn.edu\/wp-content\/uploads\/2025\/10\/mod11-action-words2.jpg\"><img loading=\"lazy\" decoding=\"async\" width=\"541\" height=\"97\" src=\"https:\/\/parenttraining.chip.uconn.edu\/wp-content\/uploads\/2025\/10\/mod11-action-words2.jpg\" alt=\"\" class=\"wp-image-8160\" style=\"width:669px;height:auto\" srcset=\"https:\/\/parenttraining.chip.uconn.edu\/wp-content\/uploads\/2025\/10\/mod11-action-words2.jpg 541w, https:\/\/parenttraining.chip.uconn.edu\/wp-content\/uploads\/2025\/10\/mod11-action-words2-300x54.jpg 300w\" sizes=\"auto, (max-width: 541px) 100vw, 541px\" \/><\/a><\/figure>\n\n\n\n<p class=\"has-text-align-left has-black-color has-text-color has-link-color wp-elements-41be340e90553c6846f75e9a116cd293\" style=\"font-size:8px\"> medscape                                           flipkart                         freepik.com                                    pixabay<\/p>\n\n\n\n<p class=\"has-text-align-left has-black-color has-text-color has-link-color\" style=\"font-size:8px\"><\/p>\n\n\n\n<p><strong><strong>Leer<\/strong><\/strong><\/p>\n\n\n\n<figure class=\"wp-block-image size-full is-resized\"><a href=\"https:\/\/parenttraining.chip.uconn.edu\/wp-content\/uploads\/2025\/10\/mod11-action-words3.jpg\"><img loading=\"lazy\" decoding=\"async\" width=\"568\" height=\"100\" src=\"https:\/\/parenttraining.chip.uconn.edu\/wp-content\/uploads\/2025\/10\/mod11-action-words3.jpg\" alt=\"\" class=\"wp-image-8161\" style=\"width:670px;height:auto\" srcset=\"https:\/\/parenttraining.chip.uconn.edu\/wp-content\/uploads\/2025\/10\/mod11-action-words3.jpg 568w, https:\/\/parenttraining.chip.uconn.edu\/wp-content\/uploads\/2025\/10\/mod11-action-words3-300x53.jpg 300w\" sizes=\"auto, (max-width: 568px) 100vw, 568px\" \/><\/a><\/figure>\n\n\n\n<p class=\"has-black-color has-text-color has-link-color wp-elements-c496785039333a05e071ca427c675408\" style=\"font-size:8px\">Pixabay, Flickr, freepik<\/p>\n\n\n\n<p><strong><strong>Beber<\/strong><\/strong><\/p>\n\n\n\n<figure class=\"wp-block-image size-full is-resized\"><a href=\"https:\/\/parenttraining.chip.uconn.edu\/wp-content\/uploads\/2025\/10\/mod11-action-words4.jpg\"><img loading=\"lazy\" decoding=\"async\" width=\"544\" height=\"118\" src=\"https:\/\/parenttraining.chip.uconn.edu\/wp-content\/uploads\/2025\/10\/mod11-action-words4.jpg\" alt=\"\" class=\"wp-image-8162\" style=\"width:682px;height:auto\" srcset=\"https:\/\/parenttraining.chip.uconn.edu\/wp-content\/uploads\/2025\/10\/mod11-action-words4.jpg 544w, https:\/\/parenttraining.chip.uconn.edu\/wp-content\/uploads\/2025\/10\/mod11-action-words4-300x65.jpg 300w\" sizes=\"auto, (max-width: 544px) 100vw, 544px\" \/><\/a><\/figure>\n\n\n\n<p class=\"has-black-color has-text-color has-link-color wp-elements-ea7c09f29d354432cff3d9f3807299ba\" style=\"font-size:8px\">Pixnio, Peakpx<\/p>\n\n\n\n<p><strong><strong>Cocinar<\/strong><\/strong><\/p>\n\n\n\n<figure class=\"wp-block-image size-full is-resized\"><a href=\"https:\/\/parenttraining.chip.uconn.edu\/wp-content\/uploads\/2025\/10\/mod11-action-words5.jpg\"><img loading=\"lazy\" decoding=\"async\" width=\"505\" height=\"114\" src=\"https:\/\/parenttraining.chip.uconn.edu\/wp-content\/uploads\/2025\/10\/mod11-action-words5.jpg\" alt=\"\" class=\"wp-image-8163\" style=\"width:616px;height:auto\" srcset=\"https:\/\/parenttraining.chip.uconn.edu\/wp-content\/uploads\/2025\/10\/mod11-action-words5.jpg 505w, https:\/\/parenttraining.chip.uconn.edu\/wp-content\/uploads\/2025\/10\/mod11-action-words5-300x68.jpg 300w\" sizes=\"auto, (max-width: 505px) 100vw, 505px\" \/><\/a><\/figure>\n\n\n\n<p class=\"has-black-color has-text-color has-link-color wp-elements-514bd26dda61e48e5ea14cc2d6a12500\" style=\"font-size:8px\">Pexels, https:\/\/kcoptimist.weebly.com\/,&nbsp; #3 sent to GM, man and boy cooking together:&nbsp;<\/p>\n\n\n\n<p><strong>Cominar<\/strong><\/p>\n\n\n\n<figure class=\"wp-block-image size-full is-resized\"><a href=\"https:\/\/parenttraining.chip.uconn.edu\/wp-content\/uploads\/2025\/10\/mod11-action-words6.jpg\"><img loading=\"lazy\" decoding=\"async\" width=\"561\" height=\"196\" src=\"https:\/\/parenttraining.chip.uconn.edu\/wp-content\/uploads\/2025\/10\/mod11-action-words6.jpg\" alt=\"\" class=\"wp-image-8164\" style=\"width:644px;height:auto\" srcset=\"https:\/\/parenttraining.chip.uconn.edu\/wp-content\/uploads\/2025\/10\/mod11-action-words6.jpg 561w, https:\/\/parenttraining.chip.uconn.edu\/wp-content\/uploads\/2025\/10\/mod11-action-words6-300x105.jpg 300w\" sizes=\"auto, (max-width: 561px) 100vw, 561px\" \/><\/a><\/figure>\n\n\n\n<p class=\"has-black-color has-text-color has-link-color wp-elements-65c2d39aa04b686c4034ec75927291df\" style=\"font-size:8px\">Pixabay, pixabay, freepik, peakpx<\/p>\n\n\n\n<p><strong>Correr<\/strong><\/p>\n\n\n\n<figure class=\"wp-block-image size-full is-resized\"><a href=\"https:\/\/parenttraining.chip.uconn.edu\/wp-content\/uploads\/2025\/10\/mod11-action-words7.jpg\"><img loading=\"lazy\" decoding=\"async\" width=\"574\" height=\"172\" src=\"https:\/\/parenttraining.chip.uconn.edu\/wp-content\/uploads\/2025\/10\/mod11-action-words7.jpg\" alt=\"\" class=\"wp-image-8165\" style=\"width:697px;height:auto\" srcset=\"https:\/\/parenttraining.chip.uconn.edu\/wp-content\/uploads\/2025\/10\/mod11-action-words7.jpg 574w, https:\/\/parenttraining.chip.uconn.edu\/wp-content\/uploads\/2025\/10\/mod11-action-words7-300x90.jpg 300w\" sizes=\"auto, (max-width: 574px) 100vw, 574px\" \/><\/a><\/figure>\n\n\n\n<p class=\"has-black-color has-text-color has-link-color wp-elements-49210458050505eb811623ebc0d58413\" style=\"font-size:8px\">Freestockphotos.biz, Pxhere.com<\/p>\n\n\n\n\n\n<p>En cada imagen, por lo general hay solo una persona, lo que facilita ver lo que est\u00e1 haciendo. Incluso en las im\u00e1genes con varias personas, todas est\u00e1n haciendo lo mismo, con una persona que se destaca al frente. Tambi\u00e9n ver\u00e1 una variedad de personas, incluyendo hombres, mujeres, ni\u00f1os y ni\u00f1as, realizando estas acciones.<\/p>\n\n\n\n<p>Aqu\u00ed hay 20 palabras de acci\u00f3n comunes. Todas son cosas que su hijo probablemente ha hecho \u00e9l mismo o ha visto hacer a otras personas.<\/p>\n\n\n\n<table style=\"border-collapse: collapse; width: 100%; height: 115px;\">\n<tbody>\n<tr style=\"height: 23px;\">\n<td style=\"width: 25%; height: 23px;\"><strong>Comer<\/strong><\/td>\n<td style=\"width: 25%; height: 23px;\"><strong>Beber<\/strong><\/td>\n<td style=\"width: 25%; height: 23px;\"><strong>Dormir<\/strong><\/td>\n<td style=\"width: 25%; height: 23px;\"><strong>Leer<\/strong><\/td>\n<\/tr>\n<tr style=\"height: 23px;\">\n<td style=\"width: 25%; height: 23px;\"><strong>Cocinar<\/strong><\/td>\n<td style=\"width: 25%; height: 23px;\"><strong>Jugar<\/strong><\/td>\n<td style=\"width: 25%; height: 23px;\"><strong>Cepillarse<\/strong><\/td>\n<td style=\"width: 25%; height: 23px;\"><strong>Correr<\/strong><\/td>\n<\/tr>\n<tr style=\"height: 23px;\">\n<td style=\"width: 25%; height: 23px;\"><strong>Caminar<\/strong><\/td>\n<td style=\"width: 25%; height: 23px;\"><strong>Saltar<\/strong><\/td>\n<td style=\"width: 25%; height: 23px;\"><strong>Montar a caballo<\/strong><\/td>\n<td style=\"width: 25%; height: 23px;\"><strong>Sentarse<\/strong><\/td>\n<\/tr>\n<tr style=\"height: 23px;\">\n<td style=\"width: 25%; height: 23px;\"><strong>Abrazar<\/strong><\/td>\n<td style=\"width: 25%; height: 23px;\"><strong>Besarse<\/strong><\/td>\n<td style=\"width: 25%; height: 23px;\"><strong>Oler<\/strong><\/td>\n<td style=\"width: 25%; height: 23px;\"><strong>Mirar<\/strong><\/td>\n<\/tr>\n<tr style=\"height: 23px;\">\n<td style=\"width: 25%; height: 23px;\"><strong>Sostener<\/strong><\/td>\n<td style=\"width: 25%; height: 23px;\"><strong>Lavar<\/strong><\/td>\n<td style=\"width: 25%; height: 23px;\"><strong>Lanzar<\/strong><\/td>\n<td style=\"width: 25%; height: 23px;\"><strong>Atrapar<\/strong><\/td>\n<\/tr>\n<\/tbody>\n<\/table>\n<p>&nbsp;<\/p>\n\n\n\n<h2 class=\"wp-block-heading\"><strong>Prueba para ver si tu hijo ya conoce algunas palabras de acci\u00f3n<\/strong><\/h2>\n\n\n\n<p>Como siempre, cuando comience, es buena idea comprobar si su hijo puede elegir la imagen correcta sin ayuda. Coloque tres im\u00e1genes de acciones sobre la mesa y p\u00eddale a su hijo que toque una de las palabras de acci\u00f3n, por ejemplo: \u201ctoque beber\u201d o \u201ctoque leer\u201d. Si su hijo responde correctamente tres veces seguidas, con las im\u00e1genes en diferentes posiciones y sin ayuda, \u00a1excelente! Puede continuar con m\u00e1s im\u00e1genes. Si su hijo ya conoce algunas palabras de acci\u00f3n, incl\u00fayalas en la mezcla para reforzar lo aprendido.<\/p>\n\n\n\n<h2 class=\"wp-block-heading\"><strong>Programa de ense\u00f1anza: Palabras de acci\u00f3n receptivas<\/strong><\/h2>\n\n\n\n<p>Al igual que en los otros programas de lenguaje receptivo, comience con tres palabras de acci\u00f3n que su hijo vea o realice a diario. Es mejor no ense\u00f1ar \u201ccomer\u201d y \u201cbeber\u201d al mismo tiempo, ya que los ni\u00f1os pueden confundir las im\u00e1genes. Elija tres palabras de acci\u00f3n claramente diferentes entre s\u00ed.<\/p>\n\n\n\n<p>En el siguiente v\u00eddeo, la profesora presenta tres im\u00e1genes: leer, beber y dormir. El ni\u00f1o ya conoce \u201cbeber\u201d y \u201cdormir\u201d, pero est\u00e1 aprendiendo \u201cleer\u201d. Observe c\u00f3mo la profesora solo le da indicaciones cuando le pide que toque la imagen de \u201cleer\u201d. Lo refuerza cuando responde correctamente, tanto si necesita ayuda como si no.<\/p>\n\n\n<p><iframe loading=\"lazy\" title=\"Viggo-37 864x486\" src=\"https:\/\/player.vimeo.com\/video\/201767222?dnt=1&amp;app_id=122963\" width=\"864\" height=\"486\" frameborder=\"0\" allow=\"autoplay; fullscreen; picture-in-picture; clipboard-write; encrypted-media; web-share\" referrerpolicy=\"strict-origin-when-cross-origin\"><\/iframe><\/p>\n\n\n\n<p>Tambi\u00e9n habr\u00e1 notado que la profesora elogia al ni\u00f1o por tocar la imagen correcta y, a menudo, repite la palabra de acci\u00f3n en su elogio. Por ejemplo:<br>\u201c\u00a1Bien! \u00a1Buen trabajo! \u00a1Toc\u00f3 leer!\u201d Esto refuerza la conexi\u00f3n entre la imagen y la palabra.<\/p>\n\n\n\n<p>Como siempre, cuando ense\u00f1e a su hijo a elegir la imagen correcta de un grupo de tres, aseg\u00farese de cambiar la ubicaci\u00f3n de las im\u00e1genes despu\u00e9s de cada una o dos pruebas. Pres\u00e9ntelas en un orden impredecible (aleatorio). Reduzca gradualmente sus indicaciones hasta que su hijo haya aprendido bien las palabras de acci\u00f3n y pueda tocar o se\u00f1alar la imagen correcta de cualquier acci\u00f3n que usted nombre. Deber\u00eda ser capaz de hacerlo de manera constante o casi siempre.<\/p>\n\n\n\n<h2 class=\"wp-block-heading\"><strong>A\u00f1adir una cuarta imagen de acci\u00f3n<\/strong><br><\/h2>\n\n\n\n<p>Una vez que su hijo haya dominado las tres im\u00e1genes de acci\u00f3n y responda correctamente en al menos 8 de cada 10 intentos, puede introducir una nueva imagen de acci\u00f3n. M\u00e9zclela con dos im\u00e1genes que su hijo ya haya aprendido, present\u00e1ndolas en orden aleatorio. Por ejemplo, si su hijo puede se\u00f1alar con fiabilidad la imagen correcta cuando se le pide que toque <strong><em>\u201cbeber\u201d, \u201cleer\u201d o \u201cdormir\u201d<\/em><\/strong>, puede a\u00f1adir \u201c<strong><em>cocinar<\/em><\/strong>\u201d como la siguiente palabra de acci\u00f3n. Coloque una imagen de una persona cocinando sobre la mesa junto a otras dos im\u00e1genes familiares. A continuaci\u00f3n se muestra un ejemplo de c\u00f3mo introducir \u201ccocinar\u201d, cambiando la posici\u00f3n de las im\u00e1genes en cada intento:<br><\/p>\n\n\n\n<p><strong>Prueba n.\u00ba 1: <\/strong>\u00abSe\u00f1ala cocinar\u00bb (indicaci\u00f3n completa).<\/p>\n\n\n\n<figure class=\"wp-block-image size-full\"><a href=\"https:\/\/parenttraining.chip.uconn.edu\/wp-content\/uploads\/2025\/10\/mod11-aw-1.jpg\"><img loading=\"lazy\" decoding=\"async\" width=\"682\" height=\"211\" src=\"https:\/\/parenttraining.chip.uconn.edu\/wp-content\/uploads\/2025\/10\/mod11-aw-1.jpg\" alt=\"\" class=\"wp-image-8167\" srcset=\"https:\/\/parenttraining.chip.uconn.edu\/wp-content\/uploads\/2025\/10\/mod11-aw-1.jpg 682w, https:\/\/parenttraining.chip.uconn.edu\/wp-content\/uploads\/2025\/10\/mod11-aw-1-300x93.jpg 300w\" sizes=\"auto, (max-width: 682px) 100vw, 682px\" \/><\/a><\/figure>\n\n\n\n<p><strong>Prueba n.\u00ba 2: <\/strong>\u00ab Se\u00f1ala cocinar\u00bb (indicaci\u00f3n completa).<\/p>\n\n\n\n<figure class=\"wp-block-image size-full\"><a href=\"https:\/\/parenttraining.chip.uconn.edu\/wp-content\/uploads\/2025\/10\/mod11-aw-2.jpg\"><img loading=\"lazy\" decoding=\"async\" width=\"673\" height=\"202\" src=\"https:\/\/parenttraining.chip.uconn.edu\/wp-content\/uploads\/2025\/10\/mod11-aw-2.jpg\" alt=\"\" class=\"wp-image-8169\" srcset=\"https:\/\/parenttraining.chip.uconn.edu\/wp-content\/uploads\/2025\/10\/mod11-aw-2.jpg 673w, https:\/\/parenttraining.chip.uconn.edu\/wp-content\/uploads\/2025\/10\/mod11-aw-2-300x90.jpg 300w\" sizes=\"auto, (max-width: 673px) 100vw, 673px\" \/><\/a><\/figure>\n\n\n\n<p><strong>Prueba n.\u00ba 3: <\/strong>\u00ab Se\u00f1ala dormir\u00bb (sin indicaci\u00f3n).<\/p>\n\n\n\n<figure class=\"wp-block-image size-full\"><a href=\"https:\/\/parenttraining.chip.uconn.edu\/wp-content\/uploads\/2025\/10\/mod11-aw3.jpg\"><img loading=\"lazy\" decoding=\"async\" width=\"664\" height=\"180\" src=\"https:\/\/parenttraining.chip.uconn.edu\/wp-content\/uploads\/2025\/10\/mod11-aw3.jpg\" alt=\"\" class=\"wp-image-8170\" srcset=\"https:\/\/parenttraining.chip.uconn.edu\/wp-content\/uploads\/2025\/10\/mod11-aw3.jpg 664w, https:\/\/parenttraining.chip.uconn.edu\/wp-content\/uploads\/2025\/10\/mod11-aw3-300x81.jpg 300w\" sizes=\"auto, (max-width: 664px) 100vw, 664px\" \/><\/a><\/figure>\n\n\n\n<p>&nbsp;<\/p>\n\n\n\n<p><strong>Prueba n.\u00ba 4: <\/strong>\u00ab Se\u00f1ala cocinar\u00bb. (Indicaci\u00f3n se\u00f1alando la imagen de cocinar y tocando realmente la imagen con el dedo).<br><\/p>\n\n\n\n<figure class=\"wp-block-image size-full\"><a href=\"https:\/\/parenttraining.chip.uconn.edu\/wp-content\/uploads\/2025\/10\/mod11-aw-4.jpg\"><img loading=\"lazy\" decoding=\"async\" width=\"628\" height=\"178\" src=\"https:\/\/parenttraining.chip.uconn.edu\/wp-content\/uploads\/2025\/10\/mod11-aw-4.jpg\" alt=\"\" class=\"wp-image-8171\" srcset=\"https:\/\/parenttraining.chip.uconn.edu\/wp-content\/uploads\/2025\/10\/mod11-aw-4.jpg 628w, https:\/\/parenttraining.chip.uconn.edu\/wp-content\/uploads\/2025\/10\/mod11-aw-4-300x85.jpg 300w\" sizes=\"auto, (max-width: 628px) 100vw, 628px\" \/><\/a><\/figure>\n\n\n\n<p><strong>Prueba n.\u00ba 5: <\/strong>\u00ab Se\u00f1ala leer\u00bb. (Sin indicaci\u00f3n).<br><\/p>\n\n\n\n<figure class=\"wp-block-image size-full\"><a href=\"https:\/\/parenttraining.chip.uconn.edu\/wp-content\/uploads\/2025\/10\/mod11-aw-5.jpg\"><img loading=\"lazy\" decoding=\"async\" width=\"595\" height=\"181\" src=\"https:\/\/parenttraining.chip.uconn.edu\/wp-content\/uploads\/2025\/10\/mod11-aw-5.jpg\" alt=\"\" class=\"wp-image-8172\" srcset=\"https:\/\/parenttraining.chip.uconn.edu\/wp-content\/uploads\/2025\/10\/mod11-aw-5.jpg 595w, https:\/\/parenttraining.chip.uconn.edu\/wp-content\/uploads\/2025\/10\/mod11-aw-5-300x91.jpg 300w\" sizes=\"auto, (max-width: 595px) 100vw, 595px\" \/><\/a><\/figure>\n\n\n\n<p><strong>Prueba n.\u00ba 6: <\/strong>\u00ab Se\u00f1ala cocinar\u00bb. (Indicaci\u00f3n con el dedo a unos cent\u00edmetros de la imagen).<br><\/p>\n\n\n\n<figure class=\"wp-block-image size-full\"><a href=\"https:\/\/parenttraining.chip.uconn.edu\/wp-content\/uploads\/2025\/10\/mod11-aw-6.jpg\"><img loading=\"lazy\" decoding=\"async\" width=\"625\" height=\"184\" src=\"https:\/\/parenttraining.chip.uconn.edu\/wp-content\/uploads\/2025\/10\/mod11-aw-6.jpg\" alt=\"\" class=\"wp-image-8173\" srcset=\"https:\/\/parenttraining.chip.uconn.edu\/wp-content\/uploads\/2025\/10\/mod11-aw-6.jpg 625w, https:\/\/parenttraining.chip.uconn.edu\/wp-content\/uploads\/2025\/10\/mod11-aw-6-300x88.jpg 300w\" sizes=\"auto, (max-width: 625px) 100vw, 625px\" \/><\/a><\/figure>\n\n\n\n<p><strong>Prueba n.\u00ba 7: <\/strong>\u00abBeber al tacto\u00bb. (Sin indicaci\u00f3n).<br><\/p>\n\n\n\n<figure class=\"wp-block-image size-full\"><a href=\"https:\/\/parenttraining.chip.uconn.edu\/wp-content\/uploads\/2025\/10\/mod11-aw-7.jpg\"><img loading=\"lazy\" decoding=\"async\" width=\"603\" height=\"181\" src=\"https:\/\/parenttraining.chip.uconn.edu\/wp-content\/uploads\/2025\/10\/mod11-aw-7.jpg\" alt=\"\" class=\"wp-image-8174\" srcset=\"https:\/\/parenttraining.chip.uconn.edu\/wp-content\/uploads\/2025\/10\/mod11-aw-7.jpg 603w, https:\/\/parenttraining.chip.uconn.edu\/wp-content\/uploads\/2025\/10\/mod11-aw-7-300x90.jpg 300w\" sizes=\"auto, (max-width: 603px) 100vw, 603px\" \/><\/a><\/figure>\n\n\n\n<p><strong>Prueba n.\u00ba 8: <\/strong>\u00abCocinar al tacto\u00bb. (Indique con el dedo a unos cent\u00edmetros de la imagen).<br><\/p>\n\n\n\n<figure class=\"wp-block-image size-full\"><a href=\"https:\/\/parenttraining.chip.uconn.edu\/wp-content\/uploads\/2025\/10\/mod11-aw8.jpg\"><img loading=\"lazy\" decoding=\"async\" width=\"594\" height=\"190\" src=\"https:\/\/parenttraining.chip.uconn.edu\/wp-content\/uploads\/2025\/10\/mod11-aw8.jpg\" alt=\"\" class=\"wp-image-8175\" srcset=\"https:\/\/parenttraining.chip.uconn.edu\/wp-content\/uploads\/2025\/10\/mod11-aw8.jpg 594w, https:\/\/parenttraining.chip.uconn.edu\/wp-content\/uploads\/2025\/10\/mod11-aw8-300x96.jpg 300w\" sizes=\"auto, (max-width: 594px) 100vw, 594px\" \/><\/a><\/figure>\n\n\n\n<p><strong>Prueba n.\u00ba 9: <\/strong>\u00abCocinar al tacto\u00bb (prueba, es decir, no dar indicaciones y ver si puede se\u00f1alar correctamente sin ayuda).<br><\/p>\n\n\n\n<figure class=\"wp-block-image size-full\"><a href=\"https:\/\/parenttraining.chip.uconn.edu\/wp-content\/uploads\/2025\/10\/mod11-aw9.jpg\"><img loading=\"lazy\" decoding=\"async\" width=\"606\" height=\"177\" src=\"https:\/\/parenttraining.chip.uconn.edu\/wp-content\/uploads\/2025\/10\/mod11-aw9.jpg\" alt=\"\" class=\"wp-image-8176\" srcset=\"https:\/\/parenttraining.chip.uconn.edu\/wp-content\/uploads\/2025\/10\/mod11-aw9.jpg 606w, https:\/\/parenttraining.chip.uconn.edu\/wp-content\/uploads\/2025\/10\/mod11-aw9-300x88.jpg 300w\" sizes=\"auto, (max-width: 606px) 100vw, 606px\" \/><\/a><\/figure>\n\n\n\n<p><strong>Prueba n.\u00ba 10<\/strong>: Si el ni\u00f1o responde correctamente en la prueba n.\u00ba 9, el\u00f3gielo con entusiasmo y recomp\u00e9nselo con una golosina. Puede hacer una pausa o presentar una prueba adicional, repitiendo la acci\u00f3n \u201ccocinar\u201d o utilizando una acci\u00f3n que ya haya aprendido, como \u201cbeber\u201d. \u00a1Procure terminar siempre con una nota positiva! Recuerde cambiar el orden de las pruebas en cada sesi\u00f3n de aprendizaje y tambi\u00e9n de un d\u00eda para otro, para mantener la atenci\u00f3n del ni\u00f1o y favorecer la generalizaci\u00f3n.<\/p>\n\n\n\n<h2 class=\"wp-block-heading\"><strong>Utilice diferentes im\u00e1genes de personas realizando la misma acci\u00f3n<\/strong><\/h2>\n\n\n\n<p>Una vez que su hijo haya aprendido cuatro o cinco palabras de acci\u00f3n con un primer conjunto de im\u00e1genes, repita el programa de ense\u00f1anza utilizando diferentes im\u00e1genes de las mismas acciones. Use im\u00e1genes que muestren a personas distintas realizando la misma acci\u00f3n con diferentes objetos, para fomentar la generalizaci\u00f3n. Por ejemplo, si ha ense\u00f1ado \u201cleer\u201d con una imagen de un ni\u00f1o peque\u00f1o leyendo un libro, puede usar despu\u00e9s una imagen de una ni\u00f1a leyendo una revista. Esto ayudar\u00e1 a su hijo a comprender el significado de \u201cleer\u201d m\u00e1s all\u00e1 de una persona o un tipo espec\u00edfico de material.<\/p>\n\n\n\n<p>Introduzca nuevas im\u00e1genes de una acci\u00f3n a la vez. Es posible que su hijo necesite volver a aprender cada nueva imagen. Mant\u00e9ngase trabajando con este grupo reducido de acciones sin a\u00f1adir otras nuevas hasta que su hijo pueda tocar o se\u00f1alar f\u00e1cilmente cualquier acci\u00f3n que usted nombre. Si realmente ha aprendido la acci\u00f3n, podr\u00e1 identificarla incluso en nuevas im\u00e1genes que representen la misma conducta. Esto demuestra que su hijo comprende verdaderamente el significado de la palabra asociada a esa acci\u00f3n. A\u00f1ada nuevas palabras de acci\u00f3n gradualmente, una por una, utilizando este mismo m\u00e9todo.<\/p>\n\n\n\n<p>Recuerde mantener una lista actualizada de las palabras de acci\u00f3n que su hijo ha aprendido y a\u00f1adir a la lista cada vez que incorpore una nueva palabra.<\/p>\n\n\n\n<h2 class=\"wp-block-heading\"><strong>PALABRAS DE ACCI\u00d3N DOMINADAS<\/strong><\/h2>\n\n\n\n<ul class=\"wp-block-list\">\n<li>Beber<\/li>\n\n\n\n<li>Dormir<\/li>\n\n\n\n<li>Leer<\/li>\n\n\n\n<li>Cocinar<\/li>\n<\/ul>\n\n\n\n<p class=\"has-text-align-center\"><a href=\"https:\/\/parenttraining.chip.uconn.edu\/index.php\/body-parts\/\"><\/a><strong><a href=\"https:\/\/parenttraining.chip.uconn.edu\/index.php\/language\/es\/partes-del-cuerpo\/\">Siguiente: Partes del cuerpo<\/a><br><\/strong><\/p>\n\n\n","protected":false},"excerpt":{"rendered":"<div class=\"entry-summary\">\nEnse\u00f1ar a los ni\u00f1os palabras de acci\u00f3n (verbos) es muy similar a ense\u00f1arles los nombres de personas conocidas. Necesitar\u00e1 un&hellip;\n<\/div>\n<div class=\"link-more\"><a href=\"https:\/\/parenttraining.chip.uconn.edu\/index.php\/language\/es\/palabras-de-accion\/\" class=\"more-link\">Continue reading<span class=\"screen-reader-text\"> &ldquo;Palabras de acci\u00f3n&rdquo;<\/span>&hellip;<\/a><\/div>\n","protected":false},"author":497,"featured_media":0,"parent":0,"menu_order":0,"comment_status":"closed","ping_status":"closed","template":"","meta":{"footnotes":""},"class_list":["post-8833","page","type-page","status-publish","hentry","entry"],"_links":{"self":[{"href":"https:\/\/parenttraining.chip.uconn.edu\/index.php\/wp-json\/wp\/v2\/pages\/8833","targetHints":{"allow":["GET"]}}],"collection":[{"href":"https:\/\/parenttraining.chip.uconn.edu\/index.php\/wp-json\/wp\/v2\/pages"}],"about":[{"href":"https:\/\/parenttraining.chip.uconn.edu\/index.php\/wp-json\/wp\/v2\/types\/page"}],"author":[{"embeddable":true,"href":"https:\/\/parenttraining.chip.uconn.edu\/index.php\/wp-json\/wp\/v2\/users\/497"}],"replies":[{"embeddable":true,"href":"https:\/\/parenttraining.chip.uconn.edu\/index.php\/wp-json\/wp\/v2\/comments?post=8833"}],"version-history":[{"count":19,"href":"https:\/\/parenttraining.chip.uconn.edu\/index.php\/wp-json\/wp\/v2\/pages\/8833\/revisions"}],"predecessor-version":[{"id":10743,"href":"https:\/\/parenttraining.chip.uconn.edu\/index.php\/wp-json\/wp\/v2\/pages\/8833\/revisions\/10743"}],"wp:attachment":[{"href":"https:\/\/parenttraining.chip.uconn.edu\/index.php\/wp-json\/wp\/v2\/media?parent=8833"}],"curies":[{"name":"wp","href":"https:\/\/api.w.org\/{rel}","templated":true}]}}