{"id":8825,"date":"2026-01-09T19:27:35","date_gmt":"2026-01-10T00:27:35","guid":{"rendered":"https:\/\/parenttraining.chip.uconn.edu\/?page_id=8825"},"modified":"2026-03-29T20:48:28","modified_gmt":"2026-03-30T00:48:28","slug":"personas-conocidas","status":"publish","type":"page","link":"https:\/\/parenttraining.chip.uconn.edu\/index.php\/language\/es\/personas-conocidas\/","title":{"rendered":"\u00a0Personas conocidas"},"content":{"rendered":"\n<h2 class=\"wp-block-heading\"><b>Tome fotograf\u00edas de personas importantes en la vida de su hijo<\/b><\/h2>\n\n\n\n<p><span style=\"font-weight: 400;\">Cuando est\u00e9 listo para comenzar a ense\u00f1ar a su hijo a entender los nombres de las personas importantes en su vida, deber\u00e1 tomar algunas fotos de esas personas. Piense en los miembros de la familia, los profesores y los amigos con los que su hijo pasa m\u00e1s tiempo. La mayor\u00eda de los ni\u00f1os comienzan con los nombres de sus padres, hermanos, abuelos, t\u00edos y amigos cercanos de la familia.<\/span><\/p>\n\n\n\n<p><span style=\"font-weight: 400;\">Si el ni\u00f1o asiste a la escuela o a una guarder\u00eda, tambi\u00e9n puede incluir a los maestros o cuidadores y a otros dos o tres ni\u00f1os con los que se relacione con frecuencia. Asimismo, debe incluir fotos de su hijo. Aunque ya haya aprendido a responder a s<\/span><span style=\"font-weight: 400;\">u nombre cuando lo oye, es buena idea que tambi\u00e9n sea capaz de reconocer su propia foto.<\/span><\/p>\n\n\n\n<blockquote class=\"wp-block-quote is-layout-flow wp-block-quote-is-layout-flow\">\n<p><span style=\"font-weight: 400;\">Puede comenzar con una sola foto de cada persona, aunque con el tiempo necesitar\u00e1 tres o cuatro fotos de cada una, preferiblemente con ropa diferente y en habitaciones o lugares distintos.<\/span><\/p>\n<\/blockquote>\n\n\n\n<p><span style=\"font-weight: 400;\">Si una persona usa gafas, pero no siempre, tenga una foto de esa persona con gafas y otra sin ellas. Si alguien tiene el pelo largo, puede tener una foto con el pelo suelto y otra recogido en una coleta.<\/span><\/p>\n<p><span style=\"font-weight: 400;\">Aseg\u00farese de que solo aparezca una persona por foto. El primer conjunto de im\u00e1genes que utilice debe estar tomado desde el pecho y los hombros hacia arriba, enfoc\u00e1ndose principalmente en el rostro de la persona.<\/span><\/p>\n\n\n\n<figure class=\"wp-block-table\"><table class=\"has-fixed-layout\"><tbody><tr><td><figure><a href=\"https:\/\/parenttraining.chip.uconn.edu\/wp-content\/uploads\/2016\/08\/face1.jpg\"><img loading=\"lazy\" decoding=\"async\" class=\"alignnone wp-image-3714\" src=\"https:\/\/parenttraining.chip.uconn.edu\/wp-content\/uploads\/2016\/08\/face1.jpg\" alt=\"face1\" width=\"109\" height=\"143\"><\/a><\/figure><\/td><td><figure><a href=\"https:\/\/parenttraining.chip.uconn.edu\/wp-content\/uploads\/2016\/08\/face2.jpg\"><img loading=\"lazy\" decoding=\"async\" class=\"alignnone wp-image-3715\" src=\"https:\/\/parenttraining.chip.uconn.edu\/wp-content\/uploads\/2016\/08\/face2.jpg\" alt=\"face2\" width=\"142\" height=\"140\"><\/a><\/figure><\/td><td><figure><a href=\"https:\/\/parenttraining.chip.uconn.edu\/wp-content\/uploads\/2016\/08\/face3.jpg\"><img loading=\"lazy\" decoding=\"async\" class=\"alignnone wp-image-3716\" src=\"https:\/\/parenttraining.chip.uconn.edu\/wp-content\/uploads\/2016\/08\/face3.jpg\" alt=\"face3\" width=\"102\" height=\"135\"><\/a><\/figure><\/td><\/tr><\/tbody><\/table><\/figure>\n\n\n\n<h2 class=\"wp-block-heading\"><strong>Compruebe si su hijo ya conoce los nombres de algunas personas conocidas<\/strong><\/h2>\n\n\n\n<p>Al igual que en los otros programas de lenguaje receptivo que hemos comentado hasta ahora, comience con tres personas conocidas por su hijo. Como siempre, es buena idea comprobar si su hijo es capaz de elegir la imagen correcta a la primera. Simplemente coloque las im\u00e1genes de las tres personas conocidas que haya elegido para empezar. Si considera que su hijo ya reconoce el nombre de alguna persona en particular, como \u201cmam\u00e1\u201d o su profesora, \u201cla se\u00f1orita Ann\u201d, empiece con esos nombres en la mezcla. Diga uno de los nombres, por ejemplo, \u201cpap\u00e1\u201d o \u201cmam\u00e1\u201d, pero no le d\u00e9 pistas. Si responde correctamente tres veces seguidas, con las im\u00e1genes en diferentes posiciones y sin ayuda, \u00a1estupendo! Aseg\u00farese de incluir a esa persona entre las tres primeras con las que trabajar\u00e1, ya que eso puede ayudarle a aprender las dem\u00e1s m\u00e1s r\u00e1pidamente.<\/p>\n\n\n<p><iframe loading=\"lazy\" title=\"Preston-10 1920x1080\" src=\"https:\/\/player.vimeo.com\/video\/201764075?dnt=1&amp;app_id=122963\" width=\"1200\" height=\"675\" frameborder=\"0\" allow=\"autoplay; fullscreen; picture-in-picture; clipboard-write; encrypted-media; web-share\" referrerpolicy=\"strict-origin-when-cross-origin\"><\/iframe><\/p>\n\n\n\n<p>Aqu\u00ed hay otro punto importante: si comprueba que su hijo es capaz de elegir la imagen de una persona conocida, por ejemplo \u201cmam\u00e1\u201d, y acierta tres veces seguidas en diferentes lugares, eso no significa que lo tenga completamente asimilado ni que no necesite m\u00e1s pr\u00e1ctica. A menos que pueda hacerlo de forma consistente en varias series de pruebas, <strong><em>presentadas en un orden impredecible junto con otras im\u00e1genes<\/em><\/strong>, seguir\u00e1 siendo necesario seguir trabajando en ello. En el siguiente v\u00eddeo, cuando la profesora comienza a hacer la prueba de \u201cMiss Ann\u201d, el ni\u00f1o se\u00f1ala la imagen de \u201cmam\u00e1\u201d, posiblemente porque es la persona m\u00e1s familiar del grupo. Adem\u00e1s, ha recibido refuerzo por elegir la imagen de mam\u00e1 y a\u00fan no se le ha reforzado por elegir ninguna de las otras im\u00e1genes. En cualquier caso, si el ni\u00f1o se\u00f1ala la imagen de una persona cuando oye el nombre de otra, debe seguir practicando hasta distinguir y asociar correctamente cada nombre con la persona correspondiente.<\/p>\n\n\n\n<blockquote>\n<p>Si su hijo apunta a la foto de una persona cuando oye el nombre de otra, necesita seguir practicando los <strong><i>dos<\/i> <\/strong>nombres, aunque usted crea que ya se sabe uno.<\/p>\n<\/blockquote>\n\n\n\n<p>Cuando pruebe un nombre nuevo, si su hijo no responde o responde incorrectamente, simplemente coloque su mano en su regazo si es necesario, haga una breve pausa (de dos o tres segundos) y luego comience otra prueba. Esta vez, dele una indicaci\u00f3n de inmediato y recomp\u00e9nselo con entusiasmo por seguir su instrucci\u00f3n.<\/p>\n\n\n<p><iframe loading=\"lazy\" title=\"Preston-11 1920x1080\" src=\"https:\/\/player.vimeo.com\/video\/201764130?dnt=1&amp;app_id=122963\" width=\"1200\" height=\"675\" frameborder=\"0\" allow=\"autoplay; fullscreen; picture-in-picture; clipboard-write; encrypted-media; web-share\" referrerpolicy=\"strict-origin-when-cross-origin\"><\/iframe><\/p>\n\n\n\n<p>Si su hijo a\u00fan no habla, pero tiene hermanos que s\u00ed lo hacen, utilice la palabra o el apodo que los hermanos usan para referirse a la madre y al padre. Si no es as\u00ed, emplee los nombres con los que le gustar\u00eda que su hijo los llamara alg\u00fan d\u00eda, como \u201cmam\u00e1\u201d o \u201cmami\u201d. Como siempre, recompense las respuestas correctas de su hijo, ya sean sugeridas o independientes. Cuando lo elogie, es buena idea volver a mencionar el nombre. Por ejemplo, puede decir: \u201cHa se\u00f1alado a pap\u00e1.\u201d o \u201c\u00a1As\u00ed es! \u00a1Ese es pap\u00e1!\u201d Si el padre est\u00e1 en la habitaci\u00f3n, mu\u00e9strele la imagen y diga algo como: \u201c\u00a1Mire! \u00a1Es pap\u00e1!\u201d, y p\u00eddale al padre que le d\u00e9 un abrazo o un choque de manos. Si es el padre quien est\u00e1 ense\u00f1ando durante esa sesi\u00f3n de aprendizaje, debe colocarse la mano en el pecho y decir algo como: \u201c\u00a1Ese soy yo! \u00a1Pap\u00e1!\u201d<\/p>\n\n\n\n<h2 class=\"wp-block-heading\"><strong>Programa de ense\u00f1anza para personas conocidas (receptivo)<\/strong><\/h2>\n\n\n\n<p>Ense\u00f1e a su hijo los tres primeros nombres, presentando las pruebas en un orden impredecible y cambiando la posici\u00f3n de las im\u00e1genes en la mayor\u00eda de las pruebas. Poco a poco, vaya reduciendo sus indicaciones hasta que su hijo haya aprendido bien los tres primeros nombres y toque o se\u00f1ale consistentemente la imagen de la persona cuyo nombre usted mencione.<\/p>\n\n\n\n<table style=\"width: 100%; border-collapse: collapse; background-color: #a0ded1;\">\n<tbody>\n<tr>\n<td style=\"width: 100%;\">\n<ul>\n<li aria-level=\"1\"><span>Coloque im\u00e1genes de tres personas diferentes sobre la mesa delante de su hijo.<\/span><\/li>\n<li aria-level=\"1\"><span>Dele una instrucci\u00f3n clara y sencilla. Por ejemplo, \u00abmam\u00e1\u00bb o \u00abtoca a mam\u00e1\u00bb.<\/span><\/li>\n<li aria-level=\"1\"><span>Utilice la menor cantidad de indicaciones que considere que pueden funcionar.<\/span><\/li>\n<li><span>Refuerce a su hijo cuando toque a la persona correcta.<\/span><\/li>\n<\/ul>\n<\/td>\n<\/tr>\n<\/tbody>\n<\/table>\n<p><span style=\"font-weight: 400;\">Una vez que su hijo domine las tres im\u00e1genes, es decir, cuando responda correctamente en al menos 8 de cada 10 intentos, puede a\u00f1adir una nueva imagen y presentarla en un orden impredecible junto con dos de las im\u00e1genes que ya domina. En el siguiente v\u00eddeo, la nueva imagen es una foto del \u201cabuelo\u201d. F\u00edjese en que esa es la \u00fanica imagen que se le muestra. La profesora va reduciendo sus indicaciones, primero tocando la imagen y luego se\u00f1al\u00e1ndola desde un poco m\u00e1s lejos, hasta comprobar si el ni\u00f1o elige la imagen correcta sin ayuda.<\/span><\/p>\n\n\n<p><iframe loading=\"lazy\" title=\"Preston-12 1920x1080\" src=\"https:\/\/player.vimeo.com\/video\/201764173?dnt=1&amp;app_id=122963\" width=\"1200\" height=\"675\" frameborder=\"0\" allow=\"autoplay; fullscreen; picture-in-picture; clipboard-write; encrypted-media; web-share\" referrerpolicy=\"strict-origin-when-cross-origin\"><\/iframe><\/p>\n\n\n\n<p> Contin\u00fae a\u00f1adiendo nuevas im\u00e1genes una por una, utilizando este mismo formato.<\/p>\n\n\n\n<h2 class=\"wp-block-heading\"><strong>Utilice varias im\u00e1genes diferentes de cada persona para trabajar la generalizaci\u00f3n<\/strong><\/h2>\n\n\n\n<p>Una vez que su hijo haya aprendido cuatro o cinco nombres utilizando el primer conjunto de im\u00e1genes, es una buena idea trabajar en la generalizaci\u00f3n de esas personas conocidas antes de a\u00f1adir m\u00e1s. En otras palabras, debe asegurarse de que su hijo pueda identificar a las personas conocidas por su nombre cuando utilice diferentes im\u00e1genes de cada una. Para ello, en lugar de a\u00f1adir fotos de nuevas personas, a\u00f1ada diferentes im\u00e1genes de las mismas personas. Como se mencion\u00f3 anteriormente, necesitar\u00e1 un conjunto de tres o cuatro im\u00e1genes de cada persona, con ligeras variaciones en cada una (ropa, \u00e1ngulo, fondo, etc.). Introduzca nuevas im\u00e1genes de una sola persona conocida a la vez. Por ejemplo, si le ense\u00f1\u00f3 \u201cpap\u00e1\u201d con una imagen de los hombros hacia arriba, la siguiente puede mostrar la parte superior del cuerpo completa, tal vez con una camisa diferente, junto con im\u00e1genes de otras dos personas que su hijo ya haya aprendido bien. Si su hijo no tiene dificultades con esto, \u00a1genial! Pero no se sorprenda si necesita ense\u00f1arle cada nueva imagen como lo hizo con la primera, durante un tiempo.<\/p>\n\n\n\n<p>Debe continuar trabajando con este mismo grupo reducido de personas, sin a\u00f1adir nuevas, hasta que su hijo pueda tocar o se\u00f1alar f\u00e1cilmente a cualquier persona del grupo, incluso cuando vea nuevas im\u00e1genes de esas mismas personas por primera vez. Recuerde a\u00f1adir los nombres de las personas conocidas que su hijo aprenda a su lista de palabras que comprende.<\/p>\n\n\n\n<h2 class=\"wp-block-heading\"><strong>Soluci\u00f3n de problemas<\/strong><\/h2>\n\n\n\n<p>Si su hijo tiene dificultades para aprender nombres o para reconocer diferentes fotos de la misma persona, puede probar el programa de <strong><em>emparejamiento de personas no id\u00e9nticas.<\/em><\/strong> Este es similar al programa de emparejamiento no id\u00e9ntico con objetos y animales. Coloque tres fotos de personas sobre la mesa. Entr\u00e9guele a su hijo una foto diferente de una de esas personas mientras dice el nombre correspondiente. Su hijo debe colocar esa foto encima de la otra foto de la misma persona. Ay\u00fadelo tanto como sea necesario y reduzca gradualmente sus indicaciones con el tiempo.<\/p>\n\n\n\n<p>Si su hijo tiene dificultades para identificar a alguien que est\u00e1 en la habitaci\u00f3n, pida a esa persona que sostenga una recompensa que le guste. Luego, diga al ni\u00f1o: \u201cEncuentre a [NOMBRE DE LA PERSONA]\u201d. Es posible que necesite una indicaci\u00f3n para empezar, pero tan pronto como se acerque a la persona con la indicaci\u00f3n, esta debe entregarle la recompensa inmediatamente, junto con elogios o cosquillas.<\/p>\n\n\n\n<table style=\"width: 100%; border-collapse: collapse; background-color: #a0ded1; border-style: solid; height: 378px;\">\n<tbody>\n<tr style=\"height: 378px;\">\n<td style=\"width: 100%; height: 378px;\">\n<p><strong>Ejemplo:<\/strong><\/p>\n<ul>\n<li style=\"font-weight: 400;\" aria-level=\"1\">Coloque una foto de mam\u00e1, pap\u00e1 y el abuelo sobre la mesa.<\/li>\n<li style=\"font-weight: 400;\" aria-level=\"1\">Entr\u00e9guele al ni\u00f1o una foto diferente de pap\u00e1, en la que lleve una camisa distinta a la de la foto que est\u00e1 sobre la mesa.<\/li>\n<li style=\"font-weight: 400;\" aria-level=\"1\">Diga: \u201cpap\u00e1\u201d o \u201cempareje a pap\u00e1\u201d.<\/li>\n<li style=\"font-weight: 400;\" aria-level=\"1\">Si es necesario, ind\u00edquele que coloque la foto de pap\u00e1 que le ha entregado encima de la foto de pap\u00e1 que est\u00e1 sobre la mesa.<\/li>\n<li style=\"font-weight: 400;\" aria-level=\"1\">Refuerce al ni\u00f1o por emparejar correctamente las fotos.<\/li>\n<li style=\"font-weight: 400;\" aria-level=\"1\">Reduzca gradualmente sus indicaciones hasta que el ni\u00f1o pueda emparejar diferentes fotos de las tres personas antes de a\u00f1adir nuevas im\u00e1genes.<\/li>\n<\/ul>\n<\/td>\n<\/tr>\n<\/tbody>\n<\/table>\n\n\n\n<p>Si necesita un recordatorio sobre c\u00f3mo hacerlo, simplemente revise la explicaci\u00f3n sobre emparejamiento no id\u00e9ntico anterior. Los pasos son los mismos.<br><\/p>\n\n\n\n<p class=\"has-text-align-center wp-block-heading\"><a href=\"https:\/\/parenttraining.chip.uconn.edu\/index.php\/action-words\/\"><\/a><strong><a href=\"https:\/\/parenttraining.chip.uconn.edu\/index.php\/language\/es\/palabras-de-accion\/\">Siguiente: Palabras de acci\u00f3n<\/a><br><\/strong><\/p>\n\n\n","protected":false},"excerpt":{"rendered":"<div class=\"entry-summary\">\nTome fotograf\u00edas de personas importantes en la vida de su hijo Cuando est\u00e9 listo para comenzar a ense\u00f1ar a su&hellip;\n<\/div>\n<div class=\"link-more\"><a href=\"https:\/\/parenttraining.chip.uconn.edu\/index.php\/language\/es\/personas-conocidas\/\" class=\"more-link\">Continue reading<span class=\"screen-reader-text\"> &ldquo;\u00a0Personas conocidas&rdquo;<\/span>&hellip;<\/a><\/div>\n","protected":false},"author":497,"featured_media":0,"parent":0,"menu_order":0,"comment_status":"closed","ping_status":"closed","template":"","meta":{"footnotes":""},"class_list":["post-8825","page","type-page","status-publish","hentry","entry"],"_links":{"self":[{"href":"https:\/\/parenttraining.chip.uconn.edu\/index.php\/wp-json\/wp\/v2\/pages\/8825","targetHints":{"allow":["GET"]}}],"collection":[{"href":"https:\/\/parenttraining.chip.uconn.edu\/index.php\/wp-json\/wp\/v2\/pages"}],"about":[{"href":"https:\/\/parenttraining.chip.uconn.edu\/index.php\/wp-json\/wp\/v2\/types\/page"}],"author":[{"embeddable":true,"href":"https:\/\/parenttraining.chip.uconn.edu\/index.php\/wp-json\/wp\/v2\/users\/497"}],"replies":[{"embeddable":true,"href":"https:\/\/parenttraining.chip.uconn.edu\/index.php\/wp-json\/wp\/v2\/comments?post=8825"}],"version-history":[{"count":33,"href":"https:\/\/parenttraining.chip.uconn.edu\/index.php\/wp-json\/wp\/v2\/pages\/8825\/revisions"}],"predecessor-version":[{"id":10917,"href":"https:\/\/parenttraining.chip.uconn.edu\/index.php\/wp-json\/wp\/v2\/pages\/8825\/revisions\/10917"}],"wp:attachment":[{"href":"https:\/\/parenttraining.chip.uconn.edu\/index.php\/wp-json\/wp\/v2\/media?parent=8825"}],"curies":[{"name":"wp","href":"https:\/\/api.w.org\/{rel}","templated":true}]}}