{"id":8821,"date":"2026-01-09T18:53:56","date_gmt":"2026-01-09T23:53:56","guid":{"rendered":"https:\/\/parenttraining.chip.uconn.edu\/?page_id=8821"},"modified":"2026-02-11T03:22:38","modified_gmt":"2026-02-11T08:22:38","slug":"formas-receptivas","status":"publish","type":"page","link":"https:\/\/parenttraining.chip.uconn.edu\/index.php\/language\/es\/formas-receptivas\/","title":{"rendered":"Formas receptivas"},"content":{"rendered":"<p><span style=\"font-weight: 400;\">Cuando ense\u00f1e a su hijo las formas, siga el mismo enfoque que utiliz\u00f3 con las palabras para los objetos y los colores. <\/span><span style=\"font-weight: 400;\">Comience colocando tres tarjetas con formas o figuras recortadas sobre la mesa. Para evitar confusiones con los colores, puede utilizar formas completamente negras al principio. <\/span><span style=\"font-weight: 400;\">Estos son algunos ejemplos de materiales que puede utilizar:<\/span><\/p>\n<p style=\"text-align: justify;\"><a href=\"https:\/\/parenttraining.chip.uconn.edu\/wp-content\/uploads\/2015\/07\/136.jpg\"><img loading=\"lazy\" decoding=\"async\" class=\"size-medium wp-image-1418 aligncenter\" src=\"https:\/\/parenttraining.chip.uconn.edu\/wp-content\/uploads\/2015\/07\/136-300x289.jpg\" alt=\"136\" width=\"300\" height=\"289\" srcset=\"https:\/\/parenttraining.chip.uconn.edu\/wp-content\/uploads\/2015\/07\/136-300x289.jpg 300w, https:\/\/parenttraining.chip.uconn.edu\/wp-content\/uploads\/2015\/07\/136.jpg 430w\" sizes=\"auto, (max-width: 300px) 100vw, 300px\" \/><\/a><\/p>\n<p><span style=\"font-weight: 400;\">Por ejemplo, si coloca un cuadrado, un c\u00edrculo y un tri\u00e1ngulo delante de su hijo, etiquete una de las formas, como \u201cc\u00edrculo\u201d, y p\u00eddale que toque el c\u00edrculo.<\/span><\/p>\n<p style=\"text-align: justify;\"><a href=\"https:\/\/parenttraining.chip.uconn.edu\/wp-content\/uploads\/2015\/07\/137.jpg\"><img loading=\"lazy\" decoding=\"async\" class=\"size-medium wp-image-1419 aligncenter\" src=\"https:\/\/parenttraining.chip.uconn.edu\/wp-content\/uploads\/2015\/07\/137-300x145.jpg\" alt=\"137\" width=\"300\" height=\"145\" srcset=\"https:\/\/parenttraining.chip.uconn.edu\/wp-content\/uploads\/2015\/07\/137-300x145.jpg 300w, https:\/\/parenttraining.chip.uconn.edu\/wp-content\/uploads\/2015\/07\/137.jpg 690w\" sizes=\"auto, (max-width: 300px) 100vw, 300px\" \/><\/a><\/p>\n<p><span style=\"font-weight: 400;\">Recuerde cambiar con frecuencia la posici\u00f3n de las tarjetas con formas y presentar las pruebas en orden aleatorio, sin seguir ning\u00fan patr\u00f3n. Y, por supuesto, recompense a su hijo con elogios o con cualquier otra cosa que considere que le pueda gustar.<\/span><\/p>\n<p><span style=\"font-weight: 400;\">Como de costumbre, comience con un conjunto de tres formas. Una vez que las haya aprendido, a\u00f1ada una nueva forma cada vez. Presente siempre la nueva forma en orden aleatorio, mezclada con dos de las formas que el ni\u00f1o ya haya aprendido. <\/span><span style=\"font-weight: 400;\">Este es el mismo enfoque que hemos comentado para los objetos y los colores. <\/span><span style=\"font-weight: 400;\">Se sugiere comenzar con el c\u00edrculo, el cuadrado y el tri\u00e1ngulo. A continuaci\u00f3n, puede a\u00f1adir el rect\u00e1ngulo, seguido del \u00f3valo, el coraz\u00f3n y la estrella, en el orden que prefiera.<\/span><\/p>\n<table style=\"width: 100%; border-collapse: collapse; background-color: #a0ded1;\">\n<tbody>\n<tr>\n<td style=\"width: 836px;\">\n<ul>\n<li style=\"font-weight: 400;\" aria-level=\"1\"><span style=\"font-weight: 400;\">Coloque tres tarjetas con formas diferentes sobre la mesa delante de su hijo.<\/span><\/li>\n<li style=\"font-weight: 400;\" aria-level=\"1\"><span style=\"font-weight: 400;\">D\u00e9 una instrucci\u00f3n clara y sencilla. Por ejemplo, \u00abC\u00edrculo\u00bb o \u00abToca el c\u00edrculo\u00bb.<\/span><\/li>\n<li style=\"font-weight: 400;\" aria-level=\"1\"><span style=\"font-weight: 400;\">Utilice una indicaci\u00f3n que considere eficaz. Con el tiempo, utilizar\u00e1 indicaciones m\u00e1s breves.<\/span><\/li>\n<li style=\"font-weight: 400;\" aria-level=\"1\"><span style=\"font-weight: 400;\">Refuerce a su hijo cuando toque la forma correcta.<\/span><\/li>\n<\/ul>\n<\/td>\n<\/tr>\n<\/tbody>\n<\/table>\n<p><span style=\"font-weight: 400;\">A medida que su hijo aprenda las palabras relacionadas con las formas, recuerde a\u00f1adir las palabras que ya domine a su lista de palabras que comprende.<\/span><\/p>\n<p style=\"text-align: justify;\"><a href=\"https:\/\/parenttraining.chip.uconn.edu\/wp-content\/uploads\/2015\/07\/138.png\"><img loading=\"lazy\" decoding=\"async\" class=\"wp-image-1420 aligncenter\" src=\"https:\/\/parenttraining.chip.uconn.edu\/wp-content\/uploads\/2015\/07\/138-86x300.png\" alt=\"138\" width=\"101\" height=\"352\" srcset=\"https:\/\/parenttraining.chip.uconn.edu\/wp-content\/uploads\/2015\/07\/138-86x300.png 86w, https:\/\/parenttraining.chip.uconn.edu\/wp-content\/uploads\/2015\/07\/138.png 138w\" sizes=\"auto, (max-width: 101px) 100vw, 101px\" \/><\/a><\/p>\n<h2 style=\"text-align: justify;\"><b>Trabajar la generalizaci\u00f3n de las palabras relacionadas con las formas y las combinaciones de colores y formas<\/b><\/h2>\n<p><span style=\"font-weight: 400;\">Para ampliar el conocimiento de su hijo sobre los nombres de las formas en su entorno, puede se\u00f1alarle diversas formas en libros y rompecabezas. Tambi\u00e9n puede aplicar este mismo programa de ense\u00f1anza utilizando formas de diferentes tama\u00f1os y colores. <em><strong>Si su hijo ha aprendido las palabras que designan las formas y conoce las palabras que designan los colores, compruebe si es capaz de identificar combinaciones espec\u00edficas de colores y formas cuando se las indique.<\/strong><\/em> Por ejemplo, coloque un cuadrado azul, un tri\u00e1ngulo rojo y un c\u00edrculo amarillo, y p\u00eddale a su hijo que encuentre el c\u00edrculo amarillo.<\/span><\/p>\n<p style=\"text-align: justify;\"><a href=\"https:\/\/parenttraining.chip.uconn.edu\/wp-content\/uploads\/2015\/07\/139.png\"><img loading=\"lazy\" decoding=\"async\" class=\"alignnone size-full wp-image-1421\" src=\"https:\/\/parenttraining.chip.uconn.edu\/wp-content\/uploads\/2015\/07\/139.png\" alt=\"139\" width=\"144\" height=\"142\" \/><\/a><a href=\"https:\/\/parenttraining.chip.uconn.edu\/wp-content\/uploads\/2015\/07\/140.png\"><img loading=\"lazy\" decoding=\"async\" class=\"alignnone size-medium wp-image-1422\" src=\"https:\/\/parenttraining.chip.uconn.edu\/wp-content\/uploads\/2015\/07\/140.png\" alt=\"140\" width=\"167\" height=\"148\" \/><img loading=\"lazy\" decoding=\"async\" class=\"alignnone size-medium wp-image-1423\" src=\"https:\/\/parenttraining.chip.uconn.edu\/wp-content\/uploads\/2015\/07\/141.png\" alt=\"141\" width=\"153\" height=\"153\" srcset=\"https:\/\/parenttraining.chip.uconn.edu\/wp-content\/uploads\/2015\/07\/141.png 153w, https:\/\/parenttraining.chip.uconn.edu\/wp-content\/uploads\/2015\/07\/141-150x150.png 150w\" sizes=\"auto, (max-width: 153px) 100vw, 153px\" \/><\/a><\/p>\n<p><span style=\"font-weight: 400;\">Si su hijo se desempe\u00f1a bien con este nivel de dificultad, puede hacerlo un poco m\u00e1s desafiante. Utilice combinaciones de colores y formas que var\u00eden solo en un atributo. Por ejemplo, coloque un cuadrado azul, un tri\u00e1ngulo rojo y un cuadrado rojo, y preg\u00fantele: \u201c\u00bfD\u00f3nde est\u00e1 el cuadrado rojo?\u201d.<\/span><\/p>\n<p style=\"text-align: justify;\"><a href=\"https:\/\/parenttraining.chip.uconn.edu\/wp-content\/uploads\/2015\/07\/139.png\"><img loading=\"lazy\" decoding=\"async\" class=\"alignnone size-full wp-image-1421\" src=\"https:\/\/parenttraining.chip.uconn.edu\/wp-content\/uploads\/2015\/07\/139.png\" alt=\"139\" width=\"144\" height=\"142\" \/><\/a>\u00a0<a href=\"https:\/\/parenttraining.chip.uconn.edu\/wp-content\/uploads\/2015\/07\/140.png\"><img loading=\"lazy\" decoding=\"async\" class=\"alignnone size-medium wp-image-1422\" src=\"https:\/\/parenttraining.chip.uconn.edu\/wp-content\/uploads\/2015\/07\/140.png\" alt=\"140\" width=\"167\" height=\"148\" \/><\/a>\u00a0\u00a0<a href=\"https:\/\/parenttraining.chip.uconn.edu\/wp-content\/uploads\/2015\/07\/142.png\"><img loading=\"lazy\" decoding=\"async\" class=\"alignnone size-medium wp-image-1424\" src=\"https:\/\/parenttraining.chip.uconn.edu\/wp-content\/uploads\/2015\/07\/142.png\" alt=\"142\" width=\"133\" height=\"133\" \/><\/a><\/p>\n<p><span style=\"font-weight: 400;\">Dado que hay otra forma que es roja (el tri\u00e1ngulo) y tambi\u00e9n otro cuadrado de un color diferente (azul), su hijo tendr\u00e1 que escuchar con atenci\u00f3n para responder correctamente.<\/span><\/p>\n<p><span style=\"font-weight: 400;\">Tambi\u00e9n puede empezar a ense\u00f1arle los conceptos de grande y peque\u00f1o, pidi\u00e9ndole que encuentre la forma grande frente a la forma peque\u00f1a.<\/span><\/p>\n<p style=\"text-align: justify;\"><a href=\"https:\/\/parenttraining.chip.uconn.edu\/wp-content\/uploads\/2015\/07\/143.png\"><img loading=\"lazy\" decoding=\"async\" class=\" wp-image-1425 alignnone\" src=\"https:\/\/parenttraining.chip.uconn.edu\/wp-content\/uploads\/2015\/07\/143.png\" alt=\"143\" width=\"328\" height=\"164\" \/><\/a>\u00a0<a href=\"https:\/\/parenttraining.chip.uconn.edu\/wp-content\/uploads\/2015\/07\/144.png\"><img loading=\"lazy\" decoding=\"async\" class=\"alignnone wp-image-1426\" src=\"https:\/\/parenttraining.chip.uconn.edu\/wp-content\/uploads\/2015\/07\/144.png\" alt=\"144\" width=\"62\" height=\"31\" \/><\/a><\/p>\n<p><span style=\"font-weight: 400;\">Por supuesto, si su hijo demuestra habilidad para aprender los nombres de las formas, tambi\u00e9n puede ense\u00f1arle otras formas adicionales. Sin embargo, especialmente en el caso de los ni\u00f1os peque\u00f1os, es m\u00e1s importante que dediquen tiempo a aprender otras palabras relevantes, como los nombres de personas importantes en sus vidas o palabras relacionadas con acciones. A continuaci\u00f3n, analizaremos estos dos programas de ense\u00f1anza.<\/span><\/p>\n<p style=\"text-align: center;\"><a href=\"https:\/\/parenttraining.chip.uconn.edu\/index.php\/language\/es\/personas-conocidas\/\"><b>Siguiente: Personas conocidas<\/b><\/a><\/p>\n","protected":false},"excerpt":{"rendered":"<div class=\"entry-summary\">\nCuando ense\u00f1e a su hijo las formas, siga el mismo enfoque que utiliz\u00f3 con las palabras para los objetos y&hellip;\n<\/div>\n<div class=\"link-more\"><a href=\"https:\/\/parenttraining.chip.uconn.edu\/index.php\/language\/es\/formas-receptivas\/\" class=\"more-link\">Continue reading<span class=\"screen-reader-text\"> &ldquo;Formas receptivas&rdquo;<\/span>&hellip;<\/a><\/div>\n","protected":false},"author":497,"featured_media":0,"parent":0,"menu_order":0,"comment_status":"closed","ping_status":"closed","template":"","meta":{"footnotes":""},"class_list":["post-8821","page","type-page","status-publish","hentry","entry"],"_links":{"self":[{"href":"https:\/\/parenttraining.chip.uconn.edu\/index.php\/wp-json\/wp\/v2\/pages\/8821","targetHints":{"allow":["GET"]}}],"collection":[{"href":"https:\/\/parenttraining.chip.uconn.edu\/index.php\/wp-json\/wp\/v2\/pages"}],"about":[{"href":"https:\/\/parenttraining.chip.uconn.edu\/index.php\/wp-json\/wp\/v2\/types\/page"}],"author":[{"embeddable":true,"href":"https:\/\/parenttraining.chip.uconn.edu\/index.php\/wp-json\/wp\/v2\/users\/497"}],"replies":[{"embeddable":true,"href":"https:\/\/parenttraining.chip.uconn.edu\/index.php\/wp-json\/wp\/v2\/comments?post=8821"}],"version-history":[{"count":8,"href":"https:\/\/parenttraining.chip.uconn.edu\/index.php\/wp-json\/wp\/v2\/pages\/8821\/revisions"}],"predecessor-version":[{"id":10095,"href":"https:\/\/parenttraining.chip.uconn.edu\/index.php\/wp-json\/wp\/v2\/pages\/8821\/revisions\/10095"}],"wp:attachment":[{"href":"https:\/\/parenttraining.chip.uconn.edu\/index.php\/wp-json\/wp\/v2\/media?parent=8821"}],"curies":[{"name":"wp","href":"https:\/\/api.w.org\/{rel}","templated":true}]}}