{"id":8791,"date":"2026-01-09T17:31:35","date_gmt":"2026-01-09T22:31:35","guid":{"rendered":"https:\/\/parenttraining.chip.uconn.edu\/?page_id=8791"},"modified":"2026-03-30T05:15:18","modified_gmt":"2026-03-30T09:15:18","slug":"modulo-11-comprension-del-lenguaje","status":"publish","type":"page","link":"https:\/\/parenttraining.chip.uconn.edu\/index.php\/language\/es\/modulo-11-comprension-del-lenguaje\/","title":{"rendered":"M\u00f3dulo 11: Comprensi\u00f3n del lenguaje"},"content":{"rendered":"<p>En este m\u00f3dulo comenzaremos con algunas habilidades de emparejamiento m\u00e1s avanzadas, as\u00ed como con la clasificaci\u00f3n de objetos en categor\u00edas. A continuaci\u00f3n, le ense\u00f1aremos a su hijo a comprender palabras sencillas, como objetos de la casa o personas conocidas. Comenzaremos con \u00abLo que su hijo ya deber\u00eda saber\u00bb, que se encuentra a continuaci\u00f3n. Despu\u00e9s, siga cada una de estas secciones en el orden indicado. Al final de cada secci\u00f3n, encontrar\u00e1 un enlace a la siguiente. En el siguiente m\u00f3dulo (M\u00f3dulo 12), pasaremos a ense\u00f1arle a su hijo a decir las palabras que le ha ense\u00f1ado a comprender. Este es un m\u00f3dulo largo. Contiene muchas cosas que quiz\u00e1 quiera probar con su hijo. Quiz\u00e1 quiera leerlo y luego decidir por d\u00f3nde empezar con \u00e9l, o bien leer solo las tres primeras secciones (Lo que su hijo ya deber\u00eda saber, Emparejamiento no id\u00e9ntico y Emparejamiento de im\u00e1genes con objetos, Objetos receptivos y Animales) y trabajar en ellas antes de continuar con el resto. <span style=\"font-weight: 400;\">Recuerde: no tiene que hacer todo lo que se describe en este m\u00f3dulo. Vea lo que su hijo ya sabe y empiece por ah\u00ed, o simplemente haga las tres primeras secciones y vuelva a las secciones posteriores en otro momento.<\/span><\/p>\n<p style=\"text-align: center;\"><a href=\"https:\/\/parenttraining.chip.uconn.edu\/index.php\/language\/es\/emparejamiento-de-objetos-no-identicos-y-emparejamiento-de-imagenes-con-objetos\/\"><span style=\"font-weight: 400;\">Emparejamiento no id\u00e9ntico y emparejamiento de im\u00e1genes con objetos\u00a0<\/span><\/a><\/p>\n<p style=\"text-align: center;\"><a href=\"https:\/\/parenttraining.chip.uconn.edu\/index.php\/language\/es\/objetos-y-animales-receptivos\/\"><span style=\"font-weight: 400;\">Objetos receptivos y animales<\/span><\/a><\/p>\n<p style=\"text-align: center;\"><a href=\"https:\/\/parenttraining.chip.uconn.edu\/index.php\/language\/es\/colores-receptivos\/\"><span style=\"font-weight: 400;\">Colores receptivos<\/span><\/a><\/p>\n<p style=\"text-align: center;\"><a href=\"https:\/\/parenttraining.chip.uconn.edu\/index.php\/language\/es\/formas-receptivas\/\"><span style=\"font-weight: 400;\">Formas receptivas<\/span><\/a><\/p>\n<p style=\"text-align: center;\"><a href=\"https:\/\/parenttraining.chip.uconn.edu\/index.php\/language\/es\/personas-conocidas\/\"><span style=\"font-weight: 400;\">Personas conocidas<\/span><\/a><\/p>\n<p style=\"text-align: center;\"><a href=\"https:\/\/parenttraining.chip.uconn.edu\/index.php\/language\/es\/palabras-de-accion\/\"><span style=\"font-weight: 400;\">Palabras de acci\u00f3n<\/span><\/a><\/p>\n<p style=\"text-align: center;\"><a href=\"https:\/\/parenttraining.chip.uconn.edu\/index.php\/language\/es\/partes-del-cuerpo\/\"><span style=\"font-weight: 400;\">Partes del cuerpo<\/span><\/a><\/p>\n<p style=\"text-align: center;\"><a href=\"https:\/\/parenttraining.chip.uconn.edu\/index.php\/language\/es\/clasificar-por-categorias\/\"><span style=\"font-weight: 400;\">Clasificaci\u00f3n por categor\u00eda<\/span><\/a><\/p>\n<p style=\"text-align: center;\"><a href=\"https:\/\/parenttraining.chip.uconn.edu\/index.php\/language\/es\/categorias-receptivas\/\"><span style=\"font-weight: 400;\">Categor\u00edas receptivas<\/span><\/a><\/p>\n<p style=\"text-align: center;\"><a href=\"https:\/\/parenttraining.chip.uconn.edu\/index.php\/language\/es\/cuestionario-sobre-lenguaje-receptivo\/\"><span style=\"font-weight: 400;\">M\u00f3dulo 11 Comprensi\u00f3n del lenguaje Cuestionario<\/span><\/a><\/p>\n<h2 style=\"text-align: justify;\">Lo que su hijo ya deber\u00eda saber<\/h2>\n<p><span style=\"font-weight: 400;\">Si ha probado algunos de los m\u00e9todos de ense\u00f1anza que hemos comentado, es posible que est\u00e9 listo para ense\u00f1ar algunas habilidades tempranas de pensamiento y lenguaje. Antes de hacerlo, es importante tener una base s\u00f3lida en las habilidades que se describen a continuaci\u00f3n. A continuaci\u00f3n, comenzaremos mostr\u00e1ndole c\u00f3mo ense\u00f1ar a su hijo a emparejar objetos que son similares pero no exactamente iguales. Tambi\u00e9n le mostraremos c\u00f3mo emparejar im\u00e1genes con objetos. Antes de comenzar con estos programas de ense\u00f1anza, aseg\u00farese de que su hijo haya aprendido la idea de <a href=\"https:\/\/parenttraining.chip.uconn.edu\/index.php\/language\/es\/emparejar\/\">emparejar objetos id\u00e9nticos<\/a> del m\u00f3dulo 9 y que pueda hacerlo la mayor\u00eda de las veces cuando se le pida.<\/span><\/p>\n<p><span style=\"font-weight: 400;\">Tambi\u00e9n es importante que se sienta c\u00f3modo utilizando indicaciones. Adem\u00e1s, debe saber cu\u00e1ndo reforzar a su hijo mientras le ense\u00f1a. Su hijo debe ser capaz de hacer lo siguiente:<\/span><\/p>\n<ul>\n<li style=\"font-weight: 400;\" aria-level=\"1\"><span style=\"font-weight: 400;\">Se\u00f1alar las cosas que quiere, preferiblemente con contacto visual.<\/span><\/li>\n<li style=\"font-weight: 400;\" aria-level=\"1\"><span style=\"font-weight: 400;\">Mirar lo que usted est\u00e1 se\u00f1alando.<\/span><\/li>\n<li style=\"font-weight: 400;\" aria-level=\"1\"><span style=\"font-weight: 400;\">Imitar sus acciones, con y sin objetos.<\/span><\/li>\n<li style=\"font-weight: 400;\" aria-level=\"1\"><span style=\"font-weight: 400;\">Completar al menos algunas tareas sencillas de principio a fin, como un rompecabezas o un clasificador de formas, mientras est\u00e1 sentado tranquilamente con usted.<\/span><\/li>\n<li style=\"font-weight: 400;\" aria-level=\"1\"><span style=\"font-weight: 400;\">Hacer lo que usted le pida al menos 10 veces seguidas.<\/span><\/li>\n<li style=\"font-weight: 400;\" aria-level=\"1\"><span style=\"font-weight: 400;\">Mirarle cuando usted le hable.<\/span><\/li>\n<li style=\"font-weight: 400;\" aria-level=\"1\"><span style=\"font-weight: 400;\">Seguir algunas instrucciones sencillas con y sin objetos.<\/span><\/li>\n<\/ul>\n<p><span style=\"font-weight: 400;\">Si su hijo no puede hacer la mayor\u00eda de estas cosas, es mejor revisar los m\u00f3dulos anteriores y seguir trabajando en esas habilidades hasta que pueda realizarlas bien. Si cree que usted y su hijo est\u00e1n listos, continuemos.<\/span><\/p>\n<p style=\"text-align: center;\"><a href=\"https:\/\/parenttraining.chip.uconn.edu\/index.php\/language\/es\/emparejamiento-de-objetos-no-identicos-y-emparejamiento-de-imagenes-con-objetos\/\"><b>Siguiente: Emparejamiento de objetos no id\u00e9nticos y emparejamiento de im\u00e1genes con objetos<\/b><\/a><\/p>\n","protected":false},"excerpt":{"rendered":"<div class=\"entry-summary\">\nEn este m\u00f3dulo comenzaremos con algunas habilidades de emparejamiento m\u00e1s avanzadas, as\u00ed como con la clasificaci\u00f3n de objetos en categor\u00edas.&hellip;\n<\/div>\n<div class=\"link-more\"><a href=\"https:\/\/parenttraining.chip.uconn.edu\/index.php\/language\/es\/modulo-11-comprension-del-lenguaje\/\" class=\"more-link\">Continue reading<span class=\"screen-reader-text\"> &ldquo;M\u00f3dulo 11: Comprensi\u00f3n del lenguaje&rdquo;<\/span>&hellip;<\/a><\/div>\n","protected":false},"author":497,"featured_media":3540,"parent":0,"menu_order":0,"comment_status":"closed","ping_status":"closed","template":"","meta":{"footnotes":""},"class_list":["post-8791","page","type-page","status-publish","has-post-thumbnail","hentry","entry"],"_links":{"self":[{"href":"https:\/\/parenttraining.chip.uconn.edu\/index.php\/wp-json\/wp\/v2\/pages\/8791","targetHints":{"allow":["GET"]}}],"collection":[{"href":"https:\/\/parenttraining.chip.uconn.edu\/index.php\/wp-json\/wp\/v2\/pages"}],"about":[{"href":"https:\/\/parenttraining.chip.uconn.edu\/index.php\/wp-json\/wp\/v2\/types\/page"}],"author":[{"embeddable":true,"href":"https:\/\/parenttraining.chip.uconn.edu\/index.php\/wp-json\/wp\/v2\/users\/497"}],"replies":[{"embeddable":true,"href":"https:\/\/parenttraining.chip.uconn.edu\/index.php\/wp-json\/wp\/v2\/comments?post=8791"}],"version-history":[{"count":6,"href":"https:\/\/parenttraining.chip.uconn.edu\/index.php\/wp-json\/wp\/v2\/pages\/8791\/revisions"}],"predecessor-version":[{"id":11028,"href":"https:\/\/parenttraining.chip.uconn.edu\/index.php\/wp-json\/wp\/v2\/pages\/8791\/revisions\/11028"}],"wp:featuredmedia":[{"embeddable":true,"href":"https:\/\/parenttraining.chip.uconn.edu\/index.php\/wp-json\/wp\/v2\/media\/3540"}],"wp:attachment":[{"href":"https:\/\/parenttraining.chip.uconn.edu\/index.php\/wp-json\/wp\/v2\/media?parent=8791"}],"curies":[{"name":"wp","href":"https:\/\/api.w.org\/{rel}","templated":true}]}}