{"id":8716,"date":"2026-01-08T10:28:32","date_gmt":"2026-01-08T15:28:32","guid":{"rendered":"https:\/\/parenttraining.chip.uconn.edu\/?page_id=8716"},"modified":"2026-02-15T16:46:47","modified_gmt":"2026-02-15T21:46:47","slug":"categorias-expresivas","status":"publish","type":"page","link":"https:\/\/parenttraining.chip.uconn.edu\/index.php\/language\/es\/categorias-expresivas\/","title":{"rendered":"Categor\u00edas expresivas"},"content":{"rendered":"<p><span style=\"font-weight: 400;\">A continuaci\u00f3n, vamos a hablar de c\u00f3mo ense\u00f1ar a su hijo a etiquetar las categor\u00edas a las que pertenecen los objetos. Para este programa de ense\u00f1anza, puede utilizar las mismas im\u00e1genes que ha estado utilizando para todos los programas de ense\u00f1anza receptiva y expresiva.<\/span><\/p>\n<h2 style=\"text-align: justify;\">Lo que su hijo debe saber antes de comenzar este programa de ense\u00f1anza<\/h2>\n<p style=\"text-align: justify;\">No debe comenzar el programa de ense\u00f1anza de categor\u00edas expresivas hasta que su hijo haya dominado al menos tres categor\u00edas del programa de ense\u00f1anza de categor\u00edas receptivas. En otras palabras, debe ser capaz de se\u00f1alar objetos de al menos tres categor\u00edas diferentes cuando usted diga los nombres de esas categor\u00edas. Por ejemplo, si tiene una imagen de una galleta, un perro y una camisa sobre la mesa, su hijo deber\u00eda ser capaz de elegir la imagen correcta cuando le pregunte cu\u00e1l es un alimento, un animal o una prenda de ropa. Deber\u00eda ser capaz de hacerlo sin ayuda. Tambi\u00e9n deber\u00eda haber dominado al menos 5 etiquetas expresivas de cada una de esas tres categor\u00edas.<\/p>\n<p>Por ejemplo, si su hijo a\u00fan no es capaz de decir \u00absopa\u00bb cuando le muestra un plato de sopa o una imagen de un plato de sopa, no debe utilizar la sopa como ejemplo de comida cuando le ense\u00f1e las categor\u00edas expresivas. A veces, ense\u00f1ar a un ni\u00f1o a etiquetar la categor\u00eda de una palabra que a\u00fan no puede decir hace que el ni\u00f1o confunda la etiqueta de la categor\u00eda con la etiqueta del objeto en s\u00ed. En el caso de la sopa, puede aprender err\u00f3neamente que la palabra para ese plato de caldo caliente que come con una cuchara es \u00abcomida\u00bb.<\/p>\n<blockquote>\n<p style=\"text-align: justify;\">Y aqu\u00ed hay otro punto importante: nunca debe utilizar un objeto que su hijo no pueda nombrar en mente cuando le ense\u00f1e la etiqueta de la categor\u00eda a la que pertenece ese objeto.<\/p>\n<\/blockquote>\n<p style=\"text-align: justify;\"><span style=\"font-weight: 400;\">Aqu\u00ed hay una lista de nueve categor\u00edas comunes que le mostramos cuando hablamos del programa de ense\u00f1anza de las categor\u00edas receptivas.<\/span><\/p>\n<table style=\"background-color: #a0ded1; width: 99.1901%;\">\n<tbody>\n<tr>\n<td style=\"width: 28.2452%;\"><b> Alimentos (incluidas las bebidas)<\/b><\/td>\n<td style=\"width: 32.9327%;\"><b>Animales<\/b><\/td>\n<td style=\"width: 37.5%;\"><b>Ropa (incluido el calzado)<\/b><\/td>\n<\/tr>\n<tr>\n<td style=\"width: 28.2452%;\"><span style=\"font-weight: 400;\">Muebles<\/span><\/td>\n<td style=\"width: 32.9327%;\"><span style=\"font-weight: 400;\">Veh\u00edculos<\/span><\/td>\n<td style=\"width: 37.5%;\"><span style=\"font-weight: 400;\">Partes del cuerpo<\/span><\/td>\n<\/tr>\n<tr>\n<td style=\"width: 28.2452%;\"><span style=\"font-weight: 400;\">Colores<\/span><\/td>\n<td style=\"width: 32.9327%;\"><span style=\"font-weight: 400;\">Formas<\/span><\/td>\n<td style=\"width: 37.5%;\"><span style=\"font-weight: 400;\">Electrodom\u00e9sticos<\/span><\/td>\n<\/tr>\n<\/tbody>\n<\/table>\n<p style=\"text-align: justify;\">Comience con un conjunto de 5 a 7 elementos de cada una de las tres categor\u00edas. Aseg\u00farese de que su hijo pueda se\u00f1alar todos estos elementos cuando los etiquete y que tambi\u00e9n pueda etiquetarlos (decir las palabras) por s\u00ed mismo. A continuaci\u00f3n, se muestra un ejemplo de conjunto inicial de elementos en tres categor\u00edas.<\/p>\n<table style=\"background-color: #a0ded1; width: 100%; height: 184px;\">\n<tbody>\n<tr>\n<td style=\"width: 35.8333%;\"><b>Alimentos<\/b><\/td>\n<td style=\"width: 34.1666%;\"><b>Animales<\/b><\/td>\n<td style=\"width: 28.9286%;\"><b>Ropa<\/b><\/td>\n<\/tr>\n<tr>\n<td style=\"width: 35.8333%;\"><span style=\"font-weight: 400;\">Manzana<\/span><\/td>\n<td style=\"width: 34.1666%;\"><span style=\"font-weight: 400;\">Perro<\/span><\/td>\n<td style=\"width: 28.9286%;\"><span style=\"font-weight: 400;\">Calcet\u00edn<\/span><\/td>\n<\/tr>\n<tr>\n<td style=\"width: 35.8333%;\"><span style=\"font-weight: 400;\">Cheerios<\/span><\/td>\n<td style=\"width: 34.1666%;\"><span style=\"font-weight: 400;\">Gato<\/span><\/td>\n<td style=\"width: 28.9286%;\"><span style=\"font-weight: 400;\">Camisa<\/span><\/td>\n<\/tr>\n<tr>\n<td style=\"width: 35.8333%;\"><span style=\"font-weight: 400;\">Galleta<\/span><\/td>\n<td style=\"width: 34.1666%;\"><span style=\"font-weight: 400;\">Vaca<\/span><\/td>\n<td style=\"width: 28.9286%;\"><span style=\"font-weight: 400;\">Zapato(s)<\/span><\/td>\n<\/tr>\n<tr>\n<td style=\"width: 35.8333%;\"><span style=\"font-weight: 400;\">Pan<\/span><\/td>\n<td style=\"width: 34.1666%;\"><span style=\"font-weight: 400;\">Caballo<\/span><\/td>\n<td style=\"width: 28.9286%;\"><span style=\"font-weight: 400;\">Pantalones<\/span><\/td>\n<\/tr>\n<tr>\n<td style=\"width: 35.8333%;\"><span style=\"font-weight: 400;\">Yogur<\/span><\/td>\n<td style=\"width: 34.1666%;\"><span style=\"font-weight: 400;\">P\u00e1jaro<\/span><\/td>\n<td style=\"width: 28.9286%;\"><span style=\"font-weight: 400;\">Pantalones cortos<\/span><\/td>\n<\/tr>\n<tr>\n<td style=\"width: 35.8333%;\"><span style=\"font-weight: 400;\">Leche<\/span><\/td>\n<td style=\"width: 34.1666%;\"><span style=\"font-weight: 400;\">Elefante<\/span><\/td>\n<td style=\"width: 28.9286%;\"><span style=\"font-weight: 400;\">Vestido<\/span><\/td>\n<\/tr>\n<tr>\n<td style=\"width: 35.8333%;\"><span style=\"font-weight: 400;\">Pl\u00e1tano<\/span><\/td>\n<td style=\"width: 34.1666%;\"><span style=\"font-weight: 400;\">Jirafa<\/span><\/td>\n<td style=\"width: 28.9286%;\"><span style=\"font-weight: 400;\">Abrigo<\/span><\/td>\n<\/tr>\n<\/tbody>\n<\/table>\n<h2>Programa de ense\u00f1anza de categor\u00edas expresivas<\/h2>\n<p>Primero p\u00eddale que nombre la imagen pregunt\u00e1ndole: \u00ab\u00bfQu\u00e9 es esto?\u00bb. Por ejemplo, muestre una imagen de un perro y pregunte: \u00ab\u00bfQu\u00e9 es esto?\u00bb. Su hijo deber\u00eda responder diciendo \u00abperro\u00bb. El\u00f3gielo inmediatamente y luego preg\u00fantele: \u00ab\u00bfQu\u00e9 es un perro?\u00bb. A continuaci\u00f3n, an\u00edmelo a decir \u00abanimal\u00bb.<\/p>\n<p><iframe loading=\"lazy\" title=\"Preston-32 1920x1080\" src=\"https:\/\/player.vimeo.com\/video\/201765034?dnt=1&amp;app_id=122963\" width=\"1200\" height=\"675\" frameborder=\"0\" allow=\"autoplay; fullscreen; picture-in-picture; clipboard-write; encrypted-media; web-share\" referrerpolicy=\"strict-origin-when-cross-origin\"><\/iframe><\/p>\n<p>Cuando elogie a su hijo, aseg\u00farese de utilizar tanto el nombre del objeto como el nombre de la categor\u00eda. Esto es especialmente importante cuando acaba de empezar este programa. Por ejemplo, podr\u00eda decir: \u00ab\u00a1Muy bien! Un perro es un animal\u00bb. O \u00ab\u00a1Correcto! \u00a1Una galleta es comida!\u00bb. Y aseg\u00farese de reforzar algunas pruebas de cada grupo de 10 con otras recompensas si cree que esto ayudar\u00e1 a su hijo a mantener el inter\u00e9s y a seguir intent\u00e1ndolo. Por ejemplo, despu\u00e9s de cada pocas respuestas correctas, podr\u00eda ofrecerle un peque\u00f1o juguete para jugar, unas cosquillas, una peque\u00f1a golosina o un sorbo de su bebida favorita. Cualquiera de estas cosas podr\u00eda funcionar bien. Esto es especialmente cierto si reserva estas recompensas adicionales para las respuestas independientes.<\/p>\n<table style=\"background-color: #a0ded1;\">\n<tbody>\n<tr>\n<td>\n<ul>\n<li style=\"font-weight: 400;\" aria-level=\"1\"><span style=\"font-weight: 400;\">Muestre una imagen de un objeto que su hijo haya aprendido en el programa Expressive Labels.<\/span><\/li>\n<li style=\"font-weight: 400;\" aria-level=\"1\"><span style=\"font-weight: 400;\">Pregunte \u00ab\u00bfQu\u00e9 es?\u00bb o \u00ab\u00bfQu\u00e9 es esto?\u00bb.<\/span><\/li>\n<li style=\"font-weight: 400;\" aria-level=\"1\"><span style=\"font-weight: 400;\">Cuando su hijo etiquete la imagen (por ejemplo, \u00abperro\u00bb), el\u00f3gielo y luego preg\u00fantele: \u00ab\u00bfQu\u00e9 es un ____?\u00bb. En este caso, \u00ab\u00bfQu\u00e9 es un perro?\u00bb.<\/span><\/li>\n<li style=\"font-weight: 400;\" aria-level=\"1\"><span style=\"font-weight: 400;\">Ay\u00fadele seg\u00fan sea necesario utilizando una indicaci\u00f3n de imitaci\u00f3n verbal.<\/span><\/li>\n<li style=\"font-weight: 400;\" aria-level=\"1\"><span style=\"font-weight: 400;\">Refuerce a su hijo por etiquetar la categor\u00eda. Intente utilizar tanto la etiqueta del objeto como la etiqueta de la categor\u00eda en su elogio.<\/span><\/li>\n<\/ul>\n<\/td>\n<\/tr>\n<\/tbody>\n<\/table>\n<p>Reduzca sus indicaciones con el tiempo, hasta que su hijo pueda nombrar cualquier objeto y su categor\u00eda de cualquiera de las tres primeras categor\u00edas. Deber\u00eda ser capaz de hacerlo sin ayuda en al menos 8 de cada 10 intentos. Como de costumbre, para las tres primeras categor\u00edas, haga un seguimiento del progreso de su hijo en el conjunto de tres categor\u00edas. A\u00f1ada una cuarta categor\u00eda solo despu\u00e9s de que haya aprendido bien las tres primeras. Sabr\u00e1 que est\u00e1 listo para a\u00f1adir una cuarta categor\u00eda cuando acierte al menos 8 de cada 10 intentos.<\/p>\n<h2 style=\"text-align: justify;\">A\u00f1adir nuevas categor\u00edas<\/h2>\n<p><span style=\"font-weight: 400;\">Cuando a\u00f1ada la cuarta categor\u00eda, presente las im\u00e1genes mezcladas con las im\u00e1genes de las tres categor\u00edas que su hijo ha aprendido a etiquetar. Pres\u00e9ntelas en orden aleatorio. Por ejemplo, si su hijo ha aprendido alimentos, animales y ropa, entonces \u00abveh\u00edculos\u00bb podr\u00eda ser la nueva categor\u00eda. Presente intentos de \u00abveh\u00edculos\u00bb mezclados con intentos de alimentos, animales y ropa.<\/span><\/p>\n<p><span style=\"font-weight: 400;\">Recuerde presentar im\u00e1genes de varios veh\u00edculos (por ejemplo, un coche, un tren, un barco y un avi\u00f3n) al menos 4 veces de cada 10 intentos. Dedique el resto de los intentos a practicar elementos de categor\u00edas que su hijo ya haya aprendido. Estos podr\u00edan ser, por ejemplo, alimentos, animales y ropa. Y recuerde, probablemente tendr\u00e1 que sugerirle el nombre de la nueva categor\u00eda. Solo tiene que llevar un registro del rendimiento de su hijo con la nueva categor\u00eda. En este caso, la nueva categor\u00eda es \u00abveh\u00edculos\u00bb y \u00e9l ya deber\u00eda conocer las dem\u00e1s.<\/span><\/p>\n<h2 style=\"text-align: justify;\">Sugiera, refuerce y practique utilizando frases completas<\/h2>\n<p>\u00bfHa o\u00eddo a su hijo decir m\u00e1s de una palabra a la vez? \u00bfPide cosas utilizando m\u00e1s de una palabra? Por ejemplo, \u00abQuiero zumo\u00bb o \u00ab\u00bfZumo, por favor?\u00bb. Si es as\u00ed, puede intentar indicarle que responda utilizando una frase completa. Por ejemplo, podr\u00eda indicarle que diga \u00abEl perro es un animal\u00bb o \u00abUn perro es un animal\u00bb<\/p>\n<p>Contin\u00fae con este programa, a\u00f1adiendo una nueva categor\u00eda cada vez. Su hijo deber\u00eda ser capaz de nombrar los objetos y la categor\u00eda a la que pertenecen para todas las categor\u00edas que aprenda. Debe ense\u00f1arle al menos las categor\u00edas m\u00e1s comunes. Estas son: comida, ropa, animales, veh\u00edculos, muebles y partes del cuerpo.<\/p>\n<p>Si lo desea, puede seguir ense\u00f1\u00e1ndole nombres de categor\u00edas adicionales. Elija las categor\u00edas que le resulten m\u00e1s familiares a su hijo. Tendr\u00e1 que hacer m\u00e1s dibujos a medida que a\u00f1ada nuevas categor\u00edas, como instrumentos musicales y electrodom\u00e9sticos. Sin embargo, no necesitar\u00e1 hacer nuevos dibujos para los colores y las formas. A medida que a\u00f1ada nuevas categor\u00edas, aseg\u00farese de practicar todas las categor\u00edas que ya ha aprendido. Si su hijo utiliza una frase para decirle a qu\u00e9 categor\u00eda pertenece un objeto, intente colocar entre 5 y 10 tarjetas en fila sobre la mesa. P\u00eddale a su hijo que le describa las im\u00e1genes lo m\u00e1s r\u00e1pido posible.<\/p>\n<table>\n<tbody>\n<tr>\n<td style=\"text-align: center;\"><a href=\"https:\/\/parenttraining.chip.uconn.edu\/wp-content\/uploads\/2015\/07\/146.jpg\"><img loading=\"lazy\" decoding=\"async\" class=\"alignnone wp-image-1428\" src=\"https:\/\/parenttraining.chip.uconn.edu\/wp-content\/uploads\/2015\/07\/146.jpg\" alt=\"146\" width=\"134\" height=\"110\" \/><\/a>El perro es un animal<\/td>\n<td style=\"text-align: center;\"><img loading=\"lazy\" decoding=\"async\" class=\"alignnone size-full wp-image-3731\" src=\"https:\/\/parenttraining.chip.uconn.edu\/wp-content\/uploads\/2016\/08\/oreo.jpg\" alt=\"oreo\" width=\"120\" height=\"142\" \/><span style=\"font-weight: 400;\">Una galleta es comida<\/span><\/td>\n<td style=\"text-align: center;\"><img loading=\"lazy\" decoding=\"async\" class=\"alignnone wp-image-413\" src=\"https:\/\/parenttraining.chip.uconn.edu\/wp-content\/uploads\/2015\/07\/child-sized-shoes-300x213.jpg\" alt=\"child sized shoes\" width=\"168\" height=\"119\" srcset=\"https:\/\/parenttraining.chip.uconn.edu\/wp-content\/uploads\/2015\/07\/child-sized-shoes-300x213.jpg 300w, https:\/\/parenttraining.chip.uconn.edu\/wp-content\/uploads\/2015\/07\/child-sized-shoes.jpg 709w\" sizes=\"auto, (max-width: 168px) 100vw, 168px\" \/><span style=\"font-weight: 400;\">El zapato es ropa<\/span><\/td>\n<td style=\"text-align: center;\"><a href=\"https:\/\/parenttraining.chip.uconn.edu\/wp-content\/uploads\/2015\/07\/150.png\"><img loading=\"lazy\" decoding=\"async\" class=\"alignnone wp-image-1432\" src=\"https:\/\/parenttraining.chip.uconn.edu\/wp-content\/uploads\/2015\/07\/150.png\" alt=\"150\" width=\"173\" height=\"86\" \/><\/a><span style=\"font-weight: 400;\">Coche es un veh\u00edculo<\/span><\/td>\n<\/tr>\n<\/tbody>\n<\/table>\n<p><a href=\"https:\/\/parenttraining.chip.uconn.edu\/wp-content\/uploads\/2016\/05\/153.png\"><img loading=\"lazy\" decoding=\"async\" class=\"alignnone wp-image-1439\" src=\"https:\/\/parenttraining.chip.uconn.edu\/wp-content\/uploads\/2016\/05\/153.png\" alt=\"153\" width=\"106\" height=\"106\" \/><\/a><span style=\"font-weight: 400;\">\u00a0 \u00a0 \u00a0 \u00a0 \u00a0 \u00a0\u00a0<a href=\"https:\/\/parenttraining.chip.uconn.edu\/wp-content\/uploads\/2016\/05\/154.png\"><img loading=\"lazy\" decoding=\"async\" class=\"alignnone wp-image-1440\" src=\"https:\/\/parenttraining.chip.uconn.edu\/wp-content\/uploads\/2016\/05\/154.png\" alt=\"154\" width=\"120\" height=\"108\" \/><\/a><\/span><\/p>\n<p><span style=\"font-weight: 400;\">La camisa es ropa.\u00a0 La manzana es comida.<\/span><\/p>\n<p><b>O<\/b><\/p>\n<table style=\"width: 97.8571%; height: 288px;\">\n<tbody>\n<tr style=\"height: 288px;\">\n<td style=\"height: 288px;\"><a href=\"https:\/\/parenttraining.chip.uconn.edu\/wp-content\/uploads\/2016\/05\/190.png\"><img loading=\"lazy\" decoding=\"async\" class=\"alignnone size-full wp-image-1487\" src=\"https:\/\/parenttraining.chip.uconn.edu\/wp-content\/uploads\/2016\/05\/190.png\" alt=\"190\" width=\"196\" height=\"122\" \/><\/a>El avi\u00f3n es un veh\u00edculo<\/td>\n<td style=\"height: 288px;\"><img loading=\"lazy\" decoding=\"async\" class=\"alignnone size-full wp-image-1430\" src=\"https:\/\/parenttraining.chip.uconn.edu\/wp-content\/uploads\/2015\/07\/148.jpg\" alt=\"148\" width=\"159\" height=\"126\" \/>El caballo es un animal<\/td>\n<td style=\"height: 288px;\"><a href=\"https:\/\/parenttraining.chip.uconn.edu\/wp-content\/uploads\/2016\/05\/191.jpg\"><img loading=\"lazy\" decoding=\"async\" class=\"alignnone size-full wp-image-1488\" src=\"https:\/\/parenttraining.chip.uconn.edu\/wp-content\/uploads\/2016\/05\/191.jpg\" alt=\"191\" width=\"120\" height=\"149\" \/><\/a>El vestido es una prenda de vestir<\/td>\n<td style=\"height: 288px;\"><img loading=\"lazy\" decoding=\"async\" class=\"alignnone wp-image-1489\" src=\"https:\/\/parenttraining.chip.uconn.edu\/wp-content\/uploads\/2016\/05\/192.jpg\" alt=\"192\" width=\"152\" height=\"152\" srcset=\"https:\/\/parenttraining.chip.uconn.edu\/wp-content\/uploads\/2016\/05\/192.jpg 225w, https:\/\/parenttraining.chip.uconn.edu\/wp-content\/uploads\/2016\/05\/192-150x150.jpg 150w\" sizes=\"auto, (max-width: 152px) 100vw, 152px\" \/>Los pantalones son ropa<\/td>\n<\/tr>\n<\/tbody>\n<\/table>\n<p><span style=\"font-weight: 400;\"><a href=\"https:\/\/parenttraining.chip.uconn.edu\/wp-content\/uploads\/2015\/07\/picture72.png\"><img loading=\"lazy\" decoding=\"async\" class=\"alignnone wp-image-1313\" src=\"https:\/\/parenttraining.chip.uconn.edu\/wp-content\/uploads\/2015\/07\/picture72.png\" alt=\"picture72\" width=\"168\" height=\"116\" \/><\/a><\/span> <img loading=\"lazy\" decoding=\"async\" class=\"\" src=\"https:\/\/images.pexels.com\/photos\/207377\/pexels-photo-207377.jpeg?auto=compress&amp;cs=tinysrgb&amp;w=1260&amp;h=750&amp;dpr=1\" alt=\"Free A sleek double-decker train traveling on rural railway tracks on a sunny day. Stock Photo\" width=\"198\" height=\"136\" \/><\/p>\n<p><span style=\"font-weight: 400;\">El pl\u00e1tano es un alimento. El tren es un veh\u00edculo.<\/span><\/p>\n<p style=\"text-align: justify;\"><span style=\"font-weight: 400;\">P\u00eddale que se\u00f1ale cada imagen por turno, diciendo, por ejemplo: \u00abEl avi\u00f3n es un veh\u00edculo. El caballo es un animal. El vestido es una prenda de vestir. Etc.\u00bb. De esta manera, su hijo podr\u00e1 practicar con muchas de sus im\u00e1genes de categor\u00edas en muy poco tiempo. Solo recuerde mezclar el orden de las im\u00e1genes para que nunca sepa cu\u00e1l vendr\u00e1 a continuaci\u00f3n.<\/span><\/p>\n<p style=\"text-align: center;\"><a href=\"https:\/\/parenttraining.chip.uconn.edu\/index.php\/language\/es\/estructura-inicial-de-las-oraciones\/\"><b>Siguiente: Estructura inicial de las oraciones<\/b><\/a><\/p>\n","protected":false},"excerpt":{"rendered":"<div class=\"entry-summary\">\nA continuaci\u00f3n, vamos a hablar de c\u00f3mo ense\u00f1ar a su hijo a etiquetar las categor\u00edas a las que pertenecen los&hellip;\n<\/div>\n<div class=\"link-more\"><a href=\"https:\/\/parenttraining.chip.uconn.edu\/index.php\/language\/es\/categorias-expresivas\/\" class=\"more-link\">Continue reading<span class=\"screen-reader-text\"> &ldquo;Categor\u00edas expresivas&rdquo;<\/span>&hellip;<\/a><\/div>\n","protected":false},"author":497,"featured_media":0,"parent":0,"menu_order":0,"comment_status":"closed","ping_status":"closed","template":"","meta":{"footnotes":""},"class_list":["post-8716","page","type-page","status-publish","hentry","entry"],"_links":{"self":[{"href":"https:\/\/parenttraining.chip.uconn.edu\/index.php\/wp-json\/wp\/v2\/pages\/8716","targetHints":{"allow":["GET"]}}],"collection":[{"href":"https:\/\/parenttraining.chip.uconn.edu\/index.php\/wp-json\/wp\/v2\/pages"}],"about":[{"href":"https:\/\/parenttraining.chip.uconn.edu\/index.php\/wp-json\/wp\/v2\/types\/page"}],"author":[{"embeddable":true,"href":"https:\/\/parenttraining.chip.uconn.edu\/index.php\/wp-json\/wp\/v2\/users\/497"}],"replies":[{"embeddable":true,"href":"https:\/\/parenttraining.chip.uconn.edu\/index.php\/wp-json\/wp\/v2\/comments?post=8716"}],"version-history":[{"count":14,"href":"https:\/\/parenttraining.chip.uconn.edu\/index.php\/wp-json\/wp\/v2\/pages\/8716\/revisions"}],"predecessor-version":[{"id":10432,"href":"https:\/\/parenttraining.chip.uconn.edu\/index.php\/wp-json\/wp\/v2\/pages\/8716\/revisions\/10432"}],"wp:attachment":[{"href":"https:\/\/parenttraining.chip.uconn.edu\/index.php\/wp-json\/wp\/v2\/media?parent=8716"}],"curies":[{"name":"wp","href":"https:\/\/api.w.org\/{rel}","templated":true}]}}