{"id":8632,"date":"2026-01-06T12:59:04","date_gmt":"2026-01-06T17:59:04","guid":{"rendered":"https:\/\/parenttraining.chip.uconn.edu\/?page_id=8632"},"modified":"2026-02-14T17:34:15","modified_gmt":"2026-02-14T22:34:15","slug":"fase-1-del-pecs-iniciar-la-comunicacion","status":"publish","type":"page","link":"https:\/\/parenttraining.chip.uconn.edu\/index.php\/language\/es\/fase-1-del-pecs-iniciar-la-comunicacion\/","title":{"rendered":"Fase 1 del PECS: Iniciar la comunicaci\u00f3n"},"content":{"rendered":"<h2><b>Iniciar la comunicaci\u00f3n<\/b><\/h2>\n<p style=\"text-align: justify;\">Una vez que haya elegido al menos dos o tres de las recompensas que utilizar\u00e1 para ense\u00f1ar la fase 1 del PECS y haya hecho al menos una imagen para acompa\u00f1ar cada una de esas recompensas, es el momento de comenzar a ense\u00f1ar. Cuando empiece a ense\u00f1ar el PECS, ser\u00e1 mucho m\u00e1s f\u00e1cil y mejor trabajar con un ayudante, si es posible. De esa manera, habr\u00e1 una persona delante del ni\u00f1o y otra detr\u00e1s. Ambas personas deben estar a una distancia aproximada de un brazo del ni\u00f1o. Quiz\u00e1s tenga un amigo de la familia o un familiar, como la t\u00eda, el t\u00edo o los abuelos del ni\u00f1o. O tal vez su hijo tenga un hermano mayor. Casi cualquier persona puede aprender a desempe\u00f1ar ambos papeles. Y realmente es mejor hacerlo con dos personas al principio, si es posible.<br \/>La persona que est\u00e1 delante ser\u00e1 el \u00abcompa\u00f1ero de comunicaci\u00f3n\u00bb, o la persona a la que el ni\u00f1o dirigir\u00e1 su petici\u00f3n. La persona que est\u00e1 detr\u00e1s del ni\u00f1o le dar\u00e1 indicaciones mediante orientaci\u00f3n f\u00edsica. En secciones anteriores hemos hablado de diferentes tipos de indicaciones o se\u00f1ales, incluyendo las indicaciones f\u00edsicas suaves. Llamaremos a la persona que est\u00e1 detr\u00e1s del ni\u00f1o y le proporciona orientaci\u00f3n f\u00edsica \u00abindicador f\u00edsico\u00bb.<\/p>\n<p><iframe loading=\"lazy\" title=\"01-communicative.partner 720x486\" src=\"https:\/\/player.vimeo.com\/video\/199046310?dnt=1&amp;app_id=122963\" width=\"720\" height=\"480\" frameborder=\"0\" allow=\"autoplay; fullscreen; picture-in-picture; clipboard-write; encrypted-media; web-share\" referrerpolicy=\"strict-origin-when-cross-origin\"><\/iframe><\/p>\n<p><span style=\"background-color: #ffff00;\"><span style=\"background-color: #ffffff;\">\u00a0 \u00a0 \u00a0 \u00a0 \u00a0 \u00a0 \u00a0 \u00a0 \u00a0 \u00a0 \u00a0 \u00a0 \u00a0 \u00a0 \u00a0 \u00a0 \u00a0 \u00a0 \u00a0 \u00a0 \u00a0 \u00a0 \u00a0 \u00a0 <span style=\"font-weight: 400;\">Usado con permiso de PECSUSA.com<\/span><\/span><\/span><\/p>\n<p><span style=\"font-weight: 400;\">El compa\u00f1ero de comunicaci\u00f3n debe sostener una de las recompensas que ha elegido para su hijo. Debe ser algo que est\u00e9 casi seguro de que \u00e9l querr\u00e1 cuando lo vea. Adem\u00e1s, la imagen de la recompensa que haya seleccionado debe colocarse al alcance del ni\u00f1o. Aunque no es necesario comenzar este programa de ense\u00f1anza en un lugar especial, ser\u00e1 \u00fatil, sobre todo al principio, colocar la imagen sobre una superficie plana. Por ejemplo, si el ni\u00f1o est\u00e1 sentado en el suelo, puede colocar la imagen en el suelo delante de \u00e9l. Si el ni\u00f1o est\u00e1 de pie o sentado, puede colocar la imagen en una mesa baja o en una encimera junto al ni\u00f1o.<\/span><\/p>\n<p style=\"text-align: justify;\"><a href=\"https:\/\/parenttraining.chip.uconn.edu\/wp-content\/uploads\/2016\/07\/Jack-7_1920x1080_thumb24.jpg\"><img loading=\"lazy\" decoding=\"async\" class=\"wp-image-1996 aligncenter\" src=\"https:\/\/parenttraining.chip.uconn.edu\/wp-content\/uploads\/2016\/07\/Jack-7_1920x1080_thumb24-300x169.jpg\" alt=\"Jack-7_1920x1080 thumbnail\" width=\"332\" height=\"187\" srcset=\"https:\/\/parenttraining.chip.uconn.edu\/wp-content\/uploads\/2016\/07\/Jack-7_1920x1080_thumb24-300x169.jpg 300w, https:\/\/parenttraining.chip.uconn.edu\/wp-content\/uploads\/2016\/07\/Jack-7_1920x1080_thumb24-768x432.jpg 768w, https:\/\/parenttraining.chip.uconn.edu\/wp-content\/uploads\/2016\/07\/Jack-7_1920x1080_thumb24-1024x576.jpg 1024w, https:\/\/parenttraining.chip.uconn.edu\/wp-content\/uploads\/2016\/07\/Jack-7_1920x1080_thumb24-1170x658.jpg 1170w, https:\/\/parenttraining.chip.uconn.edu\/wp-content\/uploads\/2016\/07\/Jack-7_1920x1080_thumb24.jpg 1920w\" sizes=\"auto, (max-width: 332px) 100vw, 332px\" \/><\/a><\/p>\n<p><span style=\"font-weight: 400;\">Aunque es importante no utilizar SOLO recompensas alimenticias, probablemente sea m\u00e1s f\u00e1cil utilizar una recompensa alimenticia al menos durante las primeras pruebas. Esto se debe a que, una vez que se ha comido un peque\u00f1o trozo de golosina, no es necesario quitarle nada al ni\u00f1o para comenzar la siguiente prueba de aprendizaje. Adem\u00e1s, al darle al ni\u00f1o solo un peque\u00f1o trozo de su golosina favorita, es casi seguro que querr\u00e1 m\u00e1s. Adem\u00e1s, un trozo peque\u00f1o de comida es muy f\u00e1cil de manejar. Por supuesto, si no hay ninguna comida que sea una de las cosas favoritas de su hijo, entonces definitivamente debe comenzar con otra cosa que sea una de sus cosas favoritas.<\/span><\/p>\n<p><span style=\"font-weight: 400;\">Cuando se ense\u00f1a a un ni\u00f1o a hacer peticiones utilizando PECS, es importante que sea \u00e9l quien inicie la petici\u00f3n. Por lo tanto, sostenga la recompensa en la mano, directamente delante del ni\u00f1o, pero no diga nada. No haga preguntas como \u00ab\u00bfQuieres esto?\u00bb o \u00ab\u00bfQu\u00e9 quieres?\u00bb. Simplemente sostenga el objeto, permanezca en silencio y, cuando el ni\u00f1o lo alcance por primera vez, d\u00e9selo. Esto deber\u00eda reforzar su intento de alcanzarlo, lo que har\u00e1 m\u00e1s probable que contin\u00fae intent\u00e1ndolo cuando lo vea de nuevo.<\/span><\/p>\n<p style=\"text-align: justify;\"><span style=\"font-weight: 400;\">Una vez que el ni\u00f1o haya terminado con la recompensa, debe mostrarle otra pieza del mismo premio. Esta vez, la \u00abpersona que le da la indicaci\u00f3n f\u00edsica\u00bb (la persona que est\u00e1 de pie o sentada detr\u00e1s del ni\u00f1o) debe indicarle inmediatamente que coja la imagen del objeto y la coloque en su mano extendida.<\/span><\/p>\n<p><iframe loading=\"lazy\" title=\"Jack-3 1920x1080\" src=\"https:\/\/player.vimeo.com\/video\/199161447?dnt=1&amp;app_id=122963\" width=\"1200\" height=\"675\" frameborder=\"0\" allow=\"autoplay; fullscreen; picture-in-picture; clipboard-write; encrypted-media; web-share\" referrerpolicy=\"strict-origin-when-cross-origin\"><\/iframe><\/p>\n<p style=\"text-align: justify;\"><span style=\"font-weight: 400;\">Al principio, su hijo necesitar\u00e1 mucha ayuda para coger la imagen, entreg\u00e1rsela y soltarla en su mano, ya que no sabr\u00e1 lo que tiene que hacer. El asistente f\u00edsico debe colocar su mano sobre la del ni\u00f1o y guiarlo con sus manos para mostrarle lo que tiene que hacer y ayudarlo a hacerlo. Es muy importante hacerlo sin hablar, ofreciendo solo orientaci\u00f3n f\u00edsica desde atr\u00e1s. Con el tiempo, el asistente f\u00edsico debe ir reduciendo las indicaciones, ayudando cada vez menos al ni\u00f1o hasta que pueda hacerlo por s\u00ed mismo.<\/span><\/p>\n<p><iframe loading=\"lazy\" title=\"Jack-4 1920x1080\" src=\"https:\/\/player.vimeo.com\/video\/199161467?dnt=1&amp;app_id=122963\" width=\"1200\" height=\"675\" frameborder=\"0\" allow=\"autoplay; fullscreen; picture-in-picture; clipboard-write; encrypted-media; web-share\" referrerpolicy=\"strict-origin-when-cross-origin\"><\/iframe><\/p>\n<p><span style=\"font-weight: 400;\">\u00bfHa notado que el asistente f\u00edsico no interactu\u00f3 con el ni\u00f1o en absoluto, excepto para ofrecerle ayuda f\u00edsica desde atr\u00e1s? Esto se debe a que es importante que el ni\u00f1o centre su atenci\u00f3n en su compa\u00f1ero de comunicaci\u00f3n.<\/span><\/p>\n<p style=\"text-align: justify;\">Inmediatamente despu\u00e9s de completar el intercambio de im\u00e1genes, es decir, tan pronto como el ni\u00f1o le entregue la imagen, debe darle el objeto que ha solicitado y, al hacerlo, debe nombrar el objeto con un tono de voz alegre y entusiasta. As\u00ed, por ejemplo, si el ni\u00f1o le ha entregado una imagen de una galleta, debe darle inmediatamente un trozo peque\u00f1o de galleta mientras dice \u00ab\u00a1Galleta!\u00bb.<\/p>\n<p><iframe loading=\"lazy\" title=\"Jack-6 1920x1080\" src=\"https:\/\/player.vimeo.com\/video\/199161497?dnt=1&amp;app_id=122963\" width=\"1200\" height=\"675\" frameborder=\"0\" allow=\"autoplay; fullscreen; picture-in-picture; clipboard-write; encrypted-media; web-share\" referrerpolicy=\"strict-origin-when-cross-origin\"><\/iframe><\/p>\n<p style=\"text-align: justify;\">Adem\u00e1s, recuerde que despu\u00e9s de cada prueba, debe volver a colocar la imagen en un lugar al que el ni\u00f1o pueda acceder f\u00e1cilmente durante la siguiente prueba. Debe seguir practicando, utilizando la recompensa que haya elegido, mientras el ni\u00f1o mantenga el inter\u00e9s en dicha recompensa. Si ve que empieza a perder inter\u00e9s, pruebe a utilizar otra de las recompensas de su lista. Para ello, simplemente retire la imagen de la primera recompensa y sustit\u00fayala por la imagen de la nueva recompensa y luego contin\u00fae de la misma manera, utilizando la nueva recompensa. En el siguiente v\u00eddeo, la profesora comienza la lecci\u00f3n utilizando pan y luego cambia a cereales Cocoa Puff cuando el ni\u00f1o parece perder inter\u00e9s en el pan.<\/p>\n<p><iframe loading=\"lazy\" title=\"10-reward.swap\" src=\"https:\/\/player.vimeo.com\/video\/207309758?dnt=1&amp;app_id=122963\" width=\"640\" height=\"360\" frameborder=\"0\" allow=\"autoplay; fullscreen; picture-in-picture; clipboard-write; encrypted-media; web-share\" referrerpolicy=\"strict-origin-when-cross-origin\"><\/iframe><\/p>\n<p><span style=\"background-color: #ffffff;\">\u00a0 \u00a0 \u00a0 \u00a0 \u00a0 \u00a0 \u00a0 \u00a0 \u00a0 \u00a0 \u00a0 \u00a0 \u00a0 \u00a0 \u00a0 \u00a0 \u00a0 \u00a0 \u00a0 U<span style=\"font-weight: 400;\">sado con permiso de Andy Bondy<\/span><\/span><\/p>\n<p>\u00bfRecuerda nuestra discusi\u00f3n en una secci\u00f3n anterior sobre la disminuci\u00f3n gradual de las indicaciones? La idea es que no le d\u00e9 m\u00e1s ayuda de la que el ni\u00f1o realmente necesita. A medida que el ni\u00f1o necesita menos ayuda, debe disminuir gradualmente las indicaciones, d\u00e1ndole menos ayuda. Con el tiempo, el ni\u00f1o deber\u00eda volverse cada vez m\u00e1s independiente. En el caso de la ense\u00f1anza del PECS, la persona que da las indicaciones f\u00edsicas debe reducir sus indicaciones, prestando cada vez menos ayuda al ni\u00f1o a medida que este comienza a realizar parte o la totalidad del intercambio por s\u00ed mismo. Por ejemplo, es posible que, una vez que la mano del ni\u00f1o se dirige hacia la imagen, este la coja por s\u00ed mismo. Entonces, una vez que la tiene en la mano, lo \u00fanico que necesita es un suave empuj\u00f3n en la parte posterior del brazo, movi\u00e9ndolo suavemente hacia adelante. O bien, puede que necesite ayuda durante un tiempo para coger la imagen, pero que una vez que la tiene en la mano, complete el intercambio por s\u00ed mismo. Independientemente del tipo de ayuda que necesite su hijo, el asistente f\u00edsico debe seguir proporcion\u00e1ndosela, reduciendo la ayuda solo cuando su hijo necesite menos para tener \u00e9xito. En los dos siguientes videoclips, observe c\u00f3mo el asistente f\u00edsico proporciona cada vez menos ayuda a medida que el ni\u00f1o comienza a hacer cada vez m\u00e1s cosas por s\u00ed mismo.<\/p>\n<p><iframe loading=\"lazy\" title=\"Jack-7 1920x1080\" src=\"https:\/\/player.vimeo.com\/video\/199161515?dnt=1&amp;app_id=122963\" width=\"1200\" height=\"675\" frameborder=\"0\" allow=\"autoplay; fullscreen; picture-in-picture; clipboard-write; encrypted-media; web-share\" referrerpolicy=\"strict-origin-when-cross-origin\"><\/iframe><\/p>\n<p><iframe loading=\"lazy\" title=\"Jack-8 1920x1080\" src=\"https:\/\/player.vimeo.com\/video\/199161536?dnt=1&amp;app_id=122963\" width=\"1200\" height=\"675\" frameborder=\"0\" allow=\"autoplay; fullscreen; picture-in-picture; clipboard-write; encrypted-media; web-share\" referrerpolicy=\"strict-origin-when-cross-origin\"><\/iframe><\/p>\n<blockquote>\n<p style=\"text-align: justify;\">Una vez que las indicaciones se hayan desvanecido y su hijo alcance la imagen, la recoja y la coloque en su mano sin ninguna ayuda, intente intercambiar los papeles con su ayudante.<\/p>\n<\/blockquote>\n<p style=\"text-align: justify;\">Su ayudante desempe\u00f1a el papel de compa\u00f1ero de comunicaci\u00f3n y usted es el indicador f\u00edsico. No se sorprenda si su hijo necesita ayuda de nuevo al principio cuando cambien los roles. Simplemente dele toda la ayuda que necesite. Reduzca su ayuda a medida que vea que empieza a hacer partes del intercambio de im\u00e1genes de forma independiente.<\/p>\n<p><span style=\"font-weight: 400;\">Con el tiempo, ser\u00e1 importante que su hijo practique c\u00f3mo hacer peticiones utilizando el PECS con todas las personas de su entorno. Esto incluir\u00e1 a los miembros de la familia y a los amigos que ve a menudo. Al fin y al cabo, usted quiere que sea capaz de pedir a cualquier persona de su entorno las cosas que desea.<\/span><\/p>\n<p><span style=\"font-weight: 400;\">Dependiendo de cu\u00e1nto desee su hijo las recompensas que usted tiene, deber\u00eda poder practicar el PECS en series de 10 a 20 ensayos de aprendizaje cada vez. Si lo hace varias veces al d\u00eda, es posible que pueda practicar la fase 1 sin ayuda en uno o dos d\u00edas. \u00bfC\u00f3mo sabr\u00e1 que ya no necesita ayuda? No necesitar\u00e1 ayuda si el ni\u00f1o coge la imagen y se la pone en la mano sin necesidad de indicaciones f\u00edsicas.<\/span><\/p>\n<p><span style=\"font-weight: 400;\">Como hemos dicho antes, todos los ni\u00f1os aprenden cosas diferentes a ritmos diferentes. Simplemente siga d\u00e1ndole toda la ayuda que necesite para tener \u00e9xito. Aseg\u00farese de darle lo que le ha pedido tan pronto como ponga la imagen en su mano y la suelte. Y no olvide nombrar siempre el objeto cuando se lo entregue. Lo mejor es una sola palabra. Por ejemplo, cuando pida burbujas, solo diga \u00ab\u00a1Burbujas!\u00bb mientras le entrega las burbujas. Cuando pida una galleta, solo diga \u00abGalleta\u00bb mientras le entrega la galleta. De esa manera, puede aprender lo que significan esas palabras.<\/span><\/p>\n<p><span style=\"font-weight: 400;\">Recuerde que el objetivo del PECS es ense\u00f1ar al ni\u00f1o a pedir cosas mediante el intercambio de im\u00e1genes. En el m\u00f3dulo \u00abHablemos\u00bb, hablaremos de c\u00f3mo trabajar el habla de su hijo. Pero, por ahora, nos centraremos en ense\u00f1arle el PECS.<\/span><\/p>\n<p style=\"text-align: center;\"><strong><a href=\"https:\/\/parenttraining.chip.uconn.edu\/index.php\/language\/es\/pecs-fase-2-ampliar-el-uso-de-imagenes\/\">\u00a0Siguiente: Fase 2: Ampliar el uso de im\u00e1genes<\/a><\/strong><\/p>\n\n","protected":false},"excerpt":{"rendered":"<div class=\"entry-summary\">\nIniciar la comunicaci\u00f3n Una vez que haya elegido al menos dos o tres de las recompensas que utilizar\u00e1 para ense\u00f1ar&hellip;\n<\/div>\n<div class=\"link-more\"><a href=\"https:\/\/parenttraining.chip.uconn.edu\/index.php\/language\/es\/fase-1-del-pecs-iniciar-la-comunicacion\/\" class=\"more-link\">Continue reading<span class=\"screen-reader-text\"> &ldquo;Fase 1 del PECS: Iniciar la comunicaci\u00f3n&rdquo;<\/span>&hellip;<\/a><\/div>\n","protected":false},"author":497,"featured_media":0,"parent":0,"menu_order":0,"comment_status":"closed","ping_status":"closed","template":"","meta":{"footnotes":""},"class_list":["post-8632","page","type-page","status-publish","hentry","entry"],"_links":{"self":[{"href":"https:\/\/parenttraining.chip.uconn.edu\/index.php\/wp-json\/wp\/v2\/pages\/8632","targetHints":{"allow":["GET"]}}],"collection":[{"href":"https:\/\/parenttraining.chip.uconn.edu\/index.php\/wp-json\/wp\/v2\/pages"}],"about":[{"href":"https:\/\/parenttraining.chip.uconn.edu\/index.php\/wp-json\/wp\/v2\/types\/page"}],"author":[{"embeddable":true,"href":"https:\/\/parenttraining.chip.uconn.edu\/index.php\/wp-json\/wp\/v2\/users\/497"}],"replies":[{"embeddable":true,"href":"https:\/\/parenttraining.chip.uconn.edu\/index.php\/wp-json\/wp\/v2\/comments?post=8632"}],"version-history":[{"count":11,"href":"https:\/\/parenttraining.chip.uconn.edu\/index.php\/wp-json\/wp\/v2\/pages\/8632\/revisions"}],"predecessor-version":[{"id":10203,"href":"https:\/\/parenttraining.chip.uconn.edu\/index.php\/wp-json\/wp\/v2\/pages\/8632\/revisions\/10203"}],"wp:attachment":[{"href":"https:\/\/parenttraining.chip.uconn.edu\/index.php\/wp-json\/wp\/v2\/media?parent=8632"}],"curies":[{"name":"wp","href":"https:\/\/api.w.org\/{rel}","templated":true}]}}