{"id":8605,"date":"2026-01-05T01:05:25","date_gmt":"2026-01-05T06:05:25","guid":{"rendered":"https:\/\/parenttraining.chip.uconn.edu\/?page_id=8605"},"modified":"2026-02-14T16:13:15","modified_gmt":"2026-02-14T21:13:15","slug":"cuestionario-sobre-el-juego-simbolico","status":"publish","type":"page","link":"https:\/\/parenttraining.chip.uconn.edu\/index.php\/language\/es\/cuestionario-sobre-el-juego-simbolico\/","title":{"rendered":"Cuestionario sobre el juego simb\u00f3lico"},"content":{"rendered":"<table style=\"background-color: #a0ded1;\">\n<tbody>\n<tr>\n<td>\n<p>1. \u00bfCu\u00e1l es una raz\u00f3n por la que es importante el juego de simulaci\u00f3n?<\/p>\n<p>A. Puede estimular el lenguaje.<br \/>B. Puede ayudar al ni\u00f1o a aprender a resolver problemas y otras habilidades de pensamiento.<br \/>C. Ayuda a la interacci\u00f3n social.<br \/>D. Todas las anteriores<\/p>\n<\/td>\n<\/tr>\n<\/tbody>\n<\/table>\n<p>La respuesta correcta es D. Todas las anteriores. El juego simb\u00f3lico es importante por muchas razones y ayuda en muchos aspectos del desarrollo del ni\u00f1o, incluyendo el desarrollo de habilidades de pensamiento, habilidades ling\u00fc\u00edsticas y habilidades sociales.<\/p>\n<table style=\"background-color: #a0ded1;\">\n<tbody>\n<tr>\n<td>\n<p>2. \u00bfQu\u00e9 habilidad debe tener su hijo antes de que usted comience a ense\u00f1arle habilidades de juego simb\u00f3lico?<\/p>\n<p>A. Puede decir algunas palabras.<br \/>B. Puede imitar acciones sencillas<br \/>C. Puede hablar con frases<br \/>D. Puede clasificar objetos por categor\u00edas<\/p>\n<\/td>\n<\/tr>\n<\/tbody>\n<\/table>\n<p>La respuesta correcta es B. Si su hijo no puede imitar acciones sencillas, como ponerse las manos en la cabeza, o imitar acciones con objetos, como poner un bloque en una taza o dar golpecitos en la mesa con una cuchara, probablemente no est\u00e9 preparado para aprender a jugar a simular. La opci\u00f3n A (puede decir algunas palabras) es parcialmente cierta, ya que si un ni\u00f1o puede decir algunas palabras, probablemente le resulte m\u00e1s f\u00e1cil aprender a jugar a simular de forma sencilla, pero decir palabras no es absolutamente necesario para aprender a jugar a simular de forma sencilla. Las opciones C y D (decir frases y clasificar por categor\u00edas) son habilidades m\u00e1s avanzadas que no son necesarias para aprender a jugar a simular de forma sencilla.<\/p>\n<table style=\"background-color: #a0ded1;\">\n<tbody>\n<tr>\n<td>\n<p>3. \u00bfCu\u00e1les de las siguientes son habilidades de simulaci\u00f3n simples con las que se debe comenzar?<\/p>\n<p>A. Juego de roles (por ejemplo, fingir ser un superh\u00e9roe)<br \/>B. Imaginar un objeto que no existe (por ejemplo, fingir que se sostiene un tel\u00e9fono sin tener ning\u00fan objeto en la mano)<br \/>C. Juego sencillo de un solo paso con el ni\u00f1o como actor (por ejemplo, el ni\u00f1o finge beber de una taza vac\u00eda o dar de comer a un beb\u00e9 con un biber\u00f3n)<br \/>D. Juego sencillo con un juguete de un solo paso en el que una mu\u00f1eca o un peluche es el actor (por ejemplo, la mu\u00f1eca mam\u00e1 le da un beso a la mu\u00f1eca beb\u00e9).<\/p>\n<\/td>\n<\/tr>\n<\/tbody>\n<\/table>\n<p>La respuesta correcta es la C. Las actividades de juego sencillas de un solo paso, en las que el ni\u00f1o finge algo, son m\u00e1s f\u00e1ciles de aprender que los juegos de rol, en los que el ni\u00f1o tiene que fingir ser un personaje para realizar una serie de acciones, y m\u00e1s f\u00e1ciles que imaginar un objeto que no est\u00e1 presente. De las actividades de juego sencillas de un solo paso, al ni\u00f1o le suele resultar m\u00e1s f\u00e1cil aprender a fingir que hace algo (respuesta C) que hacer que una mu\u00f1eca o un peluche haga algo.<\/p>\n<table style=\"background-color: #a0ded1;\">\n<tbody>\n<tr>\n<td>\n<p>4. \u00bfCu\u00e1l de estos juguetes ser\u00eda adecuado para ense\u00f1ar a los ni\u00f1os a jugar a simular de forma sencilla?<\/p>\n<p>A. Un tel\u00e9fono de juguete<br \/>B. Un sonajero<br \/>C. Una peonza<br \/>D. Un juguete que se ilumina<\/p>\n<\/td>\n<\/tr>\n<\/tbody>\n<\/table>\n<p>La respuesta correcta es A, un tel\u00e9fono de juguete. El sonajero, la peonza y el juguete luminoso pueden ser buenos para ense\u00f1ar a su hijo la relaci\u00f3n causa-efecto, es decir, que cuando hace algo, ocurre algo espec\u00edfico. Pero no ser\u00e1n buenos para ense\u00f1arle a jugar a simular. El tel\u00e9fono de juguete le ayudar\u00e1 a aprender a simular que est\u00e1 hablando por tel\u00e9fono, aunque solo lo sostenga junto a la oreja y haga sonidos en \u00e9l.<\/p>\n<table style=\"background-color: #a0ded1;\">\n<tbody>\n<tr>\n<td>\n<ol start=\"5\">\n<li>Verdadero o falso: al igual que con otros tipos de ense\u00f1anza, comience ense\u00f1ando varias actividades sencillas por separado, como simular dar de comer a un mu\u00f1eco y simular acostarlo, y luego \u00fanalas para formar una secuencia que tenga sentido, como dar de comer al beb\u00e9, hacerle eructar y acostarlo.<\/li>\n<\/ol>\n<\/td>\n<\/tr>\n<\/tbody>\n<\/table>\n<p>La respuesta correcta es VERDADERO. Es m\u00e1s f\u00e1cil ense\u00f1ar al ni\u00f1o a encadenar una secuencia corta de acciones si ya ha aprendido los pasos individuales.<\/p>\n<table style=\"background-color: #a0ded1;\">\n<tbody>\n<tr>\n<td>\n<p>6. Le das a tu hijo una olla de juguete y una cuchara y \u00e9l finge remover el contenido imaginario de la olla. \u00bfCu\u00e1l ser\u00eda un buen refuerzo para este juego de simulaci\u00f3n?<\/p>\n<p><br \/>A. Coges la cuchara y finges probarla, diciendo \u00ab\u00a1Qu\u00e9 rico! \u00a1Qu\u00e9 buen cocinero eres! \u00bfRemovemos un poco m\u00e1s?\u00bb.<br \/>B. Haces pompas de jab\u00f3n, que le encantan.<br \/>C. Le das un poco de su galleta favorita.<br \/>D. Le quitas los juguetes y pasas a otra lecci\u00f3n.<\/p>\n<\/td>\n<\/tr>\n<\/tbody>\n<\/table>\n<p>La respuesta correcta es la A. Al elogiarlo con entusiasmo y continuar la secuencia del juego, lo est\u00e1s animando a continuar la escena y utilizando un refuerzo natural. Las respuestas B y C son buenos refuerzos y no est\u00e1n mal en una situaci\u00f3n, pero no fomentan la continuaci\u00f3n de la actividad de juego simb\u00f3lico. La respuesta D, pasar a otra actividad, est\u00e1 bien si cree que el ni\u00f1o se est\u00e1 aburriendo con el juego de simulaci\u00f3n, pero, de nuevo, no fomenta la continuaci\u00f3n y la ampliaci\u00f3n de la actividad.<\/p>\n<table style=\"background-color: #a0ded1;\">\n<tbody>\n<tr>\n<td>\n<ol start=\"7\">\n<li>Verdadero o falso: una vez que su hijo haya aprendido algunas secuencias de juego con usted, probablemente estar\u00e1 listo para jugar con otros ni\u00f1os sin mucha ayuda.<\/li>\n<\/ol>\n<\/td>\n<\/tr>\n<\/tbody>\n<\/table>\n<p>La respuesta correcta es FALSO. Con el juego simb\u00f3lico, al igual que con cualquier habilidad que aprenda el ni\u00f1o, debes asegurarte de que no se limite a realizar la habilidad en el mismo lugar y con las mismas personas con las que la aprendi\u00f3 originalmente. Por lo tanto, debes practicarla en diferentes lugares e intentar que otros adultos y ni\u00f1os realicen juegos simb\u00f3licos sencillos con \u00e9l, mientras sigues proporcion\u00e1ndole toda la ayuda que necesita para tener \u00e9xito.<\/p>\n<table style=\"background-color: #a0ded1;\">\n<tbody>\n<tr>\n<td>8. \u00bfQu\u00e9 tres actividades podr\u00edan ser buenas para empezar, cuando su hijo est\u00e1 aprendiendo a jugar a simular?\n<p>A. Dar de comer a una mu\u00f1eca<br \/>B. Remover una olla<br \/>C. Cubrir a un mu\u00f1eco con una manta<br \/>D. Escribir en un ordenador<\/p>\n<\/td>\n<\/tr>\n<\/tbody>\n<\/table>\n<p>La respuesta correcta depende en gran medida de lo que su hijo haya visto y prestado atenci\u00f3n. Para la mayor\u00eda de los ni\u00f1os, dar de comer a un beb\u00e9, remover una olla o cubrir a un beb\u00e9 o ni\u00f1o con una manta pueden ser cosas que hayan visto y comprendan. Por otro lado, escribir en un ordenador, aunque hayan visto a un adulto hacerlo, probablemente sea una actividad que no les resulte muy significativa y que no entiendan realmente. Por lo tanto, para la mayor\u00eda de los ni\u00f1os, A, B y C ser\u00edan las mejores actividades l\u00fadicas para empezar. Por supuesto, usted debe ser quien juzgue eso para su propio hijo.<\/p>\n<table style=\"background-color: #a0ded1;\">\n<tbody>\n<tr>\n<td>\n<p>9. \u00bfCu\u00e1ndo suele comenzar el juego simb\u00f3lico en el desarrollo t\u00edpico?<\/p>\n<p><br \/>A. 1-2 a\u00f1os<br \/>B. 2-3 a\u00f1os<br \/>C. 5-6 a\u00f1os<br \/>D. 8-10 a\u00f1os<\/p>\n<\/td>\n<\/tr>\n<\/tbody>\n<\/table>\n<p>La respuesta correcta es A, 1-2 a\u00f1os. Por lo general, los beb\u00e9s comienzan a realizar juegos de simulaci\u00f3n sencillos, como beber de una taza vac\u00eda o dar de comer a una mu\u00f1eca, en el segundo a\u00f1o de vida. Si su hijo ha alcanzado la mayor\u00eda de las habilidades cognitivas y sociales propias de esa edad, tal y como se explica en el m\u00f3dulo sobre el desarrollo esperado, independientemente de la edad que tenga, probablemente est\u00e9 preparado para aprender algunos juegos de simulaci\u00f3n sencillos.<\/p>\n<table style=\"background-color: #a0ded1;\">\n<tbody>\n<tr>\n<td>\n<ol start=\"10\">\n<li>Verdadero o falso: se pueden ense\u00f1ar actividades de simulaci\u00f3n sencillas de la misma manera que se ense\u00f1an otras habilidades, por ejemplo, demostrando las acciones, animando suavemente al ni\u00f1o a realizarlas y reforz\u00e1ndolo cuando las hace.<\/li>\n<\/ol>\n<\/td>\n<\/tr>\n<\/tbody>\n<\/table>\n<p>La respuesta correcta es VERDADERO. Ense\u00f1ar habilidades de simulaci\u00f3n no es realmente diferente de ense\u00f1ar otras habilidades de las que hemos hablado. Le presentas el material, en este caso, juguetes sencillos que se prestan a la simulaci\u00f3n y, si es necesario, le muestras c\u00f3mo utilizarlos, le das una indicaci\u00f3n suave, como colocar un biber\u00f3n de juguete en su mano y guiarle para que alimente al mu\u00f1eco, y luego le elogias con entusiasmo. Por supuesto, si su hijo aprende m\u00e1s r\u00e1pido cuando utiliza refuerzos como alimentos o burbujas, aunque no est\u00e9n relacionados con la habilidad de juego que est\u00e1 tratando de ense\u00f1arle, no pasa nada. Sin embargo, tan pronto como pueda, debe intentar sustituir ese tipo de refuerzo por refuerzos naturales, como elogios y la continuaci\u00f3n de la actividad. Con suerte, su hijo disfrutar\u00e1 cada vez m\u00e1s del tiempo de juego con usted a medida que aprenda m\u00e1s y m\u00e1s secuencias de juego de simulaci\u00f3n.<\/p>\n\n\n\n","protected":false},"excerpt":{"rendered":"<div class=\"entry-summary\">\n1. \u00bfCu\u00e1l es una raz\u00f3n por la que es importante el juego de simulaci\u00f3n? A. Puede estimular el lenguaje.B. Puede&hellip;\n<\/div>\n<div class=\"link-more\"><a href=\"https:\/\/parenttraining.chip.uconn.edu\/index.php\/language\/es\/cuestionario-sobre-el-juego-simbolico\/\" class=\"more-link\">Continue reading<span class=\"screen-reader-text\"> &ldquo;Cuestionario sobre el juego simb\u00f3lico&rdquo;<\/span>&hellip;<\/a><\/div>\n","protected":false},"author":497,"featured_media":0,"parent":0,"menu_order":0,"comment_status":"closed","ping_status":"closed","template":"","meta":{"footnotes":""},"class_list":["post-8605","page","type-page","status-publish","hentry","entry"],"_links":{"self":[{"href":"https:\/\/parenttraining.chip.uconn.edu\/index.php\/wp-json\/wp\/v2\/pages\/8605","targetHints":{"allow":["GET"]}}],"collection":[{"href":"https:\/\/parenttraining.chip.uconn.edu\/index.php\/wp-json\/wp\/v2\/pages"}],"about":[{"href":"https:\/\/parenttraining.chip.uconn.edu\/index.php\/wp-json\/wp\/v2\/types\/page"}],"author":[{"embeddable":true,"href":"https:\/\/parenttraining.chip.uconn.edu\/index.php\/wp-json\/wp\/v2\/users\/497"}],"replies":[{"embeddable":true,"href":"https:\/\/parenttraining.chip.uconn.edu\/index.php\/wp-json\/wp\/v2\/comments?post=8605"}],"version-history":[{"count":6,"href":"https:\/\/parenttraining.chip.uconn.edu\/index.php\/wp-json\/wp\/v2\/pages\/8605\/revisions"}],"predecessor-version":[{"id":10168,"href":"https:\/\/parenttraining.chip.uconn.edu\/index.php\/wp-json\/wp\/v2\/pages\/8605\/revisions\/10168"}],"wp:attachment":[{"href":"https:\/\/parenttraining.chip.uconn.edu\/index.php\/wp-json\/wp\/v2\/media?parent=8605"}],"curies":[{"name":"wp","href":"https:\/\/api.w.org\/{rel}","templated":true}]}}