{"id":8596,"date":"2026-01-05T00:32:10","date_gmt":"2026-01-05T05:32:10","guid":{"rendered":"https:\/\/parenttraining.chip.uconn.edu\/?page_id=8596"},"modified":"2026-03-30T04:12:33","modified_gmt":"2026-03-30T08:12:33","slug":"ampliar-las-habilidades-de-juego-a-nuevas-situaciones","status":"publish","type":"page","link":"https:\/\/parenttraining.chip.uconn.edu\/index.php\/language\/es\/ampliar-las-habilidades-de-juego-a-nuevas-situaciones\/","title":{"rendered":"Ampliar las habilidades de juego a nuevas situaciones"},"content":{"rendered":"<h2><strong>Ampliar las habilidades de juego a nuevas situaciones<\/strong><\/h2>\n<figure id=\"attachment_3655\" aria-describedby=\"caption-attachment-3655\" style=\"width: 275px\" class=\"wp-caption alignright\"><a href=\"https:\/\/parenttraining.chip.uconn.edu\/wp-content\/uploads\/2016\/08\/baby3.pixabay.jpg\"><img loading=\"lazy\" decoding=\"async\" class=\"size-full wp-image-3655\" src=\"https:\/\/parenttraining.chip.uconn.edu\/wp-content\/uploads\/2016\/08\/baby3.pixabay.jpg\" alt=\"Used with permission from Pixabay\" width=\"275\" height=\"183\" \/><\/a><figcaption id=\"caption-attachment-3655\" class=\"wp-caption-text\">Pixabay<\/figcaption><\/figure>\n<p>Aqu\u00ed hay otro punto importante sobre aprender a fingir. Usted quiere que su hijo sepa que puede divertirse fingiendo en cualquier lugar. Por lo tanto, despu\u00e9s de que haya aprendido una habilidad de juego de simulaci\u00f3n, intente hacerlo en otros lugares de su casa. Involucre a otros adultos o ni\u00f1os. Haga que jueguen con \u00e9l utilizando estos juguetes. Cuando un adulto aprende a conducir un coche, esperamos que pueda utilizar f\u00e1cilmente esas habilidades para conducir otro coche. Y queremos que sea capaz de conducir en un barrio nuevo. Del mismo modo, queremos que el ni\u00f1o aprenda a jugar con una variedad de juguetes y que luego sea capaz de jugar con ellos en diferentes lugares y con diferentes personas. Ya hemos hablado de esto antes; se llama generalizaci\u00f3n.<\/p>\n<p>A veces, al ni\u00f1o le resultar\u00e1 divertido intentar imitar lo que hace un adulto. Por ejemplo, si es posible, deje que el ni\u00f1o practique removiendo su olla de juguete mientras un adulto est\u00e1 cocinando en la cocina. Elogie lo bien que cocina mientras usted u otro adulto tambi\u00e9n est\u00e1 cocinando. Si est\u00e1 lavando los platos, clavando un clavo para colgar un cuadro o rastrillando hojas en el jard\u00edn, el ni\u00f1o podr\u00eda fingir que lava peque\u00f1os platos de pl\u00e1stico, clava algo con un martillo de juguete o rastrilla hojas con un rastrillo para ni\u00f1os, a su lado.<\/p>\n<h2><strong>USO DE REFUERZOS NATURALES<\/strong><\/h2>\n<p>En secciones anteriores hemos hablado de los tipos de refuerzos (recompensas) que puede utilizar cuando su hijo est\u00e1 aprendiendo nuevas habilidades. Estos pueden ser golosinas, cosquillas, elogios o actividades favoritas como las pompas de jab\u00f3n. Habr\u00e1 observado que en esta secci\u00f3n no hemos hablado mucho del uso de recompensas como golosinas, cosquillas o pompas de jab\u00f3n para fomentar el juego simb\u00f3lico.<\/p>\n<p>Cuando ense\u00f1as a jugar a simular, es especialmente importante utilizar lo que llamamos refuerzos naturales. Son recompensas que forman parte de la actividad en s\u00ed, en lugar de una actividad o golosina no relacionada, como pompas de jab\u00f3n o una golosina. Un ejemplo de refuerzo natural ser\u00eda que tu hijo te ofreciera un bocado de una galleta de juguete. En lugar de interrumpir ese bonito juego simb\u00f3lico con una nueva actividad como las pompas de jab\u00f3n, podr\u00edas prolongar el juego con una respuesta divertida y entusiasta, como \u00ab\u00a1Oh, qu\u00e9 rico, est\u00e1 delicioso, gracias por la galleta, y aqu\u00ed tienes otra para ti!\u00bb. Esto mantiene el juego en marcha. Ense\u00f1a al ni\u00f1o la idea de una secuencia de pasos. Y tambi\u00e9n es el tipo de recompensa que el ni\u00f1o probablemente recibir\u00e1 de otros adultos y ni\u00f1os cuando juegue con ellos. Quiz\u00e1s hayas notado en un clip anterior que, despu\u00e9s de que el ni\u00f1o fingiera dar de comer a una mu\u00f1eca, la maestra hizo que la mu\u00f1eca fingiera darle un beso en la mejilla y luego en la barriga. Esta fue otra forma de recompensarlo por jugar tan bien con la mu\u00f1eca. Y, por supuesto, los elogios y, a veces, las cosquillas tambi\u00e9n est\u00e1n bien, siempre y cuando no interrumpan el flujo del juego de simulaci\u00f3n.<\/p>\n<h2><strong>RECURSOS:<\/strong><\/h2>\n<p>Hay otras partes del juego, especialmente el juego con otros ni\u00f1os, que no hemos tratado en este programa. Entre ellas se incluyen turnarse, seguir las reglas, ser capaz de perder un juego sin enfadarse y muchas otras. En su lugar, nos hemos centrado aqu\u00ed en los tipos de juego m\u00e1s tempranos. Estas habilidades de juego tempranas son importantes para las habilidades sociales y de pensamiento posteriores, especialmente la capacidad de fingir. Si le interesa el juego de simulaci\u00f3n m\u00e1s maduro, como interpretar diferentes profesiones (bombero, m\u00e9dico, chef, etc.) y otras habilidades de juego que mencionamos al principio de este m\u00f3dulo como n\u00fameros 5 y 6, hay muchos recursos excelentes. Estos son algunos de ellos:<\/p>\n<table style=\"background-color: #a0ded1;\">\n<tbody>\n<tr>\n<td>\n<ul>\n<li style=\"text-align: justify;\">Taylor, B.A. y Jasper, J. (2001) Programas de ense\u00f1anza para aumentar la interacci\u00f3n entre compa\u00f1eros. En C. Maurice, G. Green y R. Fox (Eds.) Marcar la diferencia: intervenci\u00f3n conductual para el autismo (pp. 97-162).\u00a0 Austin, TX: PRO-ED.\n<ul>\n<li>Weiss, M.J. y Harris, S.L. (2001) Reaching Out, Joining in: Teaching Social Skills to Young Children with Autism (Temas sobre el autismo). Bethesda, Maryland: Woodbine House.<\/li>\n<\/ul>\n<\/li>\n<li>Una mirada m\u00e1s cercana al preescolar: Vol\u00famenes 2 y 3 (Habilidades para el juego simb\u00f3lico y M\u00e1s habilidades para el juego simb\u00f3lico).\u00a0 Se trata de DVD de Every Opportunity Productions, que ofrecen modelos en v\u00eddeo de diversos escenarios de juego simb\u00f3lico dise\u00f1ados para ayudar a los ni\u00f1os a aprender habilidades de juego simb\u00f3lico importantes para el \u00e9xito en un entorno preescolar.\u00a0 Tambi\u00e9n se incluyen instrucciones para los padres. Est\u00e1n disponibles en el sitio web Different Roads to Learning, un excelente recurso de materiales did\u00e1cticos de alta calidad para ni\u00f1os con trastornos del espectro autista y otras discapacidades del desarrollo.\u00a0\u00a0<a href=\"http:\/\/www.difflearn.com\/\">http:\/\/www.difflearn.com<\/a><\/li>\n<\/ul>\n<\/td>\n<\/tr>\n<\/tbody>\n<\/table>\n<p><strong><u>NOTA FINAL:<\/u><\/strong><\/p>\n<p>Existe una regla general para ense\u00f1ar nuevas habilidades a todos los ni\u00f1os. Esto se aplica tanto al aprendizaje de palabras como al aprendizaje de habilidades motrices, como lanzar una pelota, o al aprendizaje de habilidades de autonom\u00eda, como ponerse los calcetines o atarse los zapatos. La regla se aplica tanto a los ni\u00f1os con un desarrollo t\u00edpico como a los que tienen trastornos del desarrollo: Piense en lo que su hijo puede hacer en esa \u00e1rea de habilidades. A continuaci\u00f3n, intente empezar un poco por encima de ese nivel. Por ejemplo, si su hijo no juega a simular, lo mejor es ense\u00f1arle el tipo m\u00e1s sencillo de juego de simulaci\u00f3n y no algo m\u00e1s avanzado como el juego de roles. Si su hijo tiene muchas palabras sueltas pero no combina palabras, puede intentar ense\u00f1arle combinaciones sencillas de dos palabras (mam\u00e1 comer, lanzar pelota o quiero galleta). Pero no empiece con frases completas de inmediato.<\/p>\n<p>Piense siempre en el nivel en el que se encuentra su hijo y ay\u00fadelo a dar el siguiente peque\u00f1o paso. \u00a1Los peque\u00f1os pasos se suman y se convierten en grandes avances!<\/p>\n<p>Ahora le haremos algunas preguntas sobre lo que ha aprendido. Al igual que con los cuestionarios al final de otras secciones, estas preguntas son una forma de comprobar si necesita volver a leer la secci\u00f3n y tambi\u00e9n son oportunidades de aprendizaje adicionales. Algunas de las preguntas tendr\u00e1n opciones y otras ser\u00e1n de verdadero o falso. Una buena forma de trabajar estas preguntas es leer la pregunta, pensar en la respuesta, hacer su mejor suposici\u00f3n y luego leer la explicaci\u00f3n de la respuesta correcta. Habr\u00e1 10 preguntas. Si responde correctamente a todas las preguntas, probablemente est\u00e9 listo para poner en pr\u00e1ctica algunas de las sugerencias que hemos hecho en esta secci\u00f3n. Sin embargo, si algunas de las preguntas le han resultado dif\u00edciles o si ha respondido correctamente a todas ellas, pero cree que le vendr\u00eda bien volver a leer la secci\u00f3n, h\u00e1galo.<\/p>\n<p style=\"text-align: center;\"><strong><a href=\"https:\/\/parenttraining.chip.uconn.edu\/index.php\/language\/es\/cuestionario-sobre-el-juego-simbolico\/\">Siguiente: M\u00f3dulo 14 Comenzar a jugar al cuestionario<\/a><\/strong><\/p>\n\n\n\n\n\n","protected":false},"excerpt":{"rendered":"<div class=\"entry-summary\">\nAmpliar las habilidades de juego a nuevas situaciones Aqu\u00ed hay otro punto importante sobre aprender a fingir. Usted quiere que&hellip;\n<\/div>\n<div class=\"link-more\"><a href=\"https:\/\/parenttraining.chip.uconn.edu\/index.php\/language\/es\/ampliar-las-habilidades-de-juego-a-nuevas-situaciones\/\" class=\"more-link\">Continue reading<span class=\"screen-reader-text\"> &ldquo;Ampliar las habilidades de juego a nuevas situaciones&rdquo;<\/span>&hellip;<\/a><\/div>\n","protected":false},"author":497,"featured_media":0,"parent":0,"menu_order":0,"comment_status":"closed","ping_status":"closed","template":"","meta":{"footnotes":""},"class_list":["post-8596","page","type-page","status-publish","hentry","entry"],"_links":{"self":[{"href":"https:\/\/parenttraining.chip.uconn.edu\/index.php\/wp-json\/wp\/v2\/pages\/8596","targetHints":{"allow":["GET"]}}],"collection":[{"href":"https:\/\/parenttraining.chip.uconn.edu\/index.php\/wp-json\/wp\/v2\/pages"}],"about":[{"href":"https:\/\/parenttraining.chip.uconn.edu\/index.php\/wp-json\/wp\/v2\/types\/page"}],"author":[{"embeddable":true,"href":"https:\/\/parenttraining.chip.uconn.edu\/index.php\/wp-json\/wp\/v2\/users\/497"}],"replies":[{"embeddable":true,"href":"https:\/\/parenttraining.chip.uconn.edu\/index.php\/wp-json\/wp\/v2\/comments?post=8596"}],"version-history":[{"count":6,"href":"https:\/\/parenttraining.chip.uconn.edu\/index.php\/wp-json\/wp\/v2\/pages\/8596\/revisions"}],"predecessor-version":[{"id":10988,"href":"https:\/\/parenttraining.chip.uconn.edu\/index.php\/wp-json\/wp\/v2\/pages\/8596\/revisions\/10988"}],"wp:attachment":[{"href":"https:\/\/parenttraining.chip.uconn.edu\/index.php\/wp-json\/wp\/v2\/media?parent=8596"}],"curies":[{"name":"wp","href":"https:\/\/api.w.org\/{rel}","templated":true}]}}