{"id":8591,"date":"2026-01-05T00:20:46","date_gmt":"2026-01-05T05:20:46","guid":{"rendered":"https:\/\/parenttraining.chip.uconn.edu\/?page_id=8591"},"modified":"2026-03-30T04:11:31","modified_gmt":"2026-03-30T08:11:31","slug":"juguetes-que-pueden-fomentar-el-juego-simbolico","status":"publish","type":"page","link":"https:\/\/parenttraining.chip.uconn.edu\/index.php\/language\/es\/juguetes-que-pueden-fomentar-el-juego-simbolico\/","title":{"rendered":"Juguetes que pueden fomentar el juego simb\u00f3lico"},"content":{"rendered":"\n<p>A continuaci\u00f3n, enumeraremos algunos juguetes que pueden fomentar el juego simb\u00f3lico. No es necesario que tenga todos ellos, ni tienen por qu\u00e9 ser sofisticados o caros. Algunos de ellos puede fabricarlos usted mismo, como una casa de mu\u00f1ecas con dos o tres habitaciones hecha con cajas de cart\u00f3n pegadas con cinta adhesiva.<\/p>\n\n\n\n<figure class=\"wp-block-image\"><a href=\"https:\/\/parenttraining.chip.uconn.edu\/wp-content\/uploads\/2016\/05\/homemade-doll-house1.jpg\"><img loading=\"lazy\" decoding=\"async\" width=\"300\" height=\"199\" src=\"https:\/\/parenttraining.chip.uconn.edu\/wp-content\/uploads\/2016\/05\/homemade-doll-house1-300x199.jpg\" alt=\"homemade doll house1\" class=\"wp-image-1483\" srcset=\"https:\/\/parenttraining.chip.uconn.edu\/wp-content\/uploads\/2016\/05\/homemade-doll-house1-300x199.jpg 300w, https:\/\/parenttraining.chip.uconn.edu\/wp-content\/uploads\/2016\/05\/homemade-doll-house1.jpg 660w\" sizes=\"auto, (max-width: 300px) 100vw, 300px\" \/><\/a><\/figure>\n\n\n\n<figure class=\"wp-block-image\"><a href=\"https:\/\/parenttraining.chip.uconn.edu\/wp-content\/uploads\/2016\/05\/homemade-doll-house.jpg\"><img loading=\"lazy\" decoding=\"async\" width=\"300\" height=\"225\" src=\"https:\/\/parenttraining.chip.uconn.edu\/wp-content\/uploads\/2016\/05\/homemade-doll-house-300x225.jpg\" alt=\"homemade doll house\" class=\"wp-image-1484\" srcset=\"https:\/\/parenttraining.chip.uconn.edu\/wp-content\/uploads\/2016\/05\/homemade-doll-house-300x225.jpg 300w, https:\/\/parenttraining.chip.uconn.edu\/wp-content\/uploads\/2016\/05\/homemade-doll-house.jpg 640w\" sizes=\"auto, (max-width: 300px) 100vw, 300px\" \/><\/a><\/figure>\n\n\n\n<p class=\"has-text-align-center\">&nbsp;<\/p>\n\n\n\n<p>La p\u00e1gina web Pinterest es un lugar estupendo para encontrar ideas. Encontrar\u00e1 muchos ejemplos de c\u00f3mo hacer cocinas de juguete, casas de mu\u00f1ecas e incluso mu\u00f1ecas. Sin embargo, tenga en cuenta que cuanto m\u00e1s se parezca el juguete al objeto real, m\u00e1s f\u00e1cil le resultar\u00e1 al ni\u00f1o aprender a jugar con \u00e9l.<\/p>\n\n\n\n<p>Cuando decida por qu\u00e9 escena de juego empezar, aseg\u00farese de que sea una con la que el ni\u00f1o est\u00e9 familiarizado. Por ejemplo, dar de comer a una mu\u00f1eca es una buena acci\u00f3n para ense\u00f1ar, especialmente a los ni\u00f1os que tienen un hermano o hermana peque\u00f1os. Pero si su hijo rara vez ha visto a un beb\u00e9 real bebiendo de un biber\u00f3n, puede que no sea una buena opci\u00f3n para \u00e9l. Piense en algunas de las cosas sencillas que su hijo ve hacer a los adultos u otros ni\u00f1os con frecuencia. Por ejemplo, compartir una taza de t\u00e9, remover una olla, dar de comer a un beb\u00e9, hablar por tel\u00e9fono o conducir un coche pueden ser buenas actividades para empezar.<\/p>\n<p>&nbsp;<\/p>\n\n\n\n<h2 class=\"wp-block-heading\"><strong><strong>PASO 1: JUEGO SENCILLO DE UN SOLO PASO CON EL NI\u00d1O COMO ACTOR<\/strong><\/strong><\/h2>\n\n\n\n<p>Comencemos con el primer tipo de habilidad de juego: juego sencillo con un solo paso con el ni\u00f1o como actor. Puede empezar con una mu\u00f1eca a la que su hijo pueda fingir que da de comer. O puede empezar fingiendo que come comida de juguete o que remueve algo en una olla peque\u00f1a con una cuchara. Puede empezar colocando un par de conjuntos de objetos sobre una mesa o en el suelo delante de su hijo. Pueden ser cosas como un beb\u00e9 con un biber\u00f3n y una olla con una cuchara. \u00bfParece mostrar m\u00e1s inter\u00e9s por uno de los conjuntos de juguetes? Siempre es buena idea utilizar materiales que le interesen a su hijo. As\u00ed ser\u00e1 m\u00e1s probable que quiera jugar con usted. Adem\u00e1s, mantendr\u00e1 su atenci\u00f3n durante m\u00e1s tiempo.<\/p>\n\n\n\n<blockquote>\n<p>Busque juguetes que le resulten interesantes a su hijo y que puedan utilizarse para jugar a simular.<\/p>\n<\/blockquote>\n\n\n\n<p><strong>Este es un punto muy importante, as\u00ed que vamos a repetirlo.<\/strong><br>Busque juguetes que le resulten interesantes a su hijo y que puedan utilizarse para jugar a simular. Los alimentos de juguete, una mu\u00f1eca, un peluche, un coche o un cami\u00f3n de juguete son buenos juguetes para probar. Hay muchos juguetes que pueden gustarle mucho a su hijo, pero que no se pueden usar f\u00e1cilmente para jugar a simular, como los juguetes que se iluminan o giran. Le sugerimos que los guarde fuera de la vista mientras trabaja en el juego de simulaci\u00f3n y que solo tenga a mano los juguetes que sean adecuados para este tipo de juego.<\/p>\n\n\n\n<p>Puede empezar en la zona de juegos del ni\u00f1o, si tiene una, o en el espacio de aprendizaje especial del ni\u00f1o, si ha habilitado uno (como comentamos en el m\u00f3dulo 9). Tambi\u00e9n puede practicar fingir que da de comer a una mu\u00f1eca mientras est\u00e1 sentado a la mesa de la cocina justo antes o despu\u00e9s de una comida. Puede fingir que ba\u00f1a a una mu\u00f1eca en el cuarto de ba\u00f1o justo despu\u00e9s del ba\u00f1o de su hijo o fingir&nbsp;que acuesta a un osito de peluche justo antes, durante o despu\u00e9s de la rutina para acostar a su hijo.<\/p>\n\n\n<div class=\"wp-block-image\">\n<figure class=\"alignleft is-resized\"><a href=\"https:\/\/parenttraining.chip.uconn.edu\/wp-content\/uploads\/2016\/08\/baby.pixabay.jpg\"><img loading=\"lazy\" decoding=\"async\" width=\"275\" height=\"183\" src=\"https:\/\/parenttraining.chip.uconn.edu\/wp-content\/uploads\/2016\/08\/baby.pixabay.jpg\" alt=\"Used with permission from Pixabay\" class=\"wp-image-3649\" style=\"width:346px;height:auto\"\/><\/a><figcaption class=\"wp-element-caption\">Pixabay<\/figcaption><\/figure>\n<\/div>\n\n\n<p>Supongamos que su hijo muestra cierto inter\u00e9s por el biber\u00f3n. Coloque el biber\u00f3n y la mu\u00f1eca delante de \u00e9l, sobre la mesa o en el suelo. Si no coge la mu\u00f1eca al cabo de unos 5-10 segundos, c\u00f3gala usted y diga: \u00abVamos a dar de comer al beb\u00e9\u00bb. Luego, acune al beb\u00e9 en sus brazos o mant\u00e9ngalo frente a su hijo y finja alimentarlo durante unos segundos, haciendo ruidos de beb\u00e9 bebiendo. Luego, dele el biber\u00f3n al ni\u00f1o y d\u00edgale algo como: \u00abAhora t\u00fa alimentas al beb\u00e9\u00bb, o \u00abAhora es tu turno de alimentar al beb\u00e9\u00bb, o \u00abEl beb\u00e9 tiene hambre\u00bb.<\/p>\n\n\n\n<p>Si el ni\u00f1o no hace ning\u00fan movimiento para hacerlo, ay\u00fadelo suavemente a sostener al beb\u00e9 y\/o a alimentarlo. Si el ni\u00f1o coloca el biber\u00f3n en el lugar equivocado (como en el ojo o la oreja del beb\u00e9), ay\u00fadelo a mover el biber\u00f3n hacia la boca y diga: \u00abEl biber\u00f3n va en la boca del beb\u00e9\u00bb. O simplemente mueva la mu\u00f1eca para que el biber\u00f3n quede cerca de la boca de la mu\u00f1eca. Luego, tanto si le ha ayudado como si no, el\u00f3gielo con entusiasmo. Puede decir: \u00abQu\u00e9 buena mam\u00e1\u00bb (o \u00abpap\u00e1\u00bb). \u00abHas dado de comer al beb\u00e9\u00bb. O puede hacer ruidos entusiastas de beb\u00e9 bebiendo y luego decirle lo feliz que est\u00e1 el beb\u00e9 por tomar su biber\u00f3n. A continuaci\u00f3n, intente prolongar el juego durante un rato, de la forma que prefiera. Por ejemplo, podr\u00eda decir: \u00abAhora el beb\u00e9 est\u00e1 listo para dormir\u00bb y cubrir al mu\u00f1eco con una mantita. O hacer que el beb\u00e9 llore y decir: \u00ab\u00a1Oh, no! El beb\u00e9 tiene hambre otra vez\u00bb. A continuaci\u00f3n, anime al ni\u00f1o a dar de comer al beb\u00e9 otra vez. O podr\u00eda intentar hacer eructar al beb\u00e9 o darle de comer con una cuchara en lugar de con el biber\u00f3n.<\/p>\n\n\n<p><iframe loading=\"lazy\"\n  src=\"https:\/\/player.vimeo.com\/video\/199161925?texttrack=es\"\n  width=\"640\"\n  height=\"360\"\n  frameborder=\"0\"\n  allow=\"autoplay; fullscreen; picture-in-picture\"\n  allowfullscreen><br \/>\n<\/iframe><\/p>\n\n\n\n<p>Si su hijo responde bien y disfruta de la actividad, aunque solo sea durante unos minutos, siga probando nuevas ideas. Recuerde simular cosas que su hijo haya hecho \u00e9l mismo o haya visto hacer a otros como parte de rutinas familiares.<\/p>\n\n\n<p><iframe loading=\"lazy\"\n  src=\"https:\/\/player.vimeo.com\/video\/199161942?texttrack=es\"\n  width=\"640\"\n  height=\"360\"\n  frameborder=\"0\"\n  allow=\"autoplay; fullscreen; picture-in-picture\"\n  allowfullscreen><br \/>\n<\/iframe><\/p>\n\n\n\n<p><span style=\"font-weight: 400;\">En el siguiente v\u00eddeo, la madre y la profesora del ni\u00f1o le animan a dar de comer a un b\u00fafalo de peluche y \u00e9l lo capta r\u00e1pidamente. Tras una indicaci\u00f3n f\u00edsica, el ni\u00f1o responde de inmediato a una simple se\u00f1al gestual o con el dedo, acompa\u00f1ada de algunas indicaciones verbales. M\u00e1s tarde, lo hace un par de veces por s\u00ed mismo. Su madre vuelve peri\u00f3dicamente a las indicaciones f\u00edsicas para ayudarle a recordar qu\u00e9 debe hacer. Ella lo anima con ruidos de satisfacci\u00f3n al comer y, a veces, le aplaude. Es evidente que \u00e9l est\u00e1 empezando a disfrutar del juego. Este tipo de interacci\u00f3n compartida o conjunta es un pilar fundamental para el desarrollo social.<\/span><\/p>\n\n\n\n<figure class=\"wp-block-video\"><video height=\"1080\" style=\"aspect-ratio: 1920 \/ 1080;\" width=\"1920\" controls src=\"https:\/\/parenttraining.chip.uconn.edu\/wp-content\/uploads\/2025\/10\/LiM_4_EDITS.mp4\"><\/video><\/figure>\n\n\n\n\n\n<p>Si su hijo comienza una nueva l\u00ednea de juego de simulaci\u00f3n con estos juguetes o parece querer continuar con el mismo tema, es importante seguir su ejemplo con entusiasmo. Sin embargo, despu\u00e9s de unos minutos de juego como este, si siente que ha terminado, debe pasar a otra actividad agradable. Esto podr\u00eda ser algo como salir al aire libre, tomar un refrigerio o hacer burbujas. En el siguiente v\u00eddeo, observe c\u00f3mo la profesora intenta mantener el inter\u00e9s del ni\u00f1o en el juego de simulaci\u00f3n con una mu\u00f1eca. Al cabo de un minuto o dos, es evidente que el ni\u00f1o ha perdido el inter\u00e9s. Por lo tanto, ella cambia de estrategia y utiliza la mantita del beb\u00e9 para empezar a jugar al cuc\u00fa-tras. De esta manera, consigue mantener su atenci\u00f3n y que se divierta.<br><\/p>\n\n\n\n\n<p><iframe loading=\"lazy\"\n  src=\"https:\/\/player.vimeo.com\/video\/199162080?texttrack=es\"\n  width=\"640\"\n  height=\"360\"\n  frameborder=\"0\"\n  allow=\"autoplay; fullscreen; picture-in-picture\"\n  allowfullscreen><br \/>\n<\/iframe><\/p>\n\n\n\n<p>Recuerde que es muy importante mantener al ni\u00f1o interesado y que el juego debe ser divertido. Es especialmente importante no presionar demasiado y correr el riesgo de convertirlo en una tarea o hacerlo aburrido. Intente darle a su hijo al menos 3-4 oportunidades cortas al d\u00eda para aprender a jugar a simular, utilizando unos pocos juguetes sencillos. Despu\u00e9s de las sesiones de juego cortas, realice una actividad que sepa que le gusta. Esto tambi\u00e9n le ayudar\u00e1 a ver las sesiones de juego de simulaci\u00f3n como algo que le gusta.<\/p>\n<blockquote>\n<p>Jugar debe ser DIVERTIDO; no lo exijas demasiado, o corres el riesgo de que se convierta en una tarea pesada.<\/p>\n<\/blockquote>\n\n\n\n<p>Est\u00e1 bien continuar con este tipo de actividad varias veces al d\u00eda, incluso si el ni\u00f1o no parece interesado al principio. Simplemente mantenga cada sesi\u00f3n de juego breve y divertida. No presione demasiado al ni\u00f1o para que imite lo que usted hace. Si a su hijo parece no gustarle este tipo de juego o intenta escapar cada vez, interr\u00fampalo durante unas semanas y luego vuelva a intentarlo.<\/p>\n\n\n\n<h2 class=\"wp-block-heading\"><strong><strong>PASO 2: JUEGO CON JUGUETES DE VARIOS PASOS CON EL NI\u00d1O COMO ACTOR<\/strong><\/strong><\/h2>\n\n\n\n<p>\u00bfQu\u00e9 pasa si su hijo ha aprendido a hacer dos o tres acciones simples de simulaci\u00f3n, como dar de comer a la mu\u00f1eca, fingir que come comida de juguete o bebe de una taza vac\u00eda, saludar por tel\u00e9fono o remover una olla? Ahora es el momento de pasar al segundo paso. El paso 2 consiste en ense\u00f1ar una secuencia m\u00e1s larga de acciones de simulaci\u00f3n. Tomemos el ejemplo de dar de comer al beb\u00e9. Una vez que su hijo haya aprendido a dar de comer al beb\u00e9, coloque un trozo de tela (como un pa\u00f1al de tela, un pa\u00f1o de cocina o una toalla de papel) junto a la mu\u00f1eca. Espere unos segundos para ver qu\u00e9 hace su hijo. \u00bfLo coge y lo utiliza para limpiar al beb\u00e9, cubrirlo o hacerle eructar? Si no es as\u00ed, simplemente mu\u00e9strele c\u00f3mo hacer una de estas cosas. Luego, entregue el mu\u00f1eco a su hijo y sugi\u00e9rale amablemente que haga lo mismo. Por ahora, lim\u00edtese a dos acciones, como alimentar y luego hacer eructar al beb\u00e9. Si su hijo aprende esta secuencia con bastante facilidad, puede pasar a 3 o incluso 4 pasos. Estas podr\u00edan ser acciones como alimentar al beb\u00e9, hacerle eructar, limpiarle la boca, acostarlo para que duerma la siesta y cubrirlo con una manta.<\/p>\n\n\n<div class=\"wp-block-image\">\n<figure class=\"alignright\"><a href=\"https:\/\/parenttraining.chip.uconn.edu\/wp-content\/uploads\/2016\/08\/doll2.pixabay.jpg\"><img loading=\"lazy\" decoding=\"async\" width=\"275\" height=\"183\" src=\"https:\/\/parenttraining.chip.uconn.edu\/wp-content\/uploads\/2016\/08\/doll2.pixabay.jpg\" alt=\"Used with permission from Pixabay\" class=\"wp-image-3650\"\/><\/a><figcaption class=\"wp-element-caption\">Pixabay<\/figcaption><\/figure>\n<\/div>\n\n\n<p>Muestre lo divertido que puede ser este tipo de juego. H\u00e1galo mostrando muchas emociones positivas. O haga algo divertido, como fingir que el beb\u00e9 ha eructado leche \u00abasquerosa\u00bb sobre su camisa. No solo debe mostrar c\u00f3mo fingir, sino tambi\u00e9n que es divertido. No nos cansaremos de repetirlo: aseg\u00farese de que este juego sea divertido. Otro ejemplo: cuando su hijo haga eructar al beb\u00e9, puede que le resulte divertido si usted hace un ruido fuerte de eructo para el beb\u00e9. Diga algo como: \u00ab\u00a1Oh! El beb\u00e9 ha hecho un eructo muy fuerte. Has hecho un buen trabajo haci\u00e9ndole eructar\u00bb. O: \u00ab\u00a1Oh, no! \u00a1El beb\u00e9 sigue teniendo hambre! El biber\u00f3n est\u00e1 vac\u00edo, busquemos otra cosa para darle de comer\u00bb. Luego, corra a buscar una galleta, comida de juguete, un taz\u00f3n y una cuchara para beb\u00e9s u otro biber\u00f3n.<\/p>\n\n\n\n<p>Aseg\u00farese de probar varias secuencias diferentes de juego simb\u00f3lico. Estas podr\u00edan ser cosas como alimentar al beb\u00e9, cocinar, servir y comer algo. Si tiene algunas cajas vac\u00edas de cereales o galletas o cartones de leche, puede colocarlos en una estanter\u00eda baja o una mesa y fingir que va de compras. Luego, si quiere ser realmente ambicioso, \u00a1puede cocinar, servir y comer la comida que compr\u00f3! El objetivo no es ense\u00f1ar un conjunto espec\u00edfico de acciones, sino que el ni\u00f1o aprenda la IDEA de jugar a simular y lo disfrute. Tarde o temprano, ser\u00e1 capaz de simular diferentes secuencias de acontecimientos. Y recuerde: siga los intereses del ni\u00f1o. Eso har\u00e1 que su aprendizaje sea mucho m\u00e1s f\u00e1cil y divertido.<\/p>\n\n\n\n<h2 class=\"wp-block-heading\"><strong><strong>PASO 3: JUEGO SENCILLO CON UNA MU\u00d1ECA O UN PELUCHE COMO ACTOR<\/strong><\/strong><\/h2>\n\n\n\n<p>El siguiente paso es que su hijo aprenda a jugar haciendo que las mu\u00f1ecas hagan cosas. Puede hacer que corran, coman, hablen, jueguen, se abracen, duerman, etc. Al igual que hicimos con el juego de simulaci\u00f3n en el que el ni\u00f1o es el actor, empiece por lo m\u00e1s sencillo y luego a\u00f1ada m\u00e1s pasos. Tambi\u00e9n puede empezar con una rutina que el ni\u00f1o parezca entender o disfrutar cuando la hace \u00e9l mismo, como comer o ba\u00f1arse. Utilice mu\u00f1ecas peque\u00f1as y quiz\u00e1 una casa de mu\u00f1ecas, que puede hacer usted mismo. Puede hacer que la mu\u00f1eca mam\u00e1 o pap\u00e1 sea la que alimente al beb\u00e9, en lugar de que lo haga la ni\u00f1a. O tal vez la mu\u00f1eca mam\u00e1 puede llevar a la mu\u00f1eca beb\u00e9 a dar un paseo en el cochecito, si tiene uno de juguete.<\/p>\n\n\n<p><iframe loading=\"lazy\"\n  src=\"https:\/\/player.vimeo.com\/video\/199162262?texttrack=es\"\n  width=\"640\"\n  height=\"360\"\n  frameborder=\"0\"\n  allow=\"autoplay; fullscreen; picture-in-picture\"\n  allowfullscreen><br \/>\n<\/iframe><\/p>\n\n\n<p><iframe loading=\"lazy\"\n  src=\"https:\/\/player.vimeo.com\/video\/199162286?texttrack=es\"\n  width=\"640\"\n  height=\"360\"\n  frameborder=\"0\"\n  allow=\"autoplay; fullscreen; picture-in-picture\"\n  allowfullscreen><br \/>\n<\/iframe><\/p>\n\n\n<p><iframe loading=\"lazy\"\n  src=\"https:\/\/player.vimeo.com\/video\/199162308?texttrack=es\"\n  width=\"640\"\n  height=\"360\"\n  frameborder=\"0\"\n  allow=\"autoplay; fullscreen; picture-in-picture\"\n  allowfullscreen><br \/>\n<\/iframe><\/p>\n\n\n\n<p>Aqu\u00ed hay otras escenas de juego sencillas que puede modelar para su hijo. Puede subir a una mu\u00f1eca por unas escaleras hechas con bloques para ir a la cama. Puede hacer que dos peluches o mu\u00f1ecas se saluden y se abracen. O puede hacer que bailen al ritmo de la m\u00fasica. Puede hacer que la mu\u00f1eca mam\u00e1 o pap\u00e1 sostenga una cuchara y remueva una olla. Incluso puede hacer que una mu\u00f1eca beb\u00e9 a\u00f1ada un bloque a una torre de bloques o coloque una pieza en un rompecabezas. Luego, le indicar\u00eda suavemente al ni\u00f1o que haga que la mu\u00f1eca haga esas cosas. Esto no nos parece dif\u00edcil. Pero, en realidad, es un gran salto en el pensamiento del ni\u00f1o comprender que puede fingir que una mu\u00f1eca o una figura cobran vida y representar escenas familiares. Es posible que su hijo tarde un tiempo en aprender a hacer que las mu\u00f1ecas, las figuras de acci\u00f3n o los peluches cobren vida para hacer cosas. Pero mientras disfrute de la actividad, puede seguir mostr\u00e1ndole y anim\u00e1ndole. Y, por supuesto, refuerce sus esfuerzos ayud\u00e1ndole con entusiasmo en este juego. Cuando sea capaz de dar uno o dos pasos de esta manera, intente ampliar el juego a una secuencia m\u00e1s larga de pasos, que es el paso 4.<\/p>\n\n\n\n<h2 class=\"wp-block-heading\"><strong><strong>PASO 4: JUEGO DE VARIOS PASOS CON UNA MU\u00d1ECA O UN PELUCHE COMO ACTOR<\/strong><\/strong><\/h2>\n\n\n\n<p>Una vez que su hijo aprenda a jugar haciendo que una mu\u00f1eca, una figura o un peluche hagan cosas, puede ampliarlo a una secuencia. Por ejemplo, la mu\u00f1eca mam\u00e1 puede remover una olla, servir algo de la olla en un plato y d\u00e1rselo a la mu\u00f1eca beb\u00e9 para que coma. O, <strong>para que<\/strong> la mu\u00f1eca mam\u00e1 o pap\u00e1 pueda ir a la \u00abtienda\u00bb (una caja de zapatos con la etiqueta \u00abTIENDA\u00bb), comprar algo, volver a casa, ir a la cocina y ponerlo sobre la mesa. O puede fingir que la mu\u00f1eca padre est\u00e1 ba\u00f1ando a la mu\u00f1eca ni\u00f1o en la ba\u00f1era, diciendo algo como: \u00ab\u00a1Vaya! \u00a1Te has ensuciado mucho jugando! Vamos a limpiarte bien\u00bb.<\/p>\n\n\n\n<p>Cuando modele estas secuencias, es buena idea cambiar los detalles al menos un poco cada vez. Quiere mostrarle a su hijo que el juego de simulaci\u00f3n no tiene por qu\u00e9 ser igual cada vez. Utilice muchas emociones positivas, diversi\u00f3n y entusiasmo. Luego, invite a su hijo a jugar con usted. Diga cosas como: \u00ab\u00bfPuedes ayudar a la mu\u00f1eca a subir las escaleras?\u00bb, \u00ab\u00bfPuedes hacer que la mam\u00e1 meta a la beb\u00e9 en la ba\u00f1era y le d\u00e9 un ba\u00f1o?\u00bb. Luego, ayude suavemente al ni\u00f1o a realizar la acci\u00f3n que mencion\u00f3. No importa cu\u00e1nta ayuda necesite darle a su hijo. El\u00f3gielo con entusiasmo. Una vez m\u00e1s, no lo prolongue demasiado, ya que el ni\u00f1o podr\u00eda aburrirse o frustrarse. Esto siempre debe ser divertido y, si es posible, ir seguido de una actividad divertida, como ir al parque, tomar un tentempi\u00e9 o hacer pompas de jab\u00f3n.<\/p>\n\n\n\n<p class=\"has-text-align-center\"><a href=\"https:\/\/parenttraining.chip.uconn.edu\/index.php\/expanding-play-skills-to-new-situations-using-naturally-occurring-reinforcers\/\"><\/a><a href=\"https:\/\/parenttraining.chip.uconn.edu\/index.php\/language\/es\/ampliar-las-habilidades-de-juego-a-nuevas-situaciones\/\"><strong>Siguiente: Ampliar las habilidades de juego a nuevas situaciones y utilizar refuerzos naturales <\/strong><\/a><\/p>\n\n\n\n\n\n\n\n\n\n\n","protected":false},"excerpt":{"rendered":"<div class=\"entry-summary\">\nA continuaci\u00f3n, enumeraremos algunos juguetes que pueden fomentar el juego simb\u00f3lico. No es necesario que tenga todos ellos, ni tienen&hellip;\n<\/div>\n<div class=\"link-more\"><a href=\"https:\/\/parenttraining.chip.uconn.edu\/index.php\/language\/es\/juguetes-que-pueden-fomentar-el-juego-simbolico\/\" class=\"more-link\">Continue reading<span class=\"screen-reader-text\"> &ldquo;Juguetes que pueden fomentar el juego simb\u00f3lico&rdquo;<\/span>&hellip;<\/a><\/div>\n","protected":false},"author":497,"featured_media":0,"parent":0,"menu_order":0,"comment_status":"closed","ping_status":"closed","template":"","meta":{"footnotes":""},"class_list":["post-8591","page","type-page","status-publish","hentry","entry"],"_links":{"self":[{"href":"https:\/\/parenttraining.chip.uconn.edu\/index.php\/wp-json\/wp\/v2\/pages\/8591","targetHints":{"allow":["GET"]}}],"collection":[{"href":"https:\/\/parenttraining.chip.uconn.edu\/index.php\/wp-json\/wp\/v2\/pages"}],"about":[{"href":"https:\/\/parenttraining.chip.uconn.edu\/index.php\/wp-json\/wp\/v2\/types\/page"}],"author":[{"embeddable":true,"href":"https:\/\/parenttraining.chip.uconn.edu\/index.php\/wp-json\/wp\/v2\/users\/497"}],"replies":[{"embeddable":true,"href":"https:\/\/parenttraining.chip.uconn.edu\/index.php\/wp-json\/wp\/v2\/comments?post=8591"}],"version-history":[{"count":20,"href":"https:\/\/parenttraining.chip.uconn.edu\/index.php\/wp-json\/wp\/v2\/pages\/8591\/revisions"}],"predecessor-version":[{"id":10987,"href":"https:\/\/parenttraining.chip.uconn.edu\/index.php\/wp-json\/wp\/v2\/pages\/8591\/revisions\/10987"}],"wp:attachment":[{"href":"https:\/\/parenttraining.chip.uconn.edu\/index.php\/wp-json\/wp\/v2\/media?parent=8591"}],"curies":[{"name":"wp","href":"https:\/\/api.w.org\/{rel}","templated":true}]}}