{"id":8582,"date":"2026-01-04T23:59:26","date_gmt":"2026-01-05T04:59:26","guid":{"rendered":"https:\/\/parenttraining.chip.uconn.edu\/?page_id=8582"},"modified":"2026-03-30T03:55:18","modified_gmt":"2026-03-30T07:55:18","slug":"modulo-14-juego-simbolico","status":"publish","type":"page","link":"https:\/\/parenttraining.chip.uconn.edu\/index.php\/language\/es\/modulo-14-juego-simbolico\/","title":{"rendered":"M\u00f3dulo 14: Juego simb\u00f3lico"},"content":{"rendered":"\n<p>En este m\u00f3dulo repasaremos las habilidades iniciales necesarias para el juego simb\u00f3lico, as\u00ed como la importancia de este. Comience con \u00ab<strong>\u00bfPor qu\u00e9 es importante el juego simb\u00f3lico?<\/strong>\u00bb, que se encuentra a continuaci\u00f3n. A continuaci\u00f3n, avance por cada una de estas secciones en el orden indicado. Al final de cada secci\u00f3n, encontrar\u00e1 un enlace a la siguiente.<\/p>\n\n\n\n<p class=\"has-text-align-center\"><a href=\"https:\/\/parenttraining.chip.uconn.edu\/index.php\/language\/es\/juguetes-que-pueden-fomentar-el-juego-simbolico\/\u2197\">Juguetes que pueden fomentar el juego simb\u00f3lico<\/a><\/p>\n\n\n\n<p class=\"has-text-align-center\"><a href=\"https:\/\/parenttraining.chip.uconn.edu\/index.php\/language\/es\/ampliar-las-habilidades-de-juego-a-nuevas-situaciones\/\">Ampliar las habilidades de juego a nuevas situaciones y utilizar refuerzos naturales<\/a><\/p>\n\n\n\n<p class=\"has-text-align-center\"><a href=\"https:\/\/parenttraining.chip.uconn.edu\/index.php\/language\/es\/cuestionario-sobre-el-juego-simbolico\/\">M\u00f3dulo 14: Cuestionario sobre el juego simb\u00f3lico<\/a><\/p>\n\n\n\n<h2 class=\"wp-block-heading\"><strong>\u00bfPor qu\u00e9 es importante el juego simb\u00f3lico?<\/strong><\/h2>\n\n\n\n<p>\u00bfPor qu\u00e9 debemos preocuparnos por ense\u00f1ar el juego simb\u00f3lico? \u00bfPor qu\u00e9 es importante? El juego simb\u00f3lico se encuentra en todas las sociedades humanas. En todo el mundo, los ni\u00f1os peque\u00f1os simulan hacer las cosas que hacen los adultos y los ni\u00f1os mayores. \u00bfPor qu\u00e9 ocurre esto?<\/p>\n\n\n\n<p>En primer lugar, es una forma de aprender sobre el comportamiento, el pensamiento y los sentimientos de otras personas, y de aprender que otras personas pueden tener pensamientos y sentimientos diferentes a los suyos. Cuando fingen asumir el papel de otra persona, como una mam\u00e1, o pensar en las necesidades o sentimientos ficticios de una mu\u00f1eca, aprenden a tener en cuenta los pensamientos y sentimientos de los dem\u00e1s. Tambi\u00e9n es una forma de ir m\u00e1s all\u00e1 de simplemente reaccionar a lo que tienen delante en el mundo real y pensar en cosas que no est\u00e1n ah\u00ed en ese momento. Pensar en las cosas y no solo reaccionar a lo que tenemos delante es fundamental para nuestra capacidad humana de pensar.<\/p>\n\n\n\n<p>Adem\u00e1s, cuando los ni\u00f1os juegan entre ellos y establecen relaciones sociales, a menudo lo hacen a trav\u00e9s de la simulaci\u00f3n, por lo que es una habilidad social importante. Por \u00faltimo, numerosas investigaciones han demostrado que participar en juegos de simulaci\u00f3n estimula el desarrollo del lenguaje.<\/p>\n\n\n\n<h2 class=\"wp-block-heading\"><strong>\u00bfCu\u00e1ndo est\u00e1 listo su hijo para aprender a jugar a fingir de forma sencilla?<\/strong><\/h2>\n\n\n\n<p>La mayor\u00eda de los ni\u00f1os comienzan a hacer juegos de simulaci\u00f3n sencillos entre su primer y segundo cumplea\u00f1os. Luego, sus juegos de simulaci\u00f3n se vuelven m\u00e1s complejos y variados. Asumen m\u00e1s roles y pasan m\u00e1s tiempo jugando con otros ni\u00f1os. Para la mayor\u00eda de los ni\u00f1os, esto contin\u00faa hasta los 8 o 9 a\u00f1os. En ese momento, los juegos de simulaci\u00f3n comienzan a ser reemplazados por otros intereses. Pero algunos ni\u00f1os contin\u00faan disfrutando de los juegos de simulaci\u00f3n hasta principios de la adolescencia.<\/p>\n\n\n\n<blockquote class=\"wp-block-quote is-layout-flow wp-block-quote-is-layout-flow\">\n<p>\u00bfQu\u00e9 habilidades necesita un ni\u00f1o para empezar a jugar a simular? Lo m\u00e1s importante es ser capaz de imitar cosas sencillas que hacen los adultos.<\/p>\n<\/blockquote>\n\n\n\n<p>Esto podr\u00eda ser sostener un tel\u00e9fono en la oreja, remover algo en una olla con una cuchara o poner un biber\u00f3n en la boca de una mu\u00f1eca. Si su hijo a\u00fan no puede imitar acciones sencillas de los adultos, no est\u00e1 preparado para jugar a simular.<\/p>\n\n\n\n<p>Otra se\u00f1al de que est\u00e1 listo para jugar a simular es comprender el lenguaje sencillo. En los ni\u00f1os con un desarrollo t\u00edpico, normalmente se empieza a ver un juego de simulaci\u00f3n sencillo en los ni\u00f1os que pueden comprender algo de lenguaje y decir algunas palabras o frases. Por lo tanto, si su hijo puede imitarle bien, tiene algunas palabras o puede imitar los sonidos que usted hace, es posible que est\u00e9 listo para un juego de simulaci\u00f3n sencillo. Si puede utilizar im\u00e1genes o gestos para decirle lo que quiere, es posible que pueda hacer una simulaci\u00f3n sencilla. Si su hijo a\u00fan no comunica sus necesidades b\u00e1sicas, puede intentar mostrarle algunas acciones simples de simulaci\u00f3n. Pero est\u00e9 preparado para dar marcha atr\u00e1s por ahora si no muestra ning\u00fan inter\u00e9s o no parece estar listo para aprender a simular.<\/p>\n\n\n\n<p>Si a su hija le han diagnosticado alg\u00fan tipo de autismo, o si sospecha que puede tenerlo, es posible que le resulte dif\u00edcil o poco divertido aprender a jugar a simular. Esto puede ser cierto incluso si tiene todas las habilidades mencionadas anteriormente. Lo que puede hacer es empezar a ense\u00f1arle juegos de simulaci\u00f3n sencillos. Pero est\u00e9 preparada para dar marcha atr\u00e1s y volver a intentarlo dentro de unos meses si le cuesta aprender a simular.<\/p>\n\n\n\n<h2 class=\"wp-block-heading\"><strong>Tipos de juego que trataremos y que no trataremos<\/strong><\/h2>\n\n\n\n<p>Hay muchos tipos de juegos de simulaci\u00f3n. En este programa vamos a trabajar con los m\u00e1s sencillos y que suelen aparecer primero en el desarrollo. Si su hijo est\u00e1 preparado para aprender habilidades de juego de simulaci\u00f3n m\u00e1s avanzadas, consulte las sugerencias sobre recursos al final de esta secci\u00f3n. Estos son los cuatro tipos de juego que describiremos c\u00f3mo ense\u00f1ar:<\/p>\n\n\n\n<figure class=\"wp-block-table\"><table class=\"has-fixed-layout\"><tbody><tr><td><br>1. <strong>Juego sencillo de un solo paso con el ni\u00f1o como actor:<\/strong><br>Aqu\u00ed es donde el ni\u00f1o finge hacer una cosa bastante sencilla. Puede ser decir hola por un tel\u00e9fono de juguete, fingir beber de una taza vac\u00eda o dar de comer a una mu\u00f1eca con un biber\u00f3n. Puede fingir con un objeto real (como fingir dar de comer a una mu\u00f1eca con una cuchara real o fingir decir hola por el m\u00f3vil de sus padres) o con una cuchara o un tel\u00e9fono de juguete que se parezcan a los reales.<br><br>2. <strong>Juego con juguetes de varios pasos con el ni\u00f1o como actor:<\/strong><br>Aqu\u00ed es donde el ni\u00f1o finge hacer una serie de cosas. Por ejemplo, el ni\u00f1o podr\u00eda fingir que da de comer a una mu\u00f1eca, la sostiene en su hombro para que eructe y luego la coloca en una cuna de juguete y la cubre con una manta para mu\u00f1ecas. O bien, puede fingir que cocina algo en una olla de juguete y luego se lo come.<br><br><strong>3. Juego sencillo de un solo paso con una mu\u00f1eca o un peluche como protagonista:<\/strong><br>Aqu\u00ed es donde el ni\u00f1o hace que una mu\u00f1eca o un peluche hagan algo como si fueran reales. Por ejemplo, el ni\u00f1o podr\u00eda hacer que un peluche llorara o que dos peluches se abrazaran. O, utilizando una casa de mu\u00f1ecas, el ni\u00f1o podr\u00eda fingir que una mu\u00f1eca se ba\u00f1a, sube o baja escaleras o se va a dormir a la cama.<br><br><strong>4. Juego con juguetes de varios pasos con una mu\u00f1eca o un peluche como protagonista: <\/strong><br>Aqu\u00ed es donde el ni\u00f1o hace que una o m\u00e1s mu\u00f1ecas o peluches representen una serie de pasos para crear una historia sencilla. Por ejemplo, podr\u00eda fingir que una mu\u00f1eca beb\u00e9 llora porque tiene hambre. Luego har\u00eda que la mu\u00f1eca mam\u00e1 viniera y le diera de comer.<br><br><p><strong>Los tipos de juego m\u00e1s complejos y maduros son:<\/strong><\/p><strong>5. Usar un objeto para representar a otro:&nbsp; &nbsp; &nbsp; &nbsp; &nbsp; &nbsp; &nbsp; &nbsp; &nbsp; &nbsp; &nbsp; &nbsp; &nbsp; &nbsp; &nbsp; &nbsp; &nbsp; &nbsp; &nbsp; &nbsp; &nbsp; &nbsp; &nbsp; &nbsp; &nbsp; &nbsp; &nbsp; &nbsp; &nbsp; &nbsp; &nbsp; &nbsp; &nbsp; &nbsp; &nbsp; &nbsp; &nbsp; &nbsp; &nbsp; &nbsp; &nbsp; &nbsp; &nbsp; &nbsp; <\/strong><br>Aqu\u00ed es donde el ni\u00f1o utiliza un objeto que no se parece en nada al objeto real que est\u00e1 fingiendo utilizar. A veces se denomina juego de sustituci\u00f3n. Por ejemplo, puede coger un bloque y fingir que es un tel\u00e9fono, en lugar de utilizar un tel\u00e9fono de juguete. Puede fingir que un palo es una cuchara y fingir que remueve una olla con \u00e9l. Esa es una forma m\u00e1s madura de fingir. A\u00fan m\u00e1s avanzado es cuando no hay ning\u00fan objeto. Por ejemplo, el ni\u00f1o podr\u00eda fingir que sostiene un tel\u00e9fono, pero en realidad no hay nada en su mano. O puede fingir que se cepilla el pelo con un cepillo imaginario.&nbsp; &nbsp; &nbsp; &nbsp; &nbsp; &nbsp; &nbsp; &nbsp; &nbsp; &nbsp; &nbsp; &nbsp; &nbsp; &nbsp; &nbsp; &nbsp; &nbsp; &nbsp; &nbsp; &nbsp; &nbsp; &nbsp; &nbsp; &nbsp; &nbsp; &nbsp; &nbsp; &nbsp; &nbsp; &nbsp; &nbsp; &nbsp; &nbsp; &nbsp; &nbsp; &nbsp; &nbsp; &nbsp; &nbsp; &nbsp; &nbsp; &nbsp; &nbsp; &nbsp; &nbsp; &nbsp; &nbsp; &nbsp; &nbsp; &nbsp; &nbsp; &nbsp; &nbsp; &nbsp; &nbsp; &nbsp; &nbsp; &nbsp; &nbsp; &nbsp; &nbsp; &nbsp; &nbsp; &nbsp; &nbsp; &nbsp; &nbsp; &nbsp; &nbsp; &nbsp; &nbsp; &nbsp; &nbsp; &nbsp; &nbsp; &nbsp; &nbsp; &nbsp; &nbsp; &nbsp; &nbsp; &nbsp; &nbsp; &nbsp; &nbsp; &nbsp; &nbsp; &nbsp; &nbsp; &nbsp; &nbsp; &nbsp; &nbsp; &nbsp; &nbsp; &nbsp; &nbsp; &nbsp; &nbsp;<br>6. <strong>Juego de roles:&nbsp; &nbsp; &nbsp; &nbsp; &nbsp; &nbsp; &nbsp; &nbsp; &nbsp; &nbsp; &nbsp; &nbsp; &nbsp; &nbsp; &nbsp; &nbsp; &nbsp; &nbsp; &nbsp; &nbsp; &nbsp; &nbsp; &nbsp; &nbsp; &nbsp; &nbsp; &nbsp; &nbsp; &nbsp; &nbsp; &nbsp; &nbsp; &nbsp; &nbsp; &nbsp; &nbsp; &nbsp; &nbsp; &nbsp; &nbsp; &nbsp; &nbsp; &nbsp; &nbsp; &nbsp; &nbsp; &nbsp; &nbsp; &nbsp; &nbsp; &nbsp; &nbsp; &nbsp; &nbsp; &nbsp; &nbsp; &nbsp; &nbsp; &nbsp; &nbsp; &nbsp; &nbsp; &nbsp; &nbsp;<\/strong><br>Aqu\u00ed es donde el ni\u00f1o asume el papel de un personaje. Por ejemplo, podr\u00eda fingir ser un superh\u00e9roe o un personaje de Disney, o un animal. O podr\u00eda fingir ser una mam\u00e1 o un pap\u00e1, un maestro o un bombero. A menudo esto implica representar escenas de sus cuentos favoritos. O podr\u00eda inventar historias que se ajusten al personaje o al animal. Esta es una parte importante del juego de simulaci\u00f3n y a menudo la realizan dos o m\u00e1s ni\u00f1os mayores que juegan juntos.<\/td><\/tr><tr><td><\/td><\/tr><\/tbody><\/table><\/figure>\n\n\n\n<p>Debe comenzar por ver si su hijo comprende y le gustan los cuatro tipos sencillos de juego descritos anteriormente, empezando por el primero. Si su hijo realiza todos estos tipos de juego, puede pensar en su preparaci\u00f3n para los n\u00fameros 5 y 6, que no se tratan en este m\u00f3dulo. Puede probar estos tipos de juego con su hijo y ver si comprende lo que est\u00e1 haciendo, si le divierten y si puede ampliarlos. Si cree que su hijo est\u00e1 preparado para aprender estas dos formas m\u00e1s avanzadas de juego simb\u00f3lico, consulte los recursos que se incluyen al final de este m\u00f3dulo sobre el juego simb\u00f3lico.<\/p>\n\n\n\n<p class=\"has-text-align-center\"><a href=\"https:\/\/parenttraining.chip.uconn.edu\/index.php\/language\/es\/juguetes-que-pueden-fomentar-el-juego-simbolico\/\u2197\"><strong>Siguiente: Juguetes que pueden fomentar el juego simb\u00f3lico<\/strong><\/a><\/p>\n\n\n\n\n","protected":false},"excerpt":{"rendered":"<div class=\"entry-summary\">\nEn este m\u00f3dulo repasaremos las habilidades iniciales necesarias para el juego simb\u00f3lico, as\u00ed como la importancia de este. Comience con&hellip;\n<\/div>\n<div class=\"link-more\"><a href=\"https:\/\/parenttraining.chip.uconn.edu\/index.php\/language\/es\/modulo-14-juego-simbolico\/\" class=\"more-link\">Continue reading<span class=\"screen-reader-text\"> &ldquo;M\u00f3dulo 14: Juego simb\u00f3lico&rdquo;<\/span>&hellip;<\/a><\/div>\n","protected":false},"author":497,"featured_media":1973,"parent":0,"menu_order":0,"comment_status":"closed","ping_status":"closed","template":"","meta":{"footnotes":""},"class_list":["post-8582","page","type-page","status-publish","has-post-thumbnail","hentry","entry"],"_links":{"self":[{"href":"https:\/\/parenttraining.chip.uconn.edu\/index.php\/wp-json\/wp\/v2\/pages\/8582","targetHints":{"allow":["GET"]}}],"collection":[{"href":"https:\/\/parenttraining.chip.uconn.edu\/index.php\/wp-json\/wp\/v2\/pages"}],"about":[{"href":"https:\/\/parenttraining.chip.uconn.edu\/index.php\/wp-json\/wp\/v2\/types\/page"}],"author":[{"embeddable":true,"href":"https:\/\/parenttraining.chip.uconn.edu\/index.php\/wp-json\/wp\/v2\/users\/497"}],"replies":[{"embeddable":true,"href":"https:\/\/parenttraining.chip.uconn.edu\/index.php\/wp-json\/wp\/v2\/comments?post=8582"}],"version-history":[{"count":18,"href":"https:\/\/parenttraining.chip.uconn.edu\/index.php\/wp-json\/wp\/v2\/pages\/8582\/revisions"}],"predecessor-version":[{"id":10970,"href":"https:\/\/parenttraining.chip.uconn.edu\/index.php\/wp-json\/wp\/v2\/pages\/8582\/revisions\/10970"}],"wp:featuredmedia":[{"embeddable":true,"href":"https:\/\/parenttraining.chip.uconn.edu\/index.php\/wp-json\/wp\/v2\/media\/1973"}],"wp:attachment":[{"href":"https:\/\/parenttraining.chip.uconn.edu\/index.php\/wp-json\/wp\/v2\/media?parent=8582"}],"curies":[{"name":"wp","href":"https:\/\/api.w.org\/{rel}","templated":true}]}}