{"id":8539,"date":"2025-12-31T04:14:30","date_gmt":"2025-12-31T09:14:30","guid":{"rendered":"https:\/\/parenttraining.chip.uconn.edu\/?page_id=8539"},"modified":"2026-02-07T13:38:39","modified_gmt":"2026-02-07T18:38:39","slug":"instrucciones-claras-y-dominio","status":"publish","type":"page","link":"https:\/\/parenttraining.chip.uconn.edu\/index.php\/language\/es\/instrucciones-claras-y-dominio\/","title":{"rendered":"Instrucciones Claras y Dominio"},"content":{"rendered":"\n<p>En este m\u00f3dulo le daremos pasos para ense\u00f1ar de manera eficaz durante sus sesiones de aprendizaje m\u00e1s estructuradas. Tambi\u00e9n le daremos pautas para llevar un registro del progreso de su hijo en el aprendizaje de nuevas habilidades y de las muchas cosas que ha aprendido bien. Terminaremos esta secci\u00f3n con consejos para ayudar a su hijo a mantener las nuevas habilidades que aprende y a utilizarlas en muchos lugares y situaciones. Para este m\u00f3dulo, comience con <em>La importancia de dar instrucciones claras y sencillas<\/em>, que se encuentra a continuaci\u00f3n. A continuaci\u00f3n, trabaje en cada una de estas secciones en el orden indicado. Al final de cada secci\u00f3n, encontrar\u00e1 un enlace a la siguiente.<\/p>\n\n\n\n<p class=\"has-text-align-center\"><a href=\"https:\/\/parenttraining.chip.uconn.edu\/index.php\/language\/es\/el-momento-tambien-es-importante\/\">El momento tambi\u00e9n es importante<\/a><\/p>\n\n\n\n<p class=\"has-text-align-center\"><a href=\"https:\/\/parenttraining.chip.uconn.edu\/index.php\/language\/es\/el-abc-de-la-ensenanza-conductual\/\">El ABC de la ense\u00f1anza conductual<\/a><\/p>\n\n\n\n<p class=\"has-text-align-center\"><a href=\"https:\/\/parenttraining.chip.uconn.edu\/index.php\/el-concepto-de-dominio-y-el-seguimiento-del-progreso\/\">El concepto de dominio y seguimiento del progreso<\/a><\/p>\n\n\n\n<p class=\"has-text-align-center\"><a href=\"https:\/\/parenttraining.chip.uconn.edu\/index.php\/language\/es\/los-conceptos-de-mantenimiento-y-generalizacion\/\">Los conceptos de mantenimiento y generalizaci\u00f3n<\/a><\/p>\n\n\n\n<p class=\"has-text-align-center\"><a href=\"https:\/\/parenttraining.chip.uconn.edu\/index.php\/cuestionario-del-modulo-10\/\">M\u00f3dulo 10: Instrucciones claras, dominio y generalizaci\u00f3n. Cuestionario<\/a><\/p>\n\n\n\n<h2 class=\"wp-block-heading\"><strong><strong>La importancia de dar instrucciones claras y sencillas<\/strong><\/strong><\/h2>\n\n\n\n<p>Durante las primeras sesiones de aprendizaje, es importante utilizar un lenguaje muy sencillo. Por ejemplo, puede decirle a su hijo que \u00abse siente\u00bb, \u00abse levante\u00bb o \u00able d\u00e9 la cuchara\u00bb. Intentamos utilizar el menor n\u00famero de palabras posible para transmitir el mensaje. As\u00ed, en lugar de decir \u00abVale, ahora quiero que pongas la cuchara en la taza\u00bb, podemos simplemente darle la cuchara al ni\u00f1o, se\u00f1alar la taza y decir solo \u00abpon\u00bb o \u00abdentro\u00bb.<\/p>\n\n\n<p><iframe loading=\"lazy\" title=\"Viggo-42A 864x486\" src=\"https:\/\/player.vimeo.com\/video\/201767427?dnt=1&amp;app_id=122963\" width=\"864\" height=\"486\" frameborder=\"0\" allow=\"autoplay; fullscreen; picture-in-picture; clipboard-write; encrypted-media; web-share\" referrerpolicy=\"strict-origin-when-cross-origin\"><\/iframe><\/p>\n\n\n\n<p>Si su hijo ya entiende un lenguaje m\u00e1s complicado, como \u00abToca la imagen de la cama, por favor\u00bb, no hay problema. Puede utilizar un lenguaje m\u00e1s natural. Pero si no est\u00e1 seguro de cu\u00e1nto entiende su hijo, o si cree que entiende bastante pero parece que se pierde cuando utiliza frases largas, mantenga sus instrucciones muy sencillas. Por ejemplo, en ese caso, podr\u00eda decir solo \u00abtoca la cama\u00bb o incluso solo \u00abcama\u00bb. De esa manera, podr\u00e1 o\u00edr las palabras importantes y no se confundir\u00e1 con palabras adicionales.<\/p>\n\n\n<p><iframe loading=\"lazy\" title=\"Viggo-32 864x486\" src=\"https:\/\/player.vimeo.com\/video\/201767073?dnt=1&amp;app_id=122963\" width=\"864\" height=\"486\" frameborder=\"0\" allow=\"autoplay; fullscreen; picture-in-picture; clipboard-write; encrypted-media; web-share\" referrerpolicy=\"strict-origin-when-cross-origin\"><\/iframe><\/p>\n\n\n\n<p>A veces no es necesario dar instrucciones. <strong>El contexto<\/strong> ser\u00e1 tan bueno como una instrucci\u00f3n. Por ejemplo, un ni\u00f1o debe aprender a decir adi\u00f3s con la mano cuando alguien le dice adi\u00f3s con la mano primero. Esto se aprende sin que se le diga que lo haga. Una vez que su hijo sepa lo que usted quiere que haga en una situaci\u00f3n concreta, haga que practique prestando atenci\u00f3n y respondiendo correctamente. Esto es as\u00ed incluso cuando no se utiliza una instrucci\u00f3n espec\u00edfica para cada intento.<\/p>\n\n\n\n<p>En el siguiente videoclip, la profesora est\u00e1 trabajando la imitaci\u00f3n con objetos. En el primer intento, da la instrucci\u00f3n \u00abHaz esto\u00bb mientras muestra la acci\u00f3n. En los siguientes intentos, solo muestra lo que quiere que haga y luego le mira con expectaci\u00f3n, para indicarle que est\u00e1 esperando su respuesta. Cuando \u00e9l responde correctamente, ella lo refuerza. Observe que cuando \u00e9l no responde en uno de los intentos, ella hace una pausa de 2-3 segundos y se mantiene tranquila. Se asegura de que \u00e9l est\u00e1 prestando atenci\u00f3n y vuelve a realizar la acci\u00f3n. A continuaci\u00f3n, lo refuerza con entusiasmo por responder correctamente.<\/p>\n\n\n<p><iframe loading=\"lazy\" title=\"Viggo-56 864x486\" src=\"https:\/\/player.vimeo.com\/video\/201767977?dnt=1&amp;app_id=122963\" width=\"864\" height=\"486\" frameborder=\"0\" allow=\"autoplay; fullscreen; picture-in-picture; clipboard-write; encrypted-media; web-share\" referrerpolicy=\"strict-origin-when-cross-origin\"><\/iframe><\/p>\n\n\n\n<p>Cuando los ni\u00f1os no entienden gran parte de lo que les dicen, es natural que presten poca atenci\u00f3n a lo que dicen los dem\u00e1s. Utilizar un lenguaje sencillo y claro ayudar\u00e1 a su hijo a entender lo que le dice. Esto es v\u00e1lido tanto en las sesiones de aprendizaje especiales como en el entorno natural. Cuanto m\u00e1s entienda, m\u00e1s probable ser\u00e1 que le preste atenci\u00f3n cuando le hable.<\/p>\n\n\n\n<p class=\"wp-block-heading has-text-align-center\" style=\"text-align: center;\"><a href=\"https:\/\/parenttraining.chip.uconn.edu\/index.php\/language\/es\/el-momento-tambien-es-importante\/\"><strong>Siguiente: El momento tambi\u00e9n es importante<\/strong><\/a><\/p>\n\n\n","protected":false},"excerpt":{"rendered":"<div class=\"entry-summary\">\nEn este m\u00f3dulo le daremos pasos para ense\u00f1ar de manera eficaz durante sus sesiones de aprendizaje m\u00e1s estructuradas. Tambi\u00e9n le&hellip;\n<\/div>\n<div class=\"link-more\"><a href=\"https:\/\/parenttraining.chip.uconn.edu\/index.php\/language\/es\/instrucciones-claras-y-dominio\/\" class=\"more-link\">Continue reading<span class=\"screen-reader-text\"> &ldquo;Instrucciones Claras y Dominio&rdquo;<\/span>&hellip;<\/a><\/div>\n","protected":false},"author":498,"featured_media":0,"parent":0,"menu_order":0,"comment_status":"closed","ping_status":"closed","template":"","meta":{"footnotes":""},"class_list":["post-8539","page","type-page","status-publish","hentry","entry"],"_links":{"self":[{"href":"https:\/\/parenttraining.chip.uconn.edu\/index.php\/wp-json\/wp\/v2\/pages\/8539","targetHints":{"allow":["GET"]}}],"collection":[{"href":"https:\/\/parenttraining.chip.uconn.edu\/index.php\/wp-json\/wp\/v2\/pages"}],"about":[{"href":"https:\/\/parenttraining.chip.uconn.edu\/index.php\/wp-json\/wp\/v2\/types\/page"}],"author":[{"embeddable":true,"href":"https:\/\/parenttraining.chip.uconn.edu\/index.php\/wp-json\/wp\/v2\/users\/498"}],"replies":[{"embeddable":true,"href":"https:\/\/parenttraining.chip.uconn.edu\/index.php\/wp-json\/wp\/v2\/comments?post=8539"}],"version-history":[{"count":9,"href":"https:\/\/parenttraining.chip.uconn.edu\/index.php\/wp-json\/wp\/v2\/pages\/8539\/revisions"}],"predecessor-version":[{"id":9915,"href":"https:\/\/parenttraining.chip.uconn.edu\/index.php\/wp-json\/wp\/v2\/pages\/8539\/revisions\/9915"}],"wp:attachment":[{"href":"https:\/\/parenttraining.chip.uconn.edu\/index.php\/wp-json\/wp\/v2\/media?parent=8539"}],"curies":[{"name":"wp","href":"https:\/\/api.w.org\/{rel}","templated":true}]}}