{"id":8495,"date":"2025-12-30T10:18:03","date_gmt":"2025-12-30T15:18:03","guid":{"rendered":"https:\/\/parenttraining.chip.uconn.edu\/?page_id=8495"},"modified":"2026-03-29T18:57:08","modified_gmt":"2026-03-29T22:57:08","slug":"seguir-instrucciones-sencillas-sin-objetos","status":"publish","type":"page","link":"https:\/\/parenttraining.chip.uconn.edu\/index.php\/language\/es\/seguir-instrucciones-sencillas-sin-objetos\/","title":{"rendered":"Seguir Instrucciones Sencillas sin Objetos"},"content":{"rendered":"<h2 style=\"text-align: justify;\"><b>Desarrollar la comprensi\u00f3n del lenguaje (lenguaje receptivo)<\/b><\/h2>\n<p>La siguiente habilidad b\u00e1sica que debe ense\u00f1ar es seguir instrucciones sencillas que no impliquen objetos. Si su hijo no entiende lo que usted le dice, no podr\u00e1 hacerlo. Esto es diferente a cuando le pide a un ni\u00f1o que haga algo con un objeto. Por ejemplo, imagine que le da un bloque a su hijo y le dice \u00abponlo\u00bb mientras se\u00f1ala una taza.<\/p>\n<p>Es posible que su hijo sea capaz de deducir lo que usted quiere que haga, aunque no entienda realmente las palabras. Con los nuevos tipos de instrucciones de los que vamos a hablar aqu\u00ed, no hay se\u00f1ales visuales que puedan servir de ayuda. A su hijo le resultar\u00eda dif\u00edcil saber qu\u00e9 hacer si no entiende el lenguaje.<\/p>\n<blockquote><p>Poder seguir instrucciones para las cuales hay pocas, o ninguna, pistas del contexto requiere la comprensi\u00f3n del lenguaje, o \u201clenguaje receptivo\u201d.<\/p><\/blockquote>\n<p><span style=\"font-weight: 400;\">Es m\u00e1s f\u00e1cil mantener a los ni\u00f1os seguros cuando hacen lo que se les pide. Por ejemplo, si un ni\u00f1o sabe qu\u00e9 hacer cuando usted le dice \u00abpara\u00bb, \u00abven aqu\u00ed\u00bb o \u00abc\u00f3geme de la mano\u00bb, esto puede ayudarle a mantenerlo seguro cuando hay coches cerca. Tambi\u00e9n ser\u00eda \u00fatil cuando salen juntos a la calle y \u00e9l se aleja demasiado de usted.<\/span><\/p>\n<p><iframe loading=\"lazy\" title=\"Viggo-48 864x486\" src=\"https:\/\/player.vimeo.com\/video\/201767678?dnt=1&amp;app_id=122963\" width=\"864\" height=\"486\" frameborder=\"0\" allow=\"autoplay; fullscreen; picture-in-picture; clipboard-write; encrypted-media; web-share\" referrerpolicy=\"strict-origin-when-cross-origin\"><\/iframe><\/p>\n<h2><b>Mezcle las instrucciones nuevas con las que ya domina<\/b><\/h2>\n<p style=\"text-align: justify;\"><span style=\"font-weight: 400;\">Vamos a empezar con instrucciones muy f\u00e1ciles de ense\u00f1ar. Cuando ense\u00f1amos a los ni\u00f1os a seguir instrucciones que no implican objetos, a veces comenzamos mezclando las nuevas instrucciones con instrucciones que el ni\u00f1o ya sabe seguir y que S\u00cd implican objetos. Por ejemplo, colocar piezas de un rompecabezas en un tablero, formas en un clasificador de formas o bloques en una taza o un cuenco funcionar\u00edan bien. Cuando un ni\u00f1o ya ha aprendido una habilidad tan bien que la realiza correctamente de forma constante cuando se le pide (al menos 8 o 9 veces de cada 10), decimos que ha dominado esa habilidad.<\/span> <span style=\"font-weight: 400;\">Tambi\u00e9n puede mezclar nuevas instrucciones con pruebas de imitaci\u00f3n motora que su hijo ya haya dominado. De esta manera, estar\u00e1 reforzando el nuevo h\u00e1bito de su hijo de seguir sus instrucciones. Adem\u00e1s, le resultar\u00e1 familiar al introducir algo nuevo.<\/span><\/p>\n<blockquote><p>Al mezclar las nuevas instrucciones con otras que el ni\u00f1o ya puede seguir, como \u201cponlo adentro\u201d o \u201chaz esto\u201d, estar\u00e1 desarrollando el nuevo h\u00e1bito de su hijo de seguir sus instrucciones y, al mismo tiempo, manteniendo las cosas familiares para \u00e9l mientras introduce algo nuevo.<\/p><\/blockquote>\n<p style=\"text-align: justify;\"><span style=\"font-weight: 400;\">Como antes, es mejor que las instrucciones sean sencillas. Lo mejor es a\u00f1adir solo una instrucci\u00f3n nueva cada vez. Por ejemplo, si est\u00e1 ense\u00f1ando a \u00abdar palmas\u00bb, ense\u00f1e esa instrucci\u00f3n mezclada con instrucciones ya dominadas. Puede hacer pruebas de \u00abdar palmas\u00bb mezcladas con \u00abhaz esto\u00bb mientras realiza un movimiento para que \u00e9l lo imite. O podr\u00eda mezclar \u00abdar palmas\u00bb con \u00abponer\u00bb utilizando un rompecabezas o un clasificador de formas, o \u00abpon aqu\u00ed\u00bb utilizando el Sr. Potato Head. Haga esto hasta que su hijo haya aprendido a dar palmas casi cada vez que se lo pida. Una vez que d\u00e9 palmas casi cada vez que se lo pida, deber\u00eda a\u00f1adir otra instrucci\u00f3n nueva.<\/span><\/p>\n<p><span style=\"font-weight: 400;\">Ayude a su hijo a seguir una instrucci\u00f3n que sea nueva para \u00e9l, indic\u00e1ndole suavemente que haga la acci\u00f3n que le ha pedido. Reduzca las indicaciones con el tiempo, ayud\u00e1ndole cada vez menos hasta que pueda hacerlo todo por s\u00ed mismo. Aqu\u00ed, la profesora est\u00e1 ense\u00f1ando al ni\u00f1o a seguir la instrucci\u00f3n \u00abaplaude\u00bb. No necesita indicaciones para seguir las instrucciones \u00abpon\u00bb o \u00abhaz esto\u00bb, pero todav\u00eda se le indica que aplauda. La profesora utiliza una indicaci\u00f3n modelo. Ella modela la acci\u00f3n para que el ni\u00f1o pueda imitarla. Observe c\u00f3mo va reduciendo la indicaci\u00f3n modelo. Al principio, modela el aplauso. Luego solo mueve las manos a la posici\u00f3n de aplauso. Al final, deja de dar indicaciones por completo.<\/span><\/p>\n<p><iframe loading=\"lazy\" title=\"Max-12 1920x1080\" src=\"https:\/\/player.vimeo.com\/video\/199162466?dnt=1&amp;app_id=122963\" width=\"1200\" height=\"675\" frameborder=\"0\" allow=\"autoplay; fullscreen; picture-in-picture; clipboard-write; encrypted-media; web-share\" referrerpolicy=\"strict-origin-when-cross-origin\"><\/iframe><\/p>\n<p style=\"text-align: justify;\"><span style=\"font-weight: 400;\">En el siguiente v\u00eddeo, la profesora est\u00e1 trabajando en lo mismo. Sin embargo, ahora est\u00e1 utilizando indicaciones f\u00edsicas para ense\u00f1ar al ni\u00f1o a seguir la instrucci\u00f3n \u00abaplaude\u00bb. Sigue mezclando pruebas de imitaci\u00f3n motora ya dominadas.<\/span><\/p>\n<p><iframe loading=\"lazy\" title=\"Max-13 1920x1080\" src=\"https:\/\/player.vimeo.com\/video\/199162508?dnt=1&amp;app_id=122963\" width=\"1200\" height=\"675\" frameborder=\"0\" allow=\"autoplay; fullscreen; picture-in-picture; clipboard-write; encrypted-media; web-share\" referrerpolicy=\"strict-origin-when-cross-origin\"><\/iframe><\/p>\n<p style=\"text-align: justify;\"><span style=\"font-weight: 400;\">Una vez que su hijo haya aprendido a seguir una nueva instrucci\u00f3n, mezclada con cosas que ya sabe hacer, a\u00f1ada otra instrucci\u00f3n, y as\u00ed sucesivamente. Contin\u00fae a\u00f1adiendo una nueva instrucci\u00f3n cada vez. Una vez que haya dominado tres nuevas instrucciones sin objetos, puede empezar a practicarlas juntas, en un orden impredecible. Ya no es necesario mezclar instrucciones que impliquen objetos. Si comete errores, siempre puede introducir pruebas de instrucciones con objetos o imitaci\u00f3n motora. Puede mezclar cualquier otra habilidad que su hijo ya haya aprendido bien. Solo recuerde que si tiene dificultades y quiere que vuelva a la normalidad y obtenga refuerzo positivo, siempre puede introducir pruebas de instrucciones con objetos, imitaci\u00f3n motora o cualquier otra habilidad que su hijo ya haya aprendido bien. Esto deber\u00eda ayudarle a volver a la normalidad y obtener refuerzo positivo.<\/span> <span style=\"font-weight: 400;\">En el siguiente v\u00eddeo, el ni\u00f1o est\u00e1 aprendiendo una nueva instrucci\u00f3n, mezclada con otras dos que ya domina. La profesora le da la nueva instrucci\u00f3n. Al principio le ayuda mucho, pero poco a poco va reduciendo las indicaciones. A ver si puede adivinar cu\u00e1l es la nueva instrucci\u00f3n.<\/span><\/p>\n<blockquote><p>Despu\u00e9s de que su hijo haya logrado realizar tres instrucciones nuevas, todas sin objetos, puede empezar a hacer secuencias de ense\u00f1anzas dando solo este tipo de instrucciones, y no combinar \u2018haz esto\u2019 o \u2018pon adentro\u2019. Recuerde siempre presentar estas instrucciones en un orden impredecible.<\/p><\/blockquote>\n<p><iframe loading=\"lazy\" title=\"Viggo-44 864x486\" src=\"https:\/\/player.vimeo.com\/video\/201767553?dnt=1&amp;app_id=122963\" width=\"864\" height=\"486\" frameborder=\"0\" allow=\"autoplay; fullscreen; picture-in-picture; clipboard-write; encrypted-media; web-share\" referrerpolicy=\"strict-origin-when-cross-origin\"><\/iframe><\/p>\n<p><span style=\"font-weight: 400;\">\u00bfSe ha dado cuenta de que el ni\u00f1o solo necesitaba indicaciones para seguir la instrucci\u00f3n \u00abcamina alrededor de la silla\u00bb? Eso es porque ya hab\u00eda aprendido a seguir las otras instrucciones. Ya dominaba aplaudir y levantar los brazos. Adem\u00e1s, la profesora elogiaba al ni\u00f1o por seguir las instrucciones que ya dominaba. Pero a menudo recib\u00eda elogios y un trozo de galleta por seguir la nueva instrucci\u00f3n.<\/span><\/p>\n<h2 style=\"text-align: justify;\"><b>Empieza con instrucciones para acciones que tu hijo ya sabe imitar<\/b><\/h2>\n<p><span style=\"font-weight: 400;\">Las instrucciones m\u00e1s f\u00e1ciles de aprender para su hijo ser\u00e1n aquellas acciones que ya sabe imitar. Por ejemplo, supongamos que usted ya le ha ense\u00f1ado a ponerse de pie cuando le dice \u00abhaz esto\u00bb mientras le muestra la acci\u00f3n. En ese caso, ahora puede ense\u00f1arle a ponerse de pie cuando le dice \u00abponte de pie\u00bb. <\/span><span style=\"font-weight: 400;\">Ind\u00edqueselo poni\u00e9ndose usted mismo de pie y levant\u00e1ndolo suavemente con las manos bajo los brazos. Luego, cuando \u00e9l lo haga, el\u00f3gielo con entusiasmo y dele una peque\u00f1a recompensa, como una golosina, unas cosquillas o un abrazo. <\/span><span style=\"font-weight: 400;\">Con el tiempo, vaya ayud\u00e1ndole cada vez menos. Por ejemplo, diga \u00abLev\u00e1ntate\u00bb y empiece a levantarse usted mismo un poco mientras lo empuja o tira suavemente hacia arriba. Puede seguir reduciendo las indicaciones hasta que solo coloque las manos bajo sus brazos y ejerza una ligera presi\u00f3n hacia arriba.<\/span><\/p>\n<p style=\"text-align: justify;\"><span style=\"font-weight: 400;\">Contin\u00fae reforzando a su hijo por seguir las instrucciones, incluso si necesita indicaciones. Lo importante es que le preste atenci\u00f3n, siga sus indicaciones y se esfuerce por hacer lo que usted le pide. Reduzca gradualmente las indicaciones hasta que su hijo siga sus instrucciones sin necesidad de ayuda.<\/span><\/p>\n<p><iframe loading=\"lazy\" title=\"Max-14 1920x1080\" src=\"https:\/\/player.vimeo.com\/video\/199162534?dnt=1&amp;app_id=122963\" width=\"1200\" height=\"675\" frameborder=\"0\" allow=\"autoplay; fullscreen; picture-in-picture; clipboard-write; encrypted-media; web-share\" referrerpolicy=\"strict-origin-when-cross-origin\"><\/iframe><\/p>\n<h2><b>Lista de instrucciones sencillas para principiantes<\/b><\/h2>\n<p><span style=\"font-weight: 400;\">Aqu\u00ed tiene algunas instrucciones que puede elegir en esta etapa inicial del aprendizaje. Para que su hijo pueda seguir estas instrucciones sin indicaciones, primero tendr\u00e1 que aprender a entender las palabras que usted le dice.<\/span><\/p>\n<table style=\"border-collapse: collapse; width: 100%;\">\n<tbody>\n<tr>\n<td style=\"width: 25%; text-align: center;\"><span style=\"font-weight: 400;\">Lev\u00e1ntate<\/span><\/td>\n<td style=\"width: 25%; text-align: center;\"><span style=\"font-weight: 400;\">date la vuelta<\/span><\/td>\n<td style=\"width: 25%; text-align: center;\"><span style=\"font-weight: 400;\">sentarse<\/span><\/td>\n<td style=\"width: 25%; text-align: center;\"><span style=\"font-weight: 400;\">Aplaude<\/span><\/td>\n<\/tr>\n<tr>\n<td style=\"width: 25%; text-align: center;\"><span style=\"font-weight: 400;\">Tocarse la cabeza<\/span><\/td>\n<td style=\"width: 25%; text-align: center;\"><span style=\"font-weight: 400;\">saludar con la mano<\/span><\/td>\n<td style=\"width: 25%; text-align: center;\"><span style=\"font-weight: 400;\">salta<\/span><\/td>\n<td style=\"width: 25%; text-align: center;\"><span style=\"font-weight: 400;\">pisar fuerte<\/span><\/td>\n<\/tr>\n<tr>\n<td style=\"width: 25%; text-align: center;\"><span style=\"font-weight: 400;\">levanta los brazos<\/span><\/td>\n<td style=\"width: 25%; text-align: center;\"><span style=\"font-weight: 400;\">golpea la mesa<\/span><\/td>\n<td style=\"width: 25%; text-align: center;\"><span style=\"font-weight: 400;\">caminar alrededor de la silla<\/span><\/td>\n<td style=\"width: 25%; text-align: center;\"><\/td>\n<\/tr>\n<\/tbody>\n<\/table>\n<p><span style=\"font-weight: 400;\">Antes de elegir con cu\u00e1les empezar, es posible que desee probarlos y ver si hay alguno que su hijo ya conozca. Si es as\u00ed, comience con esos. A continuaci\u00f3n, a\u00f1ada solo una instrucci\u00f3n nueva cada vez. Si no es as\u00ed, observe cu\u00e1les parecen m\u00e1s f\u00e1ciles de hacer para su hijo con un poco de ayuda y comience con esos. Y, como siempre, recuerde presentar las instrucciones en un orden impredecible.<\/span><\/p>\n<h2><b>Haz que sea divertido y tenga \u00e9xito<\/b><\/h2>\n<blockquote><p><span style=\"font-weight: 400;\">Mientras su hijo a\u00fan se est\u00e1 acostumbrando a tener sus sesiones de aprendizaje, es mejor no quedarse en un tipo de habilidad por m\u00e1s de 10 intentos a la vez; especialmente si su ni\u00f1o parece perder el inter\u00e9s r\u00e1pido o a\u00fan no ha empezado a disfrutarse las sesiones especiales de aprendizaje <\/span><\/p><\/blockquote>\n<p style=\"text-align: justify;\"><span style=\"font-weight: 400;\">Vaya despacio al ense\u00f1ar a su hijo a seguir instrucciones sencillas. Algunos ni\u00f1os aprenden estas cosas f\u00e1cilmente. A otros les cuesta mucho aprender a comprender incluso el lenguaje sencillo. Tanto si le resulta f\u00e1cil como dif\u00edcil a su hijo, a\u00f1ada nuevas instrucciones solo de una en una. Mezcle las nuevas instrucciones con las que su hijo ya ha aprendido bien. Y, como siempre, presente las pruebas en un orden impredecible.<\/span><\/p>\n<p style=\"text-align: justify;\"><span style=\"font-weight: 400;\">Si su hijo parece confundido o frustrado, retroceda. Haga algo sencillo que su hijo ya haya aprendido a hacer. En general, es mejor no quedarse en un mismo tipo de habilidad m\u00e1s de 10 intentos seguidos. Esto es especialmente cierto si su hijo parece perder inter\u00e9s r\u00e1pidamente o si a\u00fan no ha comenzado a disfrutar realmente de sus sesiones especiales de aprendizaje. <\/span><span style=\"font-weight: 400;\">Y recuerde: <strong>cada vez que introduzca una nueva instrucci\u00f3n, aseg\u00farese de darle toda la ayuda que necesite para tener \u00e9xito.<\/strong> Esta es una parte muy importante del <strong>aprendizaje sin errores<\/strong>, por lo que lo repetiremos: <strong>ofrezca toda la ayuda necesaria para asegurarse de que su hijo tenga \u00e9xito.<\/strong> Aseg\u00farese de que tenga muchas oportunidades de ganar elogios, golosinas o juguetes. Y reduzca su ayuda muy gradualmente para que pueda seguir teniendo \u00e9xito.<\/span><\/p>\n<p style=\"text-align: center;\"><a href=\"https:\/\/parenttraining.chip.uconn.edu\/index.php\/language\/es\/emparejar\/\"><b>Siguiente: Emparejar<\/b><\/a><\/p>\n","protected":false},"excerpt":{"rendered":"<div class=\"entry-summary\">\nDesarrollar la comprensi\u00f3n del lenguaje (lenguaje receptivo) La siguiente habilidad b\u00e1sica que debe ense\u00f1ar es seguir instrucciones sencillas que no&hellip;\n<\/div>\n<div class=\"link-more\"><a href=\"https:\/\/parenttraining.chip.uconn.edu\/index.php\/language\/es\/seguir-instrucciones-sencillas-sin-objetos\/\" class=\"more-link\">Continue reading<span class=\"screen-reader-text\"> &ldquo;Seguir Instrucciones Sencillas sin Objetos&rdquo;<\/span>&hellip;<\/a><\/div>\n","protected":false},"author":498,"featured_media":0,"parent":0,"menu_order":0,"comment_status":"closed","ping_status":"closed","template":"","meta":{"footnotes":""},"class_list":["post-8495","page","type-page","status-publish","hentry","entry"],"_links":{"self":[{"href":"https:\/\/parenttraining.chip.uconn.edu\/index.php\/wp-json\/wp\/v2\/pages\/8495","targetHints":{"allow":["GET"]}}],"collection":[{"href":"https:\/\/parenttraining.chip.uconn.edu\/index.php\/wp-json\/wp\/v2\/pages"}],"about":[{"href":"https:\/\/parenttraining.chip.uconn.edu\/index.php\/wp-json\/wp\/v2\/types\/page"}],"author":[{"embeddable":true,"href":"https:\/\/parenttraining.chip.uconn.edu\/index.php\/wp-json\/wp\/v2\/users\/498"}],"replies":[{"embeddable":true,"href":"https:\/\/parenttraining.chip.uconn.edu\/index.php\/wp-json\/wp\/v2\/comments?post=8495"}],"version-history":[{"count":25,"href":"https:\/\/parenttraining.chip.uconn.edu\/index.php\/wp-json\/wp\/v2\/pages\/8495\/revisions"}],"predecessor-version":[{"id":10903,"href":"https:\/\/parenttraining.chip.uconn.edu\/index.php\/wp-json\/wp\/v2\/pages\/8495\/revisions\/10903"}],"wp:attachment":[{"href":"https:\/\/parenttraining.chip.uconn.edu\/index.php\/wp-json\/wp\/v2\/media?parent=8495"}],"curies":[{"name":"wp","href":"https:\/\/api.w.org\/{rel}","templated":true}]}}