{"id":8483,"date":"2025-12-30T09:46:17","date_gmt":"2025-12-30T14:46:17","guid":{"rendered":"https:\/\/parenttraining.chip.uconn.edu\/?page_id=8483"},"modified":"2025-12-30T10:51:12","modified_gmt":"2025-12-30T15:51:12","slug":"imitacion-sin-objetos","status":"publish","type":"page","link":"https:\/\/parenttraining.chip.uconn.edu\/index.php\/language\/es\/imitacion-sin-objetos\/","title":{"rendered":"Imitaci\u00f3n sin objetos"},"content":{"rendered":"\n<h2><b>Imitaci\u00f3n sin objetos<\/b><\/h2>\n<p><span style=\"font-weight: 400;\">Cuando su hijo haya aprendido a imitar unas cinco acciones que utilizan objetos, puede empezar a ense\u00f1arle a imitar acciones que no los utilicen. Para algunos ni\u00f1os, es m\u00e1s f\u00e1cil si usted realiza estas acciones mientras est\u00e1 sentado. Levantar los brazos, tocarse la cabeza o dar palmas son buenos ejemplos. M\u00e1s adelante, tambi\u00e9n puede ense\u00f1arle a imitarle mientras realiza acciones fuera de la silla. Este tipo de acciones incluyen levantarse, darse la vuelta, sentarse y caminar alrededor de la silla.<\/span><\/p>\n<p><span style=\"font-weight: 400;\">Cuando su hijo sea capaz de imitar muchas acciones diferentes, puede intentar ense\u00f1arle movimientos peque\u00f1os. A estos movimientos peque\u00f1os los llamamos \u00abmovimientos motores finos\u00bb. Ser\u00edan movimientos como hacer el signo de \u00abpulgar hacia arriba\u00bb o sacar la lengua.<\/span><\/p>\n<p style=\"text-align: center;\"><a href=\"https:\/\/parenttraining.chip.uconn.edu\/wp-content\/uploads\/2021\/08\/picture104.jpeg\"><img loading=\"lazy\" decoding=\"async\" class=\"alignnone size-full wp-image-4754\" src=\"https:\/\/parenttraining.chip.uconn.edu\/wp-content\/uploads\/2021\/08\/picture104.jpeg\" alt=\"\" width=\"235\" height=\"214\" \/><\/a><\/p>\n<h2><b>Imitaci\u00f3n en dos pasos<\/b><\/h2>\n<p><span style=\"font-weight: 400;\">Cuando su hijo sea bueno imitando muchas acciones diferentes, intente combinarlas. Por ejemplo, diga: \u00abHaz esto&#8230; (pausa)&#8230; y esto\u00bb. Cuando d\u00e9 la instrucci\u00f3n, realice una acci\u00f3n cada vez que diga \u00abesto\u00bb.<\/span><\/p>\n<p><span style=\"font-weight: 400;\">Una vez que su hijo sea bueno imitando, podr\u00e1 utilizar la imitaci\u00f3n como est\u00edmulo para ayudarle a aprender otras habilidades. Debe seguir practicando la imitaci\u00f3n para que, cuando quiera utilizarla para ense\u00f1ar otras habilidades, funcione. Hablaremos m\u00e1s sobre esto m\u00e1s adelante. Pero una buena regla es seguir practicando las habilidades incluso despu\u00e9s de que su hijo las haya aprendido bien. Si no practica las nuevas habilidades una vez al d\u00eda o varias veces a la semana, es posible que su hijo olvide c\u00f3mo hacerlas. Puede dejar de practicar cuando su hijo las utilice con frecuencia y por s\u00ed mismo.<\/span><\/p>\n<p><span style=\"font-weight: 400;\">Deber\u00eda poder utilizar cualquiera de las dos acciones que su hijo pueda imitar f\u00e1cilmente cuando se le presentan de una en una. Cuando el ni\u00f1o est\u00e1 aprendiendo esto por primera vez, puede darle una pista esperando a que comience la primera acci\u00f3n antes de presentar la segunda. Otra forma de darle una pista es darle las dos instrucciones y luego mostrarle la primera acci\u00f3n de nuevo, justo despu\u00e9s de terminar de dar la instrucci\u00f3n de dos partes. En el siguiente v\u00eddeo, la profesora utiliza ambas estrategias de pista con buenos resultados.<\/span><\/p>\n<p><span style=\"font-weight: 400;\">Cuando ense\u00f1e la imitaci\u00f3n en dos pasos, reduzca gradualmente su ayuda acortando cada vez m\u00e1s la pausa entre sus propias acciones. Haga esto hasta que pueda presentar ambas acciones antes de que su hijo comience a imitar la primera. Su hijo deber\u00eda responder imitando ambas acciones en el mismo orden en que usted las realiz\u00f3.<\/span><\/p>\n<p style=\"text-align: center;\"><a href=\"https:\/\/parenttraining.chip.uconn.edu\/index.php\/language\/es\/imitar-sonidos-y-palabras\/\"><b>Siguiente: Imitar sonidos y palabras<\/b><\/a><\/p>\n","protected":false},"excerpt":{"rendered":"<div class=\"entry-summary\">\nImitaci\u00f3n sin objetos Cuando su hijo haya aprendido a imitar unas cinco acciones que utilizan objetos, puede empezar a ense\u00f1arle&hellip;\n<\/div>\n<div class=\"link-more\"><a href=\"https:\/\/parenttraining.chip.uconn.edu\/index.php\/language\/es\/imitacion-sin-objetos\/\" class=\"more-link\">Continue reading<span class=\"screen-reader-text\"> &ldquo;Imitaci\u00f3n sin objetos&rdquo;<\/span>&hellip;<\/a><\/div>\n","protected":false},"author":498,"featured_media":0,"parent":0,"menu_order":0,"comment_status":"closed","ping_status":"closed","template":"","meta":{"footnotes":""},"class_list":["post-8483","page","type-page","status-publish","hentry","entry"],"_links":{"self":[{"href":"https:\/\/parenttraining.chip.uconn.edu\/index.php\/wp-json\/wp\/v2\/pages\/8483","targetHints":{"allow":["GET"]}}],"collection":[{"href":"https:\/\/parenttraining.chip.uconn.edu\/index.php\/wp-json\/wp\/v2\/pages"}],"about":[{"href":"https:\/\/parenttraining.chip.uconn.edu\/index.php\/wp-json\/wp\/v2\/types\/page"}],"author":[{"embeddable":true,"href":"https:\/\/parenttraining.chip.uconn.edu\/index.php\/wp-json\/wp\/v2\/users\/498"}],"replies":[{"embeddable":true,"href":"https:\/\/parenttraining.chip.uconn.edu\/index.php\/wp-json\/wp\/v2\/comments?post=8483"}],"version-history":[{"count":3,"href":"https:\/\/parenttraining.chip.uconn.edu\/index.php\/wp-json\/wp\/v2\/pages\/8483\/revisions"}],"predecessor-version":[{"id":8535,"href":"https:\/\/parenttraining.chip.uconn.edu\/index.php\/wp-json\/wp\/v2\/pages\/8483\/revisions\/8535"}],"wp:attachment":[{"href":"https:\/\/parenttraining.chip.uconn.edu\/index.php\/wp-json\/wp\/v2\/media?parent=8483"}],"curies":[{"name":"wp","href":"https:\/\/api.w.org\/{rel}","templated":true}]}}