{"id":8356,"date":"2025-12-29T11:14:38","date_gmt":"2025-12-29T16:14:38","guid":{"rendered":"https:\/\/parenttraining.chip.uconn.edu\/?page_id=8356"},"modified":"2026-03-28T14:32:45","modified_gmt":"2026-03-28T18:32:45","slug":"aprender-a-usar-el-bano","status":"publish","type":"page","link":"https:\/\/parenttraining.chip.uconn.edu\/index.php\/language\/es\/aprender-a-usar-el-bano\/","title":{"rendered":"APRENDER A USAR EL BA\u00d1O"},"content":{"rendered":"<p><span style=\"font-weight: 400;\">En este m\u00f3dulo, aprender\u00e1 c\u00f3mo iniciar el entrenamiento para ir al ba\u00f1o. Le proporcionaremos estrategias y sugerencias para ayudar a su hijo si tiene dificultades para usar el ba\u00f1o durante el d\u00eda o si moja la cama por la noche. Comience revisando la <em><strong>descripci\u00f3n general del m\u00f3dulo<\/strong><\/em> que se encuentra a continuaci\u00f3n. Despu\u00e9s, avance por cada secci\u00f3n siguiendo el orden indicado. Al final de cada secci\u00f3n, encontrar\u00e1 un enlace que lo llevar\u00e1 a la siguiente.<\/span><\/p>\n<p style=\"text-align: center;\"><a href=\"https:\/\/parenttraining.chip.uconn.edu\/index.php\/language\/es\/preparados-listos-ya-entrenamiento-para-orinar-durante-el-dia-parte-1\/\"><span style=\"font-weight: 400;\">Aprendizaje para ir al ba\u00f1o durante el d\u00eda, parte 1<\/span><\/a><\/p>\n<p style=\"text-align: center;\"><a href=\"https:\/\/parenttraining.chip.uconn.edu\/index.php\/language\/es\/desafios-y-triunfos\/\"><span style=\"font-weight: 400;\">Desaf\u00edos y triunfos<\/span><\/a><\/p>\n<p style=\"text-align: center;\"><a href=\"https:\/\/parenttraining.chip.uconn.edu\/index.php\/language\/es\/solucion-de-problemas-y-entrenamiento-con-horarios\/\"><span style=\"font-weight: 400;\">Soluci\u00f3n de problemas y entrenamiento con horarios<\/span><\/a><\/p>\n<p style=\"text-align: center;\"><a href=\"https:\/\/parenttraining.chip.uconn.edu\/index.php\/language\/es\/entrenamiento-para-orinar-durante-el-dia-parte-2\/\"><span style=\"font-weight: 400;\">Entrenamiento para orinar durante el d\u00eda, parte 2<\/span><\/a><\/p>\n<p style=\"text-align: center;\"><a href=\"https:\/\/parenttraining.chip.uconn.edu\/index.php\/language\/es\/consejos-generales-sobre-el-control-de-esfinteres\/\"><span style=\"font-weight: 400;\">Consejos generales sobre el control de las deposiciones\u00a0<\/span><\/a><\/p>\n<p style=\"text-align: center;\"><a href=\"https:\/\/parenttraining.chip.uconn.edu\/index.php\/language\/es\/comenzar-el-entrenamiento-intestinal\/\"><span style=\"font-weight: 400;\">Inicio del entrenamiento intestinal\u00a0<\/span><\/a><\/p>\n<p style=\"text-align: center;\"><a href=\"https:\/\/parenttraining.chip.uconn.edu\/index.php\/language\/es\/mojar-la-cama\/\"><span style=\"font-weight: 400;\">Enuresis nocturna\u00a0<\/span><\/a><\/p>\n<p style=\"text-align: center;\"><a href=\"https:\/\/parenttraining.chip.uconn.edu\/index.php\/language\/es\/modulo-8-cuestionario-sobre-el-entrenamiento-para-ir-al-bano\/\"><span style=\"font-weight: 400;\">M\u00f3dulo 8: Cuestionario sobre el entrenamiento para ir al ba\u00f1o<\/span><\/a><\/p>\n<figure id=\"attachment_146\" aria-describedby=\"caption-attachment-146\" style=\"width: 216px\" class=\"wp-caption alignleft\"><img loading=\"lazy\" decoding=\"async\" class=\"wp-image-146\" src=\"https:\/\/parenttraining.chip.uconn.edu\/wp-content\/uploads\/2015\/07\/toilet-training-intro-pic.jpg\" alt=\"toilet training intro pic\" width=\"216\" height=\"270\" \/><figcaption id=\"caption-attachment-146\" class=\"wp-caption-text\">Flickr<\/figcaption><\/figure>\n<h2><b>Descripci\u00f3n general del m\u00f3dulo<\/b><\/h2>\n<p><span style=\"font-weight: 400;\">En este m\u00f3dulo, vamos a hablar sobre el &#8220;entrenamiento para ir al ba\u00f1o.&#8221; Esto se refiere a ense\u00f1ar a los ni\u00f1os a usar el inodoro tanto para orinar como para defecar (movimientos intestinales). Las personas utilizan diferentes palabras para referirse a estas funciones. Hablaremos sobre ense\u00f1ar a los ni\u00f1os a &#8220;orinar&#8221;, &#8220;hacer pip\u00ed&#8221; o &#8220;hacer pip\u00ed&#8221; en el inodoro (aprendizaje para orinar). Luego hablaremos sobre ense\u00f1ar a los ni\u00f1os a \u201chacer caca\u201d, \u201chacer popo\u201d o \u201chacer el #2\u201d en el inodoro (aprendizaje para defecar). Debe usar las palabras con las que se sienta c\u00f3modo.<\/span><\/p>\n<p><span style=\"font-weight: 400;\">Lea este m\u00f3dulo completo. Luego, decida por d\u00f3nde empezar con su hijo. Es posible que su hijo ya use el inodoro para orinar, pero que a\u00fan tenga accidentes intestinales. O tal vez su hijo tenga miedo de sentarse en el inodoro. Despu\u00e9s de leer todo este m\u00f3dulo, podr\u00e1 decidir qu\u00e9 partes se aplican a su hijo en este momento.<\/span><\/p>\n<p><span style=\"font-weight: 400;\">En primer lugar, hablaremos de las se\u00f1ales que indican que su hijo puede estar listo para empezar el entrenamiento para ir al ba\u00f1o <strong>(Preparaci\u00f3n)<\/strong>. A continuaci\u00f3n, hablaremos de c\u00f3mo empezar con su hijo, en <strong>la Parte 1 del entrenamiento para orinar durante el d\u00eda<\/strong>. Despu\u00e9s, <strong>abordaremos algunos problemas<\/strong> <strong>que pueden surgir<\/strong> si su hijo tiene miedo de sentarse en el inodoro. Tambi\u00e9n describiremos un m\u00e9todo diferente, que puede utilizar si el primer m\u00e9todo no le funciona. Este m\u00e9todo diferente se llama <strong>entrenamiento con horarios<\/strong>. A continuaci\u00f3n, hablaremos sobre c\u00f3mo ense\u00f1ar a su hijo a iniciar el uso del ba\u00f1o por s\u00ed mismo, en <strong>la Parte 2 del entrenamiento para orinar durante el d\u00eda<\/strong>. Luego, se ofrecen consejos <strong>generales sobre el entrenamiento para ir al ba\u00f1o<\/strong> y <strong>c\u00f3mo empezar el entrenamiento para ir al ba\u00f1o<\/strong>. Por \u00faltimo, le daremos algunas ideas generales sobre c\u00f3mo lidiar con la <strong>enuresis<\/strong>.<\/span><\/p>\n<h2><b>Preparaci\u00f3n: \u00bfCu\u00e1ndo est\u00e1 listo su hijo para empezar el entrenamiento para ir al ba\u00f1o?<\/b><\/h2>\n<p><span style=\"font-weight: 400;\">Muchos ni\u00f1os se interesan por c\u00f3mo se usa el ba\u00f1o cuando tienen alrededor de dos a\u00f1os. Muchos ni\u00f1os normales pueden aprender a ir al ba\u00f1o durante el d\u00eda antes de cumplir los tres a\u00f1os. La mayor\u00eda de los ni\u00f1os pueden aprender a ir al ba\u00f1o durante el d\u00eda antes de cumplir los cuatro a\u00f1os. Si su hijo tiene un trastorno del espectro autista u otra afecci\u00f3n del desarrollo, es posible que est\u00e9 listo un poco m\u00e1s tarde. Pero si su hijo se acerca a los cuatro a\u00f1os, debe comenzar el entrenamiento para ir al ba\u00f1o. Esto es as\u00ed incluso si solo muestra algunos signos de que est\u00e1 listo.<\/span><\/p>\n<table style=\"background-color: #a0ded1;\">\n<tbody>\n<tr>\n<td>\n<p><b>Hablemos de las habilidades que su hijo necesita para estar listo para aprender a ir al ba\u00f1o. Lo ideal es que su hijo pueda:<\/b><\/p>\n<ul>\n<li style=\"font-weight: 400;\" aria-level=\"1\"><span style=\"font-weight: 400;\">Caminar y correr bastante bien<\/span><\/li>\n<li style=\"font-weight: 400;\" aria-level=\"1\"><span style=\"font-weight: 400;\">Bajarse y subirse la ropa interior<\/span><\/li>\n<li style=\"font-weight: 400;\" aria-level=\"1\"><span style=\"font-weight: 400;\">Sentarse en un lugar durante unos minutos seguidos<\/span><\/li>\n<\/ul>\n<\/td>\n<\/tr>\n<\/tbody>\n<\/table>\n<p><span style=\"font-weight: 400;\">Es una buena se\u00f1al de que la vejiga de su hijo est\u00e1 lo suficientemente madura para el entrenamiento para ir al ba\u00f1o si suele orinar una cantidad considerable cada vez que va. Los ni\u00f1os muy peque\u00f1os tienden a orinar solo unas gotas cada vez, pero con mucha m\u00e1s frecuencia. El pa\u00f1al estar\u00e1 h\u00famedo la mayor parte del tiempo, pero no empapado de una sola vez. Puede saber cu\u00e1nto orina su hijo cada vez comprobando su pa\u00f1al con frecuencia. Es posible que est\u00e9 seco durante una hora o m\u00e1s. Y luego, en otro momento, est\u00e9 pesado y empapado de orina. Eso es una mejor se\u00f1al de que est\u00e1 listo para empezar a aprender a ir al ba\u00f1o que si est\u00e1 h\u00famedo la mayor parte del tiempo. Lo mejor, aunque no es necesario, es que est\u00e9 seco durante 1-2 horas seguidas.<\/span><\/p>\n<p><span style=\"font-weight: 400;\">Hay algunas habilidades que no son realmente necesarias para que el entrenamiento para ir al ba\u00f1o sea exitoso, pero que lo har\u00e1n m\u00e1s f\u00e1cil.<\/span><\/p>\n<table style=\"background-color: #a0ded1;\">\n<tbody>\n<tr>\n<td>\n<p><b>Estas son:<\/b><\/p>\n<ul>\n<li style=\"font-weight: 400;\" aria-level=\"1\"><span style=\"font-weight: 400;\">Ser capaz de seguir unas sencillas instrucciones.<\/span><\/li>\n<li style=\"font-weight: 400;\" aria-level=\"1\"><span style=\"font-weight: 400;\">Estar interesado en imitar a los adultos.<\/span><\/li>\n<li style=\"font-weight: 400;\" aria-level=\"1\"><span style=\"font-weight: 400;\">Hacer sus necesidades en momentos m\u00e1s o menos predecibles.<\/span><\/li>\n<li style=\"font-weight: 400;\" aria-level=\"1\"><span style=\"font-weight: 400;\">Tener alguna forma de comunicaci\u00f3n, como pedir cosas con palabras, signos, gestos o im\u00e1genes<\/span><\/li>\n<\/ul>\n<\/td>\n<\/tr>\n<\/tbody>\n<\/table>\n<p style=\"text-align: center;\"><strong><a href=\"https:\/\/parenttraining.chip.uconn.edu\/index.php\/language\/es\/preparados-listos-ya-entrenamiento-para-orinar-durante-el-dia-parte-1\/\">Siguiente: Entrenamiento para orinar durante el d\u00eda, parte 1<\/a><\/strong><\/p>\n\n","protected":false},"excerpt":{"rendered":"<div class=\"entry-summary\">\nEn este m\u00f3dulo, aprender\u00e1 c\u00f3mo iniciar el entrenamiento para ir al ba\u00f1o. Le proporcionaremos estrategias y sugerencias para ayudar a&hellip;\n<\/div>\n<div class=\"link-more\"><a href=\"https:\/\/parenttraining.chip.uconn.edu\/index.php\/language\/es\/aprender-a-usar-el-bano\/\" class=\"more-link\">Continue reading<span class=\"screen-reader-text\"> &ldquo;APRENDER A USAR EL BA\u00d1O&rdquo;<\/span>&hellip;<\/a><\/div>\n","protected":false},"author":498,"featured_media":0,"parent":0,"menu_order":0,"comment_status":"closed","ping_status":"closed","template":"","meta":{"footnotes":""},"class_list":["post-8356","page","type-page","status-publish","hentry","entry"],"_links":{"self":[{"href":"https:\/\/parenttraining.chip.uconn.edu\/index.php\/wp-json\/wp\/v2\/pages\/8356","targetHints":{"allow":["GET"]}}],"collection":[{"href":"https:\/\/parenttraining.chip.uconn.edu\/index.php\/wp-json\/wp\/v2\/pages"}],"about":[{"href":"https:\/\/parenttraining.chip.uconn.edu\/index.php\/wp-json\/wp\/v2\/types\/page"}],"author":[{"embeddable":true,"href":"https:\/\/parenttraining.chip.uconn.edu\/index.php\/wp-json\/wp\/v2\/users\/498"}],"replies":[{"embeddable":true,"href":"https:\/\/parenttraining.chip.uconn.edu\/index.php\/wp-json\/wp\/v2\/comments?post=8356"}],"version-history":[{"count":14,"href":"https:\/\/parenttraining.chip.uconn.edu\/index.php\/wp-json\/wp\/v2\/pages\/8356\/revisions"}],"predecessor-version":[{"id":10870,"href":"https:\/\/parenttraining.chip.uconn.edu\/index.php\/wp-json\/wp\/v2\/pages\/8356\/revisions\/10870"}],"wp:attachment":[{"href":"https:\/\/parenttraining.chip.uconn.edu\/index.php\/wp-json\/wp\/v2\/media?parent=8356"}],"curies":[{"name":"wp","href":"https:\/\/api.w.org\/{rel}","templated":true}]}}