{"id":8335,"date":"2025-12-29T08:12:55","date_gmt":"2025-12-29T13:12:55","guid":{"rendered":"https:\/\/parenttraining.chip.uconn.edu\/?page_id=8335"},"modified":"2026-01-27T16:41:34","modified_gmt":"2026-01-27T21:41:34","slug":"conclusion-2","status":"publish","type":"page","link":"https:\/\/parenttraining.chip.uconn.edu\/index.php\/language\/es\/conclusion-2\/","title":{"rendered":"Conclusi\u00f3n"},"content":{"rendered":"<h2 style=\"text-align: justify;\"><b>Algunos recordatorios&#8230;<\/b><\/h2>\n<p style=\"text-align: justify;\"><span style=\"font-weight: 400;\">Aqu\u00ed hay algunos recordatorios al finalizar este m\u00f3dulo del programa de capacitaci\u00f3n para padres. Ampliar las opciones alimenticias, especialmente para los ni\u00f1os con autismo y otros problemas del desarrollo, no es f\u00e1cil. Sea paciente. Tome las cosas con mucha calma. Elogie a su hijo y felic\u00edtese a s\u00ed mismo por las peque\u00f1as victorias. Un guisante, cuando antes nunca com\u00eda uno, es motivo de celebraci\u00f3n. Aumente muy gradualmente la cantidad de alimentos nuevos que le ofrece a su hijo. A\u00f1ada solo uno o dos alimentos nuevos cada vez, que sean similares a los que ya le gustan, y vaya introduci\u00e9ndolos muy poco a poco. Elogie mucho y recompense mucho. Mantenga la calma y sea agradable. Cuando las cosas no salgan como usted desea y su hijo rechace el nuevo alimento que le ha presentado, sea pragm\u00e1tico y diga algo como: \u00abAh, ahora no te apetece. No pasa nada. Lo intentaremos m\u00e1s tarde\u00bb.<\/span><\/p>\n<blockquote>\n<p style=\"text-align: justify;\"><span style=\"color: #339966;\"><strong>Es mas importante no convertir la comida en una batalla y un tiempo de desdicha que hacer al ni\u00f1o probar algunos alimentos nuevos. Pero tampoco seda a rabietas<\/strong><\/span><\/p>\n<\/blockquote>\n<p style=\"text-align: justify;\"><span style=\"font-weight: 400;\">Si se siente molesto o frustrado, respire profundamente, t\u00f3mese un descanso y no deje que el ni\u00f1o vea que est\u00e1 molesto. Es m\u00e1s importante no convertir la comida en una lucha y un momento de infelicidad que conseguir que el ni\u00f1o pruebe nuevos alimentos. Pero tampoco ceda ante las rabietas. Mantenga la calma y sea lo m\u00e1s neutral posible. No es un problema f\u00e1cil de resolver. Vale la pena repetirlo, as\u00ed que lo diremos una vez m\u00e1s: ve despacio, ten paciencia y retrocede si lo que est\u00e1s haciendo no funciona, despu\u00e9s de haberlo intentado bien. Siempre puedes volver a intentarlo en otro momento. Y recuerda consultar al m\u00e9dico de tu hijo si temes que no est\u00e9 recibiendo la nutrici\u00f3n que necesita.<\/span><\/p>\n<p style=\"text-align: justify;\"><span style=\"font-weight: 400;\">En este m\u00f3dulo, hemos cubierto mucha informaci\u00f3n relacionada con los problemas alimentarios, especialmente con los ni\u00f1os que comen muy pocos alimentos y rechazan muchas opciones saludables. Ahora le pediremos que responda algunas preguntas relacionadas con lo que ha aprendido. Todas las preguntas tendr\u00e1n respuestas de opci\u00f3n m\u00faltiple. Habr\u00e1 8 preguntas. Si responde correctamente a todas las preguntas sobre las cosas que quiere probar con su hijo, probablemente est\u00e9 listo para probar algunas de las sugerencias que hemos dado en esta secci\u00f3n. Sin embargo, si algunas de las preguntas le han resultado dif\u00edciles, o si ha respondido correctamente a todas las preguntas pero cree que le ser\u00eda \u00fatil revisar este material una vez m\u00e1s, no dude en hacerlo. De hecho, este es un m\u00f3dulo largo, y podr\u00eda ser una buena idea revisar cada parte por separado. Esto podr\u00eda facilitarle recordar los distintos pasos o detalles sobre las partes que desea probar. Tambi\u00e9n puede imprimir las p\u00e1ginas que desee revisar y tenerlas a mano para consultarlas. Y, por supuesto, solo necesita revisar aquellas secciones que planea probar con su hijo.<\/span><\/p>\n<h3 style=\"text-align: center;\"><a href=\"https:\/\/parenttraining.chip.uconn.edu\/index.php\/language\/es\/modulo-7-cuestionario-sobre-la-selectividad-alimentaria\/\">Siguiente: M\u00f3dulo 7: Cuestionario sobre la selectividad alimentaria<\/a><\/h3>\n","protected":false},"excerpt":{"rendered":"<div class=\"entry-summary\">\nAlgunos recordatorios&#8230; Aqu\u00ed hay algunos recordatorios al finalizar este m\u00f3dulo del programa de capacitaci\u00f3n para padres. Ampliar las opciones alimenticias,&hellip;\n<\/div>\n<div class=\"link-more\"><a href=\"https:\/\/parenttraining.chip.uconn.edu\/index.php\/language\/es\/conclusion-2\/\" class=\"more-link\">Continue reading<span class=\"screen-reader-text\"> &ldquo;Conclusi\u00f3n&rdquo;<\/span>&hellip;<\/a><\/div>\n","protected":false},"author":498,"featured_media":0,"parent":0,"menu_order":0,"comment_status":"closed","ping_status":"closed","template":"","meta":{"footnotes":""},"class_list":["post-8335","page","type-page","status-publish","hentry","entry"],"_links":{"self":[{"href":"https:\/\/parenttraining.chip.uconn.edu\/index.php\/wp-json\/wp\/v2\/pages\/8335","targetHints":{"allow":["GET"]}}],"collection":[{"href":"https:\/\/parenttraining.chip.uconn.edu\/index.php\/wp-json\/wp\/v2\/pages"}],"about":[{"href":"https:\/\/parenttraining.chip.uconn.edu\/index.php\/wp-json\/wp\/v2\/types\/page"}],"author":[{"embeddable":true,"href":"https:\/\/parenttraining.chip.uconn.edu\/index.php\/wp-json\/wp\/v2\/users\/498"}],"replies":[{"embeddable":true,"href":"https:\/\/parenttraining.chip.uconn.edu\/index.php\/wp-json\/wp\/v2\/comments?post=8335"}],"version-history":[{"count":5,"href":"https:\/\/parenttraining.chip.uconn.edu\/index.php\/wp-json\/wp\/v2\/pages\/8335\/revisions"}],"predecessor-version":[{"id":9569,"href":"https:\/\/parenttraining.chip.uconn.edu\/index.php\/wp-json\/wp\/v2\/pages\/8335\/revisions\/9569"}],"wp:attachment":[{"href":"https:\/\/parenttraining.chip.uconn.edu\/index.php\/wp-json\/wp\/v2\/media?parent=8335"}],"curies":[{"name":"wp","href":"https:\/\/api.w.org\/{rel}","templated":true}]}}