{"id":8326,"date":"2025-12-29T07:52:51","date_gmt":"2025-12-29T12:52:51","guid":{"rendered":"https:\/\/parenttraining.chip.uconn.edu\/?page_id=8326"},"modified":"2026-01-27T16:21:44","modified_gmt":"2026-01-27T21:21:44","slug":"haga-un-libro-ilustrado-o-un-poster-sobre-alimentos","status":"publish","type":"page","link":"https:\/\/parenttraining.chip.uconn.edu\/index.php\/language\/es\/haga-un-libro-ilustrado-o-un-poster-sobre-alimentos\/","title":{"rendered":"Haga un Libro Ilustrado o un P\u00f3ster Sobre Alimentos"},"content":{"rendered":"\n<p>Aqu\u00ed tiene algo que puede probar mientras anima a su hijo a probar nuevos alimentos. Puede que no funcione con un ni\u00f1o muy peque\u00f1o o que no entienda mucho el lenguaje, pero usted puede decidir si cree que podr\u00eda funcionar con su hijo. Haga un libro o un p\u00f3ster de comida con im\u00e1genes coloridas de todo lo que su hijo est\u00e1 dispuesto a comer.<\/p>\n\n\n<div class=\"wp-block-image\">\n<figure class=\"aligncenter\"><a href=\"https:\/\/parenttraining.chip.uconn.edu\/wp-content\/uploads\/2015\/07\/lynn-13.jpg\"><img loading=\"lazy\" decoding=\"async\" width=\"300\" height=\"225\" src=\"https:\/\/parenttraining.chip.uconn.edu\/wp-content\/uploads\/2015\/07\/lynn-13-300x225.jpg\" alt=\"lynn 13\" class=\"wp-image-204\" srcset=\"https:\/\/parenttraining.chip.uconn.edu\/wp-content\/uploads\/2015\/07\/lynn-13-300x225.jpg 300w, https:\/\/parenttraining.chip.uconn.edu\/wp-content\/uploads\/2015\/07\/lynn-13.jpg 479w\" sizes=\"auto, (max-width: 300px) 100vw, 300px\" \/><\/a><\/figure>\n<\/div>\n\n\n<p><\/p>\n\n\n<div class=\"wp-block-image\">\n<figure class=\"aligncenter\"><a href=\"https:\/\/parenttraining.chip.uconn.edu\/wp-content\/uploads\/2015\/07\/lynn-14.jpg\"><img loading=\"lazy\" decoding=\"async\" width=\"225\" height=\"300\" src=\"https:\/\/parenttraining.chip.uconn.edu\/wp-content\/uploads\/2015\/07\/lynn-14-225x300.jpg\" alt=\"lynn 14\" class=\"wp-image-205\" srcset=\"https:\/\/parenttraining.chip.uconn.edu\/wp-content\/uploads\/2015\/07\/lynn-14-225x300.jpg 225w, https:\/\/parenttraining.chip.uconn.edu\/wp-content\/uploads\/2015\/07\/lynn-14.jpg 490w\" sizes=\"auto, (max-width: 225px) 100vw, 225px\" \/><\/a><\/figure>\n<\/div>\n\n\n<p><\/p>\n\n\n\n<p>Cuando quiera que pruebe algo nuevo (como un guisante o un trozo de manzana), recorte una imagen de ese alimento de una revista, b\u00fasquela en Internet o h\u00e1gala usted mismo.<\/p>\n\n\n\n<p>Si a su hijo le gusta colorear o garabatear, busque un dibujo lineal para que lo pueda colorear despu\u00e9s de probarlo.<\/p>\n\n\n<div class=\"wp-block-image\">\n<figure class=\"aligncenter size-full\"><a href=\"https:\/\/parenttraining.chip.uconn.edu\/wp-content\/uploads\/2025\/10\/module-7-picture-book1.jpg\"><img loading=\"lazy\" decoding=\"async\" width=\"361\" height=\"148\" src=\"https:\/\/parenttraining.chip.uconn.edu\/wp-content\/uploads\/2025\/10\/module-7-picture-book1.jpg\" alt=\"\" class=\"wp-image-8148\" srcset=\"https:\/\/parenttraining.chip.uconn.edu\/wp-content\/uploads\/2025\/10\/module-7-picture-book1.jpg 361w, https:\/\/parenttraining.chip.uconn.edu\/wp-content\/uploads\/2025\/10\/module-7-picture-book1-300x123.jpg 300w\" sizes=\"auto, (max-width: 361px) 100vw, 361px\" \/><\/a><\/figure>\n<\/div>\n\n\n<p class=\"has-text-align-center\"><\/p>\n\n\n<div class=\"wp-block-image\">\n<figure class=\"aligncenter\"><img loading=\"lazy\" decoding=\"async\" width=\"225\" height=\"300\" src=\"https:\/\/parenttraining.chip.uconn.edu\/wp-content\/uploads\/2015\/07\/lynn-15-225x300.jpg\" alt=\"lynn 15\" class=\"wp-image-212\" srcset=\"https:\/\/parenttraining.chip.uconn.edu\/wp-content\/uploads\/2015\/07\/lynn-15-225x300.jpg 225w, https:\/\/parenttraining.chip.uconn.edu\/wp-content\/uploads\/2015\/07\/lynn-15.jpg 464w\" sizes=\"auto, (max-width: 225px) 100vw, 225px\" \/><\/figure>\n<\/div>\n\n\n<p><\/p>\n\n\n<div class=\"wp-block-image\">\n<figure class=\"aligncenter\"><a href=\"https:\/\/parenttraining.chip.uconn.edu\/wp-content\/uploads\/2015\/07\/lynn-16.jpg\"><img loading=\"lazy\" decoding=\"async\" width=\"225\" height=\"300\" src=\"https:\/\/parenttraining.chip.uconn.edu\/wp-content\/uploads\/2015\/07\/lynn-16-225x300.jpg\" alt=\"lynn 16\" class=\"wp-image-208\" srcset=\"https:\/\/parenttraining.chip.uconn.edu\/wp-content\/uploads\/2015\/07\/lynn-16-225x300.jpg 225w, https:\/\/parenttraining.chip.uconn.edu\/wp-content\/uploads\/2015\/07\/lynn-16.jpg 456w\" sizes=\"auto, (max-width: 225px) 100vw, 225px\" \/><\/a><\/figure>\n<\/div>\n\n\n<p><\/p>\n\n\n\n<p class=\"has-text-align-center\">Cuando coma el alimento, el\u00f3gielo con entusiasmo. Luego, d\u00e9jele usar un pegamento en barra (con su ayuda) para a\u00f1adir las nuevas im\u00e1genes a su libro o p\u00f3ster de alimentos.<\/p>\n\n\n<div class=\"wp-block-image\">\n<figure class=\"aligncenter\"><a href=\"https:\/\/parenttraining.chip.uconn.edu\/wp-content\/uploads\/2015\/07\/lynn-17.jpg\"><img loading=\"lazy\" decoding=\"async\" width=\"225\" height=\"300\" src=\"https:\/\/parenttraining.chip.uconn.edu\/wp-content\/uploads\/2015\/07\/lynn-17-225x300.jpg\" alt=\"lynn 17\" class=\"wp-image-210\" srcset=\"https:\/\/parenttraining.chip.uconn.edu\/wp-content\/uploads\/2015\/07\/lynn-17-225x300.jpg 225w, https:\/\/parenttraining.chip.uconn.edu\/wp-content\/uploads\/2015\/07\/lynn-17.jpg 409w\" sizes=\"auto, (max-width: 225px) 100vw, 225px\" \/><\/a><\/figure>\n<\/div>\n\n\n<p><\/p>\n\n\n<div class=\"wp-block-image\">\n<figure class=\"aligncenter\"><a href=\"https:\/\/parenttraining.chip.uconn.edu\/wp-content\/uploads\/2015\/07\/lynn-19.jpg\"><img loading=\"lazy\" decoding=\"async\" width=\"225\" height=\"300\" src=\"https:\/\/parenttraining.chip.uconn.edu\/wp-content\/uploads\/2015\/07\/lynn-18-225x300.jpg\" alt=\"lynn 18\" class=\"wp-image-211\" srcset=\"https:\/\/parenttraining.chip.uconn.edu\/wp-content\/uploads\/2015\/07\/lynn-18-225x300.jpg 225w, https:\/\/parenttraining.chip.uconn.edu\/wp-content\/uploads\/2015\/07\/lynn-18.jpg 408w\" sizes=\"auto, (max-width: 225px) 100vw, 225px\" \/><\/a><\/figure>\n<\/div>\n\n\n<p><\/p>\n\n\n\n<p>Cuando venga a casa un amigo o un familiar, como la abuela, haga mucho ruido para que le ense\u00f1e su nueva p\u00e1gina. Incluso puede decirles de antemano que le elogien con entusiasmo y que se muestren muy sorprendidos y felices.<\/p>\n\n\n\n<h3 class=\"wp-block-heading has-text-align-center\"><figure><a href=\"https:\/\/parenttraining.chip.uconn.edu\/wp-content\/uploads\/2015\/07\/lynn-22.jpg\"><img loading=\"lazy\" decoding=\"async\" class=\"wp-image-215 aligncenter\" src=\"https:\/\/parenttraining.chip.uconn.edu\/wp-content\/uploads\/2015\/07\/lynn-22-225x300.jpg\" alt=\"lynn 22\" width=\"249\" height=\"332\" srcset=\"https:\/\/parenttraining.chip.uconn.edu\/wp-content\/uploads\/2015\/07\/lynn-22-225x300.jpg 225w, https:\/\/parenttraining.chip.uconn.edu\/wp-content\/uploads\/2015\/07\/lynn-22.jpg 486w\" sizes=\"auto, (max-width: 249px) 100vw, 249px\" \/><\/a><\/figure><figure><a href=\"https:\/\/parenttraining.chip.uconn.edu\/wp-content\/uploads\/2015\/07\/lynn-23.jpg\"><img loading=\"lazy\" decoding=\"async\" class=\" wp-image-216 aligncenter\" src=\"https:\/\/parenttraining.chip.uconn.edu\/wp-content\/uploads\/2015\/07\/lynn-23-225x300.jpg\" alt=\"lynn 23\" width=\"249\" height=\"332\" srcset=\"https:\/\/parenttraining.chip.uconn.edu\/wp-content\/uploads\/2015\/07\/lynn-23-225x300.jpg 225w, https:\/\/parenttraining.chip.uconn.edu\/wp-content\/uploads\/2015\/07\/lynn-23.jpg 490w\" sizes=\"auto, (max-width: 249px) 100vw, 249px\" \/><\/a><\/figure><\/h3>\n\n\n\n<h2 class=\"wp-block-heading\"><strong>Haga una tabla adicional de recompensas con alimentos<\/strong><\/h2>\n\n\n\n<p>Aqu\u00ed tiene otra idea con una forma diferente de utilizar las im\u00e1genes de alimentos. Solo debe hacerlo una vez que su hijo haya empezado a probar al menos algunos alimentos nuevos. Elija algo que le guste al ni\u00f1o y, si es posible, p\u00eddale que le ayude a pensar en ideas. La recompensa debe ser muy especial, como pompas de colores, un juguete nuevo o incluso una excursi\u00f3n al zool\u00f3gico. Ponga una imagen de lo que haya elegido en la parte superior de una p\u00e1gina. A continuaci\u00f3n, dibuje cinco o seis recuadros en la p\u00e1gina (usted elige el n\u00famero; si cree que cinco o seis son demasiados, utilice tres o cuatro). Aqu\u00ed tiene un ejemplo de uno que hemos hecho.<\/p>\n\n\n<div class=\"wp-block-image\">\n<figure class=\"aligncenter size-full is-resized\"><a href=\"https:\/\/parenttraining.chip.uconn.edu\/wp-content\/uploads\/2025\/10\/m7-pic-book2.jpg\"><img loading=\"lazy\" decoding=\"async\" width=\"468\" height=\"192\" src=\"https:\/\/parenttraining.chip.uconn.edu\/wp-content\/uploads\/2025\/10\/m7-pic-book2.jpg\" alt=\"\" class=\"wp-image-8149\" style=\"width:304px;height:auto\" srcset=\"https:\/\/parenttraining.chip.uconn.edu\/wp-content\/uploads\/2025\/10\/m7-pic-book2.jpg 468w, https:\/\/parenttraining.chip.uconn.edu\/wp-content\/uploads\/2025\/10\/m7-pic-book2-300x123.jpg 300w\" sizes=\"auto, (max-width: 468px) 100vw, 468px\" \/><\/a><\/figure>\n<\/div>\n\n<div class=\"wp-block-image\">\n<figure class=\"aligncenter size-full is-resized\"><a href=\"https:\/\/parenttraining.chip.uconn.edu\/wp-content\/uploads\/2025\/10\/m7-pic-book3.jpg\"><img loading=\"lazy\" decoding=\"async\" width=\"487\" height=\"142\" src=\"https:\/\/parenttraining.chip.uconn.edu\/wp-content\/uploads\/2025\/10\/m7-pic-book3.jpg\" alt=\"\" class=\"wp-image-8150\" style=\"width:395px;height:auto\" srcset=\"https:\/\/parenttraining.chip.uconn.edu\/wp-content\/uploads\/2025\/10\/m7-pic-book3.jpg 487w, https:\/\/parenttraining.chip.uconn.edu\/wp-content\/uploads\/2025\/10\/m7-pic-book3-300x87.jpg 300w\" sizes=\"auto, (max-width: 487px) 100vw, 487px\" \/><\/a><\/figure>\n<\/div>\n\n\n<p><\/p>\n\n\n\n<p>Cada vez que su hijo pruebe un alimento nuevo, pegue una foto del alimento en uno de los recuadros. O, si a su hijo le gusta dibujar, puede pedirle que haga un dibujo en uno de los recuadros. Cuando se llenen todos los recuadros, \u00a1obtendr\u00e1 la recompensa especial!<\/p>\n\n\n\n<h2 class=\"wp-block-heading\"><strong><strong>Haga un libro de cuentos con nuevos alimentos<\/strong><\/strong><\/h2>\n\n\n\n<p>Aqu\u00ed tiene otra estrategia para animar a su hijo a probar nuevos alimentos. Una vez m\u00e1s, puede que no funcione con un ni\u00f1o muy peque\u00f1o o que no entienda mucho el lenguaje, pero usted puede decidir si cree que podr\u00eda funcionar con su hijo. Para un ni\u00f1o que pueda entender una historia sencilla, puede escribir un cuento corto sobre un ni\u00f1o que prueba nuevos alimentos. En la historia, el ni\u00f1o debe mostrarse indeciso a la hora de probar el nuevo alimento, pero debe vencer sus miedos, probarlo y sentirse orgulloso y feliz al final. Aqu\u00ed tiene un ejemplo.<\/p>\n\n\n<div class=\"wp-block-image\">\n<figure class=\"aligncenter is-resized\"><a href=\"https:\/\/parenttraining.chip.uconn.edu\/wp-content\/uploads\/2015\/07\/184.png\"><img loading=\"lazy\" decoding=\"async\" width=\"300\" height=\"225\" src=\"https:\/\/parenttraining.chip.uconn.edu\/wp-content\/uploads\/2015\/07\/184-300x225.png\" alt=\"184\" class=\"wp-image-1476\" style=\"width:308px;height:auto\" srcset=\"https:\/\/parenttraining.chip.uconn.edu\/wp-content\/uploads\/2015\/07\/184-300x225.png 300w, https:\/\/parenttraining.chip.uconn.edu\/wp-content\/uploads\/2015\/07\/184.png 480w\" sizes=\"auto, (max-width: 300px) 100vw, 300px\" \/><\/a><\/figure>\n<\/div>\n\n\n<p><\/p>\n\n\n<div class=\"wp-block-image\">\n<figure class=\"aligncenter is-resized\"><a href=\"https:\/\/parenttraining.chip.uconn.edu\/wp-content\/uploads\/2015\/07\/185.png\"><img loading=\"lazy\" decoding=\"async\" width=\"300\" height=\"225\" src=\"https:\/\/parenttraining.chip.uconn.edu\/wp-content\/uploads\/2015\/07\/185-300x225.png\" alt=\"185\" class=\"wp-image-1477\" style=\"width:306px;height:auto\" srcset=\"https:\/\/parenttraining.chip.uconn.edu\/wp-content\/uploads\/2015\/07\/185-300x225.png 300w, https:\/\/parenttraining.chip.uconn.edu\/wp-content\/uploads\/2015\/07\/185.png 480w\" sizes=\"auto, (max-width: 300px) 100vw, 300px\" \/><\/a><\/figure>\n<\/div>\n\n\n<p><\/p>\n\n\n<div class=\"wp-block-image\">\n<figure class=\"aligncenter is-resized\"><a href=\"https:\/\/parenttraining.chip.uconn.edu\/wp-content\/uploads\/2015\/07\/186.png\"><img loading=\"lazy\" decoding=\"async\" width=\"300\" height=\"225\" src=\"https:\/\/parenttraining.chip.uconn.edu\/wp-content\/uploads\/2015\/07\/186-300x225.png\" alt=\"186\" class=\"wp-image-1478\" style=\"width:306px;height:auto\" srcset=\"https:\/\/parenttraining.chip.uconn.edu\/wp-content\/uploads\/2015\/07\/186-300x225.png 300w, https:\/\/parenttraining.chip.uconn.edu\/wp-content\/uploads\/2015\/07\/186.png 480w\" sizes=\"auto, (max-width: 300px) 100vw, 300px\" \/><\/a><\/figure>\n<\/div>\n\n\n<p><\/p>\n\n\n<div class=\"wp-block-image\">\n<figure class=\"aligncenter is-resized\"><a href=\"https:\/\/parenttraining.chip.uconn.edu\/wp-content\/uploads\/2015\/07\/187.png\"><img loading=\"lazy\" decoding=\"async\" width=\"300\" height=\"225\" src=\"https:\/\/parenttraining.chip.uconn.edu\/wp-content\/uploads\/2015\/07\/187-300x225.png\" alt=\"187\" class=\"wp-image-1479\" style=\"width:308px;height:auto\" srcset=\"https:\/\/parenttraining.chip.uconn.edu\/wp-content\/uploads\/2015\/07\/187-300x225.png 300w, https:\/\/parenttraining.chip.uconn.edu\/wp-content\/uploads\/2015\/07\/187.png 480w\" sizes=\"auto, (max-width: 300px) 100vw, 300px\" \/><\/a><\/figure>\n<\/div>\n\n\n<p><\/p>\n\n\n<div class=\"wp-block-image\">\n<figure class=\"aligncenter is-resized\"><a href=\"https:\/\/parenttraining.chip.uconn.edu\/wp-content\/uploads\/2015\/07\/188.png\"><img loading=\"lazy\" decoding=\"async\" width=\"300\" height=\"225\" src=\"https:\/\/parenttraining.chip.uconn.edu\/wp-content\/uploads\/2015\/07\/188-300x225.png\" alt=\"188\" class=\"wp-image-1480\" style=\"width:304px;height:auto\" srcset=\"https:\/\/parenttraining.chip.uconn.edu\/wp-content\/uploads\/2015\/07\/188-300x225.png 300w, https:\/\/parenttraining.chip.uconn.edu\/wp-content\/uploads\/2015\/07\/188.png 480w\" sizes=\"auto, (max-width: 300px) 100vw, 300px\" \/><\/a><\/figure>\n<\/div>\n\n\n<p><\/p>\n\n\n<div class=\"wp-block-image\">\n<figure class=\"aligncenter is-resized\"><a href=\"https:\/\/parenttraining.chip.uconn.edu\/wp-content\/uploads\/2015\/07\/189.png\"><img loading=\"lazy\" decoding=\"async\" width=\"300\" height=\"225\" src=\"https:\/\/parenttraining.chip.uconn.edu\/wp-content\/uploads\/2015\/07\/189-300x225.png\" alt=\"189\" class=\"wp-image-1481\" style=\"width:308px;height:auto\" srcset=\"https:\/\/parenttraining.chip.uconn.edu\/wp-content\/uploads\/2015\/07\/189-300x225.png 300w, https:\/\/parenttraining.chip.uconn.edu\/wp-content\/uploads\/2015\/07\/189.png 480w\" sizes=\"auto, (max-width: 300px) 100vw, 300px\" \/><\/a><\/figure>\n<\/div>\n\n\n<p>&nbsp; &nbsp;&nbsp;&nbsp;<\/p>\n\n\n\n<p>Puede escribir la historia de manera que un personaje favorito de la televisi\u00f3n o de dibujos animados, como un superh\u00e9roe o un personaje de Disney, sea quien pruebe el nuevo alimento. O puede crear una historia sobre un ni\u00f1o o una ni\u00f1a ficticios. Tambi\u00e9n puede hacerla sobre su hijo, con fotograf\u00edas suyas. Si es posible, es probable que a su hijo le guste ayudarle a crear el libro de cuentos. Debe incluirlo de cualquier forma que considere que le pueda gustar. Una vez que haya hecho el libro, debe le\u00e9rselo a su hijo a menudo.<\/p>\n\n\n\n<p>Aqu\u00ed tiene una \u00faltima idea para animar a su hijo a probar nuevos alimentos. Si consigue que su hijo pruebe algunos alimentos nuevos y ahora disfruta de algunos de los que le ha presentado, intente ofrecerle esos nuevos alimentos en lugares distintos. Por ejemplo, lleve algunos de esos alimentos cuando vaya a casa de la abuela para que su hijo pueda probarlos en la cocina de la abuela. O puede probarlos en el colegio o en la guarder\u00eda, si asiste. Queremos animarle a que ponga en pr\u00e1ctica todas las nuevas habilidades que le ense\u00f1amos en diferentes lugares y con diferentes personas.<\/p>\n\n\n\n<p class=\"has-text-align-center wp-block-heading\"><a href=\"https:\/\/parenttraining.chip.uconn.edu\/index.php\/language\/es\/rellenarse-la-boca\/\" data-type=\"page\" data-id=\"8329\"><strong>Siguiente: Rellenarse la boca<\/strong><\/a><\/p>\n","protected":false},"excerpt":{"rendered":"<div class=\"entry-summary\">\nAqu\u00ed tiene algo que puede probar mientras anima a su hijo a probar nuevos alimentos. Puede que no funcione con&hellip;\n<\/div>\n<div class=\"link-more\"><a href=\"https:\/\/parenttraining.chip.uconn.edu\/index.php\/language\/es\/haga-un-libro-ilustrado-o-un-poster-sobre-alimentos\/\" class=\"more-link\">Continue reading<span class=\"screen-reader-text\"> &ldquo;Haga un Libro Ilustrado o un P\u00f3ster Sobre Alimentos&rdquo;<\/span>&hellip;<\/a><\/div>\n","protected":false},"author":498,"featured_media":0,"parent":0,"menu_order":0,"comment_status":"closed","ping_status":"closed","template":"","meta":{"footnotes":""},"class_list":["post-8326","page","type-page","status-publish","hentry","entry"],"_links":{"self":[{"href":"https:\/\/parenttraining.chip.uconn.edu\/index.php\/wp-json\/wp\/v2\/pages\/8326","targetHints":{"allow":["GET"]}}],"collection":[{"href":"https:\/\/parenttraining.chip.uconn.edu\/index.php\/wp-json\/wp\/v2\/pages"}],"about":[{"href":"https:\/\/parenttraining.chip.uconn.edu\/index.php\/wp-json\/wp\/v2\/types\/page"}],"author":[{"embeddable":true,"href":"https:\/\/parenttraining.chip.uconn.edu\/index.php\/wp-json\/wp\/v2\/users\/498"}],"replies":[{"embeddable":true,"href":"https:\/\/parenttraining.chip.uconn.edu\/index.php\/wp-json\/wp\/v2\/comments?post=8326"}],"version-history":[{"count":4,"href":"https:\/\/parenttraining.chip.uconn.edu\/index.php\/wp-json\/wp\/v2\/pages\/8326\/revisions"}],"predecessor-version":[{"id":9553,"href":"https:\/\/parenttraining.chip.uconn.edu\/index.php\/wp-json\/wp\/v2\/pages\/8326\/revisions\/9553"}],"wp:attachment":[{"href":"https:\/\/parenttraining.chip.uconn.edu\/index.php\/wp-json\/wp\/v2\/media?parent=8326"}],"curies":[{"name":"wp","href":"https:\/\/api.w.org\/{rel}","templated":true}]}}