{"id":8321,"date":"2025-12-29T07:47:04","date_gmt":"2025-12-29T12:47:04","guid":{"rendered":"https:\/\/parenttraining.chip.uconn.edu\/?page_id=8321"},"modified":"2026-03-28T14:21:19","modified_gmt":"2026-03-28T18:21:19","slug":"comer-dos-tipos-de-alimentos-como-refuerzo","status":"publish","type":"page","link":"https:\/\/parenttraining.chip.uconn.edu\/index.php\/language\/es\/comer-dos-tipos-de-alimentos-como-refuerzo\/","title":{"rendered":"Comer dos Tipos de Alimentos como Refuerzo"},"content":{"rendered":"\n<p>Si consigue que su hijo se acostumbre a los dos nuevos alimentos que ha elegido, pero sigue sin comer ninguno de ellos, pase al siguiente paso. En este siguiente paso, tendr\u00e1 sesiones de aprendizaje cortas. Estas sesiones sirven para animar m\u00e1s a su hijo a probar nuevos alimentos, en lugar de limitarse a aceptar los nuevos alimentos en su plato. <\/p>\n\n\n\n<blockquote>\n<p><span style=\"color: #339966;\"><strong>Esta sesi\u00f3n de aprendizaje debe ser hecha entre comidas, preferiblemente cuando el ni\u00f1o tenga un poco de hambre.<\/strong><\/span><\/p>\n<\/blockquote>\n\n\n\n<p><span style=\"font-weight: 400;\">Estas sesiones de aprendizaje deben realizarse entre comidas, preferiblemente cuando el ni\u00f1o tenga un poco de hambre. Puede ser a la hora de su tentempi\u00e9 habitual de media ma\u00f1ana o media tarde. Si no tiene hambre, como justo despu\u00e9s de comer, no funcionar\u00e1, ya que en ese momento no querr\u00e1 comer nada. Por lo tanto, es mejor realizar las sesiones de aprendizaje entre comidas saludables y antes de cualquier tentempi\u00e9. Por ejemplo, dele a su hijo un desayuno peque\u00f1o, equilibrado pero saludable, y luego intente una \u00absesi\u00f3n de aprendizaje de nuevos alimentos\u00bb dos horas m\u00e1s tarde, cuando empiece a tener hambre de nuevo.<\/span><\/p>\n\n\n\n\n\n\n<div class=\"wp-block-image\">\n<figure class=\"aligncenter\"><a href=\"https:\/\/parenttraining.chip.uconn.edu\/wp-content\/uploads\/2016\/08\/child.publicdomainpictures.jpg\"><img loading=\"lazy\" decoding=\"async\" width=\"300\" height=\"200\" src=\"https:\/\/parenttraining.chip.uconn.edu\/wp-content\/uploads\/2016\/08\/child.publicdomainpictures-300x200.jpg\" alt=\"Used with permission from PublicDomainPicture.net\" class=\"wp-image-3690\" srcset=\"https:\/\/parenttraining.chip.uconn.edu\/wp-content\/uploads\/2016\/08\/child.publicdomainpictures-300x200.jpg 300w, https:\/\/parenttraining.chip.uconn.edu\/wp-content\/uploads\/2016\/08\/child.publicdomainpictures-768x512.jpg 768w, https:\/\/parenttraining.chip.uconn.edu\/wp-content\/uploads\/2016\/08\/child.publicdomainpictures-1024x682.jpg 1024w, https:\/\/parenttraining.chip.uconn.edu\/wp-content\/uploads\/2016\/08\/child.publicdomainpictures-1170x780.jpg 1170w, https:\/\/parenttraining.chip.uconn.edu\/wp-content\/uploads\/2016\/08\/child.publicdomainpictures.jpg 1280w\" sizes=\"auto, (max-width: 300px) 100vw, 300px\" \/><\/a><figcaption class=\"wp-element-caption\">PublicDomainPicture.net<\/figcaption><\/figure>\n<\/div>\n\n\n<h2 class=\"wp-block-heading\"><strong>Elegir una recompensa<\/strong><\/h2>\n\n\n\n<p>Lo primero que debe hacer es elegir una recompensa potente que sepa que a su hijo le gusta mucho. Por ejemplo, podr\u00eda ser salir a la calle a hacer pompas, jugar con un juguete que le encanta y con el que no suele jugar, ver su pel\u00edcula o programa de televisi\u00f3n favorito, o cualquier otra cosa que le guste mucho. Tambi\u00e9n podr\u00eda ser su comida favorita, como un caramelo. Esto funcionar\u00e1 mejor si es algo especial que no suele tomar muy a menudo.<\/p>\n\n\n\n<blockquote>\n<p><span style=\"color: #339966;\"><strong>Recuerde, para muchos ni\u00f1os, probar nuevas comidas es algo muy dif\u00edcil de hacer.<\/strong><\/span><\/p>\n<\/blockquote>\n\n\n\n<p><span style=\"font-weight: 400;\">De hecho, para esta parte del programa, y para la siguiente, es importante que su hijo no pueda obtener esta recompensa en otros momentos. En otras palabras, debe ser algo que solo pueda tener durante las sesiones de aprendizaje alimentario, al menos por ahora. Si el ni\u00f1o puede obtener la recompensa en otros momentos, no funcionar\u00e1 tan bien para aprender a aceptar nuevos alimentos.<\/span><\/p>\n<p><span style=\"font-weight: 400;\">Recuerde que, para muchos ni\u00f1os, probar alimentos nuevos es algo muy dif\u00edcil. Por lo tanto, para que la recompensa refuerce el hecho de probar alimentos nuevos, debe ser muy especial. Cuanto m\u00e1s especial y poco habitual sea el capricho, m\u00e1s probable ser\u00e1 que se esfuerce por conseguirlo.<\/span><\/p>\n\n\n\n<p>Si elige un alimento como recompensa especial, aseg\u00farese de que no sea algo que su hijo necesite para su nutrici\u00f3n. Por ejemplo, si su principal fuente de prote\u00ednas es la leche y le gusta mucho, no ser\u00eda recomendable limitarle la leche y utilizarla como refuerzo, ya que realmente la necesita. Tampoco utilice nunca agua. Los ni\u00f1os siempre deben poder beber agua cuando tengan sed.<\/p>\n\n\n\n<h2 class=\"wp-block-heading\"><strong>C\u00f3mo empezar<\/strong><\/h2>\n\n\n\n<p>Establezca esta fase del programa tal y como lo hizo durante la fase de exposici\u00f3n, en la que solo intentaba que tolerara un alimento desconocido en su plato, con una peque\u00f1a diferencia. Esta vez, le ofrecer\u00e1 a su hijo su recompensa especial por comer al menos un bocado de dos de los alimentos de su plato. Seguir\u00e1 colocando dos alimentos preferidos y uno nuevo o no preferido en el plato. Aseg\u00farese de que todos estos alimentos <strong><em>est\u00e9n en cantidades muy peque\u00f1as<\/em><\/strong>, como una uva, un guisante, un trozo peque\u00f1o de manzana, un bocado peque\u00f1o de pollo o un chip de ma\u00edz. Utilice porciones a\u00fan m\u00e1s peque\u00f1as que cuando estaba trabajando en desarrollar la tolerancia a los nuevos alimentos en el plato. <strong><em>Presente siempre solo uno de los nuevos alimentos durante una sola sesi\u00f3n de aprendizaje.<\/em><\/strong> Y recuerde las reglas que le dimos antes sobre la mejor manera de seleccionar nuevos alimentos. Elija alimentos que sean similares en alg\u00fan aspecto a los que le gustan a su hijo.<\/p>\n\n\n\n<p>Por ejemplo, si a su hijo le gustan las pasas, puede intentar introducir albaricoques secos, ya que son dulces como las pasas y tienen una textura similar. A continuaci\u00f3n, se muestra un ejemplo de un plato preparado para un ni\u00f1o al que le gustan las pasas, las manzanas y los ar\u00e1ndanos, pero que a\u00fan no ha probado los albaricoques secos. En su plato tiene un ar\u00e1ndano, un trozo peque\u00f1o de manzana y un trozo muy peque\u00f1o de albaricoque seco.<\/p>\n\n\n<div class=\"wp-block-image\">\n<figure class=\"aligncenter\"><a href=\"https:\/\/parenttraining.chip.uconn.edu\/wp-content\/uploads\/2015\/07\/lynn-10.jpg\"><img loading=\"lazy\" decoding=\"async\" width=\"300\" height=\"225\" src=\"https:\/\/parenttraining.chip.uconn.edu\/wp-content\/uploads\/2015\/07\/lynn-10-300x225.jpg\" alt=\"lynn 10\" class=\"wp-image-197\" srcset=\"https:\/\/parenttraining.chip.uconn.edu\/wp-content\/uploads\/2015\/07\/lynn-10-300x225.jpg 300w, https:\/\/parenttraining.chip.uconn.edu\/wp-content\/uploads\/2015\/07\/lynn-10.jpg 576w\" sizes=\"auto, (max-width: 300px) 100vw, 300px\" \/><\/a><\/figure>\n<\/div>\n\n\n<p><\/p>\n\n\n\n<h2 class=\"wp-block-heading\"><strong>Ganarse el premio especial<\/strong><\/h2>\n\n\n\n<p>En esta fase del programa, el ni\u00f1o debe comer dos cosas para conseguir el premio especial. D\u00e9jele ver el premio especial, pero mant\u00e9ngalo fuera de su alcance. Recuerde que, dado que dos de los alimentos de su plato son de su agrado, en este momento no deber\u00eda ser muy dif\u00edcil para \u00e9l ganarse la recompensa. De hecho, el objetivo de esta fase es simplemente establecer un patr\u00f3n en el que su hijo coma al menos dos de los tres trocitos de comida y obtenga una recompensa inmediata. Queremos que esto se convierta en una rutina f\u00e1cil y autom\u00e1tica para \u00e9l. El\u00f3gielo con entusiasmo durante todo el proceso. D\u00edgale cosas como: \u00ab\u00a1Genial! \u00a1Ha comido uno! \u00a1Solo uno o m\u00e1s y obtendr\u00e1 su regalo especial!\u00bb o \u00ab\u00a1Vaya! \u00a1Ha comido dos cosas! \u00a1Ahora obtiene las burbujas!\u00bb. Y realmente debe ser \u00abAHORA\u00bb. Su hijo debe obtener la recompensa inmediatamente despu\u00e9s de comer el segundo alimento de su plato. Elija solo aquellas cosas que pueda proporcionarle inmediatamente despu\u00e9s de que coma su segundo bocado.<\/p>\n\n\n\n<blockquote>\n<p><span style=\"color: #339966;\"><strong>\u00a1De mucho elogio de manera entusiasta en el proceso!<\/strong><\/span><\/p>\n<\/blockquote>\n\n\n\n<p>Puede ser \u00fatil utilizar una ayuda visual para que su hijo entienda bien la idea. Aqu\u00ed tiene un ejemplo. Si piensa utilizar pompas de jab\u00f3n como recompensa, ser\u00eda estupendo hacer una foto de su hijo disfrutando con las pompas y utilizarla para que tenga una idea muy clara de lo que le espera. Por ejemplo, supongamos que los tres alimentos de ese d\u00eda son pasas, ar\u00e1ndanos y un trozo peque\u00f1o de manzana, y que el alimento nuevo es la manzana.<\/p>\n\n\n<div class=\"wp-block-image\">\n<figure class=\"aligncenter\"><a href=\"https:\/\/parenttraining.chip.uconn.edu\/wp-content\/uploads\/2015\/07\/lynn-11.jpg\"><img loading=\"lazy\" decoding=\"async\" width=\"300\" height=\"225\" src=\"https:\/\/parenttraining.chip.uconn.edu\/wp-content\/uploads\/2015\/07\/lynn-11-300x225.jpg\" alt=\"lynn 11\" class=\"wp-image-202\" srcset=\"https:\/\/parenttraining.chip.uconn.edu\/wp-content\/uploads\/2015\/07\/lynn-11-300x225.jpg 300w, https:\/\/parenttraining.chip.uconn.edu\/wp-content\/uploads\/2015\/07\/lynn-11.jpg 523w\" sizes=\"auto, (max-width: 300px) 100vw, 300px\" \/><\/a><\/figure>\n<\/div>\n\n\n<p><\/p>\n\n\n\n<p>Si decide comer el ar\u00e1ndano y la manzana, el\u00f3gielo mucho, tal y como har\u00eda si hubiera elegido los dos alimentos que ya conoce, y dele inmediatamente su premio especial.<\/p>\n\n\n\n<h2 class=\"wp-block-heading\"><strong>Soluci\u00f3n de problemas<\/strong><\/h2>\n\n\n\n<p>Si, despu\u00e9s de un par de semanas de seguir este nuevo programa alimenticio a la hora de la merienda, su hijo no prueba ninguno de los dos alimentos nuevos que le ha ofrecido, intente a\u00f1adir un par m\u00e1s a la rotaci\u00f3n para ver si le gusta alguno. Recuerde incluir siempre un solo alimento nuevo y dos alimentos que le sean familiares, que le gusten y que coma a menudo. Contin\u00fae durante al menos otras dos semanas, con no m\u00e1s de cuatro alimentos nuevos y el resto alimentos conocidos. Presente siempre solo uno de los alimentos nuevos durante una misma sesi\u00f3n de aprendizaje.<\/p>\n\n\n\n<blockquote>\n<p><span style=\"color: #339966;\"><strong>Recuerde, cuando intente aumentar las opciones de comida de su hijo, es muy importante usar la menor presi\u00f3n posible.<\/strong><\/span><\/p>\n<\/blockquote>\n\n\n\n<p>Hay algo importante que debe recordar. Si hay dos alimentos preferidos y un alimento nuevo en el plato, y el ni\u00f1o solo tiene que probar dos alimentos para obtener su refuerzo, realmente no hay una presi\u00f3n para que pruebe el alimento nuevo. Si su hijo empieza a probar nuevos alimentos, no es necesario pasar a la siguiente fase: \u00a1ya ha conseguido que pruebe nuevos alimentos! Recuerde que, cuando intente aumentar los alimentos que come su hijo, debe ejercer la menor presi\u00f3n posible. No conviene que esto se convierta en una batalla por el control. Por lo tanto, si su hijo empieza a probar peque\u00f1os trozos de alimentos nuevos en esta fase, simplemente contin\u00fae as\u00ed e introduzca nuevos alimentos muy poco a poco. Tambi\u00e9n debe aumentar muy lentamente las raciones de los alimentos reci\u00e9n aceptados durante las meriendas o comidas. No obstante, mantenga las raciones muy peque\u00f1as en las sesiones especiales de aprendizaje alimentario, a medida que introduce nuevos alimentos.<\/p>\n\n\n\n<h2 class=\"wp-block-heading\"><strong>El siguiente paso: comer un alimento nuevo como refuerzo<\/strong><\/h2>\n\n\n\n<p>Si, despu\u00e9s de un mes o m\u00e1s, su hijo come habitualmente dos alimentos como premio especial, pero sigue sin elegir ninguno de los nuevos alimentos que ha seleccionado, es hora de pasar a la siguiente fase. Esta fase es casi id\u00e9ntica a la que acabamos de describir, excepto que en esta fase, dos de los tres alimentos del plato son \u00abnuevos\u00bb. Por ejemplo, si le gustan las pasas, pero no le gustan o nunca ha probado los albaricoques secos o las manzanas, puede ofrecerle este conjunto de tres alimentos (pasas, albaricoques secos y manzanas).<\/p>\n\n\n<div class=\"wp-block-image\">\n<figure class=\"aligncenter\"><a href=\"https:\/\/parenttraining.chip.uconn.edu\/wp-content\/uploads\/2015\/07\/lynn-12.jpg\"><img loading=\"lazy\" decoding=\"async\" width=\"300\" height=\"225\" src=\"https:\/\/parenttraining.chip.uconn.edu\/wp-content\/uploads\/2015\/07\/lynn-12-300x225.jpg\" alt=\"lynn 12\" class=\"wp-image-203\" srcset=\"https:\/\/parenttraining.chip.uconn.edu\/wp-content\/uploads\/2015\/07\/lynn-12-300x225.jpg 300w, https:\/\/parenttraining.chip.uconn.edu\/wp-content\/uploads\/2015\/07\/lynn-12.jpg 481w\" sizes=\"auto, (max-width: 300px) 100vw, 300px\" \/><\/a><\/figure>\n<\/div>\n\n\n<p><\/p>\n\n\n\n<p><\/p>\n\n\n\n<p>Para conseguir el premio especial, su hijo tiene que comer dos alimentos, lo que significa que debe elegir al menos uno de los alimentos nuevos. No se sorprenda si, al principio, su hijo se niega a comer el alimento nuevo. No le d\u00e9 importancia, no lo rega\u00f1e ni le levante la voz, ni le muestre su decepci\u00f3n. Simplemente diga: \u00abLo siento, no hay burbujas, pero lo intentaremos otra vez\u00bb o \u00abLo siento, no hay caramelos, lo intentaremos otra vez\u00bb, y guarde el refuerzo, aleje al ni\u00f1o de la mesa y pase a otra cosa. Si su hijo llora o tiene una rabieta, no preste atenci\u00f3n a su comportamiento; simplemente espere a que se calme y desv\u00ede su atenci\u00f3n hacia otra cosa, haci\u00e9ndole participar en otra actividad. Debe mantenerse neutral y tranquilo. La regla es dos alimentos por la recompensa, y debe ser coherente al respecto, pero nunca debe obligar a su hijo a comer algo que no quiere. Tampoco debe mostrarse frustrado o molesto si se niega a probar algo nuevo. Queremos que esta sea una experiencia positiva. Es importante que la hora de la merienda no se convierta en algo negativo.<\/p>\n\n\n\n<blockquote>\n<p><span style=\"color: #339966;\"><strong>Evite una pelea de control sobre la comida. \u00a1Solo continue elogiando a su hijo de manera entusiasta por tratar cosas nuevas en general!<\/strong><\/span><\/p>\n<\/blockquote>\n\n\n\n<p>Si, despu\u00e9s de una semana en esta fase, con dos sesiones de aprendizaje al d\u00eda, su hijo SIGUE sin probar ni un solo alimento nuevo, probablemente sea mejor interrumpir estas sesiones de aprendizaje durante un tiempo. Siempre puede volver a intentarlo despu\u00e9s de varios meses de descanso. Pero es muy, muy importante que evite una batalla por el control en torno a la comida. \u00a1Siga elogiando con entusiasmo a su hijo por probar cosas nuevas en general! Por ejemplo, si le pone una camiseta nueva, podr\u00eda decirle: \u00ab\u00a1Qu\u00e9 bien! Te has probado la camiseta nueva. \u00a1Me encanta que pruebe cosas nuevas!\u00bb. O, si prueba un columpio nuevo en el parque que nunca ha probado antes, podr\u00eda decirle: \u00ab\u00a1Bien hecho! \u00a1Ha probado un columpio diferente!\u00bb.<\/p>\n\n\n\n<p class=\"has-text-align-center wp-block-heading\"><strong>&nbsp;<a href=\"https:\/\/parenttraining.chip.uconn.edu\/index.php\/language\/es\/haga-un-libro-ilustrado-o-un-poster-sobre-alimentos\/\" data-type=\"page\" data-id=\"8326\">Siguiente: Haga un libro ilustrado o un p\u00f3ster sobre alimentos<\/a><\/strong><\/p>\n\n\n","protected":false},"excerpt":{"rendered":"<div class=\"entry-summary\">\nSi consigue que su hijo se acostumbre a los dos nuevos alimentos que ha elegido, pero sigue sin comer ninguno&hellip;\n<\/div>\n<div class=\"link-more\"><a href=\"https:\/\/parenttraining.chip.uconn.edu\/index.php\/language\/es\/comer-dos-tipos-de-alimentos-como-refuerzo\/\" class=\"more-link\">Continue reading<span class=\"screen-reader-text\"> &ldquo;Comer dos Tipos de Alimentos como Refuerzo&rdquo;<\/span>&hellip;<\/a><\/div>\n","protected":false},"author":498,"featured_media":0,"parent":0,"menu_order":0,"comment_status":"closed","ping_status":"closed","template":"","meta":{"footnotes":""},"class_list":["post-8321","page","type-page","status-publish","hentry","entry"],"_links":{"self":[{"href":"https:\/\/parenttraining.chip.uconn.edu\/index.php\/wp-json\/wp\/v2\/pages\/8321","targetHints":{"allow":["GET"]}}],"collection":[{"href":"https:\/\/parenttraining.chip.uconn.edu\/index.php\/wp-json\/wp\/v2\/pages"}],"about":[{"href":"https:\/\/parenttraining.chip.uconn.edu\/index.php\/wp-json\/wp\/v2\/types\/page"}],"author":[{"embeddable":true,"href":"https:\/\/parenttraining.chip.uconn.edu\/index.php\/wp-json\/wp\/v2\/users\/498"}],"replies":[{"embeddable":true,"href":"https:\/\/parenttraining.chip.uconn.edu\/index.php\/wp-json\/wp\/v2\/comments?post=8321"}],"version-history":[{"count":11,"href":"https:\/\/parenttraining.chip.uconn.edu\/index.php\/wp-json\/wp\/v2\/pages\/8321\/revisions"}],"predecessor-version":[{"id":10864,"href":"https:\/\/parenttraining.chip.uconn.edu\/index.php\/wp-json\/wp\/v2\/pages\/8321\/revisions\/10864"}],"wp:attachment":[{"href":"https:\/\/parenttraining.chip.uconn.edu\/index.php\/wp-json\/wp\/v2\/media?parent=8321"}],"curies":[{"name":"wp","href":"https:\/\/api.w.org\/{rel}","templated":true}]}}