{"id":8262,"date":"2025-12-27T12:05:17","date_gmt":"2025-12-27T17:05:17","guid":{"rendered":"https:\/\/parenttraining.chip.uconn.edu\/?page_id=8262"},"modified":"2026-03-28T14:05:24","modified_gmt":"2026-03-28T18:05:24","slug":"cuando-es-mas-grave-la-alimentacion-selectiva","status":"publish","type":"page","link":"https:\/\/parenttraining.chip.uconn.edu\/index.php\/language\/es\/cuando-es-mas-grave-la-alimentacion-selectiva\/","title":{"rendered":"\u00bfCu\u00e1ndo es m\u00e1s grave la alimentaci\u00f3n selectiva?"},"content":{"rendered":"<p style=\"text-align: justify;\"><span style=\"font-weight: 400;\">Ser quisquilloso o selectivo con la comida es una etapa muy com\u00fan en el desarrollo de los ni\u00f1os peque\u00f1os. Los ni\u00f1os peque\u00f1os suelen tener gustos muy marcados por diferentes tipos de alimentos. Adem\u00e1s, no siempre tienen hambre a la hora de comer. \u00bfCu\u00e1ndo debe hablar con su pediatra sobre la alimentaci\u00f3n selectiva?<\/span><\/p>\n<p><span style=\"font-weight: 400;\">En primer lugar, no dude en hablar con el m\u00e9dico de su hijo si cree que puede no estar obteniendo todos los nutrientes que necesita. Esto puede deberse a que no come lo suficiente o a que solo come uno o dos tipos de alimentos.<\/span><\/p>\n<p><span style=\"font-weight: 400;\">El m\u00e9dico tambi\u00e9n puede darle sugerencias sobre c\u00f3mo manejar la selectividad alimentaria y los problemas de comportamiento que puede provocar. Muchos padres quieren proporcionar alimentos saludables, pero no saben realmente qu\u00e9 hace que un alimento sea m\u00e1s saludable que otro. El m\u00e9dico de su hijo puede darle material para leer. Tambi\u00e9n puede referirlo a un nutricionista si es necesario.<\/span><\/p>\n<p><span style=\"font-weight: 400;\">Hay algunos aspectos que pueden hacer que el m\u00e9dico considere necesaria una intervenci\u00f3n para ayudar a su hijo a comer m\u00e1s o a comer una variedad m\u00e1s amplia de alimentos. Si observa alguno de ellos, no dude en hablar con el m\u00e9dico de su hijo.<\/span><\/p>\n<table style=\"background-color: #a0ded1;\">\n<tbody>\n<tr>\n<td>\n<p><b>En particular, hable con el m\u00e9dico de su hijo si:<\/b><\/p>\n<ul>\n<li style=\"font-weight: 400;\" aria-level=\"1\"><span style=\"font-weight: 400;\">Est\u00e1 perdiendo peso<\/span><\/li>\n<li style=\"font-weight: 400;\" aria-level=\"1\"><span style=\"font-weight: 400;\">No aumenta de peso como deber\u00eda<\/span><\/li>\n<li style=\"font-weight: 400;\" aria-level=\"1\"><span style=\"font-weight: 400;\">No crece como deber\u00eda<\/span><\/li>\n<li style=\"font-weight: 400;\" aria-level=\"1\"><span style=\"font-weight: 400;\">Tiene arcadas o v\u00f3mitos al comer<\/span><\/li>\n<li style=\"font-weight: 400;\" aria-level=\"1\"><span style=\"font-weight: 400;\">Tiene diarrea o estre\u00f1imiento frecuentes<\/span><\/li>\n<li style=\"text-align: left;\"><span style=\"font-weight: 400;\">Parece tener dolores de est\u00f3mago frecuentes<\/span><\/li>\n<li style=\"font-weight: 400;\" aria-level=\"1\"><span style=\"font-weight: 400;\">Tiene malestar estomacal o reacci\u00f3n al\u00e9rgica a alimentos espec\u00edficos<\/span><\/li>\n<\/ul>\n<\/td>\n<\/tr>\n<\/tbody>\n<\/table>\n<p style=\"text-align: justify;\">Algunos ni\u00f1os tienen alergias alimentarias o dificultades para digerir ciertos alimentos. Si cree que su hijo tiene este problema, consulte al m\u00e9dico sobre qu\u00e9 alimentos debe evitar.<\/p>\n<p style=\"text-align: justify;\"><a href=\"https:\/\/parenttraining.chip.uconn.edu\/wp-content\/uploads\/2015\/07\/181.jpg\"><img loading=\"lazy\" decoding=\"async\" class=\"size-medium wp-image-1472 alignright\" src=\"https:\/\/parenttraining.chip.uconn.edu\/wp-content\/uploads\/2015\/07\/181-150x300.jpg\" alt=\"Proposed_Standard_NFL_2.13.14\" width=\"150\" height=\"300\" srcset=\"https:\/\/parenttraining.chip.uconn.edu\/wp-content\/uploads\/2015\/07\/181-150x300.jpg 150w, https:\/\/parenttraining.chip.uconn.edu\/wp-content\/uploads\/2015\/07\/181-512x1024.jpg 512w, https:\/\/parenttraining.chip.uconn.edu\/wp-content\/uploads\/2015\/07\/181.jpg 692w\" sizes=\"auto, (max-width: 150px) 100vw, 150px\" \/><\/a>Si un ni\u00f1o sigue una dieta muy restrictiva, es posible que no ingiera suficiente de algunos nutrientes espec\u00edficos. Por ejemplo, puede que no ingiera suficiente calcio o vitamina D, que son necesarios para tener huesos y dientes fuertes. Es posible que no ingiera suficientes prote\u00ednas, que son un componente b\u00e1sico para el cuerpo.<\/p>\n<p style=\"text-align: justify;\">El <strong>calcio<\/strong> se encuentra principalmente en el queso, el yogur, la leche y los productos enriquecidos con calcio, como algunos cereales, panes y zumos. Tambi\u00e9n se encuentra en verduras de hoja verde como la col rizada y las espinacas. Tambi\u00e9n se encuentra en otras verduras como el br\u00f3coli, las arvejas y las lentejas. Algunos tipos de pescado, especialmente las sardinas y el salm\u00f3n, tambi\u00e9n contienen calcio. En Estados Unidos, <strong>la vitamina D<\/strong> se a\u00f1ade a la leche, a algunos cereales y a algunas marcas de jugo de naranja. La vitamina D tambi\u00e9n se encuentra en el salm\u00f3n y el at\u00fan. Consulte la tabla nutricional del envase para ver si los alimentos que le gustan a su hijo aportan calcio y vitamina D.<\/p>\n<table style=\"background-color: #a0ded1;\">\n<tbody>\n<tr>\n<td>\n<p style=\"text-align: justify;\"><b>Buenas fuentes de vitamina D:<\/b><\/p>\n<ul>\n<li style=\"text-align: justify;\"><span style=\"font-weight: 400;\">Leche enriquecida<\/span><\/li>\n<li style=\"font-weight: 400;\" aria-level=\"1\"><span style=\"font-weight: 400;\">Cereales enriquecidos con vitamina D<\/span><\/li>\n<li style=\"font-weight: 400;\" aria-level=\"1\"><span style=\"font-weight: 400;\">Zumo de naranja enriquecido con vitamina D<\/span><\/li>\n<li style=\"font-weight: 400;\" aria-level=\"1\"><span style=\"font-weight: 400;\">Salm\u00f3n<\/span><\/li>\n<li style=\"font-weight: 400;\" aria-level=\"1\"><span style=\"font-weight: 400;\">At\u00fan<\/span><\/li>\n<\/ul>\n<p><b>Buenas fuentes de calcio:\u00a0<\/b><\/p>\n<ul>\n<li><span style=\"font-weight: 400;\">Queso<\/span><\/li>\n<li style=\"font-weight: 400;\" aria-level=\"1\"><span style=\"font-weight: 400;\">Yogur<\/span><\/li>\n<li><span style=\"font-weight: 400;\">Leche<\/span><\/li>\n<li style=\"font-weight: 400;\" aria-level=\"1\"><span style=\"font-weight: 400;\">Cereales, panes y jugos enriquecidos con calcio<\/span><\/li>\n<li style=\"font-weight: 400;\" aria-level=\"1\"><span style=\"font-weight: 400;\">Col rizada<\/span><\/li>\n<li style=\"font-weight: 400;\" aria-level=\"1\"><span style=\"font-weight: 400;\">Espinacas<\/span><\/li>\n<li style=\"font-weight: 400;\" aria-level=\"1\"><span style=\"font-weight: 400;\">Br\u00f3coli<\/span><\/li>\n<li style=\"font-weight: 400;\" aria-level=\"1\"><span style=\"font-weight: 400;\">Arvejas<\/span><\/li>\n<li style=\"font-weight: 400;\" aria-level=\"1\"><span style=\"font-weight: 400;\">Lentejas<\/span><\/li>\n<li style=\"font-weight: 400;\" aria-level=\"1\"><span style=\"font-weight: 400;\">Sardinas<\/span><\/li>\n<li style=\"font-weight: 400;\" aria-level=\"1\"><span style=\"font-weight: 400;\">Salm\u00f3n<\/span><\/li>\n<\/ul>\n<\/td>\n<\/tr>\n<\/tbody>\n<\/table>\n<p><span style=\"font-weight: 400;\">Si su hijo no est\u00e1 tomando suficiente vitamina D o calcio, es posible que necesite tomar un suplemento de vitaminas diario para ni\u00f1os. Hay muchos tipos de vitaminas infantiles en el mercado, y est\u00e1n elaboradas para adaptarse a los gustos de los ni\u00f1os. Es importante que consulte con su m\u00e9dico antes de darle cualquier vitamina o suplemento a su hijo. No solo puede ser peligroso darle una cantidad excesiva de vitaminas u otros suplementos, sino que no siempre es posible saber si lo que figura en la etiqueta es lo que contiene el envase. Su pediatra sabr\u00e1 qu\u00e9 es lo mejor para su hijo.<\/span><\/p>\n<p style=\"text-align: justify;\"><span style=\"font-weight: 400;\">Si su hijo rechaza la mayor\u00eda de los alimentos que son buenas fuentes de prote\u00ednas, consulte con su m\u00e9dico si est\u00e1 ingiriendo suficientes prote\u00ednas. Adem\u00e1s, si su hijo rechaza la mayor\u00eda de las frutas y verduras, puede tener tendencia al estre\u00f1imiento. El estre\u00f1imiento puede reducir el apetito de los ni\u00f1os.<\/span><\/p>\n<table style=\"background-color: #a0ded1;\">\n<tbody>\n<tr>\n<td>\n<p><b>Buenas fuentes de prote\u00ednas:\u00a0<\/b><\/p>\n<ul>\n<li style=\"font-weight: 400;\" aria-level=\"1\"><span style=\"font-weight: 400;\">Carne<\/span><\/li>\n<li style=\"font-weight: 400;\" aria-level=\"1\"><span style=\"font-weight: 400;\">Pollo<\/span><\/li>\n<li style=\"font-weight: 400;\" aria-level=\"1\"><span style=\"font-weight: 400;\">Pescado<\/span><\/li>\n<li style=\"font-weight: 400;\" aria-level=\"1\"><span style=\"font-weight: 400;\">Leche<\/span><\/li>\n<li style=\"font-weight: 400;\" aria-level=\"1\"><span style=\"font-weight: 400;\">Queso<\/span><\/li>\n<li style=\"font-weight: 400;\" aria-level=\"1\"><span style=\"font-weight: 400;\">Yogur<\/span><\/li>\n<li style=\"font-weight: 400;\" aria-level=\"1\"><span style=\"font-weight: 400;\">Huevos<\/span><\/li>\n<li style=\"font-weight: 400;\" aria-level=\"1\"><span style=\"font-weight: 400;\">Garbanzos<\/span><\/li>\n<li style=\"font-weight: 400;\" aria-level=\"1\"><span style=\"font-weight: 400;\">Frijoles rojos\u00a0<\/span><\/li>\n<li style=\"font-weight: 400;\" aria-level=\"1\"><span style=\"font-weight: 400;\">Tofu, leche de soja y granos de soja, como el edamame<\/span><\/li>\n<li style=\"font-weight: 400;\" aria-level=\"1\"><span style=\"font-weight: 400;\">Almendras y leche de almendras<\/span><\/li>\n<li style=\"font-weight: 400;\" aria-level=\"1\"><span style=\"font-weight: 400;\">Granos cocidos<\/span><\/li>\n<li style=\"font-weight: 400;\" aria-level=\"1\"><span style=\"font-weight: 400;\">Y, si su hijo no es al\u00e9rgico, cacahuetes o mantequilla de cacahuete<\/span><\/li>\n<\/ul>\n<\/td>\n<\/tr>\n<\/tbody>\n<\/table>\n<p style=\"text-align: justify;\"><span style=\"font-weight: 400;\">Si desea obtener m\u00e1s informaci\u00f3n sobre las pautas m\u00e9dicas para una alimentaci\u00f3n saludable en los ni\u00f1os, encontrar\u00e1 mucha informaci\u00f3n excelente y f\u00e1cil de entender para los padres en el sitio web de la <a href=\"https:\/\/www.healthychildren.org\/spanish\/healthy-living\/nutrition\/paginas\/default.aspx\">Academia Americana de Pediatr\u00eda<\/a><\/span><span style=\"font-weight: 400;\">. Esta p\u00e1gina web tambi\u00e9n est\u00e1 disponible en espa\u00f1ol. El pediatra de su hijo tambi\u00e9n deber\u00eda tener tablas que le puede proporcionar sobre el contenido nutricional de diferentes alimentos.<\/span><\/p>\n<h2>Qu\u00e9 hacer ante una alimentaci\u00f3n selectiva normal\u00a0<\/h2>\n<p style=\"text-align: left;\"><span style=\"font-weight: 400;\">Si usted o el m\u00e9dico no consideran grave la alimentaci\u00f3n selectiva de su hijo y este obtiene los nutrientes que necesita, lo mejor es no darle demasiada importancia. <\/span><span style=\"font-weight: 400;\">Es muy importante que las comidas sean un momento agradable y social que todos puedan disfrutar.<\/span><\/p>\n<p style=\"text-align: left;\"><span style=\"font-weight: 400;\">La comida y la hora de comer son uno de los grandes placeres de la vida y un lugar ideal para desarrollar y disfrutar de las relaciones con la familia y los amigos. Si hay alimentos que su hijo realmente rechaza, pero obtiene los nutrientes de otros alimentos, no intente darle los alimentos que no le gustan. Y <\/span><b>nunca intente forzar a un ni\u00f1o a comer<\/b><span style=\"font-weight: 400;\">. Podr\u00eda ser peligroso. Adem\u00e1s, es probable que le haga disgustarle a\u00fan m\u00e1s. Obligar a los ni\u00f1os a comer alimentos que no les gustan tiende a empeorar la alimentaci\u00f3n selectiva.<\/span><\/p>\n<p style=\"text-align: justify;\"><span style=\"font-weight: 400;\">Piense en un alimento que le guste mucho a su familia, pero que su hijo se niegue a probar. Siga sirvi\u00e9ndolo a los dem\u00e1s en la mesa. El simple hecho de ver a los dem\u00e1s comerlo puede ayudarle a acostumbrarse a su aspecto y olor. Incluso puede que le den ganas de probarlo. Los ni\u00f1os se sienten m\u00e1s seguros con los alimentos que conocen. Por lo tanto, es una buena idea familiarizar al ni\u00f1o con la comida y hacer que vea a los dem\u00e1s disfrutarla. Tambi\u00e9n puede poner un trozo muy peque\u00f1o de la comida en su plato, pero no le d\u00e9 importancia si lo deja all\u00ed y no se lo come. El simple hecho de permitir que la comida est\u00e9 en su plato es un progreso.<\/span><\/p>\n<p style=\"text-align: justify;\"><span style=\"font-weight: 400;\">Algunos ni\u00f1os son m\u00e1s propensos a probar algo si han ayudado a prepararlo. Su hijo puede sentir orgullo cuando le diga a la familia que el\/ella ha ayudado a prepararlo.<\/span><\/p>\n<figure id=\"attachment_3673\" aria-describedby=\"caption-attachment-3673\" style=\"width: 300px\" class=\"wp-caption aligncenter\"><a href=\"https:\/\/parenttraining.chip.uconn.edu\/wp-content\/uploads\/2016\/08\/family2.jpg\"><img loading=\"lazy\" decoding=\"async\" class=\"size-medium wp-image-3673\" src=\"https:\/\/parenttraining.chip.uconn.edu\/wp-content\/uploads\/2016\/08\/family2-300x176.jpg\" alt=\"Used with permission from Pixabay\" width=\"300\" height=\"176\" srcset=\"https:\/\/parenttraining.chip.uconn.edu\/wp-content\/uploads\/2016\/08\/family2-300x176.jpg 300w, https:\/\/parenttraining.chip.uconn.edu\/wp-content\/uploads\/2016\/08\/family2.jpg 640w\" sizes=\"auto, (max-width: 300px) 100vw, 300px\" \/><\/a><figcaption id=\"caption-attachment-3673\" class=\"wp-caption-text\">Pixabay<\/figcaption><\/figure>\n<h2>\u00bfQu\u00e9 hago con el postre si el ni\u00f1o no ha comido mucho del plato principal?<\/h2>\n<p style=\"text-align: justify;\"><span style=\"font-weight: 400;\">Algunos expertos en alimentaci\u00f3n sugieren servir siempre un postre peque\u00f1o y razonablemente saludable, como fruta, una galleta peque\u00f1a o una porci\u00f3n peque\u00f1a de yogur dulce. Recomiendan hacerlo incluso si el ni\u00f1o no ha comido mucho o nada del plato principal. Esto puede evitar una lucha de poder. Solo aseg\u00farese de que los postres sean peque\u00f1os. De esta manera, obtendr\u00e1 la mayor parte de las calor\u00edas de alimentos m\u00e1s saludables. Otros expertos sugieren eliminar por completo los dulces y servir solo fruta como postre. Esto depende realmente de usted.<\/span><\/p>\n<p style=\"text-align: justify;\"><span style=\"font-weight: 400;\">Recuerde, cualquier preocupaci\u00f3n sobre nutrici\u00f3n debe consultarlo con su m\u00e9dico. Hemos mencionado la p\u00e1gina web de la AAP. Hay muchas otras p\u00e1ginas web excelentes con informaci\u00f3n sobre c\u00f3mo manejar la \u00abnormalidad\u00bb en la alimentaci\u00f3n selectiva y las necesidades nutricionales en general.<\/span><\/p>\n<table style=\"background-color: #a0ded1;\">\n<tbody>\n<tr>\n<td>\n<p><b>Algunos ejemplos de estos sitios web son:\u00a0<\/b><\/p>\n<p style=\"text-align: left;\"><a href=\"https:\/\/kidshealth.org\/ChildrensHealthNetwork\/es\/\">Informaci\u00f3n para padres<\/a><\/p>\n<p style=\"text-align: left;\"><a href=\"https:\/\/www.zerotothree.org\/resource\/como-manejar-a-los-ninos-selectivos-con-la-comida\/\">C\u00f3mo manejar a los ni\u00f1os selectivos con la comida<\/a><\/p>\n<\/td>\n<\/tr>\n<\/tbody>\n<\/table>\n<h2>Qu\u00e9 hacer ante la alimentaci\u00f3n selectiva grave<\/h2>\n<p style=\"text-align: justify;\"><span style=\"font-weight: 400;\">Hasta ahora, hemos hablado de la alimentaci\u00f3n selectiva normal que es com\u00fan en ni\u00f1os en edad preescolar e incluso en ni\u00f1os mayores. Sin embargo, hay algunos ni\u00f1os que solo comen una cantidad muy reducida de alimentos. Y algunos ni\u00f1os muestran reacciones muy fuertes incluso con solo ver u oler un alimento que no les gusta. Si este es el caso de su hijo, usted o su m\u00e9dico pueden decidir que algunos m\u00e9todos conductuales pueden ser \u00fatiles.<\/span><\/p>\n<blockquote>\n<p><span style=\"font-weight: 400;\">Es muy importante que las horas de comida sean una ocasi\u00f3n social y agradable que todos puedan disfrutar.<\/span><\/p>\n<\/blockquote>\n<p>Queremos hablar sobre las causas de la selectividad extrema y los comportamientos que puede provocar. Despu\u00e9s, discutiremos algunas reglas generales para conseguir que su hijo coma m\u00e1s tipos de alimentos. Seguido de hablar sobre estas reglas sencillas y generales, comentaremos algunas cosas espec\u00edficas que puede probar.<\/p>\n<p style=\"text-align: justify;\"><span style=\"font-weight: 400;\">Los ni\u00f1os con autismo y otros problemas del desarrollo son especialmente propensos a ser muy quisquillosos con la comida. Hay al menos dos razones para ello.<\/span><\/p>\n<p style=\"text-align: justify;\"><span style=\"font-weight: 400;\">Una es que a los ni\u00f1os con autismo a menudo les gustan mucho las rutinas. Les gusta que las cosas sean siempre iguales. Esto es cierto en la mayor\u00eda de los ni\u00f1os peque\u00f1os. Sin embargo, los ni\u00f1os con autismo pueden llevarlo al extremo. Pueden reaccionar enfad\u00e1ndose mucho si las cosas no suceden como ellos esperan. Esto se puede observar en la comida y en las actividades relacionadas con las comidas. Por ejemplo, los ni\u00f1os con autismo pueden insistir en comer solo alimentos muy espec\u00edficos. Es posible que solo coman alimentos con un sabor, textura o color. Es posible que quieran diferentes tipos de alimentos separados en el plato. Si un padre intenta cambiar eso, el ni\u00f1o puede enfadarse mucho o tener una rabieta.<\/span><\/p>\n<h2>Sensibilidad sensorial<\/h2>\n<p style=\"text-align: justify;\"><span style=\"font-weight: 400;\">Adem\u00e1s, la sensibilidad sensorial es otra caracter\u00edstica del autismo que puede provocar que los ni\u00f1os sean quisquillosos con la comida. La sensibilidad sensorial provoca reacciones muy fuertes a las sensaciones, los alimentos o las cosas que ven o escuchan.<\/span><\/p>\n<table style=\"background-color: #a0ded1;\">\n<tbody>\n<tr>\n<td>\n<p><b>La sensibilidad sensorial provoca reacciones inusualmente fuertes ante:\u00a0<\/b><\/p>\n<ul>\n<li style=\"font-weight: 400;\" aria-level=\"1\"><span style=\"font-weight: 400;\">Sonidos<\/span><\/li>\n<li style=\"font-weight: 400;\" aria-level=\"1\"><span style=\"font-weight: 400;\">Olores<\/span><\/li>\n<li style=\"font-weight: 400;\" aria-level=\"1\"><span style=\"font-weight: 400;\">Sabores<\/span><\/li>\n<li style=\"font-weight: 400;\" aria-level=\"1\"><span style=\"font-weight: 400;\">Roce de las cosas en la piel<\/span><\/li>\n<li style=\"font-weight: 400;\" aria-level=\"1\"><span style=\"font-weight: 400;\">Luces brillantes<\/span><\/li>\n<\/ul>\n<\/td>\n<\/tr>\n<\/tbody>\n<\/table>\n<p style=\"text-align: justify;\"><span style=\"font-weight: 400;\">Un sabor u olor que otro ni\u00f1o podr\u00eda encontrar un poco desagradable puede parecerle al ni\u00f1o con autismo realmente repugnante o incluso aterrador.<\/span><\/p>\n<p style=\"text-align: justify;\"><span style=\"font-weight: 400;\">\u00bfQu\u00e9 pasa si su hijo es muy exigente con la comida y con sus rutinas alimentarias? Es posible que se enfade mucho si intenta que coma alimentos que no le gustan o que cambie sus rutinas alimenticias. Esto puede dar lugar a problemas de comportamiento. Estos pueden incluir rabietas, como gritar, tirar cosas o romperlas. Algunos ni\u00f1os se tiran al suelo, dan patadas y se revuelven.<\/span><\/p>\n<p style=\"text-align: justify;\"><span style=\"font-weight: 400;\">Otros comportamientos problem\u00e1ticos pueden ser tirar la comida, negarse a comer o escupir. Cuando se le obliga a un ni\u00f1o a oler o probar alimentos que no le gustan, puede tener arcadas, escupir o vomitar. Si los alimentos que el ni\u00f1o est\u00e1 dispuesto a comer son muy limitados, es posible que no obtenga todos los nutrientes que necesita. Puede que no ingiera suficientes calor\u00edas, prote\u00ednas, grasas o vitaminas y minerales. Esto no ocurre a menudo, pero es posible.<\/span><\/p>\n<p><strong><a href=\"https:\/\/parenttraining.chip.uconn.edu\/index.php\/language\/es\/que-mantiene-los-problemas-de-comportamiento-relacionados-con-la-alimentacion-selectiva\/\">Siguiente: \u00bfQu\u00e9 mantiene los problemas de comportamiento relacionados con la alimentaci\u00f3n selectiva?<\/a><\/strong><\/p>\n\n\n\n\n\n","protected":false},"excerpt":{"rendered":"<div class=\"entry-summary\">\nSer quisquilloso o selectivo con la comida es una etapa muy com\u00fan en el desarrollo de los ni\u00f1os peque\u00f1os. Los&hellip;\n<\/div>\n<div class=\"link-more\"><a href=\"https:\/\/parenttraining.chip.uconn.edu\/index.php\/language\/es\/cuando-es-mas-grave-la-alimentacion-selectiva\/\" class=\"more-link\">Continue reading<span class=\"screen-reader-text\"> &ldquo;\u00bfCu\u00e1ndo es m\u00e1s grave la alimentaci\u00f3n selectiva?&rdquo;<\/span>&hellip;<\/a><\/div>\n","protected":false},"author":498,"featured_media":0,"parent":0,"menu_order":0,"comment_status":"closed","ping_status":"closed","template":"","meta":{"footnotes":""},"class_list":["post-8262","page","type-page","status-publish","hentry","entry"],"_links":{"self":[{"href":"https:\/\/parenttraining.chip.uconn.edu\/index.php\/wp-json\/wp\/v2\/pages\/8262","targetHints":{"allow":["GET"]}}],"collection":[{"href":"https:\/\/parenttraining.chip.uconn.edu\/index.php\/wp-json\/wp\/v2\/pages"}],"about":[{"href":"https:\/\/parenttraining.chip.uconn.edu\/index.php\/wp-json\/wp\/v2\/types\/page"}],"author":[{"embeddable":true,"href":"https:\/\/parenttraining.chip.uconn.edu\/index.php\/wp-json\/wp\/v2\/users\/498"}],"replies":[{"embeddable":true,"href":"https:\/\/parenttraining.chip.uconn.edu\/index.php\/wp-json\/wp\/v2\/comments?post=8262"}],"version-history":[{"count":34,"href":"https:\/\/parenttraining.chip.uconn.edu\/index.php\/wp-json\/wp\/v2\/pages\/8262\/revisions"}],"predecessor-version":[{"id":10853,"href":"https:\/\/parenttraining.chip.uconn.edu\/index.php\/wp-json\/wp\/v2\/pages\/8262\/revisions\/10853"}],"wp:attachment":[{"href":"https:\/\/parenttraining.chip.uconn.edu\/index.php\/wp-json\/wp\/v2\/media?parent=8262"}],"curies":[{"name":"wp","href":"https:\/\/api.w.org\/{rel}","templated":true}]}}