{"id":10812,"date":"2026-02-23T23:48:03","date_gmt":"2026-02-24T04:48:03","guid":{"rendered":"https:\/\/parenttraining.chip.uconn.edu\/?page_id=10812"},"modified":"2026-02-23T23:48:10","modified_gmt":"2026-02-24T04:48:10","slug":"conozca-a-los-expertos-2","status":"publish","type":"page","link":"https:\/\/parenttraining.chip.uconn.edu\/index.php\/language\/es\/conozca-a-los-expertos-2\/","title":{"rendered":"Conozca a los expertos"},"content":{"rendered":"\n<p><\/p>\n\n\n\n<div class=\"wp-block-media-text is-stacked-on-mobile\" style=\"grid-template-columns:44% auto\"><figure class=\"wp-block-media-text__media\"><img loading=\"lazy\" decoding=\"async\" width=\"1024\" height=\"680\" src=\"https:\/\/parenttraining.chip.uconn.edu\/wp-content\/uploads\/2015\/06\/Debportrait-1024x680.jpg\" alt=\"\" class=\"wp-image-1220 size-full\" srcset=\"https:\/\/parenttraining.chip.uconn.edu\/wp-content\/uploads\/2015\/06\/Debportrait-1024x680.jpg 1024w, https:\/\/parenttraining.chip.uconn.edu\/wp-content\/uploads\/2015\/06\/Debportrait-300x199.jpg 300w, https:\/\/parenttraining.chip.uconn.edu\/wp-content\/uploads\/2015\/06\/Debportrait-768x510.jpg 768w, https:\/\/parenttraining.chip.uconn.edu\/wp-content\/uploads\/2015\/06\/Debportrait-1170x777.jpg 1170w\" sizes=\"auto, (max-width: 1024px) 100vw, 1024px\" \/><\/figure><div class=\"wp-block-media-text__content\">\n<p><strong>Deborah Fein, PhD, <\/strong>es profesora em\u00e9rita distinguida en el Departamentos de Ciencias Psicol\u00f3gicas y Pediatr\u00eda en University of Connecticut.\u00a0 Ella ha realizado investigaciones y trabajos cl\u00ednicos sobre el autismo por los \u00faltimos 40 a\u00f1os.<\/p>\n<\/div><\/div>\n\n\n\n<p><\/p>\n\n\n\n<div class=\"wp-block-media-text is-stacked-on-mobile\" style=\"grid-template-columns:26% auto\"><figure class=\"wp-block-media-text__media\"><img loading=\"lazy\" decoding=\"async\" width=\"200\" height=\"300\" src=\"https:\/\/parenttraining.chip.uconn.edu\/wp-content\/uploads\/2016\/06\/Lynn-Brennan-Guilford-300x200.jpg\" alt=\"\" class=\"wp-image-1263 size-full\"\/><\/figure><div class=\"wp-block-media-text__content\">\n<p><strong>Lynn<\/strong> <strong>Brennan, EdD, BCBA-D, LABA,\u00a0<\/strong>es analista conductual certificada y licenciada, a base del estado de Massachussets. Ella ha trabajado con ni\u00f1os con trastorno de espectro autista por m\u00e1s de 20 a\u00f1os.<\/p>\n<\/div><\/div>\n\n\n\n<p><\/p>\n\n\n\n<div class=\"wp-block-media-text is-stacked-on-mobile\" style=\"grid-template-columns:35% auto\"><figure class=\"wp-block-media-text__media\"><img loading=\"lazy\" decoding=\"async\" width=\"185\" height=\"150\" src=\"https:\/\/parenttraining.chip.uconn.edu\/wp-content\/uploads\/2015\/06\/MollyHelt.jpg\" alt=\"\" class=\"wp-image-1269 size-full\"\/><\/figure><div class=\"wp-block-media-text__content\">\n<p><strong>Molly<\/strong> <strong>Helt,<\/strong> <strong>PhD<\/strong>, es profesora asociada en el Departamento de Psicologia y Neurociencia en Trinity College y es madre de un ni\u00f1o con autismo.<\/p>\n<\/div><\/div>\n\n\n\n<p><\/p>\n\n\n\n<div class=\"wp-block-media-text is-stacked-on-mobile\" style=\"grid-template-columns:35% auto\"><figure class=\"wp-block-media-text__media\"><img loading=\"lazy\" decoding=\"async\" width=\"150\" height=\"150\" src=\"https:\/\/parenttraining.chip.uconn.edu\/wp-content\/uploads\/2015\/06\/Marianne-Barton.jpg\" alt=\"\" class=\"wp-image-1266 size-full\"\/><\/figure><div class=\"wp-block-media-text__content\">\n<p><strong>Marianne<\/strong> <strong>Barton, PhD, <\/strong>es profesora cl\u00ednica y directora de formaci\u00f3n cl\u00ednica en el Departamento de Psicolog\u00eda en University of Connecticut, donde tambi\u00e9n es directora de la Cl\u00ednica de Servicios Psicol\u00f3gicos. Ella ha realizado investigaciones y trabajos cl\u00ednicos sobre el autismo y otros trastornos del desarrollo por los \u00faltimos 25 a\u00f1os.<\/p>\n<\/div><\/div>\n\n\n\n<p><\/p>\n\n\n\n<p><b>Thyde Dumont-Mathieu, MD, MPH<\/b>,\u00a0es profesora adjunta de pediatr\u00eda en el Departamento de Pediatr\u00eda en la escuela de medicina de University of Connecticut. Ella tambi\u00e9n es un miembro del cuerpo docente de la Divisi\u00f3n de Medicina del Desarrollo y Rehabilitaci\u00f3n de Connecticut Children\u2019s Medical Center y una pediatr\u00eda especializada en el desarrollo\u00a0 y comportamiento, certificada por la junta.<\/p>\n\n\n\n<div class=\"wp-block-media-text is-stacked-on-mobile\" style=\"grid-template-columns:35% auto\"><figure class=\"wp-block-media-text__media\"><img loading=\"lazy\" decoding=\"async\" width=\"731\" height=\"1024\" src=\"https:\/\/parenttraining.chip.uconn.edu\/wp-content\/uploads\/2024\/09\/headshot-2023-731x1024.jpg\" alt=\"\" class=\"wp-image-6482 size-full\" srcset=\"https:\/\/parenttraining.chip.uconn.edu\/wp-content\/uploads\/2024\/09\/headshot-2023-731x1024.jpg 731w, https:\/\/parenttraining.chip.uconn.edu\/wp-content\/uploads\/2024\/09\/headshot-2023-214x300.jpg 214w, https:\/\/parenttraining.chip.uconn.edu\/wp-content\/uploads\/2024\/09\/headshot-2023-768x1075.jpg 768w, https:\/\/parenttraining.chip.uconn.edu\/wp-content\/uploads\/2024\/09\/headshot-2023-1097x1536.jpg 1097w, https:\/\/parenttraining.chip.uconn.edu\/wp-content\/uploads\/2024\/09\/headshot-2023-1463x2048.jpg 1463w, https:\/\/parenttraining.chip.uconn.edu\/wp-content\/uploads\/2024\/09\/headshot-2023-1170x1638.jpg 1170w, https:\/\/parenttraining.chip.uconn.edu\/wp-content\/uploads\/2024\/09\/headshot-2023-scaled.jpg 1829w\" sizes=\"auto, (max-width: 731px) 100vw, 731px\" \/><\/figure><div class=\"wp-block-media-text__content\">\n<p><strong>Katharine Zuckerman, MD,<\/strong> es una pediatr\u00eda general e investigadora de servicios de salud enfocados en la calidad de la atenci\u00f3n m\u00e9dica y las disparidades de ni\u00f1os con trastorno del espectro autista y otros trastornos de la comunicaci\u00f3n en la primeria infancia. Esta especialmente interesada en la detecci\u00f3n temprana de discapacidades en populaciones de bajo sueldo y pertenecientes a minor\u00edas raciales o \u00e9tnicas.<\/p>\n<\/div><\/div>\n\n\n\n<p class=\"has-text-align-left\"><\/p>\n\n\n\n<div class=\"wp-block-media-text is-stacked-on-mobile\" style=\"grid-template-columns:35% auto\"><figure class=\"wp-block-media-text__media\"><img loading=\"lazy\" decoding=\"async\" width=\"846\" height=\"907\" src=\"https:\/\/parenttraining.chip.uconn.edu\/wp-content\/uploads\/2024\/10\/Dai_Headshot_JPG-2.jpg\" alt=\"\" class=\"wp-image-6688 size-full\" srcset=\"https:\/\/parenttraining.chip.uconn.edu\/wp-content\/uploads\/2024\/10\/Dai_Headshot_JPG-2.jpg 846w, https:\/\/parenttraining.chip.uconn.edu\/wp-content\/uploads\/2024\/10\/Dai_Headshot_JPG-2-280x300.jpg 280w, https:\/\/parenttraining.chip.uconn.edu\/wp-content\/uploads\/2024\/10\/Dai_Headshot_JPG-2-768x823.jpg 768w\" sizes=\"auto, (max-width: 846px) 100vw, 846px\" \/><\/figure><div class=\"wp-block-media-text__content\">\n<p><b>Yael Dai, PhD, <\/b>es una profesora adjunta del Departamento de Psicolog\u00eda de Florida International University y psic\u00f3loga cl\u00ednica colegiada. Sus investigaciones est\u00e1n centralizades en mejorar las intervenciones para ni\u00f1os autistas y para sus cuidadores, as\u00ed como en desarrollar programas de telesalud que est\u00e1n dise\u00f1ados para reducir las barreras de acceso a la intervenci\u00f3n.<\/p>\n<\/div><\/div>\n\n\n\n<p><\/p>\n\n\n\n<div class=\"wp-block-media-text is-stacked-on-mobile\" style=\"grid-template-columns:35% auto\"><figure class=\"wp-block-media-text__media\"><img loading=\"lazy\" decoding=\"async\" width=\"1024\" height=\"1006\" src=\"https:\/\/parenttraining.chip.uconn.edu\/wp-content\/uploads\/2025\/09\/naniheadshot-1-1024x1006.jpg\" alt=\"\" class=\"wp-image-7778 size-full\" srcset=\"https:\/\/parenttraining.chip.uconn.edu\/wp-content\/uploads\/2025\/09\/naniheadshot-1-1024x1006.jpg 1024w, https:\/\/parenttraining.chip.uconn.edu\/wp-content\/uploads\/2025\/09\/naniheadshot-1-300x295.jpg 300w, https:\/\/parenttraining.chip.uconn.edu\/wp-content\/uploads\/2025\/09\/naniheadshot-1-768x754.jpg 768w, https:\/\/parenttraining.chip.uconn.edu\/wp-content\/uploads\/2025\/09\/naniheadshot-1.jpg 1080w\" sizes=\"auto, (max-width: 1024px) 100vw, 1024px\" \/><\/figure><div class=\"wp-block-media-text__content\">\n<p><strong>Natalia A. Suarez Martinez, MA, <\/strong>es una asistente de investigaci\u00f3n quien apoya las investigaciones de la Dra. Dumont-Mathieu en Connecticut Children\u2019s Medical Center. Colabora con la traducci\u00f3n\/interpretaci\u00f3n, el reclutamiento y la facilitaci\u00f3n de grupos focales para el Proyecto OPT-In Early.<\/p>\n<\/div><\/div>\n\n\n\n<p><\/p>\n\n\n\n<div class=\"wp-block-media-text is-stacked-on-mobile\" style=\"grid-template-columns:35% auto\"><figure class=\"wp-block-media-text__media\"><img loading=\"lazy\" decoding=\"async\" width=\"768\" height=\"1024\" src=\"https:\/\/parenttraining.chip.uconn.edu\/wp-content\/uploads\/2025\/09\/Andy-Headshot-768x1024.jpg\" alt=\"\" class=\"wp-image-7775 size-full\" srcset=\"https:\/\/parenttraining.chip.uconn.edu\/wp-content\/uploads\/2025\/09\/Andy-Headshot-768x1024.jpg 768w, https:\/\/parenttraining.chip.uconn.edu\/wp-content\/uploads\/2025\/09\/Andy-Headshot-225x300.jpg 225w, https:\/\/parenttraining.chip.uconn.edu\/wp-content\/uploads\/2025\/09\/Andy-Headshot-1152x1536.jpg 1152w, https:\/\/parenttraining.chip.uconn.edu\/wp-content\/uploads\/2025\/09\/Andy-Headshot-1536x2048.jpg 1536w, https:\/\/parenttraining.chip.uconn.edu\/wp-content\/uploads\/2025\/09\/Andy-Headshot-scaled.jpg 1920w\" sizes=\"auto, (max-width: 768px) 100vw, 768px\" \/><\/figure><div class=\"wp-block-media-text__content\">\n<p><strong>Luis Rivas Vazquez, BS,<\/strong> es un asistente de investigaci\u00f3n senior quien trabaja en el Departamento de Pediatr\u00eda en Oregon Health &amp; Science University. Sus esfuerzos est\u00e1n enfocados en investigaci\u00f3n cualitativa multiling\u00fce, traducci\u00f3n\/interpretaci\u00f3n al espa\u00f1ol y administraci\u00f3n general de proyectos.<\/p>\n<\/div><\/div>\n\n\n\n<p><\/p>\n\n\n\n<div class=\"wp-block-media-text is-stacked-on-mobile\" style=\"grid-template-columns:35% auto\"><figure class=\"wp-block-media-text__media\"><img loading=\"lazy\" decoding=\"async\" width=\"928\" height=\"855\" src=\"https:\/\/parenttraining.chip.uconn.edu\/wp-content\/uploads\/2025\/09\/New-Zealand-1.jpg\" alt=\"\" class=\"wp-image-7777 size-full\" srcset=\"https:\/\/parenttraining.chip.uconn.edu\/wp-content\/uploads\/2025\/09\/New-Zealand-1.jpg 928w, https:\/\/parenttraining.chip.uconn.edu\/wp-content\/uploads\/2025\/09\/New-Zealand-1-300x276.jpg 300w, https:\/\/parenttraining.chip.uconn.edu\/wp-content\/uploads\/2025\/09\/New-Zealand-1-768x708.jpg 768w\" sizes=\"auto, (max-width: 928px) 100vw, 928px\" \/><\/figure><div class=\"wp-block-media-text__content\">\n<p><strong>Gabrielle Michel, BA,<\/strong> es una asistente de investigaci\u00f3n y estudiante de psicolog\u00eda cl\u00ednica. Ella trabaja con la Dra. Deborah Fein de University of Connecticut. Su trabajo se centra en el dise\u00f1o y mantenimiento de p\u00e1ginas web, as\u00ed como la coordinaci\u00f3n del proyecto OPT-In Early.<\/p>\n<\/div><\/div>\n\n\n\n<p><\/p>\n\n\n\n<p><strong>Rosalie Chuckta, BS,<\/strong> es una asociada de investigaci\u00f3n senior que apoya las investigaciones de la Dra. Dumont-Mathieu en Connecticut Children\u2019s Medical Center. Ella apoya la administraci\u00f3n del proyecto de OPT-In Early.<\/p>\n\n\n","protected":false},"excerpt":{"rendered":"<div class=\"entry-summary\">\nDeborah Fein, PhD, es profesora em\u00e9rita distinguida en el Departamentos de Ciencias Psicol\u00f3gicas y Pediatr\u00eda en University of Connecticut.\u00a0 Ella&hellip;\n<\/div>\n<div class=\"link-more\"><a href=\"https:\/\/parenttraining.chip.uconn.edu\/index.php\/language\/es\/conozca-a-los-expertos-2\/\" class=\"more-link\">Continue reading<span class=\"screen-reader-text\"> &ldquo;Conozca a los expertos&rdquo;<\/span>&hellip;<\/a><\/div>\n","protected":false},"author":498,"featured_media":0,"parent":0,"menu_order":0,"comment_status":"closed","ping_status":"closed","template":"","meta":{"footnotes":""},"class_list":["post-10812","page","type-page","status-publish","hentry","entry"],"_links":{"self":[{"href":"https:\/\/parenttraining.chip.uconn.edu\/index.php\/wp-json\/wp\/v2\/pages\/10812","targetHints":{"allow":["GET"]}}],"collection":[{"href":"https:\/\/parenttraining.chip.uconn.edu\/index.php\/wp-json\/wp\/v2\/pages"}],"about":[{"href":"https:\/\/parenttraining.chip.uconn.edu\/index.php\/wp-json\/wp\/v2\/types\/page"}],"author":[{"embeddable":true,"href":"https:\/\/parenttraining.chip.uconn.edu\/index.php\/wp-json\/wp\/v2\/users\/498"}],"replies":[{"embeddable":true,"href":"https:\/\/parenttraining.chip.uconn.edu\/index.php\/wp-json\/wp\/v2\/comments?post=10812"}],"version-history":[{"count":2,"href":"https:\/\/parenttraining.chip.uconn.edu\/index.php\/wp-json\/wp\/v2\/pages\/10812\/revisions"}],"predecessor-version":[{"id":10815,"href":"https:\/\/parenttraining.chip.uconn.edu\/index.php\/wp-json\/wp\/v2\/pages\/10812\/revisions\/10815"}],"wp:attachment":[{"href":"https:\/\/parenttraining.chip.uconn.edu\/index.php\/wp-json\/wp\/v2\/media?parent=10812"}],"curies":[{"name":"wp","href":"https:\/\/api.w.org\/{rel}","templated":true}]}}